{"id":930,"date":"2018-09-23T13:06:51","date_gmt":"2018-09-23T12:06:51","guid":{"rendered":"http:\/\/wp13239037.server-he.de\/?page_id=930"},"modified":"2020-01-18T18:33:13","modified_gmt":"2020-01-18T18:33:13","slug":"santa-barbara-de-nexe","status":"publish","type":"page","link":"https:\/\/algarvemoods.com\/fr\/santa-barbara-de-nexe\/","title":{"rendered":"Santa B\u00e1rbara de Nexe"},"content":{"rendered":"<p id=\"wnd_TextBlock_55601_inner_0\" data-wnd_is_separable=\"1\" data-wnd_separable_index=\"0\" data-wnd_separable_id=\"wnd_TextBlock_55601\"><span class=\"wsw-01\" style=\"font-family: helvetica, arial, sans-serif;\">Santa B\u00e1rbara de Nexe est une petite ville et une municipalit\u00e9 (environ 4 150 habitants) du district de Faro.<\/span><\/p>\n<p id=\"wnd_TextBlock_55601_inner_1\" data-wnd_is_separable=\"1\" data-wnd_separable_index=\"1\" data-wnd_separable_id=\"wnd_TextBlock_55601\"><span class=\"wsw-01\" style=\"font-family: helvetica, arial, sans-serif;\">Coordonn\u00e9es: 37 \u00b0 6 &#8216;N, 7 \u00b0 58&#8217; O<\/span><\/p>\n<p id=\"wnd_TextBlock_55601_inner_2\" data-wnd_is_separable=\"1\" data-wnd_separable_index=\"2\" data-wnd_separable_id=\"wnd_TextBlock_55601\"><span class=\"wsw-01\" style=\"font-family: helvetica, arial, sans-serif;\">La ville est indiqu\u00e9e sur la N125 et dans la zone urbaine de Faro.<\/span><\/p>\n<p id=\"wnd_TextBlock_55601_inner_3\" data-wnd_is_separable=\"1\" data-wnd_separable_index=\"3\" data-wnd_separable_id=\"wnd_TextBlock_55601\"><span class=\"wsw-01\" style=\"font-family: helvetica, arial, sans-serif;\">La ville est situ\u00e9e sur les pentes sud de la Serra de Monte Figo, \u00e0 environ 12 km au nord de Faro et elle permet de nombreux points une vue spectaculaire sur Faro et sur la c\u00f4te.<\/span><\/p>\n<hr \/>\n<p><span style=\"font-family: helvetica, arial, sans-serif;\"><div class='content-column two_third'><\/span><\/p>\n<p><span style=\"font-family: helvetica, arial, sans-serif;\"><img data-recalc-dims=\"1\" loading=\"lazy\" decoding=\"async\" class=\"size-medium wp-image-4024 aligncenter\" src=\"https:\/\/i0.wp.com\/algarvemoods.com\/wp-c8b25-content\/uploads\/2018\/11\/SAM_1800.jpg?resize=448%2C252&#038;ssl=1\" alt=\"\" width=\"448\" height=\"252\" srcset=\"https:\/\/i0.wp.com\/algarvemoods.com\/wp-c8b25-content\/uploads\/2018\/11\/SAM_1800.jpg?resize=448%2C252&amp;ssl=1 448w, https:\/\/i0.wp.com\/algarvemoods.com\/wp-c8b25-content\/uploads\/2018\/11\/SAM_1800.jpg?resize=160%2C90&amp;ssl=1 160w, https:\/\/i0.wp.com\/algarvemoods.com\/wp-c8b25-content\/uploads\/2018\/11\/SAM_1800.jpg?resize=768%2C432&amp;ssl=1 768w, https:\/\/i0.wp.com\/algarvemoods.com\/wp-c8b25-content\/uploads\/2018\/11\/SAM_1800.jpg?resize=644%2C362&amp;ssl=1 644w, https:\/\/i0.wp.com\/algarvemoods.com\/wp-c8b25-content\/uploads\/2018\/11\/SAM_1800.jpg?w=1024&amp;ssl=1 1024w\" sizes=\"auto, (max-width: 448px) 100vw, 448px\" \/><\/span><\/p>\n<p><span style=\"font-family: helvetica, arial, sans-serif;\">Santa Barbara offre la possibilit\u00e9 de se remettre de l&#8217;agitation de la plage. Divers \u00e9tablissements gastronomiques vous invitent \u00e0 vous arr\u00eater.<\/span><\/p>\n<hr \/>\n<p><span style=\"font-family: helvetica, arial, sans-serif;\"> <img data-recalc-dims=\"1\" loading=\"lazy\" decoding=\"async\" class=\"size-medium wp-image-4025 aligncenter\" src=\"https:\/\/i0.wp.com\/algarvemoods.com\/wp-c8b25-content\/uploads\/2018\/11\/SAM_1804.jpg?resize=448%2C252&#038;ssl=1\" alt=\"\" width=\"448\" height=\"252\" srcset=\"https:\/\/i0.wp.com\/algarvemoods.com\/wp-c8b25-content\/uploads\/2018\/11\/SAM_1804.jpg?resize=448%2C252&amp;ssl=1 448w, https:\/\/i0.wp.com\/algarvemoods.com\/wp-c8b25-content\/uploads\/2018\/11\/SAM_1804.jpg?resize=160%2C90&amp;ssl=1 160w, https:\/\/i0.wp.com\/algarvemoods.com\/wp-c8b25-content\/uploads\/2018\/11\/SAM_1804.jpg?resize=768%2C432&amp;ssl=1 768w, https:\/\/i0.wp.com\/algarvemoods.com\/wp-c8b25-content\/uploads\/2018\/11\/SAM_1804.jpg?resize=644%2C362&amp;ssl=1 644w, https:\/\/i0.wp.com\/algarvemoods.com\/wp-c8b25-content\/uploads\/2018\/11\/SAM_1804.jpg?w=1024&amp;ssl=1 1024w\" sizes=\"auto, (max-width: 448px) 100vw, 448px\" \/><\/span><\/p>\n<p><span style=\"font-family: helvetica, arial, sans-serif;\">Outre les b\u00e2timents d&#8217;origine, des lotissements modernes ont \u00e9t\u00e9 construits ces derni\u00e8res ann\u00e9es dans la partie nord de la petite ville.<\/span><\/p>\n<hr \/>\n<p><span style=\"font-family: helvetica, arial, sans-serif;\"> <img data-recalc-dims=\"1\" loading=\"lazy\" decoding=\"async\" class=\"size-medium wp-image-4026 aligncenter\" src=\"https:\/\/i0.wp.com\/algarvemoods.com\/wp-c8b25-content\/uploads\/2018\/11\/SAM_1806.jpg?resize=448%2C252&#038;ssl=1\" alt=\"\" width=\"448\" height=\"252\" srcset=\"https:\/\/i0.wp.com\/algarvemoods.com\/wp-c8b25-content\/uploads\/2018\/11\/SAM_1806.jpg?resize=448%2C252&amp;ssl=1 448w, https:\/\/i0.wp.com\/algarvemoods.com\/wp-c8b25-content\/uploads\/2018\/11\/SAM_1806.jpg?resize=160%2C90&amp;ssl=1 160w, https:\/\/i0.wp.com\/algarvemoods.com\/wp-c8b25-content\/uploads\/2018\/11\/SAM_1806.jpg?resize=768%2C432&amp;ssl=1 768w, https:\/\/i0.wp.com\/algarvemoods.com\/wp-c8b25-content\/uploads\/2018\/11\/SAM_1806.jpg?resize=644%2C362&amp;ssl=1 644w, https:\/\/i0.wp.com\/algarvemoods.com\/wp-c8b25-content\/uploads\/2018\/11\/SAM_1806.jpg?w=1024&amp;ssl=1 1024w\" sizes=\"auto, (max-width: 448px) 100vw, 448px\" \/><\/span><\/p>\n<p><span style=\"font-family: helvetica, arial, sans-serif;\">Les rues lat\u00e9rales calmes et \u00e9troites et les maisons typiques caract\u00e9risent l&#8217;endroit. Malgr\u00e9 la proximit\u00e9 de Faro, une idylle rurale a \u00e9t\u00e9 pr\u00e9serv\u00e9e ici. Dans l&#8217;environnement, les mois de janvier et mai ressemblent \u00e0 un jardin bien entretenu et fleuri.<\/span><\/p>\n<hr \/>\n<p><span style=\"font-family: helvetica, arial, sans-serif;\"> <img data-recalc-dims=\"1\" loading=\"lazy\" decoding=\"async\" class=\"size-medium wp-image-4027 aligncenter\" src=\"https:\/\/i0.wp.com\/algarvemoods.com\/wp-c8b25-content\/uploads\/2018\/11\/SAM_1809.jpg?resize=448%2C252&#038;ssl=1\" alt=\"\" width=\"448\" height=\"252\" srcset=\"https:\/\/i0.wp.com\/algarvemoods.com\/wp-c8b25-content\/uploads\/2018\/11\/SAM_1809.jpg?resize=448%2C252&amp;ssl=1 448w, https:\/\/i0.wp.com\/algarvemoods.com\/wp-c8b25-content\/uploads\/2018\/11\/SAM_1809.jpg?resize=160%2C90&amp;ssl=1 160w, https:\/\/i0.wp.com\/algarvemoods.com\/wp-c8b25-content\/uploads\/2018\/11\/SAM_1809.jpg?resize=768%2C432&amp;ssl=1 768w, https:\/\/i0.wp.com\/algarvemoods.com\/wp-c8b25-content\/uploads\/2018\/11\/SAM_1809.jpg?resize=644%2C362&amp;ssl=1 644w, https:\/\/i0.wp.com\/algarvemoods.com\/wp-c8b25-content\/uploads\/2018\/11\/SAM_1809.jpg?w=1024&amp;ssl=1 1024w\" sizes=\"auto, (max-width: 448px) 100vw, 448px\" \/><\/span><\/p>\n<p><span style=\"font-family: helvetica, arial, sans-serif;\">Le stationnement est un peu difficile, surtout en haute saison. Pourquoi ne pas simplement garer la voiture au d\u00e9but de la petite ville, par exemple dans une des rues lat\u00e9rales. Il ne reste que quelques centaines de m\u00e8tres jusqu&#8217;au centre-ville.<\/span><\/p>\n<hr \/>\n<h3 style=\"text-align: center;\"><span style=\"font-family: helvetica, arial, sans-serif;\">Igreja de Santa B\u00e1rbara de Nexe<\/span><\/h3>\n<p><span style=\"font-family: helvetica, arial, sans-serif;\"> <img data-recalc-dims=\"1\" loading=\"lazy\" decoding=\"async\" class=\"size-medium wp-image-4028 aligncenter\" src=\"https:\/\/i0.wp.com\/algarvemoods.com\/wp-c8b25-content\/uploads\/2018\/11\/SAM_1810.jpg?resize=448%2C252&#038;ssl=1\" alt=\"\" width=\"448\" height=\"252\" srcset=\"https:\/\/i0.wp.com\/algarvemoods.com\/wp-c8b25-content\/uploads\/2018\/11\/SAM_1810.jpg?resize=448%2C252&amp;ssl=1 448w, https:\/\/i0.wp.com\/algarvemoods.com\/wp-c8b25-content\/uploads\/2018\/11\/SAM_1810.jpg?resize=160%2C90&amp;ssl=1 160w, https:\/\/i0.wp.com\/algarvemoods.com\/wp-c8b25-content\/uploads\/2018\/11\/SAM_1810.jpg?resize=768%2C432&amp;ssl=1 768w, https:\/\/i0.wp.com\/algarvemoods.com\/wp-c8b25-content\/uploads\/2018\/11\/SAM_1810.jpg?resize=644%2C362&amp;ssl=1 644w, https:\/\/i0.wp.com\/algarvemoods.com\/wp-c8b25-content\/uploads\/2018\/11\/SAM_1810.jpg?w=1024&amp;ssl=1 1024w\" sizes=\"auto, (max-width: 448px) 100vw, 448px\" \/><\/span><\/p>\n<p id=\"wnd_TextBlock_22287_inner_0\" data-wnd_is_separable=\"1\" data-wnd_separable_index=\"0\" data-wnd_separable_id=\"wnd_TextBlock_22287\"><span class=\"wsw-01\" style=\"font-family: helvetica, arial, sans-serif;\">L&#8217;Igreja de Santa B\u00e1rbara de Nexe a \u00e9t\u00e9 construite au XVe si\u00e8cle et est toujours en cours de r\u00e9novation et de modification.<\/span><\/p>\n<p id=\"wnd_TextBlock_22287_inner_1\" data-wnd_is_separable=\"1\" data-wnd_separable_index=\"1\" data-wnd_separable_id=\"wnd_TextBlock_22287\"><span class=\"wsw-01\" style=\"font-family: helvetica, arial, sans-serif;\">Coordonn\u00e9es: 37 \u00b0 06&#8217;13.6 &#8220;N 7 \u00b0 57&#8217;51.0&#8221; O<\/span><\/p>\n<p id=\"wnd_TextBlock_22287_inner_2\" data-wnd_is_separable=\"1\" data-wnd_separable_index=\"2\" data-wnd_separable_id=\"wnd_TextBlock_22287\"><span class=\"wsw-01\" style=\"font-family: helvetica, arial, sans-serif;\">Le tremblement de terre de 1755 a endommag\u00e9 &#8220;seulement&#8221; le clocher et la fa\u00e7ade.<\/span><\/p>\n<hr \/>\n<p><span style=\"font-family: helvetica, arial, sans-serif;\"> <img data-recalc-dims=\"1\" loading=\"lazy\" decoding=\"async\" class=\"size-medium wp-image-4029 aligncenter\" src=\"https:\/\/i0.wp.com\/algarvemoods.com\/wp-c8b25-content\/uploads\/2018\/11\/SAM_1813.jpg?resize=448%2C252&#038;ssl=1\" alt=\"\" width=\"448\" height=\"252\" srcset=\"https:\/\/i0.wp.com\/algarvemoods.com\/wp-c8b25-content\/uploads\/2018\/11\/SAM_1813.jpg?resize=448%2C252&amp;ssl=1 448w, https:\/\/i0.wp.com\/algarvemoods.com\/wp-c8b25-content\/uploads\/2018\/11\/SAM_1813.jpg?resize=160%2C90&amp;ssl=1 160w, https:\/\/i0.wp.com\/algarvemoods.com\/wp-c8b25-content\/uploads\/2018\/11\/SAM_1813.jpg?resize=768%2C432&amp;ssl=1 768w, https:\/\/i0.wp.com\/algarvemoods.com\/wp-c8b25-content\/uploads\/2018\/11\/SAM_1813.jpg?resize=644%2C362&amp;ssl=1 644w, https:\/\/i0.wp.com\/algarvemoods.com\/wp-c8b25-content\/uploads\/2018\/11\/SAM_1813.jpg?w=1024&amp;ssl=1 1024w\" sizes=\"auto, (max-width: 448px) 100vw, 448px\" \/><\/span><\/p>\n<p id=\"wnd_TextBlock_38570_inner_0\" data-wnd_is_separable=\"1\" data-wnd_separable_index=\"0\" data-wnd_separable_id=\"wnd_TextBlock_38570\"><span class=\"wsw-01\" style=\"font-family: helvetica, arial, sans-serif;\">L&#8217;\u00e9glise peut \u00eatre visit\u00e9 dans les mois d&#8217;\u00e9t\u00e9 de<\/span><\/p>\n<p id=\"wnd_TextBlock_38570_inner_1\" data-wnd_is_separable=\"1\" data-wnd_separable_index=\"1\" data-wnd_separable_id=\"wnd_TextBlock_38570\"><span class=\"wsw-01\" style=\"font-family: helvetica, arial, sans-serif;\">9h00 \u00e0 12h00 et de 14h00 \u00e0 17h00<\/span><\/p>\n<p id=\"wnd_TextBlock_38570_inner_2\" data-wnd_is_separable=\"1\" data-wnd_separable_index=\"2\" data-wnd_separable_id=\"wnd_TextBlock_38570\"><span class=\"wsw-01\" style=\"font-family: helvetica, arial, sans-serif;\">Hors saison, l&#8217;annonce de la visite est obligatoire.<\/span><\/p>\n<p id=\"wnd_TextBlock_38570_inner_3\" data-wnd_is_separable=\"1\" data-wnd_separable_index=\"3\" data-wnd_separable_id=\"wnd_TextBlock_38570\"><span class=\"wsw-01\" style=\"font-family: helvetica, arial, sans-serif;\">Contact: +351 &#8211; 926 671 872 ou<br \/>\n<\/span><\/p>\n<p><span class=\"wsw-01\" style=\"font-family: helvetica, arial, sans-serif;\">email: paroquia.nexe@gmail.com<\/span><\/p>\n<hr \/>\n<p><span style=\"font-family: helvetica, arial, sans-serif;\"><\/div><\/span><\/p>\n<p>&nbsp;<\/p>\n","protected":false},"excerpt":{"rendered":"<p>Santa B\u00e1rbara de Nexe est une petite ville et une municipalit\u00e9 (environ 4 150 habitants) du district de Faro. Coordonn\u00e9es: 37 \u00b0 6 &#8216;N, 7 [&hellip;]<\/p>\n","protected":false},"author":1,"featured_media":4023,"parent":0,"menu_order":0,"comment_status":"closed","ping_status":"closed","template":"","meta":{"jetpack_post_was_ever_published":false,"footnotes":""},"class_list":["post-930","page","type-page","status-publish","has-post-thumbnail","hentry"],"translation":{"provider":"WPGlobus","version":"3.0.0","language":"fr","enabled_languages":["de","en","fr"],"languages":{"de":{"title":true,"content":true,"excerpt":false},"en":{"title":true,"content":true,"excerpt":false},"fr":{"title":true,"content":true,"excerpt":false}}},"yoast_head":"<!-- This site is optimized with the Yoast SEO plugin v24.8.1 - https:\/\/yoast.com\/wordpress\/plugins\/seo\/ -->\n<title>Santa B\u00e1rbara de Nexe - AlgarveMoods<\/title>\n<meta name=\"robots\" content=\"index, follow, max-snippet:-1, max-image-preview:large, max-video-preview:-1\" \/>\n<link rel=\"canonical\" href=\"https:\/\/algarvemoods.com\/santa-barbara-de-nexe\/\" \/>\n<meta property=\"og:locale\" content=\"fr_FR\" \/>\n<meta property=\"og:type\" content=\"article\" \/>\n<meta property=\"og:title\" content=\"Santa B\u00e1rbara de Nexe - AlgarveMoods\" \/>\n<meta property=\"og:url\" content=\"https:\/\/algarvemoods.com\/santa-barbara-de-nexe\/\" \/>\n<meta property=\"og:site_name\" content=\"AlgarveMoods\" \/>\n<meta property=\"article:publisher\" content=\"http:\/\/facebook.com\/algarvemoods\" \/>\n<meta property=\"article:modified_time\" content=\"2020-01-18T18:33:13+00:00\" \/>\n<meta property=\"og:image\" content=\"https:\/\/i0.wp.com\/algarvemoods.com\/wp-c8b25-content\/uploads\/2018\/11\/santa-barbara-de-nexe.jpg?fit=1024%2C400&ssl=1\" \/>\n\t<meta property=\"og:image:width\" content=\"1024\" \/>\n\t<meta property=\"og:image:height\" content=\"400\" \/>\n\t<meta property=\"og:image:type\" content=\"image\/jpeg\" \/>\n<meta name=\"twitter:card\" content=\"summary_large_image\" \/>\n<meta name=\"twitter:site\" content=\"@ellobo0815\" \/>\n<meta name=\"twitter:label1\" content=\"Est. reading time\" \/>\n\t<meta name=\"twitter:data1\" content=\"4 minutes\" \/>\n<script type=\"application\/ld+json\" class=\"yoast-schema-graph\">{\"@context\":\"https:\/\/schema.org\",\"@graph\":[{\"@type\":\"WebPage\",\"@id\":\"https:\/\/algarvemoods.com\/santa-barbara-de-nexe\/\",\"url\":\"https:\/\/algarvemoods.com\/santa-barbara-de-nexe\/\",\"name\":\"Santa B\u00e1rbara de Nexe - AlgarveMoods\",\"isPartOf\":{\"@id\":\"https:\/\/algarvemoods.com\/#website\"},\"primaryImageOfPage\":{\"@id\":\"https:\/\/algarvemoods.com\/santa-barbara-de-nexe\/#primaryimage\"},\"image\":{\"@id\":\"https:\/\/algarvemoods.com\/santa-barbara-de-nexe\/#primaryimage\"},\"thumbnailUrl\":\"https:\/\/i0.wp.com\/algarvemoods.com\/wp-c8b25-content\/uploads\/2018\/11\/santa-barbara-de-nexe.jpg?fit=1024%2C400&ssl=1\",\"datePublished\":\"2018-09-23T12:06:51+00:00\",\"dateModified\":\"2020-01-18T18:33:13+00:00\",\"breadcrumb\":{\"@id\":\"https:\/\/algarvemoods.com\/santa-barbara-de-nexe\/#breadcrumb\"},\"inLanguage\":\"fr-FR\",\"potentialAction\":[{\"@type\":\"ReadAction\",\"target\":[\"https:\/\/algarvemoods.com\/santa-barbara-de-nexe\/\"]}]},{\"@type\":\"ImageObject\",\"inLanguage\":\"fr-FR\",\"@id\":\"https:\/\/algarvemoods.com\/santa-barbara-de-nexe\/#primaryimage\",\"url\":\"https:\/\/i0.wp.com\/algarvemoods.com\/wp-c8b25-content\/uploads\/2018\/11\/santa-barbara-de-nexe.jpg?fit=1024%2C400&ssl=1\",\"contentUrl\":\"https:\/\/i0.wp.com\/algarvemoods.com\/wp-c8b25-content\/uploads\/2018\/11\/santa-barbara-de-nexe.jpg?fit=1024%2C400&ssl=1\",\"width\":1024,\"height\":400},{\"@type\":\"BreadcrumbList\",\"@id\":\"https:\/\/algarvemoods.com\/santa-barbara-de-nexe\/#breadcrumb\",\"itemListElement\":[{\"@type\":\"ListItem\",\"position\":1,\"name\":\"Home\",\"item\":\"https:\/\/algarvemoods.com\/\"},{\"@type\":\"ListItem\",\"position\":2,\"name\":\"Santa B\u00e1rbara de Nexe\"}]},{\"@type\":\"WebSite\",\"@id\":\"https:\/\/algarvemoods.com\/#website\",\"url\":\"https:\/\/algarvemoods.com\/\",\"name\":\"AlgarveMoods\",\"description\":\"Informations sur l\u2018Algarve\",\"potentialAction\":[{\"@type\":\"SearchAction\",\"target\":{\"@type\":\"EntryPoint\",\"urlTemplate\":\"https:\/\/algarvemoods.com\/?s={search_term_string}\"},\"query-input\":{\"@type\":\"PropertyValueSpecification\",\"valueRequired\":true,\"valueName\":\"search_term_string\"}}],\"inLanguage\":\"fr-FR\"}]}<\/script>\n<!-- \/ Yoast SEO plugin. -->","yoast_head_json":{"title":"Santa B\u00e1rbara de Nexe - AlgarveMoods","robots":{"index":"index","follow":"follow","max-snippet":"max-snippet:-1","max-image-preview":"max-image-preview:large","max-video-preview":"max-video-preview:-1"},"canonical":"https:\/\/algarvemoods.com\/santa-barbara-de-nexe\/","og_locale":"fr_FR","og_type":"article","og_title":"Santa B\u00e1rbara de Nexe - AlgarveMoods","og_url":"https:\/\/algarvemoods.com\/santa-barbara-de-nexe\/","og_site_name":"AlgarveMoods","article_publisher":"http:\/\/facebook.com\/algarvemoods","article_modified_time":"2020-01-18T18:33:13+00:00","og_image":[{"width":1024,"height":400,"url":"https:\/\/i0.wp.com\/algarvemoods.com\/wp-c8b25-content\/uploads\/2018\/11\/santa-barbara-de-nexe.jpg?fit=1024%2C400&ssl=1","type":"image\/jpeg"}],"twitter_card":"summary_large_image","twitter_site":"@ellobo0815","twitter_misc":{"Est. reading time":"4 minutes"},"schema":{"@context":"https:\/\/schema.org","@graph":[{"@type":"WebPage","@id":"https:\/\/algarvemoods.com\/santa-barbara-de-nexe\/","url":"https:\/\/algarvemoods.com\/santa-barbara-de-nexe\/","name":"Santa B\u00e1rbara de Nexe - AlgarveMoods","isPartOf":{"@id":"https:\/\/algarvemoods.com\/#website"},"primaryImageOfPage":{"@id":"https:\/\/algarvemoods.com\/santa-barbara-de-nexe\/#primaryimage"},"image":{"@id":"https:\/\/algarvemoods.com\/santa-barbara-de-nexe\/#primaryimage"},"thumbnailUrl":"https:\/\/i0.wp.com\/algarvemoods.com\/wp-c8b25-content\/uploads\/2018\/11\/santa-barbara-de-nexe.jpg?fit=1024%2C400&ssl=1","datePublished":"2018-09-23T12:06:51+00:00","dateModified":"2020-01-18T18:33:13+00:00","breadcrumb":{"@id":"https:\/\/algarvemoods.com\/santa-barbara-de-nexe\/#breadcrumb"},"inLanguage":"fr-FR","potentialAction":[{"@type":"ReadAction","target":["https:\/\/algarvemoods.com\/santa-barbara-de-nexe\/"]}]},{"@type":"ImageObject","inLanguage":"fr-FR","@id":"https:\/\/algarvemoods.com\/santa-barbara-de-nexe\/#primaryimage","url":"https:\/\/i0.wp.com\/algarvemoods.com\/wp-c8b25-content\/uploads\/2018\/11\/santa-barbara-de-nexe.jpg?fit=1024%2C400&ssl=1","contentUrl":"https:\/\/i0.wp.com\/algarvemoods.com\/wp-c8b25-content\/uploads\/2018\/11\/santa-barbara-de-nexe.jpg?fit=1024%2C400&ssl=1","width":1024,"height":400},{"@type":"BreadcrumbList","@id":"https:\/\/algarvemoods.com\/santa-barbara-de-nexe\/#breadcrumb","itemListElement":[{"@type":"ListItem","position":1,"name":"Home","item":"https:\/\/algarvemoods.com\/"},{"@type":"ListItem","position":2,"name":"Santa B\u00e1rbara de Nexe"}]},{"@type":"WebSite","@id":"https:\/\/algarvemoods.com\/#website","url":"https:\/\/algarvemoods.com\/","name":"AlgarveMoods","description":"Informations sur l\u2018Algarve","potentialAction":[{"@type":"SearchAction","target":{"@type":"EntryPoint","urlTemplate":"https:\/\/algarvemoods.com\/?s={search_term_string}"},"query-input":{"@type":"PropertyValueSpecification","valueRequired":true,"valueName":"search_term_string"}}],"inLanguage":"fr-FR"}]}},"jetpack_shortlink":"https:\/\/wp.me\/Pafafo-f0","jetpack_likes_enabled":true,"jetpack_sharing_enabled":true,"_links":{"self":[{"href":"https:\/\/algarvemoods.com\/fr\/wp-json\/wp\/v2\/pages\/930","targetHints":{"allow":["GET"]}}],"collection":[{"href":"https:\/\/algarvemoods.com\/fr\/wp-json\/wp\/v2\/pages"}],"about":[{"href":"https:\/\/algarvemoods.com\/fr\/wp-json\/wp\/v2\/types\/page"}],"author":[{"embeddable":true,"href":"https:\/\/algarvemoods.com\/fr\/wp-json\/wp\/v2\/users\/1"}],"replies":[{"embeddable":true,"href":"https:\/\/algarvemoods.com\/fr\/wp-json\/wp\/v2\/comments?post=930"}],"version-history":[{"count":1,"href":"https:\/\/algarvemoods.com\/fr\/wp-json\/wp\/v2\/pages\/930\/revisions"}],"predecessor-version":[{"id":5332,"href":"https:\/\/algarvemoods.com\/fr\/wp-json\/wp\/v2\/pages\/930\/revisions\/5332"}],"wp:featuredmedia":[{"embeddable":true,"href":"https:\/\/algarvemoods.com\/fr\/wp-json\/wp\/v2\/media\/4023"}],"wp:attachment":[{"href":"https:\/\/algarvemoods.com\/fr\/wp-json\/wp\/v2\/media?parent=930"}],"curies":[{"name":"wp","href":"https:\/\/api.w.org\/{rel}","templated":true}]}}