{"id":908,"date":"2018-09-23T12:49:04","date_gmt":"2018-09-23T11:49:04","guid":{"rendered":"http:\/\/wp13239037.server-he.de\/?page_id=908"},"modified":"2019-05-29T10:54:56","modified_gmt":"2019-05-29T09:54:56","slug":"yachthafen-in-faro","status":"publish","type":"page","link":"https:\/\/algarvemoods.com\/fr\/port-de-plaisance-a-faro\/","title":{"rendered":"Port de plaisance \u00e0 Faro"},"content":{"rendered":"<p><span style=\"font-family: helvetica, arial, sans-serif;\">La marina de Faro dispose de 500 mouillages. Le tirant d&#8217;eau est de 2,5 m\u00e8tres \u00e0 mar\u00e9e haute. Le pont ferroviaire est \u00e0 mar\u00e9e haute \u00e0 2 m\u00e8tres au dessus du niveau de l&#8217;eau.\u00a0<\/span><\/p>\n<hr \/>\n<p><span style=\"font-family: helvetica, arial, sans-serif;\"><div class='content-column two_third'><\/span><\/p>\n<p><span style=\"font-family: helvetica, arial, sans-serif;\">Adresse:<\/span><\/p>\n<p><span style=\"font-family: helvetica, arial, sans-serif;\">Rua Conselheiro B\u00edvar<br \/>\n<\/span><span style=\"font-family: helvetica, arial, sans-serif;\">Apartado 58<\/span><br \/>\n<span style=\"font-family: helvetica, arial, sans-serif;\">8000 Faro<\/span><\/p>\n<p><span style=\"font-family: helvetica, arial, sans-serif;\">T\u00e9l\u00e9phone:\u00a0+351 289 823 434<\/span><br \/>\n<span style=\"font-family: helvetica, arial, sans-serif;\">Fax:\u00a0+351 289 807 604<\/span><\/p>\n<ul>\n<li><span style=\"font-family: helvetica, arial, sans-serif;\">Connecteur d\u2019alimentation \u00e9lectrique<\/span><\/li>\n<li><span style=\"font-family: helvetica, arial, sans-serif;\">Connexion d&#8217;eau potable<\/span><\/li>\n<li><span style=\"font-family: helvetica, arial, sans-serif;\">Toilettes<\/span><\/li>\n<li><span style=\"font-family: helvetica, arial, sans-serif;\">Douches<\/span><\/li>\n<li><span style=\"font-family: helvetica, arial, sans-serif;\">Bar \/ Restaurant<\/span><\/li>\n<li><span style=\"font-family: helvetica, arial, sans-serif;\">Machine \u00e0 laver<\/span><\/li>\n<li><span style=\"font-family: helvetica, arial, sans-serif;\">S\u00e8che-linge<\/span><\/li>\n<li><span style=\"font-family: helvetica, arial, sans-serif;\">\u00c9puration des eaux us\u00e9es<\/span><\/li>\n<li><span style=\"font-family: helvetica, arial, sans-serif;\">R\u00e9parations de moteur<\/span><\/li>\n<li><span style=\"font-family: helvetica, arial, sans-serif;\">R\u00e9parations de coque<\/span><\/li>\n<li><span style=\"font-family: helvetica, arial, sans-serif;\">R\u00e9parations \u00e0 voile<\/span><\/li>\n<\/ul>\n<p><span style=\"font-family: helvetica, arial, sans-serif;\"><img data-recalc-dims=\"1\" loading=\"lazy\" decoding=\"async\" class=\"size-medium wp-image-4366 aligncenter\" src=\"https:\/\/i0.wp.com\/algarvemoods.com\/wp-c8b25-content\/uploads\/2018\/12\/IMG_1091.jpg?resize=378%2C252&#038;ssl=1\" alt=\"\" width=\"378\" height=\"252\" srcset=\"https:\/\/i0.wp.com\/algarvemoods.com\/wp-c8b25-content\/uploads\/2018\/12\/IMG_1091.jpg?resize=378%2C252&amp;ssl=1 378w, https:\/\/i0.wp.com\/algarvemoods.com\/wp-c8b25-content\/uploads\/2018\/12\/IMG_1091.jpg?resize=135%2C90&amp;ssl=1 135w, https:\/\/i0.wp.com\/algarvemoods.com\/wp-c8b25-content\/uploads\/2018\/12\/IMG_1091.jpg?resize=768%2C512&amp;ssl=1 768w, https:\/\/i0.wp.com\/algarvemoods.com\/wp-c8b25-content\/uploads\/2018\/12\/IMG_1091.jpg?resize=644%2C430&amp;ssl=1 644w, https:\/\/i0.wp.com\/algarvemoods.com\/wp-c8b25-content\/uploads\/2018\/12\/IMG_1091.jpg?w=1024&amp;ssl=1 1024w\" sizes=\"auto, (max-width: 378px) 100vw, 378px\" \/><\/span><\/p>\n<p><span style=\"font-family: helvetica, arial, sans-serif;\">L&#8217;hauteur inf\u00e9rieure du pont de chemin de fer emp\u00eache l\u2019arriv\u00e9e de grands yachts et de voiliers.<\/span><\/p>\n<hr \/>\n<p><span style=\"font-family: helvetica, arial, sans-serif;\"><img data-recalc-dims=\"1\" loading=\"lazy\" decoding=\"async\" class=\"size-medium wp-image-4367 aligncenter\" src=\"https:\/\/i0.wp.com\/algarvemoods.com\/wp-c8b25-content\/uploads\/2018\/12\/IMG_1106.jpg?resize=378%2C252&#038;ssl=1\" alt=\"\" width=\"378\" height=\"252\" srcset=\"https:\/\/i0.wp.com\/algarvemoods.com\/wp-c8b25-content\/uploads\/2018\/12\/IMG_1106.jpg?resize=378%2C252&amp;ssl=1 378w, https:\/\/i0.wp.com\/algarvemoods.com\/wp-c8b25-content\/uploads\/2018\/12\/IMG_1106.jpg?resize=135%2C90&amp;ssl=1 135w, https:\/\/i0.wp.com\/algarvemoods.com\/wp-c8b25-content\/uploads\/2018\/12\/IMG_1106.jpg?resize=768%2C512&amp;ssl=1 768w, https:\/\/i0.wp.com\/algarvemoods.com\/wp-c8b25-content\/uploads\/2018\/12\/IMG_1106.jpg?resize=644%2C430&amp;ssl=1 644w, https:\/\/i0.wp.com\/algarvemoods.com\/wp-c8b25-content\/uploads\/2018\/12\/IMG_1106.jpg?w=1024&amp;ssl=1 1024w\" sizes=\"auto, (max-width: 378px) 100vw, 378px\" \/><\/span><\/p>\n<p><span style=\"font-family: helvetica, arial, sans-serif;\">Le port de plaisance se trouve juste au sud de la zone pi\u00e9tonne, pr\u00e8s (\u00e0 environ 100 m\u00e8tres) de la gare routi\u00e8re ainsi que ferroviaire et de l&#8217;embarcad\u00e8re des ferries (\u00e0 environ 50 m\u00e8tres) qui vont aux \u00eeles le long des c\u00f4tes.<\/span><\/p>\n<hr \/>\n<p><span style=\"font-family: helvetica, arial, sans-serif;\"><\/div><\/span><\/p>\n","protected":false},"excerpt":{"rendered":"<p>La marina de Faro dispose de 500 mouillages. Le tirant d&#8217;eau est de 2,5 m\u00e8tres \u00e0 mar\u00e9e haute. Le pont ferroviaire est \u00e0 mar\u00e9e haute [&hellip;]<\/p>\n","protected":false},"author":1,"featured_media":3927,"parent":0,"menu_order":0,"comment_status":"closed","ping_status":"closed","template":"","meta":{"jetpack_post_was_ever_published":false,"footnotes":""},"class_list":["post-908","page","type-page","status-publish","has-post-thumbnail","hentry"],"translation":{"provider":"WPGlobus","version":"3.0.0","language":"fr","enabled_languages":["de","en","fr"],"languages":{"de":{"title":true,"content":true,"excerpt":false},"en":{"title":true,"content":true,"excerpt":false},"fr":{"title":true,"content":true,"excerpt":false}}},"yoast_head":"<!-- This site is optimized with the Yoast SEO plugin v24.8.1 - https:\/\/yoast.com\/wordpress\/plugins\/seo\/ -->\n<title>Port de plaisance \u00e0 Faro - AlgarveMoods<\/title>\n<meta name=\"robots\" content=\"index, follow, max-snippet:-1, max-image-preview:large, max-video-preview:-1\" \/>\n<link rel=\"canonical\" href=\"https:\/\/algarvemoods.com\/en\/marina-in-faro\/\" \/>\n<meta property=\"og:locale\" content=\"fr_FR\" \/>\n<meta property=\"og:type\" content=\"article\" \/>\n<meta property=\"og:title\" content=\"Port de plaisance \u00e0 Faro - AlgarveMoods\" \/>\n<meta property=\"og:url\" content=\"https:\/\/algarvemoods.com\/en\/marina-in-faro\/\" \/>\n<meta property=\"og:site_name\" content=\"AlgarveMoods\" \/>\n<meta property=\"article:publisher\" content=\"http:\/\/facebook.com\/algarvemoods\" \/>\n<meta property=\"article:modified_time\" content=\"2019-05-29T09:54:56+00:00\" \/>\n<meta property=\"og:image\" content=\"https:\/\/i0.wp.com\/algarvemoods.com\/wp-c8b25-content\/uploads\/2018\/11\/marina-faro.jpg?fit=1024%2C400&ssl=1\" \/>\n\t<meta property=\"og:image:width\" content=\"1024\" \/>\n\t<meta property=\"og:image:height\" content=\"400\" \/>\n\t<meta property=\"og:image:type\" content=\"image\/jpeg\" \/>\n<meta name=\"twitter:card\" content=\"summary_large_image\" \/>\n<meta name=\"twitter:site\" content=\"@ellobo0815\" \/>\n<meta name=\"twitter:label1\" content=\"Est. reading time\" \/>\n\t<meta name=\"twitter:data1\" content=\"2 minutes\" \/>\n<script type=\"application\/ld+json\" class=\"yoast-schema-graph\">{\"@context\":\"https:\/\/schema.org\",\"@graph\":[{\"@type\":\"WebPage\",\"@id\":\"https:\/\/algarvemoods.com\/en\/marina-in-faro\/\",\"url\":\"https:\/\/algarvemoods.com\/en\/marina-in-faro\/\",\"name\":\"Port de plaisance \u00e0 Faro - AlgarveMoods\",\"isPartOf\":{\"@id\":\"https:\/\/algarvemoods.com\/#website\"},\"primaryImageOfPage\":{\"@id\":\"https:\/\/algarvemoods.com\/en\/marina-in-faro\/#primaryimage\"},\"image\":{\"@id\":\"https:\/\/algarvemoods.com\/en\/marina-in-faro\/#primaryimage\"},\"thumbnailUrl\":\"https:\/\/i0.wp.com\/algarvemoods.com\/wp-c8b25-content\/uploads\/2018\/11\/marina-faro.jpg?fit=1024%2C400&ssl=1\",\"datePublished\":\"2018-09-23T11:49:04+00:00\",\"dateModified\":\"2019-05-29T09:54:56+00:00\",\"breadcrumb\":{\"@id\":\"https:\/\/algarvemoods.com\/en\/marina-in-faro\/#breadcrumb\"},\"inLanguage\":\"fr-FR\",\"potentialAction\":[{\"@type\":\"ReadAction\",\"target\":[\"https:\/\/algarvemoods.com\/en\/marina-in-faro\/\"]}]},{\"@type\":\"ImageObject\",\"inLanguage\":\"fr-FR\",\"@id\":\"https:\/\/algarvemoods.com\/en\/marina-in-faro\/#primaryimage\",\"url\":\"https:\/\/i0.wp.com\/algarvemoods.com\/wp-c8b25-content\/uploads\/2018\/11\/marina-faro.jpg?fit=1024%2C400&ssl=1\",\"contentUrl\":\"https:\/\/i0.wp.com\/algarvemoods.com\/wp-c8b25-content\/uploads\/2018\/11\/marina-faro.jpg?fit=1024%2C400&ssl=1\",\"width\":1024,\"height\":400},{\"@type\":\"BreadcrumbList\",\"@id\":\"https:\/\/algarvemoods.com\/en\/marina-in-faro\/#breadcrumb\",\"itemListElement\":[{\"@type\":\"ListItem\",\"position\":1,\"name\":\"Home\",\"item\":\"https:\/\/algarvemoods.com\/\"},{\"@type\":\"ListItem\",\"position\":2,\"name\":\"Marina in Faro\"}]},{\"@type\":\"WebSite\",\"@id\":\"https:\/\/algarvemoods.com\/#website\",\"url\":\"https:\/\/algarvemoods.com\/\",\"name\":\"AlgarveMoods\",\"description\":\"Informations sur l\u2018Algarve\",\"potentialAction\":[{\"@type\":\"SearchAction\",\"target\":{\"@type\":\"EntryPoint\",\"urlTemplate\":\"https:\/\/algarvemoods.com\/?s={search_term_string}\"},\"query-input\":{\"@type\":\"PropertyValueSpecification\",\"valueRequired\":true,\"valueName\":\"search_term_string\"}}],\"inLanguage\":\"fr-FR\"}]}<\/script>\n<!-- \/ Yoast SEO plugin. -->","yoast_head_json":{"title":"Port de plaisance \u00e0 Faro - AlgarveMoods","robots":{"index":"index","follow":"follow","max-snippet":"max-snippet:-1","max-image-preview":"max-image-preview:large","max-video-preview":"max-video-preview:-1"},"canonical":"https:\/\/algarvemoods.com\/en\/marina-in-faro\/","og_locale":"fr_FR","og_type":"article","og_title":"Port de plaisance \u00e0 Faro - AlgarveMoods","og_url":"https:\/\/algarvemoods.com\/en\/marina-in-faro\/","og_site_name":"AlgarveMoods","article_publisher":"http:\/\/facebook.com\/algarvemoods","article_modified_time":"2019-05-29T09:54:56+00:00","og_image":[{"width":1024,"height":400,"url":"https:\/\/i0.wp.com\/algarvemoods.com\/wp-c8b25-content\/uploads\/2018\/11\/marina-faro.jpg?fit=1024%2C400&ssl=1","type":"image\/jpeg"}],"twitter_card":"summary_large_image","twitter_site":"@ellobo0815","twitter_misc":{"Est. reading time":"2 minutes"},"schema":{"@context":"https:\/\/schema.org","@graph":[{"@type":"WebPage","@id":"https:\/\/algarvemoods.com\/en\/marina-in-faro\/","url":"https:\/\/algarvemoods.com\/en\/marina-in-faro\/","name":"Port de plaisance \u00e0 Faro - AlgarveMoods","isPartOf":{"@id":"https:\/\/algarvemoods.com\/#website"},"primaryImageOfPage":{"@id":"https:\/\/algarvemoods.com\/en\/marina-in-faro\/#primaryimage"},"image":{"@id":"https:\/\/algarvemoods.com\/en\/marina-in-faro\/#primaryimage"},"thumbnailUrl":"https:\/\/i0.wp.com\/algarvemoods.com\/wp-c8b25-content\/uploads\/2018\/11\/marina-faro.jpg?fit=1024%2C400&ssl=1","datePublished":"2018-09-23T11:49:04+00:00","dateModified":"2019-05-29T09:54:56+00:00","breadcrumb":{"@id":"https:\/\/algarvemoods.com\/en\/marina-in-faro\/#breadcrumb"},"inLanguage":"fr-FR","potentialAction":[{"@type":"ReadAction","target":["https:\/\/algarvemoods.com\/en\/marina-in-faro\/"]}]},{"@type":"ImageObject","inLanguage":"fr-FR","@id":"https:\/\/algarvemoods.com\/en\/marina-in-faro\/#primaryimage","url":"https:\/\/i0.wp.com\/algarvemoods.com\/wp-c8b25-content\/uploads\/2018\/11\/marina-faro.jpg?fit=1024%2C400&ssl=1","contentUrl":"https:\/\/i0.wp.com\/algarvemoods.com\/wp-c8b25-content\/uploads\/2018\/11\/marina-faro.jpg?fit=1024%2C400&ssl=1","width":1024,"height":400},{"@type":"BreadcrumbList","@id":"https:\/\/algarvemoods.com\/en\/marina-in-faro\/#breadcrumb","itemListElement":[{"@type":"ListItem","position":1,"name":"Home","item":"https:\/\/algarvemoods.com\/"},{"@type":"ListItem","position":2,"name":"Marina in Faro"}]},{"@type":"WebSite","@id":"https:\/\/algarvemoods.com\/#website","url":"https:\/\/algarvemoods.com\/","name":"AlgarveMoods","description":"Informations sur l\u2018Algarve","potentialAction":[{"@type":"SearchAction","target":{"@type":"EntryPoint","urlTemplate":"https:\/\/algarvemoods.com\/?s={search_term_string}"},"query-input":{"@type":"PropertyValueSpecification","valueRequired":true,"valueName":"search_term_string"}}],"inLanguage":"fr-FR"}]}},"jetpack_shortlink":"https:\/\/wp.me\/Pafafo-eE","jetpack_likes_enabled":true,"jetpack_sharing_enabled":true,"_links":{"self":[{"href":"https:\/\/algarvemoods.com\/fr\/wp-json\/wp\/v2\/pages\/908","targetHints":{"allow":["GET"]}}],"collection":[{"href":"https:\/\/algarvemoods.com\/fr\/wp-json\/wp\/v2\/pages"}],"about":[{"href":"https:\/\/algarvemoods.com\/fr\/wp-json\/wp\/v2\/types\/page"}],"author":[{"embeddable":true,"href":"https:\/\/algarvemoods.com\/fr\/wp-json\/wp\/v2\/users\/1"}],"replies":[{"embeddable":true,"href":"https:\/\/algarvemoods.com\/fr\/wp-json\/wp\/v2\/comments?post=908"}],"version-history":[{"count":0,"href":"https:\/\/algarvemoods.com\/fr\/wp-json\/wp\/v2\/pages\/908\/revisions"}],"wp:featuredmedia":[{"embeddable":true,"href":"https:\/\/algarvemoods.com\/fr\/wp-json\/wp\/v2\/media\/3927"}],"wp:attachment":[{"href":"https:\/\/algarvemoods.com\/fr\/wp-json\/wp\/v2\/media?parent=908"}],"curies":[{"name":"wp","href":"https:\/\/api.w.org\/{rel}","templated":true}]}}