{"id":899,"date":"2018-09-23T11:24:15","date_gmt":"2018-09-23T10:24:15","guid":{"rendered":"http:\/\/wp13239037.server-he.de\/?page_id=899"},"modified":"2019-11-13T18:38:57","modified_gmt":"2019-11-13T18:38:57","slug":"faro","status":"publish","type":"page","link":"https:\/\/algarvemoods.com\/fr\/faro\/","title":{"rendered":"Faro"},"content":{"rendered":"<p><span class=\"wsw-01\" style=\"font-family: helvetica, arial, sans-serif;\">Faro est la plus grande ville de l&#8217;Algarve (environ 44\u00a0100 habitants), sa capitale et une commune du district \u00e9ponyme.<\/span><\/p>\n<p><span class=\"wsw-01\" style=\"font-family: helvetica, arial, sans-serif;\">Coordonn\u00e9es: 37\u00b0 1\u2032 N, 7\u00b0 56\u2032 O<br \/>\n<\/span><\/p>\n<p><span class=\"wsw-01\" style=\"font-family: helvetica, arial, sans-serif;\">Faro est bien indiqu\u00e9e sur la N125, la A22 et \u00e0 nombreux endroits de l&#8217;Algarve.<\/span><\/p>\n<p><span class=\"wsw-01\" style=\"font-family: helvetica, arial, sans-serif;\">Les Ph\u00e9niciens et les Grecs s&#8217;\u00e9taient d\u00e9j\u00e0 install\u00e9s dans la zone urbaine actuelle et utilisaient les riches zones de p\u00eache situ\u00e9es devant la c\u00f4te. Les Romains appelaient la place fortifi\u00e9e &#8220;Ossonoba&#8221; et faisaient commerce du vin, des olives et des produits \u00e0 base de poisson. En 418, les Wisigoths conquirent l&#8217;endroit et l&#8217;appel\u00e8rent Santa Maria. \u00c0 partir de l&#8217;ann\u00e9e 713, le Faro actuel a \u00e9t\u00e9 gouvern\u00e9 par les Maures et a re\u00e7u le nom de H\u00e1rune. Le roi Afonso III. et les crois\u00e9s ont repris la ville en 1249 des Maures. Au 15\u00e8me si\u00e8cle, les premiers livres du Portugal ont \u00e9t\u00e9 imprim\u00e9s dans la communaut\u00e9 juive de Faro. En 1577, l&#8217;\u00e9v\u00each\u00e9 de Silves fut transf\u00e9r\u00e9 \u00e0 Faro. Apr\u00e8s le grave tremblement de terre de 1755, le si\u00e8ge du gouvernement fut transf\u00e9r\u00e9 de Lagos \u00e0 Faro ce qui \u00e9tait moins endommag\u00e9e.<\/span><\/p>\n<hr \/>\n<p>&nbsp;<\/p>\n<p><span style=\"font-family: helvetica, arial, sans-serif;\"><div class='content-column two_third'><\/span><\/p>\n<p><span style=\"font-family: helvetica, arial, sans-serif;\"><img data-recalc-dims=\"1\" loading=\"lazy\" decoding=\"async\" class=\"size-medium wp-image-5009 aligncenter\" src=\"https:\/\/i0.wp.com\/algarvemoods.com\/wp-c8b25-content\/uploads\/K800_IMG_1093.jpg?resize=378%2C252&#038;ssl=1\" alt=\"\" width=\"378\" height=\"252\" srcset=\"https:\/\/i0.wp.com\/algarvemoods.com\/wp-c8b25-content\/uploads\/K800_IMG_1093.jpg?resize=378%2C252&amp;ssl=1 378w, https:\/\/i0.wp.com\/algarvemoods.com\/wp-c8b25-content\/uploads\/K800_IMG_1093.jpg?resize=135%2C90&amp;ssl=1 135w, https:\/\/i0.wp.com\/algarvemoods.com\/wp-c8b25-content\/uploads\/K800_IMG_1093.jpg?resize=768%2C512&amp;ssl=1 768w, https:\/\/i0.wp.com\/algarvemoods.com\/wp-c8b25-content\/uploads\/K800_IMG_1093.jpg?resize=540%2C360&amp;ssl=1 540w, https:\/\/i0.wp.com\/algarvemoods.com\/wp-c8b25-content\/uploads\/K800_IMG_1093.jpg?w=900&amp;ssl=1 900w\" sizes=\"auto, (max-width: 378px) 100vw, 378px\" \/><\/span><\/p>\n<p><span style=\"font-family: helvetica, arial, sans-serif;\">Maintenant, Faro est une ville administrative, commer\u00e7ante et universitaire moderne avec une grande zone pi\u00e9tonne qui commence juste au nord du port de plaisance. De tr\u00e8s nombreux restaurants, snack-bars, bistros et caf\u00e9s offrent partout la possibilit\u00e9 de se rafra\u00eechir.<\/span><\/p>\n<p><span style=\"font-family: helvetica, arial, sans-serif;\"><img data-recalc-dims=\"1\" loading=\"lazy\" decoding=\"async\" class=\"size-medium wp-image-5013 aligncenter\" src=\"https:\/\/i0.wp.com\/algarvemoods.com\/wp-c8b25-content\/uploads\/K800_SAM_1194.jpg?resize=448%2C252&#038;ssl=1\" alt=\"\" width=\"448\" height=\"252\" srcset=\"https:\/\/i0.wp.com\/algarvemoods.com\/wp-c8b25-content\/uploads\/K800_SAM_1194.jpg?resize=448%2C252&amp;ssl=1 448w, https:\/\/i0.wp.com\/algarvemoods.com\/wp-c8b25-content\/uploads\/K800_SAM_1194.jpg?resize=160%2C90&amp;ssl=1 160w, https:\/\/i0.wp.com\/algarvemoods.com\/wp-c8b25-content\/uploads\/K800_SAM_1194.jpg?resize=768%2C432&amp;ssl=1 768w, https:\/\/i0.wp.com\/algarvemoods.com\/wp-c8b25-content\/uploads\/K800_SAM_1194.jpg?resize=640%2C360&amp;ssl=1 640w, https:\/\/i0.wp.com\/algarvemoods.com\/wp-c8b25-content\/uploads\/K800_SAM_1194.jpg?w=1067&amp;ssl=1 1067w\" sizes=\"auto, (max-width: 448px) 100vw, 448px\" \/><\/span><\/p>\n<p><span style=\"font-family: helvetica, arial, sans-serif;\">Les rues \u00e9troites et les lieux spacieux s&#8217;alternent. De nombreux \u00e9tablissements gastronomiques ont des places assises dans les ruelles ou les arri\u00e8re-cours, dont certains sont spacieux.<\/span><\/p>\n<hr \/>\n<p><span style=\"font-family: helvetica, arial, sans-serif;\"><img data-recalc-dims=\"1\" loading=\"lazy\" decoding=\"async\" class=\"size-medium wp-image-5010 aligncenter\" src=\"https:\/\/i0.wp.com\/algarvemoods.com\/wp-c8b25-content\/uploads\/K800_SAM_1495.jpg?resize=448%2C252&#038;ssl=1\" alt=\"\" width=\"448\" height=\"252\" srcset=\"https:\/\/i0.wp.com\/algarvemoods.com\/wp-c8b25-content\/uploads\/K800_SAM_1495.jpg?resize=448%2C252&amp;ssl=1 448w, https:\/\/i0.wp.com\/algarvemoods.com\/wp-c8b25-content\/uploads\/K800_SAM_1495.jpg?resize=160%2C90&amp;ssl=1 160w, https:\/\/i0.wp.com\/algarvemoods.com\/wp-c8b25-content\/uploads\/K800_SAM_1495.jpg?resize=768%2C432&amp;ssl=1 768w, https:\/\/i0.wp.com\/algarvemoods.com\/wp-c8b25-content\/uploads\/K800_SAM_1495.jpg?resize=640%2C360&amp;ssl=1 640w, https:\/\/i0.wp.com\/algarvemoods.com\/wp-c8b25-content\/uploads\/K800_SAM_1495.jpg?w=1067&amp;ssl=1 1067w\" sizes=\"auto, (max-width: 448px) 100vw, 448px\" \/><\/span><\/p>\n<p><span style=\"font-family: helvetica, arial, sans-serif;\">Dans la partie sud de la ville, vous pouvez voir et entendre les avions qui arrivent et qui partent de l&#8217;a\u00e9roport tr\u00e8s proche.<\/span><\/p>\n<hr \/>\n<p><span style=\"font-family: helvetica, arial, sans-serif;\"><img data-recalc-dims=\"1\" loading=\"lazy\" decoding=\"async\" class=\"size-medium wp-image-5011 aligncenter\" src=\"https:\/\/i0.wp.com\/algarvemoods.com\/wp-c8b25-content\/uploads\/K800_IMG_1309.jpg?resize=378%2C252&#038;ssl=1\" alt=\"\" width=\"378\" height=\"252\" srcset=\"https:\/\/i0.wp.com\/algarvemoods.com\/wp-c8b25-content\/uploads\/K800_IMG_1309.jpg?resize=378%2C252&amp;ssl=1 378w, https:\/\/i0.wp.com\/algarvemoods.com\/wp-c8b25-content\/uploads\/K800_IMG_1309.jpg?resize=135%2C90&amp;ssl=1 135w, https:\/\/i0.wp.com\/algarvemoods.com\/wp-c8b25-content\/uploads\/K800_IMG_1309.jpg?resize=768%2C512&amp;ssl=1 768w, https:\/\/i0.wp.com\/algarvemoods.com\/wp-c8b25-content\/uploads\/K800_IMG_1309.jpg?resize=540%2C360&amp;ssl=1 540w, https:\/\/i0.wp.com\/algarvemoods.com\/wp-c8b25-content\/uploads\/K800_IMG_1309.jpg?w=900&amp;ssl=1 900w\" sizes=\"auto, (max-width: 378px) 100vw, 378px\" \/><\/span><\/p>\n<div>\n<p><span style=\"font-family: helvetica, arial, sans-serif;\">L\u2019ob\u00e9lisque A Ferreira d\u2019Almeida (entre la zone pi\u00e9tonne et le port de plaisance) a \u00e9t\u00e9 construit en 1920 et mesure 20 m\u00e8tres de haut. Il a \u00e9t\u00e9 construit en l&#8217;honneur de Jos\u00e9 Bento Ferreira de Almeida (1847-1902), qui fut \u00e0 la fois capitaine de la marine, gouverneur (1878-1880) de Mocamedes (sud de l&#8217;Angola) et ministre de la marine. Almeida, comme un des premiers politiciens, voulait rendre aux colonies leur ind\u00e9pendance (au moins partielle). Il \u00e9tait \u00e9galement connu et craint pour son temp\u00e9rament. Le 7 mai 1887, il battit le ministre de la Marine de l&#8217;\u00e9poque, acte pour lequel il fut emprisonn\u00e9 pendant quatre mois.<\/span><\/p>\n<hr \/>\n<\/div>\n<div class=\"section-hero-header-title-description-container\">\n<h4 style=\"text-align: center;\"><span style=\"font-family: helvetica, arial, sans-serif;\">Universit\u00e9\u00a0<\/span><\/h4>\n<p><span style=\"font-family: helvetica, arial, sans-serif;\">L&#8217;universit\u00e9 a \u00e9t\u00e9 fond\u00e9e en 1979. Au milieu des ann\u00e9es 1980, l\u2019Institut polytechnique de Faro (Instituto Polit\u00e9cnico de Faro) a \u00e9t\u00e9 incorpor\u00e9. Cependant, il a conserv\u00e9 sa compl\u00e8te autonomie \u00e0 ce jour. Environ 10 000 \u00e9tudiants sont inscrits.\u00a0<\/span><\/p>\n<p class=\"section-rating\" style=\"text-align: center;\"><span style=\"font-family: helvetica, arial, sans-serif;\">L&#8217;universit\u00e9 de l&#8217;Algarve a deux sites principaux \u00e0 Faro. <\/span><\/p>\n<\/div>\n<div><\/div>\n<div><span style=\"font-family: helvetica, arial, sans-serif;\"><img data-recalc-dims=\"1\" loading=\"lazy\" decoding=\"async\" class=\"size-medium wp-image-5014 aligncenter\" src=\"https:\/\/i0.wp.com\/algarvemoods.com\/wp-c8b25-content\/uploads\/IMG_1448.jpg?resize=378%2C252&#038;ssl=1\" alt=\"Campus da Penna\" width=\"378\" height=\"252\" srcset=\"https:\/\/i0.wp.com\/algarvemoods.com\/wp-c8b25-content\/uploads\/IMG_1448.jpg?resize=378%2C252&amp;ssl=1 378w, https:\/\/i0.wp.com\/algarvemoods.com\/wp-c8b25-content\/uploads\/IMG_1448.jpg?resize=135%2C90&amp;ssl=1 135w, https:\/\/i0.wp.com\/algarvemoods.com\/wp-c8b25-content\/uploads\/IMG_1448.jpg?resize=768%2C512&amp;ssl=1 768w, https:\/\/i0.wp.com\/algarvemoods.com\/wp-c8b25-content\/uploads\/IMG_1448.jpg?resize=540%2C360&amp;ssl=1 540w, https:\/\/i0.wp.com\/algarvemoods.com\/wp-c8b25-content\/uploads\/IMG_1448.jpg?w=1638&amp;ssl=1 1638w, https:\/\/i0.wp.com\/algarvemoods.com\/wp-c8b25-content\/uploads\/IMG_1448.jpg?w=2457&amp;ssl=1 2457w\" sizes=\"auto, (max-width: 378px) 100vw, 378px\" \/><\/span><\/div>\n<div><\/div>\n<div>\n<p><span style=\"font-family: helvetica, arial, sans-serif;\">Adresse: Campus da Penha \u00b7 8000-139 Faro<\/span><\/p>\n<p><span style=\"font-family: helvetica, arial, sans-serif;\">Coordonn\u00e9es: 37\u00b001\u201942.3\u2033N 7\u00b055\u201923.7\u2033O<\/span><\/p>\n<p><span style=\"font-family: helvetica, arial, sans-serif;\">Fili\u00e8res universitaires:<\/span><\/p>\n<ul>\n<li><span style=\"font-family: helvetica, arial, sans-serif;\">Hotelaria e Turismo (H\u00f4tellerie et tourisme)<\/span><\/li>\n<li><span style=\"font-family: helvetica, arial, sans-serif;\">Medicina (M\u00e9decine)<\/span><\/li>\n<li><span style=\"font-family: helvetica, arial, sans-serif;\">Educa\u00e7\u00e3o (Education)<\/span><\/li>\n<li><span style=\"font-family: helvetica, arial, sans-serif;\">Tecnologia (Sciences naturelles)<\/span><\/li>\n<li><span style=\"font-family: helvetica, arial, sans-serif;\">Tecnologia de Inform\u00e1tica (Technologie d\u2018informatique)<\/span><\/li>\n<\/ul>\n<\/div>\n<p>&nbsp;<\/p>\n<div><span style=\"font-family: helvetica, arial, sans-serif;\"><img data-recalc-dims=\"1\" loading=\"lazy\" decoding=\"async\" class=\"size-medium wp-image-5015 aligncenter\" src=\"https:\/\/i0.wp.com\/algarvemoods.com\/wp-c8b25-content\/uploads\/K800_IMG_1121.jpg?resize=378%2C252&#038;ssl=1\" alt=\"\" width=\"378\" height=\"252\" srcset=\"https:\/\/i0.wp.com\/algarvemoods.com\/wp-c8b25-content\/uploads\/K800_IMG_1121.jpg?resize=378%2C252&amp;ssl=1 378w, https:\/\/i0.wp.com\/algarvemoods.com\/wp-c8b25-content\/uploads\/K800_IMG_1121.jpg?resize=135%2C90&amp;ssl=1 135w, https:\/\/i0.wp.com\/algarvemoods.com\/wp-c8b25-content\/uploads\/K800_IMG_1121.jpg?resize=768%2C512&amp;ssl=1 768w, https:\/\/i0.wp.com\/algarvemoods.com\/wp-c8b25-content\/uploads\/K800_IMG_1121.jpg?resize=540%2C360&amp;ssl=1 540w, https:\/\/i0.wp.com\/algarvemoods.com\/wp-c8b25-content\/uploads\/K800_IMG_1121.jpg?w=900&amp;ssl=1 900w\" sizes=\"auto, (max-width: 378px) 100vw, 378px\" \/><\/span><\/div>\n<div><\/div>\n<div>\n<p><span style=\"font-family: helvetica, arial, sans-serif;\">Adresse:\u00a0Rua dos Malmequeres 101 \u00b7 8005-139 Faro<\/span><\/p>\n<p><span style=\"font-family: helvetica, arial, sans-serif;\">Coordonn\u00e8es: 37\u00b002\u201935.4\u2033N 7\u00b058\u201915.7\u2033O<\/span><\/p>\n<p><span style=\"font-family: helvetica, arial, sans-serif;\">Fili\u00e8res universitaires:\u00a0<\/span><\/p>\n<ul>\n<li><span style=\"font-family: helvetica, arial, sans-serif;\">Mar e Ambiente (Science marine et environnement)<\/span><\/li>\n<li><span style=\"font-family: helvetica, arial, sans-serif;\">Humanas e Sociais (Sciences humaines et sociales)<\/span><\/li>\n<li><span style=\"font-family: helvetica, arial, sans-serif;\">Economia (\u00c9conomie)<\/span><\/li>\n<li><span style=\"font-family: helvetica, arial, sans-serif;\">Recursos Naturais (Protection de la nature)<\/span><\/li>\n<\/ul>\n<p><span style=\"font-family: helvetica, arial, sans-serif;\">L&#8217;universit\u00e9 est bien connue au niveau international pour ses cours de base en biologie marine, p\u00eache et oc\u00e9anographie.<\/span><\/p>\n<\/div>\n<div>\n<hr \/>\n<\/div>\n<p><span style=\"font-family: helvetica, arial, sans-serif;\"><\/div><\/span><\/p>\n","protected":false},"excerpt":{"rendered":"<p>Faro est la plus grande ville de l&#8217;Algarve (environ 44\u00a0100 habitants), sa capitale et une commune du district \u00e9ponyme. Coordonn\u00e9es: 37\u00b0 1\u2032 N, 7\u00b0 56\u2032 [&hellip;]<\/p>\n","protected":false},"author":1,"featured_media":4413,"parent":0,"menu_order":0,"comment_status":"closed","ping_status":"closed","template":"","meta":{"jetpack_post_was_ever_published":false,"footnotes":""},"class_list":["post-899","page","type-page","status-publish","has-post-thumbnail","hentry"],"translation":{"provider":"WPGlobus","version":"3.0.0","language":"fr","enabled_languages":["de","en","fr"],"languages":{"de":{"title":true,"content":true,"excerpt":false},"en":{"title":true,"content":true,"excerpt":false},"fr":{"title":true,"content":true,"excerpt":false}}},"yoast_head":"<!-- This site is optimized with the Yoast SEO plugin v24.8.1 - https:\/\/yoast.com\/wordpress\/plugins\/seo\/ -->\n<title>Faro - AlgarveMoods<\/title>\n<meta name=\"robots\" content=\"index, follow, max-snippet:-1, max-image-preview:large, max-video-preview:-1\" \/>\n<link rel=\"canonical\" href=\"https:\/\/algarvemoods.com\/faro\/\" \/>\n<meta property=\"og:locale\" content=\"fr_FR\" \/>\n<meta property=\"og:type\" content=\"article\" \/>\n<meta property=\"og:title\" content=\"Faro - AlgarveMoods\" \/>\n<meta property=\"og:url\" content=\"https:\/\/algarvemoods.com\/faro\/\" \/>\n<meta property=\"og:site_name\" content=\"AlgarveMoods\" \/>\n<meta property=\"article:publisher\" content=\"http:\/\/facebook.com\/algarvemoods\" \/>\n<meta property=\"article:modified_time\" content=\"2019-11-13T18:38:57+00:00\" \/>\n<meta property=\"og:image\" content=\"https:\/\/algarvemoods.com\/wp-c8b25-content\/uploads\/2018\/12\/faro-haupt-main.jpg\" \/>\n\t<meta property=\"og:image:width\" content=\"1024\" \/>\n\t<meta property=\"og:image:height\" content=\"400\" \/>\n\t<meta property=\"og:image:type\" content=\"image\/jpeg\" \/>\n<meta name=\"twitter:card\" content=\"summary_large_image\" \/>\n<meta name=\"twitter:site\" content=\"@ellobo0815\" \/>\n<meta name=\"twitter:label1\" content=\"Est. reading time\" \/>\n\t<meta name=\"twitter:data1\" content=\"7 minutes\" \/>\n<script type=\"application\/ld+json\" class=\"yoast-schema-graph\">{\"@context\":\"https:\/\/schema.org\",\"@graph\":[{\"@type\":\"WebPage\",\"@id\":\"https:\/\/algarvemoods.com\/faro\/\",\"url\":\"https:\/\/algarvemoods.com\/faro\/\",\"name\":\"Faro - AlgarveMoods\",\"isPartOf\":{\"@id\":\"https:\/\/algarvemoods.com\/#website\"},\"primaryImageOfPage\":{\"@id\":\"https:\/\/algarvemoods.com\/faro\/#primaryimage\"},\"image\":{\"@id\":\"https:\/\/algarvemoods.com\/faro\/#primaryimage\"},\"thumbnailUrl\":\"https:\/\/i0.wp.com\/algarvemoods.com\/wp-c8b25-content\/uploads\/2018\/12\/faro-haupt-main.jpg?fit=1024%2C400&ssl=1\",\"datePublished\":\"2018-09-23T10:24:15+00:00\",\"dateModified\":\"2019-11-13T18:38:57+00:00\",\"breadcrumb\":{\"@id\":\"https:\/\/algarvemoods.com\/faro\/#breadcrumb\"},\"inLanguage\":\"fr-FR\",\"potentialAction\":[{\"@type\":\"ReadAction\",\"target\":[\"https:\/\/algarvemoods.com\/faro\/\"]}]},{\"@type\":\"ImageObject\",\"inLanguage\":\"fr-FR\",\"@id\":\"https:\/\/algarvemoods.com\/faro\/#primaryimage\",\"url\":\"https:\/\/i0.wp.com\/algarvemoods.com\/wp-c8b25-content\/uploads\/2018\/12\/faro-haupt-main.jpg?fit=1024%2C400&ssl=1\",\"contentUrl\":\"https:\/\/i0.wp.com\/algarvemoods.com\/wp-c8b25-content\/uploads\/2018\/12\/faro-haupt-main.jpg?fit=1024%2C400&ssl=1\",\"width\":1024,\"height\":400},{\"@type\":\"BreadcrumbList\",\"@id\":\"https:\/\/algarvemoods.com\/faro\/#breadcrumb\",\"itemListElement\":[{\"@type\":\"ListItem\",\"position\":1,\"name\":\"Home\",\"item\":\"https:\/\/algarvemoods.com\/\"},{\"@type\":\"ListItem\",\"position\":2,\"name\":\"Faro\"}]},{\"@type\":\"WebSite\",\"@id\":\"https:\/\/algarvemoods.com\/#website\",\"url\":\"https:\/\/algarvemoods.com\/\",\"name\":\"AlgarveMoods\",\"description\":\"Informations sur l\u2018Algarve\",\"potentialAction\":[{\"@type\":\"SearchAction\",\"target\":{\"@type\":\"EntryPoint\",\"urlTemplate\":\"https:\/\/algarvemoods.com\/?s={search_term_string}\"},\"query-input\":{\"@type\":\"PropertyValueSpecification\",\"valueRequired\":true,\"valueName\":\"search_term_string\"}}],\"inLanguage\":\"fr-FR\"}]}<\/script>\n<!-- \/ Yoast SEO plugin. -->","yoast_head_json":{"title":"Faro - AlgarveMoods","robots":{"index":"index","follow":"follow","max-snippet":"max-snippet:-1","max-image-preview":"max-image-preview:large","max-video-preview":"max-video-preview:-1"},"canonical":"https:\/\/algarvemoods.com\/faro\/","og_locale":"fr_FR","og_type":"article","og_title":"Faro - AlgarveMoods","og_url":"https:\/\/algarvemoods.com\/faro\/","og_site_name":"AlgarveMoods","article_publisher":"http:\/\/facebook.com\/algarvemoods","article_modified_time":"2019-11-13T18:38:57+00:00","og_image":[{"width":1024,"height":400,"url":"https:\/\/algarvemoods.com\/wp-c8b25-content\/uploads\/2018\/12\/faro-haupt-main.jpg","type":"image\/jpeg"}],"twitter_card":"summary_large_image","twitter_site":"@ellobo0815","twitter_misc":{"Est. reading time":"7 minutes"},"schema":{"@context":"https:\/\/schema.org","@graph":[{"@type":"WebPage","@id":"https:\/\/algarvemoods.com\/faro\/","url":"https:\/\/algarvemoods.com\/faro\/","name":"Faro - AlgarveMoods","isPartOf":{"@id":"https:\/\/algarvemoods.com\/#website"},"primaryImageOfPage":{"@id":"https:\/\/algarvemoods.com\/faro\/#primaryimage"},"image":{"@id":"https:\/\/algarvemoods.com\/faro\/#primaryimage"},"thumbnailUrl":"https:\/\/i0.wp.com\/algarvemoods.com\/wp-c8b25-content\/uploads\/2018\/12\/faro-haupt-main.jpg?fit=1024%2C400&ssl=1","datePublished":"2018-09-23T10:24:15+00:00","dateModified":"2019-11-13T18:38:57+00:00","breadcrumb":{"@id":"https:\/\/algarvemoods.com\/faro\/#breadcrumb"},"inLanguage":"fr-FR","potentialAction":[{"@type":"ReadAction","target":["https:\/\/algarvemoods.com\/faro\/"]}]},{"@type":"ImageObject","inLanguage":"fr-FR","@id":"https:\/\/algarvemoods.com\/faro\/#primaryimage","url":"https:\/\/i0.wp.com\/algarvemoods.com\/wp-c8b25-content\/uploads\/2018\/12\/faro-haupt-main.jpg?fit=1024%2C400&ssl=1","contentUrl":"https:\/\/i0.wp.com\/algarvemoods.com\/wp-c8b25-content\/uploads\/2018\/12\/faro-haupt-main.jpg?fit=1024%2C400&ssl=1","width":1024,"height":400},{"@type":"BreadcrumbList","@id":"https:\/\/algarvemoods.com\/faro\/#breadcrumb","itemListElement":[{"@type":"ListItem","position":1,"name":"Home","item":"https:\/\/algarvemoods.com\/"},{"@type":"ListItem","position":2,"name":"Faro"}]},{"@type":"WebSite","@id":"https:\/\/algarvemoods.com\/#website","url":"https:\/\/algarvemoods.com\/","name":"AlgarveMoods","description":"Informations sur l\u2018Algarve","potentialAction":[{"@type":"SearchAction","target":{"@type":"EntryPoint","urlTemplate":"https:\/\/algarvemoods.com\/?s={search_term_string}"},"query-input":{"@type":"PropertyValueSpecification","valueRequired":true,"valueName":"search_term_string"}}],"inLanguage":"fr-FR"}]}},"jetpack_shortlink":"https:\/\/wp.me\/Pafafo-ev","jetpack_likes_enabled":true,"jetpack_sharing_enabled":true,"_links":{"self":[{"href":"https:\/\/algarvemoods.com\/fr\/wp-json\/wp\/v2\/pages\/899","targetHints":{"allow":["GET"]}}],"collection":[{"href":"https:\/\/algarvemoods.com\/fr\/wp-json\/wp\/v2\/pages"}],"about":[{"href":"https:\/\/algarvemoods.com\/fr\/wp-json\/wp\/v2\/types\/page"}],"author":[{"embeddable":true,"href":"https:\/\/algarvemoods.com\/fr\/wp-json\/wp\/v2\/users\/1"}],"replies":[{"embeddable":true,"href":"https:\/\/algarvemoods.com\/fr\/wp-json\/wp\/v2\/comments?post=899"}],"version-history":[{"count":0,"href":"https:\/\/algarvemoods.com\/fr\/wp-json\/wp\/v2\/pages\/899\/revisions"}],"wp:featuredmedia":[{"embeddable":true,"href":"https:\/\/algarvemoods.com\/fr\/wp-json\/wp\/v2\/media\/4413"}],"wp:attachment":[{"href":"https:\/\/algarvemoods.com\/fr\/wp-json\/wp\/v2\/media?parent=899"}],"curies":[{"name":"wp","href":"https:\/\/api.w.org\/{rel}","templated":true}]}}