{"id":852,"date":"2018-09-23T08:27:21","date_gmt":"2018-09-23T07:27:21","guid":{"rendered":"http:\/\/wp13239037.server-he.de\/?page_id=852"},"modified":"2020-01-18T17:50:08","modified_gmt":"2020-01-18T17:50:08","slug":"yachthafen-in-albufeira","status":"publish","type":"page","link":"https:\/\/algarvemoods.com\/fr\/port-de-plaisance-a-albufeira\/","title":{"rendered":"Port de plaisance \u00e0 Albufeira"},"content":{"rendered":"<p><span style=\"font-family: helvetica, arial, sans-serif;\">Le port de plaisance d\u2019Albufeira a \u00e9t\u00e9 construit en 2000. Peu de temps avant le d\u00e9but de la construction, des march\u00e9s tziganes ont toujours eu lieu ici.<\/span><\/p>\n<p><span style=\"font-family: helvetica, arial, sans-serif;\">Adresse:<\/span><\/p>\n<p><span style=\"font-family: helvetica, arial, sans-serif;\">Apartado 2422<\/span><br \/>\n<span style=\"font-family: helvetica, arial, sans-serif;\">8201-918 Albufeira<\/span><br \/>\n<span style=\"font-family: helvetica, arial, sans-serif;\">Portugal<\/span><\/p>\n<p><span style=\"font-family: helvetica, arial, sans-serif;\">Tel .: (+351) 289 514 282<\/span><br \/>\n<span style=\"font-family: helvetica, arial, sans-serif;\">Fax: (+351) 289 514 292<\/span><br \/>\n<span style=\"font-family: helvetica, arial, sans-serif;\">info@marinaalbufeira.com<\/span><\/p>\n<p><span style=\"font-family: helvetica, arial, sans-serif;\">475 mouillages &#8211; tirant d&#8217;eau jusqu&#8217;\u00e0 6,50 m\u00e8tres &#8211; longueur du navire jusqu&#8217;\u00e0 32,00 m\u00e8tres<\/span><\/p>\n<hr \/>\n<p><span style=\"font-family: helvetica, arial, sans-serif;\"><div class='content-column two_third'><\/span><\/p>\n<ul>\n<li><span style=\"font-family: helvetica, arial, sans-serif;\">Connecteur d\u2019alimentation \u00e9lectrique<\/span><\/li>\n<li><span style=\"font-family: helvetica, arial, sans-serif;\">Connexion d&#8217;eau douce<\/span><\/li>\n<li><span style=\"font-family: helvetica, arial, sans-serif;\">Toilettes<\/span><\/li>\n<li><span style=\"font-family: helvetica, arial, sans-serif;\">Douches<\/span><\/li>\n<li><span style=\"font-family: helvetica, arial, sans-serif;\">Bar \/ Restaurant<\/span><\/li>\n<li><span style=\"font-family: helvetica, arial, sans-serif;\">Machine \u00e0 laver<\/span><\/li>\n<li><span style=\"font-family: helvetica, arial, sans-serif;\">S\u00e8che-linge<\/span><\/li>\n<li><span style=\"font-family: helvetica, arial, sans-serif;\">\u00c9puration des eaux us\u00e9es<\/span><\/li>\n<li><span style=\"font-family: helvetica, arial, sans-serif;\">Grue: 6 t de charge utile<\/span><\/li>\n<li><span style=\"font-family: helvetica, arial, sans-serif;\">Monte-charge: 70 t de charge utile<\/span><\/li>\n<\/ul>\n<hr \/>\n<p><span style=\"font-family: helvetica, arial, sans-serif;\"><img data-recalc-dims=\"1\" loading=\"lazy\" decoding=\"async\" class=\"size-medium wp-image-3230 aligncenter\" src=\"https:\/\/i0.wp.com\/algarvemoods.com\/wp-c8b25-content\/uploads\/2018\/11\/DSCF0567.jpg?resize=448%2C252&#038;ssl=1\" alt=\"\" width=\"448\" height=\"252\" srcset=\"https:\/\/i0.wp.com\/algarvemoods.com\/wp-c8b25-content\/uploads\/2018\/11\/DSCF0567.jpg?resize=448%2C252&amp;ssl=1 448w, https:\/\/i0.wp.com\/algarvemoods.com\/wp-c8b25-content\/uploads\/2018\/11\/DSCF0567.jpg?resize=160%2C90&amp;ssl=1 160w, https:\/\/i0.wp.com\/algarvemoods.com\/wp-c8b25-content\/uploads\/2018\/11\/DSCF0567.jpg?resize=768%2C432&amp;ssl=1 768w, https:\/\/i0.wp.com\/algarvemoods.com\/wp-c8b25-content\/uploads\/2018\/11\/DSCF0567.jpg?resize=644%2C362&amp;ssl=1 644w, https:\/\/i0.wp.com\/algarvemoods.com\/wp-c8b25-content\/uploads\/2018\/11\/DSCF0567.jpg?w=1024&amp;ssl=1 1024w\" sizes=\"auto, (max-width: 448px) 100vw, 448px\" \/><\/span><\/p>\n<p><span style=\"font-family: helvetica, arial, sans-serif;\">Sur le port, il y a de nombreuses places de parkings (en partie dans des garages souterrains) et divers \u00e9tablissements gastronomiques.<\/span><\/p>\n<hr \/>\n<p><span style=\"font-family: helvetica, arial, sans-serif;\"><\/div><\/span><\/p>\n","protected":false},"excerpt":{"rendered":"<p>Le port de plaisance d\u2019Albufeira a \u00e9t\u00e9 construit en 2000. Peu de temps avant le d\u00e9but de la construction, des march\u00e9s tziganes ont toujours eu [&hellip;]<\/p>\n","protected":false},"author":1,"featured_media":3229,"parent":0,"menu_order":0,"comment_status":"closed","ping_status":"closed","template":"","meta":{"jetpack_post_was_ever_published":false,"footnotes":""},"class_list":["post-852","page","type-page","status-publish","has-post-thumbnail","hentry"],"translation":{"provider":"WPGlobus","version":"3.0.0","language":"fr","enabled_languages":["de","en","fr"],"languages":{"de":{"title":true,"content":true,"excerpt":false},"en":{"title":true,"content":true,"excerpt":false},"fr":{"title":true,"content":true,"excerpt":false}}},"yoast_head":"<!-- This site is optimized with the Yoast SEO plugin v24.8.1 - https:\/\/yoast.com\/wordpress\/plugins\/seo\/ -->\n<title>Port de plaisance \u00e0 Albufeira - AlgarveMoods<\/title>\n<meta name=\"robots\" content=\"index, follow, max-snippet:-1, max-image-preview:large, max-video-preview:-1\" \/>\n<link rel=\"canonical\" href=\"https:\/\/algarvemoods.com\/yachthafen-in-albufeira\/\" \/>\n<meta property=\"og:locale\" content=\"fr_FR\" \/>\n<meta property=\"og:type\" content=\"article\" \/>\n<meta property=\"og:title\" content=\"Port de plaisance \u00e0 Albufeira - AlgarveMoods\" \/>\n<meta property=\"og:url\" content=\"https:\/\/algarvemoods.com\/yachthafen-in-albufeira\/\" \/>\n<meta property=\"og:site_name\" content=\"AlgarveMoods\" \/>\n<meta property=\"article:publisher\" content=\"http:\/\/facebook.com\/algarvemoods\" \/>\n<meta property=\"article:modified_time\" content=\"2020-01-18T17:50:08+00:00\" \/>\n<meta property=\"og:image\" content=\"https:\/\/i0.wp.com\/algarvemoods.com\/wp-c8b25-content\/uploads\/2018\/11\/marina-albufeira.jpg?fit=1024%2C400&ssl=1\" \/>\n\t<meta property=\"og:image:width\" content=\"1024\" \/>\n\t<meta property=\"og:image:height\" content=\"400\" \/>\n\t<meta property=\"og:image:type\" content=\"image\/jpeg\" \/>\n<meta name=\"twitter:card\" content=\"summary_large_image\" \/>\n<meta name=\"twitter:site\" content=\"@ellobo0815\" \/>\n<meta name=\"twitter:label1\" content=\"Est. reading time\" \/>\n\t<meta name=\"twitter:data1\" content=\"1 minute\" \/>\n<script type=\"application\/ld+json\" class=\"yoast-schema-graph\">{\"@context\":\"https:\/\/schema.org\",\"@graph\":[{\"@type\":\"WebPage\",\"@id\":\"https:\/\/algarvemoods.com\/yachthafen-in-albufeira\/\",\"url\":\"https:\/\/algarvemoods.com\/yachthafen-in-albufeira\/\",\"name\":\"Port de plaisance \u00e0 Albufeira - AlgarveMoods\",\"isPartOf\":{\"@id\":\"https:\/\/algarvemoods.com\/#website\"},\"primaryImageOfPage\":{\"@id\":\"https:\/\/algarvemoods.com\/yachthafen-in-albufeira\/#primaryimage\"},\"image\":{\"@id\":\"https:\/\/algarvemoods.com\/yachthafen-in-albufeira\/#primaryimage\"},\"thumbnailUrl\":\"https:\/\/i0.wp.com\/algarvemoods.com\/wp-c8b25-content\/uploads\/2018\/11\/marina-albufeira.jpg?fit=1024%2C400&ssl=1\",\"datePublished\":\"2018-09-23T07:27:21+00:00\",\"dateModified\":\"2020-01-18T17:50:08+00:00\",\"breadcrumb\":{\"@id\":\"https:\/\/algarvemoods.com\/yachthafen-in-albufeira\/#breadcrumb\"},\"inLanguage\":\"fr-FR\",\"potentialAction\":[{\"@type\":\"ReadAction\",\"target\":[\"https:\/\/algarvemoods.com\/yachthafen-in-albufeira\/\"]}]},{\"@type\":\"ImageObject\",\"inLanguage\":\"fr-FR\",\"@id\":\"https:\/\/algarvemoods.com\/yachthafen-in-albufeira\/#primaryimage\",\"url\":\"https:\/\/i0.wp.com\/algarvemoods.com\/wp-c8b25-content\/uploads\/2018\/11\/marina-albufeira.jpg?fit=1024%2C400&ssl=1\",\"contentUrl\":\"https:\/\/i0.wp.com\/algarvemoods.com\/wp-c8b25-content\/uploads\/2018\/11\/marina-albufeira.jpg?fit=1024%2C400&ssl=1\",\"width\":1024,\"height\":400},{\"@type\":\"BreadcrumbList\",\"@id\":\"https:\/\/algarvemoods.com\/yachthafen-in-albufeira\/#breadcrumb\",\"itemListElement\":[{\"@type\":\"ListItem\",\"position\":1,\"name\":\"Home\",\"item\":\"https:\/\/algarvemoods.com\/\"},{\"@type\":\"ListItem\",\"position\":2,\"name\":\"Yachthafen in Albufeira\"}]},{\"@type\":\"WebSite\",\"@id\":\"https:\/\/algarvemoods.com\/#website\",\"url\":\"https:\/\/algarvemoods.com\/\",\"name\":\"AlgarveMoods\",\"description\":\"Informations sur l\u2018Algarve\",\"potentialAction\":[{\"@type\":\"SearchAction\",\"target\":{\"@type\":\"EntryPoint\",\"urlTemplate\":\"https:\/\/algarvemoods.com\/?s={search_term_string}\"},\"query-input\":{\"@type\":\"PropertyValueSpecification\",\"valueRequired\":true,\"valueName\":\"search_term_string\"}}],\"inLanguage\":\"fr-FR\"}]}<\/script>\n<!-- \/ Yoast SEO plugin. -->","yoast_head_json":{"title":"Port de plaisance \u00e0 Albufeira - AlgarveMoods","robots":{"index":"index","follow":"follow","max-snippet":"max-snippet:-1","max-image-preview":"max-image-preview:large","max-video-preview":"max-video-preview:-1"},"canonical":"https:\/\/algarvemoods.com\/yachthafen-in-albufeira\/","og_locale":"fr_FR","og_type":"article","og_title":"Port de plaisance \u00e0 Albufeira - AlgarveMoods","og_url":"https:\/\/algarvemoods.com\/yachthafen-in-albufeira\/","og_site_name":"AlgarveMoods","article_publisher":"http:\/\/facebook.com\/algarvemoods","article_modified_time":"2020-01-18T17:50:08+00:00","og_image":[{"width":1024,"height":400,"url":"https:\/\/i0.wp.com\/algarvemoods.com\/wp-c8b25-content\/uploads\/2018\/11\/marina-albufeira.jpg?fit=1024%2C400&ssl=1","type":"image\/jpeg"}],"twitter_card":"summary_large_image","twitter_site":"@ellobo0815","twitter_misc":{"Est. reading time":"1 minute"},"schema":{"@context":"https:\/\/schema.org","@graph":[{"@type":"WebPage","@id":"https:\/\/algarvemoods.com\/yachthafen-in-albufeira\/","url":"https:\/\/algarvemoods.com\/yachthafen-in-albufeira\/","name":"Port de plaisance \u00e0 Albufeira - AlgarveMoods","isPartOf":{"@id":"https:\/\/algarvemoods.com\/#website"},"primaryImageOfPage":{"@id":"https:\/\/algarvemoods.com\/yachthafen-in-albufeira\/#primaryimage"},"image":{"@id":"https:\/\/algarvemoods.com\/yachthafen-in-albufeira\/#primaryimage"},"thumbnailUrl":"https:\/\/i0.wp.com\/algarvemoods.com\/wp-c8b25-content\/uploads\/2018\/11\/marina-albufeira.jpg?fit=1024%2C400&ssl=1","datePublished":"2018-09-23T07:27:21+00:00","dateModified":"2020-01-18T17:50:08+00:00","breadcrumb":{"@id":"https:\/\/algarvemoods.com\/yachthafen-in-albufeira\/#breadcrumb"},"inLanguage":"fr-FR","potentialAction":[{"@type":"ReadAction","target":["https:\/\/algarvemoods.com\/yachthafen-in-albufeira\/"]}]},{"@type":"ImageObject","inLanguage":"fr-FR","@id":"https:\/\/algarvemoods.com\/yachthafen-in-albufeira\/#primaryimage","url":"https:\/\/i0.wp.com\/algarvemoods.com\/wp-c8b25-content\/uploads\/2018\/11\/marina-albufeira.jpg?fit=1024%2C400&ssl=1","contentUrl":"https:\/\/i0.wp.com\/algarvemoods.com\/wp-c8b25-content\/uploads\/2018\/11\/marina-albufeira.jpg?fit=1024%2C400&ssl=1","width":1024,"height":400},{"@type":"BreadcrumbList","@id":"https:\/\/algarvemoods.com\/yachthafen-in-albufeira\/#breadcrumb","itemListElement":[{"@type":"ListItem","position":1,"name":"Home","item":"https:\/\/algarvemoods.com\/"},{"@type":"ListItem","position":2,"name":"Yachthafen in Albufeira"}]},{"@type":"WebSite","@id":"https:\/\/algarvemoods.com\/#website","url":"https:\/\/algarvemoods.com\/","name":"AlgarveMoods","description":"Informations sur l\u2018Algarve","potentialAction":[{"@type":"SearchAction","target":{"@type":"EntryPoint","urlTemplate":"https:\/\/algarvemoods.com\/?s={search_term_string}"},"query-input":{"@type":"PropertyValueSpecification","valueRequired":true,"valueName":"search_term_string"}}],"inLanguage":"fr-FR"}]}},"jetpack_shortlink":"https:\/\/wp.me\/Pafafo-dK","jetpack_likes_enabled":true,"jetpack_sharing_enabled":true,"_links":{"self":[{"href":"https:\/\/algarvemoods.com\/fr\/wp-json\/wp\/v2\/pages\/852","targetHints":{"allow":["GET"]}}],"collection":[{"href":"https:\/\/algarvemoods.com\/fr\/wp-json\/wp\/v2\/pages"}],"about":[{"href":"https:\/\/algarvemoods.com\/fr\/wp-json\/wp\/v2\/types\/page"}],"author":[{"embeddable":true,"href":"https:\/\/algarvemoods.com\/fr\/wp-json\/wp\/v2\/users\/1"}],"replies":[{"embeddable":true,"href":"https:\/\/algarvemoods.com\/fr\/wp-json\/wp\/v2\/comments?post=852"}],"version-history":[{"count":1,"href":"https:\/\/algarvemoods.com\/fr\/wp-json\/wp\/v2\/pages\/852\/revisions"}],"predecessor-version":[{"id":5321,"href":"https:\/\/algarvemoods.com\/fr\/wp-json\/wp\/v2\/pages\/852\/revisions\/5321"}],"wp:featuredmedia":[{"embeddable":true,"href":"https:\/\/algarvemoods.com\/fr\/wp-json\/wp\/v2\/media\/3229"}],"wp:attachment":[{"href":"https:\/\/algarvemoods.com\/fr\/wp-json\/wp\/v2\/media?parent=852"}],"curies":[{"name":"wp","href":"https:\/\/api.w.org\/{rel}","templated":true}]}}