{"id":806,"date":"2018-09-22T19:29:30","date_gmt":"2018-09-22T18:29:30","guid":{"rendered":"http:\/\/wp13239037.server-he.de\/?page_id=806"},"modified":"2020-01-18T12:27:05","modified_gmt":"2020-01-18T12:27:05","slug":"armacao-de-pera","status":"publish","type":"page","link":"https:\/\/algarvemoods.com\/fr\/armacao-de-pera\/","title":{"rendered":"Arma\u00e7\u00e3o de P\u00eara"},"content":{"rendered":"<p><span style=\"font-family: helvetica, arial, sans-serif;\">Arma\u00e7\u00e3o de P\u00eara est une municipalit\u00e9 et une ville (environ 4 900 habitants) du district de Silves.<\/span><\/p>\n<p><span style=\"font-family: helvetica, arial, sans-serif;\">Coordonn\u00e9es: 37\u00b0 8\u2032 N, 8\u00b0 22\u2032 O<\/span><\/p>\n<p><span style=\"font-family: helvetica, arial, sans-serif;\">Le paysage urbain est caract\u00e9ris\u00e9 par des immeubles de studios construits dans les ann\u00e9es 1970. Au milieu de la derni\u00e8re d\u00e9cennie, la circulation \u00e9tait bannie de la promenade. Le r\u00e9sultat de cette mesure, la zone pi\u00e9tonne au-dessus de la plage, a valu la peine et vous invite \u00e0 fl\u00e2ner.<\/span><\/p>\n<hr \/>\n<p><span style=\"font-family: helvetica, arial, sans-serif;\"><div class='content-column two_third'><\/span><\/p>\n<p><span style=\"font-family: helvetica, arial, sans-serif;\"><img data-recalc-dims=\"1\" loading=\"lazy\" decoding=\"async\" class=\"size-medium wp-image-3088 aligncenter\" src=\"https:\/\/i0.wp.com\/algarvemoods.com\/wp-c8b25-content\/uploads\/2018\/11\/DSCF1608.jpg?resize=448%2C252&#038;ssl=1\" alt=\"\" width=\"448\" height=\"252\" srcset=\"https:\/\/i0.wp.com\/algarvemoods.com\/wp-c8b25-content\/uploads\/2018\/11\/DSCF1608.jpg?resize=448%2C252&amp;ssl=1 448w, https:\/\/i0.wp.com\/algarvemoods.com\/wp-c8b25-content\/uploads\/2018\/11\/DSCF1608.jpg?resize=160%2C90&amp;ssl=1 160w, https:\/\/i0.wp.com\/algarvemoods.com\/wp-c8b25-content\/uploads\/2018\/11\/DSCF1608.jpg?resize=768%2C432&amp;ssl=1 768w, https:\/\/i0.wp.com\/algarvemoods.com\/wp-c8b25-content\/uploads\/2018\/11\/DSCF1608.jpg?resize=644%2C362&amp;ssl=1 644w, https:\/\/i0.wp.com\/algarvemoods.com\/wp-c8b25-content\/uploads\/2018\/11\/DSCF1608.jpg?w=1024&amp;ssl=1 1024w\" sizes=\"auto, (max-width: 448px) 100vw, 448px\" \/><\/span><br \/>\n<span style=\"font-family: helvetica, arial, sans-serif;\">Cet endroit a \u00e9t\u00e9, et est, un lieu de vill\u00e9giature pris\u00e9 des Portugais du nord du pays, qui ont poss\u00e9d\u00e9, et poss\u00e8dent encore, de nombreux appartements ici.<\/span><\/p>\n<p><span style=\"font-family: helvetica, arial, sans-serif;\">La promenade est devenue entre-temps cosmopolite. Aujourd&#8217;hui, les touristes de nombreux pays diff\u00e9rents visitent Arma\u00e7\u00e3o de P\u00eara et ses superbes plages.<\/span><\/p>\n<hr \/>\n<p><span style=\"font-family: helvetica, arial, sans-serif;\"><img data-recalc-dims=\"1\" loading=\"lazy\" decoding=\"async\" class=\"size-medium wp-image-3089 aligncenter\" src=\"https:\/\/i0.wp.com\/algarvemoods.com\/wp-c8b25-content\/uploads\/2018\/11\/SAM_1247.jpg?resize=448%2C252&#038;ssl=1\" alt=\"\" width=\"448\" height=\"252\" srcset=\"https:\/\/i0.wp.com\/algarvemoods.com\/wp-c8b25-content\/uploads\/2018\/11\/SAM_1247.jpg?resize=448%2C252&amp;ssl=1 448w, https:\/\/i0.wp.com\/algarvemoods.com\/wp-c8b25-content\/uploads\/2018\/11\/SAM_1247.jpg?resize=160%2C90&amp;ssl=1 160w, https:\/\/i0.wp.com\/algarvemoods.com\/wp-c8b25-content\/uploads\/2018\/11\/SAM_1247.jpg?resize=768%2C432&amp;ssl=1 768w, https:\/\/i0.wp.com\/algarvemoods.com\/wp-c8b25-content\/uploads\/2018\/11\/SAM_1247.jpg?resize=644%2C362&amp;ssl=1 644w, https:\/\/i0.wp.com\/algarvemoods.com\/wp-c8b25-content\/uploads\/2018\/11\/SAM_1247.jpg?w=1024&amp;ssl=1 1024w\" sizes=\"auto, (max-width: 448px) 100vw, 448px\" \/><\/span><br \/>\n<span style=\"font-family: helvetica, arial, sans-serif;\">Diverses banques, le bureau de poste, restaurants, caf\u00e9s, bistros, snack-bars, etc. se trouvent dans et autour de la zone pi\u00e9tonne.<\/span><\/p>\n<hr \/>\n<p><span style=\"font-family: helvetica, arial, sans-serif;\"><img data-recalc-dims=\"1\" loading=\"lazy\" decoding=\"async\" class=\"size-medium wp-image-3095 aligncenter\" src=\"https:\/\/i0.wp.com\/algarvemoods.com\/wp-c8b25-content\/uploads\/2018\/11\/DSCF0623.jpg?resize=448%2C252&#038;ssl=1\" alt=\"\" width=\"448\" height=\"252\" srcset=\"https:\/\/i0.wp.com\/algarvemoods.com\/wp-c8b25-content\/uploads\/2018\/11\/DSCF0623.jpg?resize=448%2C252&amp;ssl=1 448w, https:\/\/i0.wp.com\/algarvemoods.com\/wp-c8b25-content\/uploads\/2018\/11\/DSCF0623.jpg?resize=160%2C90&amp;ssl=1 160w, https:\/\/i0.wp.com\/algarvemoods.com\/wp-c8b25-content\/uploads\/2018\/11\/DSCF0623.jpg?resize=768%2C432&amp;ssl=1 768w, https:\/\/i0.wp.com\/algarvemoods.com\/wp-c8b25-content\/uploads\/2018\/11\/DSCF0623.jpg?resize=644%2C362&amp;ssl=1 644w, https:\/\/i0.wp.com\/algarvemoods.com\/wp-c8b25-content\/uploads\/2018\/11\/DSCF0623.jpg?w=1024&amp;ssl=1 1024w\" sizes=\"auto, (max-width: 448px) 100vw, 448px\" \/><\/span><br \/>\n<span style=\"font-family: helvetica, arial, sans-serif;\">La plage Praia dos Pescadores se trouve \u00e0 la p\u00e9riph\u00e9rie est. De l\u00e0, les p\u00eacheurs vont \u00e0 la mer tous les jours. Plusieurs restaurants typiques avec de d\u00e9licieux plats de poisson se trouvent ici.<\/span><\/p>\n<hr \/>\n<h3 style=\"text-align: center;\"><span style=\"font-family: helvetica, arial, sans-serif;\">Fortaleza de Arma\u00e7\u00e3o de P\u00eara<\/span><\/h3>\n<p><span style=\"font-family: helvetica, arial, sans-serif;\"><img data-recalc-dims=\"1\" loading=\"lazy\" decoding=\"async\" class=\"size-medium wp-image-3090 aligncenter\" src=\"https:\/\/i0.wp.com\/algarvemoods.com\/wp-c8b25-content\/uploads\/2018\/11\/DSCF2390.jpg?resize=448%2C252&#038;ssl=1\" alt=\"\" width=\"448\" height=\"252\" srcset=\"https:\/\/i0.wp.com\/algarvemoods.com\/wp-c8b25-content\/uploads\/2018\/11\/DSCF2390.jpg?resize=448%2C252&amp;ssl=1 448w, https:\/\/i0.wp.com\/algarvemoods.com\/wp-c8b25-content\/uploads\/2018\/11\/DSCF2390.jpg?resize=160%2C90&amp;ssl=1 160w, https:\/\/i0.wp.com\/algarvemoods.com\/wp-c8b25-content\/uploads\/2018\/11\/DSCF2390.jpg?resize=768%2C432&amp;ssl=1 768w, https:\/\/i0.wp.com\/algarvemoods.com\/wp-c8b25-content\/uploads\/2018\/11\/DSCF2390.jpg?resize=644%2C362&amp;ssl=1 644w, https:\/\/i0.wp.com\/algarvemoods.com\/wp-c8b25-content\/uploads\/2018\/11\/DSCF2390.jpg?w=1024&amp;ssl=1 1024w\" sizes=\"auto, (max-width: 448px) 100vw, 448px\" \/><\/span><br \/>\n<span style=\"font-family: helvetica, arial, sans-serif;\">La forteresse (Fortaleza de Arma\u00e7\u00e3o de P\u00eara) fut construite en 1571 et se trouve dans la zone pi\u00e9tonne. La chapelle (Capela de Santo Ant\u00f3nio) de 1720 est dans la fortification.<\/span><\/p>\n<hr \/>\n<p><span style=\"font-family: helvetica, arial, sans-serif;\"><img data-recalc-dims=\"1\" loading=\"lazy\" decoding=\"async\" class=\"size-medium wp-image-3091 aligncenter\" src=\"https:\/\/i0.wp.com\/algarvemoods.com\/wp-c8b25-content\/uploads\/2018\/11\/DSCF2391.jpg?resize=448%2C252&#038;ssl=1\" alt=\"\" width=\"448\" height=\"252\" srcset=\"https:\/\/i0.wp.com\/algarvemoods.com\/wp-c8b25-content\/uploads\/2018\/11\/DSCF2391.jpg?resize=448%2C252&amp;ssl=1 448w, https:\/\/i0.wp.com\/algarvemoods.com\/wp-c8b25-content\/uploads\/2018\/11\/DSCF2391.jpg?resize=160%2C90&amp;ssl=1 160w, https:\/\/i0.wp.com\/algarvemoods.com\/wp-c8b25-content\/uploads\/2018\/11\/DSCF2391.jpg?resize=768%2C432&amp;ssl=1 768w, https:\/\/i0.wp.com\/algarvemoods.com\/wp-c8b25-content\/uploads\/2018\/11\/DSCF2391.jpg?resize=644%2C362&amp;ssl=1 644w, https:\/\/i0.wp.com\/algarvemoods.com\/wp-c8b25-content\/uploads\/2018\/11\/DSCF2391.jpg?w=1024&amp;ssl=1 1024w\" sizes=\"auto, (max-width: 448px) 100vw, 448px\" \/><\/span><br \/>\n<span style=\"font-family: helvetica, arial, sans-serif;\">L&#8217;int\u00e9rieur de la chapelle est simple. Les murs sont partiellement recouverts d&#8217;azulejos (carrelage bleu typique au Portugal).<\/span><\/p>\n<hr \/>\n<h3 style=\"text-align: center;\"><span style=\"font-family: helvetica, arial, sans-serif;\">Igreja Matriz de Arma\u00e7\u00e3o de P\u00eara<\/span><\/h3>\n<p><span style=\"font-family: helvetica, arial, sans-serif;\"><img data-recalc-dims=\"1\" loading=\"lazy\" decoding=\"async\" class=\"size-medium wp-image-3092 aligncenter\" src=\"https:\/\/i0.wp.com\/algarvemoods.com\/wp-c8b25-content\/uploads\/2018\/11\/DSCF1612.jpg?resize=448%2C252&#038;ssl=1\" alt=\"\" width=\"448\" height=\"252\" srcset=\"https:\/\/i0.wp.com\/algarvemoods.com\/wp-c8b25-content\/uploads\/2018\/11\/DSCF1612.jpg?resize=448%2C252&amp;ssl=1 448w, https:\/\/i0.wp.com\/algarvemoods.com\/wp-c8b25-content\/uploads\/2018\/11\/DSCF1612.jpg?resize=160%2C90&amp;ssl=1 160w, https:\/\/i0.wp.com\/algarvemoods.com\/wp-c8b25-content\/uploads\/2018\/11\/DSCF1612.jpg?resize=768%2C432&amp;ssl=1 768w, https:\/\/i0.wp.com\/algarvemoods.com\/wp-c8b25-content\/uploads\/2018\/11\/DSCF1612.jpg?resize=644%2C362&amp;ssl=1 644w, https:\/\/i0.wp.com\/algarvemoods.com\/wp-c8b25-content\/uploads\/2018\/11\/DSCF1612.jpg?w=1024&amp;ssl=1 1024w\" sizes=\"auto, (max-width: 448px) 100vw, 448px\" \/><\/span><br \/>\n<span style=\"font-family: helvetica, arial, sans-serif;\">L&#8217;\u00e9glise (Igreja Matriz de Arma\u00e7\u00e3o de P\u00eara) a \u00e9t\u00e9 construite en 1960 gr\u00e2ce aux dons des habitants.<\/span><\/p>\n<hr \/>\n<p><span style=\"font-family: helvetica, arial, sans-serif;\"><img data-recalc-dims=\"1\" loading=\"lazy\" decoding=\"async\" class=\"size-medium wp-image-3093 aligncenter\" src=\"https:\/\/i0.wp.com\/algarvemoods.com\/wp-c8b25-content\/uploads\/2018\/11\/DSCF1614.jpg?resize=448%2C252&#038;ssl=1\" alt=\"\" width=\"448\" height=\"252\" srcset=\"https:\/\/i0.wp.com\/algarvemoods.com\/wp-c8b25-content\/uploads\/2018\/11\/DSCF1614.jpg?resize=448%2C252&amp;ssl=1 448w, https:\/\/i0.wp.com\/algarvemoods.com\/wp-c8b25-content\/uploads\/2018\/11\/DSCF1614.jpg?resize=160%2C90&amp;ssl=1 160w, https:\/\/i0.wp.com\/algarvemoods.com\/wp-c8b25-content\/uploads\/2018\/11\/DSCF1614.jpg?resize=768%2C432&amp;ssl=1 768w, https:\/\/i0.wp.com\/algarvemoods.com\/wp-c8b25-content\/uploads\/2018\/11\/DSCF1614.jpg?resize=644%2C362&amp;ssl=1 644w, https:\/\/i0.wp.com\/algarvemoods.com\/wp-c8b25-content\/uploads\/2018\/11\/DSCF1614.jpg?w=1024&amp;ssl=1 1024w\" sizes=\"auto, (max-width: 448px) 100vw, 448px\" \/><\/span><br \/>\n<span style=\"font-family: helvetica, arial, sans-serif;\">L&#8217;int\u00e9rieur de l&#8217;\u00e9glise est clair et accueillant.<\/span><\/p>\n<hr \/>\n<p><span style=\"font-family: helvetica, arial, sans-serif;\"><\/div><\/span><\/p>\n","protected":false},"excerpt":{"rendered":"<p>Arma\u00e7\u00e3o de P\u00eara est une municipalit\u00e9 et une ville (environ 4 900 habitants) du district de Silves. Coordonn\u00e9es: 37\u00b0 8\u2032 N, 8\u00b0 22\u2032 O Le [&hellip;]<\/p>\n","protected":false},"author":1,"featured_media":3087,"parent":0,"menu_order":0,"comment_status":"closed","ping_status":"closed","template":"","meta":{"jetpack_post_was_ever_published":false,"footnotes":""},"class_list":["post-806","page","type-page","status-publish","has-post-thumbnail","hentry"],"translation":{"provider":"WPGlobus","version":"3.0.0","language":"fr","enabled_languages":["de","en","fr"],"languages":{"de":{"title":true,"content":true,"excerpt":false},"en":{"title":true,"content":true,"excerpt":false},"fr":{"title":true,"content":true,"excerpt":false}}},"yoast_head":"<!-- This site is optimized with the Yoast SEO plugin v24.8.1 - https:\/\/yoast.com\/wordpress\/plugins\/seo\/ -->\n<title>Arma\u00e7\u00e3o de P\u00eara - AlgarveMoods<\/title>\n<meta name=\"robots\" content=\"index, follow, max-snippet:-1, max-image-preview:large, max-video-preview:-1\" \/>\n<link rel=\"canonical\" href=\"https:\/\/algarvemoods.com\/armacao-de-pera\/\" \/>\n<meta property=\"og:locale\" content=\"fr_FR\" \/>\n<meta property=\"og:type\" content=\"article\" \/>\n<meta property=\"og:title\" content=\"Arma\u00e7\u00e3o de P\u00eara - AlgarveMoods\" \/>\n<meta property=\"og:url\" content=\"https:\/\/algarvemoods.com\/armacao-de-pera\/\" \/>\n<meta property=\"og:site_name\" content=\"AlgarveMoods\" \/>\n<meta property=\"article:publisher\" content=\"http:\/\/facebook.com\/algarvemoods\" \/>\n<meta property=\"article:modified_time\" content=\"2020-01-18T12:27:05+00:00\" \/>\n<meta property=\"og:image\" content=\"https:\/\/algarvemoods.com\/wp-c8b25-content\/uploads\/2018\/11\/armacao-de-pera.jpg\" \/>\n\t<meta property=\"og:image:width\" content=\"1024\" \/>\n\t<meta property=\"og:image:height\" content=\"400\" \/>\n\t<meta property=\"og:image:type\" content=\"image\/jpeg\" \/>\n<meta name=\"twitter:card\" content=\"summary_large_image\" \/>\n<meta name=\"twitter:site\" content=\"@ellobo0815\" \/>\n<meta name=\"twitter:label1\" content=\"Est. reading time\" \/>\n\t<meta name=\"twitter:data1\" content=\"4 minutes\" \/>\n<script type=\"application\/ld+json\" class=\"yoast-schema-graph\">{\"@context\":\"https:\/\/schema.org\",\"@graph\":[{\"@type\":\"WebPage\",\"@id\":\"https:\/\/algarvemoods.com\/armacao-de-pera\/\",\"url\":\"https:\/\/algarvemoods.com\/armacao-de-pera\/\",\"name\":\"Arma\u00e7\u00e3o de P\u00eara - AlgarveMoods\",\"isPartOf\":{\"@id\":\"https:\/\/algarvemoods.com\/#website\"},\"primaryImageOfPage\":{\"@id\":\"https:\/\/algarvemoods.com\/armacao-de-pera\/#primaryimage\"},\"image\":{\"@id\":\"https:\/\/algarvemoods.com\/armacao-de-pera\/#primaryimage\"},\"thumbnailUrl\":\"https:\/\/i0.wp.com\/algarvemoods.com\/wp-c8b25-content\/uploads\/2018\/11\/armacao-de-pera.jpg?fit=1024%2C400&ssl=1\",\"datePublished\":\"2018-09-22T18:29:30+00:00\",\"dateModified\":\"2020-01-18T12:27:05+00:00\",\"breadcrumb\":{\"@id\":\"https:\/\/algarvemoods.com\/armacao-de-pera\/#breadcrumb\"},\"inLanguage\":\"fr-FR\",\"potentialAction\":[{\"@type\":\"ReadAction\",\"target\":[\"https:\/\/algarvemoods.com\/armacao-de-pera\/\"]}]},{\"@type\":\"ImageObject\",\"inLanguage\":\"fr-FR\",\"@id\":\"https:\/\/algarvemoods.com\/armacao-de-pera\/#primaryimage\",\"url\":\"https:\/\/i0.wp.com\/algarvemoods.com\/wp-c8b25-content\/uploads\/2018\/11\/armacao-de-pera.jpg?fit=1024%2C400&ssl=1\",\"contentUrl\":\"https:\/\/i0.wp.com\/algarvemoods.com\/wp-c8b25-content\/uploads\/2018\/11\/armacao-de-pera.jpg?fit=1024%2C400&ssl=1\",\"width\":1024,\"height\":400},{\"@type\":\"BreadcrumbList\",\"@id\":\"https:\/\/algarvemoods.com\/armacao-de-pera\/#breadcrumb\",\"itemListElement\":[{\"@type\":\"ListItem\",\"position\":1,\"name\":\"Home\",\"item\":\"https:\/\/algarvemoods.com\/\"},{\"@type\":\"ListItem\",\"position\":2,\"name\":\"Arma\u00e7\u00e3o de P\u00eara\"}]},{\"@type\":\"WebSite\",\"@id\":\"https:\/\/algarvemoods.com\/#website\",\"url\":\"https:\/\/algarvemoods.com\/\",\"name\":\"AlgarveMoods\",\"description\":\"Informations sur l\u2018Algarve\",\"potentialAction\":[{\"@type\":\"SearchAction\",\"target\":{\"@type\":\"EntryPoint\",\"urlTemplate\":\"https:\/\/algarvemoods.com\/?s={search_term_string}\"},\"query-input\":{\"@type\":\"PropertyValueSpecification\",\"valueRequired\":true,\"valueName\":\"search_term_string\"}}],\"inLanguage\":\"fr-FR\"}]}<\/script>\n<!-- \/ Yoast SEO plugin. -->","yoast_head_json":{"title":"Arma\u00e7\u00e3o de P\u00eara - AlgarveMoods","robots":{"index":"index","follow":"follow","max-snippet":"max-snippet:-1","max-image-preview":"max-image-preview:large","max-video-preview":"max-video-preview:-1"},"canonical":"https:\/\/algarvemoods.com\/armacao-de-pera\/","og_locale":"fr_FR","og_type":"article","og_title":"Arma\u00e7\u00e3o de P\u00eara - AlgarveMoods","og_url":"https:\/\/algarvemoods.com\/armacao-de-pera\/","og_site_name":"AlgarveMoods","article_publisher":"http:\/\/facebook.com\/algarvemoods","article_modified_time":"2020-01-18T12:27:05+00:00","og_image":[{"width":1024,"height":400,"url":"https:\/\/algarvemoods.com\/wp-c8b25-content\/uploads\/2018\/11\/armacao-de-pera.jpg","type":"image\/jpeg"}],"twitter_card":"summary_large_image","twitter_site":"@ellobo0815","twitter_misc":{"Est. reading time":"4 minutes"},"schema":{"@context":"https:\/\/schema.org","@graph":[{"@type":"WebPage","@id":"https:\/\/algarvemoods.com\/armacao-de-pera\/","url":"https:\/\/algarvemoods.com\/armacao-de-pera\/","name":"Arma\u00e7\u00e3o de P\u00eara - AlgarveMoods","isPartOf":{"@id":"https:\/\/algarvemoods.com\/#website"},"primaryImageOfPage":{"@id":"https:\/\/algarvemoods.com\/armacao-de-pera\/#primaryimage"},"image":{"@id":"https:\/\/algarvemoods.com\/armacao-de-pera\/#primaryimage"},"thumbnailUrl":"https:\/\/i0.wp.com\/algarvemoods.com\/wp-c8b25-content\/uploads\/2018\/11\/armacao-de-pera.jpg?fit=1024%2C400&ssl=1","datePublished":"2018-09-22T18:29:30+00:00","dateModified":"2020-01-18T12:27:05+00:00","breadcrumb":{"@id":"https:\/\/algarvemoods.com\/armacao-de-pera\/#breadcrumb"},"inLanguage":"fr-FR","potentialAction":[{"@type":"ReadAction","target":["https:\/\/algarvemoods.com\/armacao-de-pera\/"]}]},{"@type":"ImageObject","inLanguage":"fr-FR","@id":"https:\/\/algarvemoods.com\/armacao-de-pera\/#primaryimage","url":"https:\/\/i0.wp.com\/algarvemoods.com\/wp-c8b25-content\/uploads\/2018\/11\/armacao-de-pera.jpg?fit=1024%2C400&ssl=1","contentUrl":"https:\/\/i0.wp.com\/algarvemoods.com\/wp-c8b25-content\/uploads\/2018\/11\/armacao-de-pera.jpg?fit=1024%2C400&ssl=1","width":1024,"height":400},{"@type":"BreadcrumbList","@id":"https:\/\/algarvemoods.com\/armacao-de-pera\/#breadcrumb","itemListElement":[{"@type":"ListItem","position":1,"name":"Home","item":"https:\/\/algarvemoods.com\/"},{"@type":"ListItem","position":2,"name":"Arma\u00e7\u00e3o de P\u00eara"}]},{"@type":"WebSite","@id":"https:\/\/algarvemoods.com\/#website","url":"https:\/\/algarvemoods.com\/","name":"AlgarveMoods","description":"Informations sur l\u2018Algarve","potentialAction":[{"@type":"SearchAction","target":{"@type":"EntryPoint","urlTemplate":"https:\/\/algarvemoods.com\/?s={search_term_string}"},"query-input":{"@type":"PropertyValueSpecification","valueRequired":true,"valueName":"search_term_string"}}],"inLanguage":"fr-FR"}]}},"jetpack_shortlink":"https:\/\/wp.me\/Pafafo-d0","jetpack_likes_enabled":true,"jetpack_sharing_enabled":true,"_links":{"self":[{"href":"https:\/\/algarvemoods.com\/fr\/wp-json\/wp\/v2\/pages\/806","targetHints":{"allow":["GET"]}}],"collection":[{"href":"https:\/\/algarvemoods.com\/fr\/wp-json\/wp\/v2\/pages"}],"about":[{"href":"https:\/\/algarvemoods.com\/fr\/wp-json\/wp\/v2\/types\/page"}],"author":[{"embeddable":true,"href":"https:\/\/algarvemoods.com\/fr\/wp-json\/wp\/v2\/users\/1"}],"replies":[{"embeddable":true,"href":"https:\/\/algarvemoods.com\/fr\/wp-json\/wp\/v2\/comments?post=806"}],"version-history":[{"count":1,"href":"https:\/\/algarvemoods.com\/fr\/wp-json\/wp\/v2\/pages\/806\/revisions"}],"predecessor-version":[{"id":5313,"href":"https:\/\/algarvemoods.com\/fr\/wp-json\/wp\/v2\/pages\/806\/revisions\/5313"}],"wp:featuredmedia":[{"embeddable":true,"href":"https:\/\/algarvemoods.com\/fr\/wp-json\/wp\/v2\/media\/3087"}],"wp:attachment":[{"href":"https:\/\/algarvemoods.com\/fr\/wp-json\/wp\/v2\/media?parent=806"}],"curies":[{"name":"wp","href":"https:\/\/api.w.org\/{rel}","templated":true}]}}