{"id":705,"date":"2018-09-21T17:50:03","date_gmt":"2018-09-21T16:50:03","guid":{"rendered":"http:\/\/wp13239037.server-he.de\/?page_id=705"},"modified":"2020-01-18T10:39:45","modified_gmt":"2020-01-18T10:39:45","slug":"markt-in-portimao","status":"publish","type":"page","link":"https:\/\/algarvemoods.com\/fr\/marche-a-portimao\/","title":{"rendered":"March\u00e9 \u00e0 Portim\u00e3o"},"content":{"rendered":"<p><span style=\"font-family: helvetica, arial, sans-serif;\">Le march\u00e9 Mercado Municipal \u00e0 Portim\u00e3o est ouvert du lundi au samedi.<\/span><\/p>\n<p><span style=\"font-family: helvetica, arial, sans-serif;\">Coordonn\u00e9es: 37\u00b008&#8217;22.5&#8243;N 8\u00b032&#8217;33.6&#8243;O<\/span><\/p>\n<p><span style=\"font-family: helvetica, arial, sans-serif;\">Le march\u00e9 est bien indiqu\u00e9 ausssi bien d&#8217;Alvor que de Ferragudo et il y a de nombreuses places de parking juste \u00e0 c\u00f4t\u00e9 des routes dans les environs imm\u00e9diats.<\/span><\/p>\n<p><span style=\"font-family: helvetica, arial, sans-serif;\">Le march\u00e9 prend place au premier \u00e9tage du b\u00e2timent.<\/span><\/p>\n<hr \/>\n<p><span style=\"font-family: helvetica, arial, sans-serif;\"><div class='content-column two_third'><\/span><\/p>\n<p><span style=\"font-family: helvetica, arial, sans-serif;\"><img data-recalc-dims=\"1\" loading=\"lazy\" decoding=\"async\" class=\"size-medium wp-image-2416 aligncenter\" src=\"https:\/\/i0.wp.com\/algarvemoods.com\/wp-c8b25-content\/uploads\/2018\/10\/SAM_0437.jpg?resize=448%2C252&#038;ssl=1\" alt=\"\" width=\"448\" height=\"252\" srcset=\"https:\/\/i0.wp.com\/algarvemoods.com\/wp-c8b25-content\/uploads\/2018\/10\/SAM_0437.jpg?resize=448%2C252&amp;ssl=1 448w, https:\/\/i0.wp.com\/algarvemoods.com\/wp-c8b25-content\/uploads\/2018\/10\/SAM_0437.jpg?resize=160%2C90&amp;ssl=1 160w, https:\/\/i0.wp.com\/algarvemoods.com\/wp-c8b25-content\/uploads\/2018\/10\/SAM_0437.jpg?resize=768%2C432&amp;ssl=1 768w, https:\/\/i0.wp.com\/algarvemoods.com\/wp-c8b25-content\/uploads\/2018\/10\/SAM_0437.jpg?resize=644%2C362&amp;ssl=1 644w, https:\/\/i0.wp.com\/algarvemoods.com\/wp-c8b25-content\/uploads\/2018\/10\/SAM_0437.jpg?w=1024&amp;ssl=1 1024w\" sizes=\"auto, (max-width: 448px) 100vw, 448px\" \/><\/span><br \/>\n<span style=\"font-family: helvetica, arial, sans-serif;\">L&#8217;offre est assez vaste. Des produits alimentaires et des sp\u00e9cialit\u00e9s r\u00e9gionales ainsi que de d\u00e9licieuses sp\u00e9cialit\u00e9s de saucisses et de jambon sont propos\u00e9s.<\/span><\/p>\n<hr \/>\n<p><span style=\"font-family: helvetica, arial, sans-serif;\"><img data-recalc-dims=\"1\" loading=\"lazy\" decoding=\"async\" class=\"size-medium wp-image-2417 aligncenter\" src=\"https:\/\/i0.wp.com\/algarvemoods.com\/wp-c8b25-content\/uploads\/2018\/10\/SAM_0445.jpg?resize=448%2C252&#038;ssl=1\" alt=\"\" width=\"448\" height=\"252\" srcset=\"https:\/\/i0.wp.com\/algarvemoods.com\/wp-c8b25-content\/uploads\/2018\/10\/SAM_0445.jpg?resize=448%2C252&amp;ssl=1 448w, https:\/\/i0.wp.com\/algarvemoods.com\/wp-c8b25-content\/uploads\/2018\/10\/SAM_0445.jpg?resize=160%2C90&amp;ssl=1 160w, https:\/\/i0.wp.com\/algarvemoods.com\/wp-c8b25-content\/uploads\/2018\/10\/SAM_0445.jpg?resize=768%2C432&amp;ssl=1 768w, https:\/\/i0.wp.com\/algarvemoods.com\/wp-c8b25-content\/uploads\/2018\/10\/SAM_0445.jpg?resize=644%2C362&amp;ssl=1 644w, https:\/\/i0.wp.com\/algarvemoods.com\/wp-c8b25-content\/uploads\/2018\/10\/SAM_0445.jpg?w=1024&amp;ssl=1 1024w\" sizes=\"auto, (max-width: 448px) 100vw, 448px\" \/><\/span><br \/>\n<span style=\"font-family: helvetica, arial, sans-serif;\">Poisson fra\u00eechement p\u00each\u00e9 de l&#8217;Atlantique qui est \u00e0 proximit\u00e9.<\/span><\/p>\n<hr \/>\n<p><span style=\"font-family: helvetica, arial, sans-serif;\"><img data-recalc-dims=\"1\" loading=\"lazy\" decoding=\"async\" class=\"size-medium wp-image-2418 aligncenter\" src=\"https:\/\/i0.wp.com\/algarvemoods.com\/wp-c8b25-content\/uploads\/2018\/10\/SAM_0455.jpg?resize=448%2C252&#038;ssl=1\" alt=\"\" width=\"448\" height=\"252\" srcset=\"https:\/\/i0.wp.com\/algarvemoods.com\/wp-c8b25-content\/uploads\/2018\/10\/SAM_0455.jpg?resize=448%2C252&amp;ssl=1 448w, https:\/\/i0.wp.com\/algarvemoods.com\/wp-c8b25-content\/uploads\/2018\/10\/SAM_0455.jpg?resize=160%2C90&amp;ssl=1 160w, https:\/\/i0.wp.com\/algarvemoods.com\/wp-c8b25-content\/uploads\/2018\/10\/SAM_0455.jpg?resize=768%2C432&amp;ssl=1 768w, https:\/\/i0.wp.com\/algarvemoods.com\/wp-c8b25-content\/uploads\/2018\/10\/SAM_0455.jpg?resize=644%2C362&amp;ssl=1 644w, https:\/\/i0.wp.com\/algarvemoods.com\/wp-c8b25-content\/uploads\/2018\/10\/SAM_0455.jpg?w=1024&amp;ssl=1 1024w\" sizes=\"auto, (max-width: 448px) 100vw, 448px\" \/><\/span><br \/>\n<span style=\"font-family: helvetica, arial, sans-serif;\">Voil\u00e0, les \u00e9cailles s&#8217;envolent &#8230; La pr\u00e9paration de la marchande choisie pour qu&#8217;elle soit pr\u00eate \u00e0 cuire est toute naturelle.<\/span><\/p>\n<hr \/>\n<p><span style=\"font-family: helvetica, arial, sans-serif;\"><img data-recalc-dims=\"1\" loading=\"lazy\" decoding=\"async\" class=\"size-medium wp-image-2419 aligncenter\" src=\"https:\/\/i0.wp.com\/algarvemoods.com\/wp-c8b25-content\/uploads\/2018\/10\/SAM_0446.jpg?resize=448%2C252&#038;ssl=1\" alt=\"\" width=\"448\" height=\"252\" srcset=\"https:\/\/i0.wp.com\/algarvemoods.com\/wp-c8b25-content\/uploads\/2018\/10\/SAM_0446.jpg?resize=448%2C252&amp;ssl=1 448w, https:\/\/i0.wp.com\/algarvemoods.com\/wp-c8b25-content\/uploads\/2018\/10\/SAM_0446.jpg?resize=160%2C90&amp;ssl=1 160w, https:\/\/i0.wp.com\/algarvemoods.com\/wp-c8b25-content\/uploads\/2018\/10\/SAM_0446.jpg?resize=768%2C432&amp;ssl=1 768w, https:\/\/i0.wp.com\/algarvemoods.com\/wp-c8b25-content\/uploads\/2018\/10\/SAM_0446.jpg?resize=644%2C362&amp;ssl=1 644w, https:\/\/i0.wp.com\/algarvemoods.com\/wp-c8b25-content\/uploads\/2018\/10\/SAM_0446.jpg?w=1024&amp;ssl=1 1024w\" sizes=\"auto, (max-width: 448px) 100vw, 448px\" \/><\/span><br \/>\n<span style=\"font-family: helvetica, arial, sans-serif;\">Une sp\u00e9cialit\u00e9 particuli\u00e8re est la bernicle (un type de crabe). Des sp\u00e9cialistes fouillent ces animaux qui existent seulement dans l&#8217;Atlantique (exactement: Portugal et nord-ouest de l&#8217;Espagne) au p\u00e9ril de sa vie des rochers situ\u00e9s dans le ressac.<\/span><\/p>\n<hr \/>\n<p><span style=\"font-family: helvetica, arial, sans-serif;\"><img data-recalc-dims=\"1\" loading=\"lazy\" decoding=\"async\" class=\"size-medium wp-image-2420 aligncenter\" src=\"https:\/\/i0.wp.com\/algarvemoods.com\/wp-c8b25-content\/uploads\/2018\/10\/SAM_0443.jpg?resize=448%2C252&#038;ssl=1\" alt=\"\" width=\"448\" height=\"252\" srcset=\"https:\/\/i0.wp.com\/algarvemoods.com\/wp-c8b25-content\/uploads\/2018\/10\/SAM_0443.jpg?resize=448%2C252&amp;ssl=1 448w, https:\/\/i0.wp.com\/algarvemoods.com\/wp-c8b25-content\/uploads\/2018\/10\/SAM_0443.jpg?resize=160%2C90&amp;ssl=1 160w, https:\/\/i0.wp.com\/algarvemoods.com\/wp-c8b25-content\/uploads\/2018\/10\/SAM_0443.jpg?resize=768%2C432&amp;ssl=1 768w, https:\/\/i0.wp.com\/algarvemoods.com\/wp-c8b25-content\/uploads\/2018\/10\/SAM_0443.jpg?resize=644%2C362&amp;ssl=1 644w, https:\/\/i0.wp.com\/algarvemoods.com\/wp-c8b25-content\/uploads\/2018\/10\/SAM_0443.jpg?w=1024&amp;ssl=1 1024w\" sizes=\"auto, (max-width: 448px) 100vw, 448px\" \/><\/span><br \/>\n<span style=\"font-family: helvetica, arial, sans-serif;\">Pain frais et petits pains de diff\u00e9rentes c\u00e9r\u00e9ales.<\/span><\/p>\n<hr \/>\n<p><span style=\"font-family: helvetica, arial, sans-serif;\"><img data-recalc-dims=\"1\" loading=\"lazy\" decoding=\"async\" class=\"size-medium wp-image-2421 aligncenter\" src=\"https:\/\/i0.wp.com\/algarvemoods.com\/wp-c8b25-content\/uploads\/2018\/10\/SAM_0448.jpg?resize=448%2C252&#038;ssl=1\" alt=\"\" width=\"448\" height=\"252\" srcset=\"https:\/\/i0.wp.com\/algarvemoods.com\/wp-c8b25-content\/uploads\/2018\/10\/SAM_0448.jpg?resize=448%2C252&amp;ssl=1 448w, https:\/\/i0.wp.com\/algarvemoods.com\/wp-c8b25-content\/uploads\/2018\/10\/SAM_0448.jpg?resize=160%2C90&amp;ssl=1 160w, https:\/\/i0.wp.com\/algarvemoods.com\/wp-c8b25-content\/uploads\/2018\/10\/SAM_0448.jpg?resize=768%2C432&amp;ssl=1 768w, https:\/\/i0.wp.com\/algarvemoods.com\/wp-c8b25-content\/uploads\/2018\/10\/SAM_0448.jpg?resize=644%2C362&amp;ssl=1 644w, https:\/\/i0.wp.com\/algarvemoods.com\/wp-c8b25-content\/uploads\/2018\/10\/SAM_0448.jpg?w=1024&amp;ssl=1 1024w\" sizes=\"auto, (max-width: 448px) 100vw, 448px\" \/><\/span><br \/>\n<span style=\"font-family: helvetica, arial, sans-serif;\">P\u00e2tisseries, g\u00e2teaux, tartes, le traditionnel massepain et des chocolats.<\/span><\/p>\n<hr \/>\n<p><span style=\"font-family: helvetica, arial, sans-serif;\"><img data-recalc-dims=\"1\" loading=\"lazy\" decoding=\"async\" class=\"size-medium wp-image-2423 aligncenter\" src=\"https:\/\/i0.wp.com\/algarvemoods.com\/wp-c8b25-content\/uploads\/2018\/10\/SAM_0440.jpg?resize=448%2C252&#038;ssl=1\" alt=\"\" width=\"448\" height=\"252\" srcset=\"https:\/\/i0.wp.com\/algarvemoods.com\/wp-c8b25-content\/uploads\/2018\/10\/SAM_0440.jpg?resize=448%2C252&amp;ssl=1 448w, https:\/\/i0.wp.com\/algarvemoods.com\/wp-c8b25-content\/uploads\/2018\/10\/SAM_0440.jpg?resize=160%2C90&amp;ssl=1 160w, https:\/\/i0.wp.com\/algarvemoods.com\/wp-c8b25-content\/uploads\/2018\/10\/SAM_0440.jpg?resize=768%2C432&amp;ssl=1 768w, https:\/\/i0.wp.com\/algarvemoods.com\/wp-c8b25-content\/uploads\/2018\/10\/SAM_0440.jpg?resize=644%2C362&amp;ssl=1 644w, https:\/\/i0.wp.com\/algarvemoods.com\/wp-c8b25-content\/uploads\/2018\/10\/SAM_0440.jpg?w=1024&amp;ssl=1 1024w\" sizes=\"auto, (max-width: 448px) 100vw, 448px\" \/><\/span><br \/>\n<span style=\"font-family: helvetica, arial, sans-serif;\">Le Portugal est un pays de fromage, l&#8217;offre est d\u00e9licieuse et vari\u00e9e.<\/span><\/p>\n<hr \/>\n<p><span style=\"font-family: helvetica, arial, sans-serif;\"><img data-recalc-dims=\"1\" loading=\"lazy\" decoding=\"async\" class=\"size-medium wp-image-2424 aligncenter\" src=\"https:\/\/i0.wp.com\/algarvemoods.com\/wp-c8b25-content\/uploads\/2018\/10\/SAM_0442.jpg?resize=448%2C252&#038;ssl=1\" alt=\"\" width=\"448\" height=\"252\" srcset=\"https:\/\/i0.wp.com\/algarvemoods.com\/wp-c8b25-content\/uploads\/2018\/10\/SAM_0442.jpg?resize=448%2C252&amp;ssl=1 448w, https:\/\/i0.wp.com\/algarvemoods.com\/wp-c8b25-content\/uploads\/2018\/10\/SAM_0442.jpg?resize=160%2C90&amp;ssl=1 160w, https:\/\/i0.wp.com\/algarvemoods.com\/wp-c8b25-content\/uploads\/2018\/10\/SAM_0442.jpg?resize=768%2C432&amp;ssl=1 768w, https:\/\/i0.wp.com\/algarvemoods.com\/wp-c8b25-content\/uploads\/2018\/10\/SAM_0442.jpg?resize=644%2C362&amp;ssl=1 644w, https:\/\/i0.wp.com\/algarvemoods.com\/wp-c8b25-content\/uploads\/2018\/10\/SAM_0442.jpg?w=1024&amp;ssl=1 1024w\" sizes=\"auto, (max-width: 448px) 100vw, 448px\" \/><\/span><br \/>\n<span style=\"font-family: helvetica, arial, sans-serif;\">M\u00eame si le march\u00e9 est rempli, il y a toujours le temps pour une causette.<\/span><\/p>\n<hr \/>\n<p><span style=\"font-family: helvetica, arial, sans-serif;\"><img data-recalc-dims=\"1\" loading=\"lazy\" decoding=\"async\" class=\"size-medium wp-image-2425 aligncenter\" src=\"https:\/\/i0.wp.com\/algarvemoods.com\/wp-c8b25-content\/uploads\/2018\/10\/SAM_0452.jpg?resize=448%2C252&#038;ssl=1\" alt=\"\" width=\"448\" height=\"252\" srcset=\"https:\/\/i0.wp.com\/algarvemoods.com\/wp-c8b25-content\/uploads\/2018\/10\/SAM_0452.jpg?resize=448%2C252&amp;ssl=1 448w, https:\/\/i0.wp.com\/algarvemoods.com\/wp-c8b25-content\/uploads\/2018\/10\/SAM_0452.jpg?resize=160%2C90&amp;ssl=1 160w, https:\/\/i0.wp.com\/algarvemoods.com\/wp-c8b25-content\/uploads\/2018\/10\/SAM_0452.jpg?resize=768%2C432&amp;ssl=1 768w, https:\/\/i0.wp.com\/algarvemoods.com\/wp-c8b25-content\/uploads\/2018\/10\/SAM_0452.jpg?resize=644%2C362&amp;ssl=1 644w, https:\/\/i0.wp.com\/algarvemoods.com\/wp-c8b25-content\/uploads\/2018\/10\/SAM_0452.jpg?w=1024&amp;ssl=1 1024w\" sizes=\"auto, (max-width: 448px) 100vw, 448px\" \/><\/span><br \/>\n<span style=\"font-family: helvetica, arial, sans-serif;\">Fruits et l\u00e9gumes de la r\u00e9gion. Les produits sont frais et l&#8217;offre d\u00e9pend de la saison.<\/span><\/p>\n<hr \/>\n<p><span style=\"font-family: helvetica, arial, sans-serif;\"><img data-recalc-dims=\"1\" loading=\"lazy\" decoding=\"async\" class=\"size-medium wp-image-2426 aligncenter\" src=\"https:\/\/i0.wp.com\/algarvemoods.com\/wp-c8b25-content\/uploads\/2018\/10\/SAM_0441.jpg?resize=448%2C252&#038;ssl=1\" alt=\"\" width=\"448\" height=\"252\" srcset=\"https:\/\/i0.wp.com\/algarvemoods.com\/wp-c8b25-content\/uploads\/2018\/10\/SAM_0441.jpg?resize=448%2C252&amp;ssl=1 448w, https:\/\/i0.wp.com\/algarvemoods.com\/wp-c8b25-content\/uploads\/2018\/10\/SAM_0441.jpg?resize=160%2C90&amp;ssl=1 160w, https:\/\/i0.wp.com\/algarvemoods.com\/wp-c8b25-content\/uploads\/2018\/10\/SAM_0441.jpg?resize=768%2C432&amp;ssl=1 768w, https:\/\/i0.wp.com\/algarvemoods.com\/wp-c8b25-content\/uploads\/2018\/10\/SAM_0441.jpg?resize=644%2C362&amp;ssl=1 644w, https:\/\/i0.wp.com\/algarvemoods.com\/wp-c8b25-content\/uploads\/2018\/10\/SAM_0441.jpg?w=1024&amp;ssl=1 1024w\" sizes=\"auto, (max-width: 448px) 100vw, 448px\" \/><\/span><br \/>\n<span style=\"font-family: helvetica, arial, sans-serif;\">Des fleurs coup\u00e9es, des plantes et du terreau compl\u00e8tent l&#8217;offre.<\/span><\/p>\n<hr \/>\n<p><span style=\"font-family: helvetica, arial, sans-serif;\"><\/div><\/span><\/p>\n","protected":false},"excerpt":{"rendered":"<p>Le march\u00e9 Mercado Municipal \u00e0 Portim\u00e3o est ouvert du lundi au samedi. Coordonn\u00e9es: 37\u00b008&#8217;22.5&#8243;N 8\u00b032&#8217;33.6&#8243;O Le march\u00e9 est bien indiqu\u00e9 ausssi bien d&#8217;Alvor que de [&hellip;]<\/p>\n","protected":false},"author":1,"featured_media":2415,"parent":0,"menu_order":0,"comment_status":"closed","ping_status":"closed","template":"","meta":{"jetpack_post_was_ever_published":false,"footnotes":""},"class_list":["post-705","page","type-page","status-publish","has-post-thumbnail","hentry"],"translation":{"provider":"WPGlobus","version":"3.0.0","language":"fr","enabled_languages":["de","en","fr"],"languages":{"de":{"title":true,"content":true,"excerpt":false},"en":{"title":true,"content":true,"excerpt":false},"fr":{"title":true,"content":true,"excerpt":false}}},"yoast_head":"<!-- This site is optimized with the Yoast SEO plugin v24.8.1 - https:\/\/yoast.com\/wordpress\/plugins\/seo\/ -->\n<title>March\u00e9 \u00e0 Portim\u00e3o - AlgarveMoods<\/title>\n<meta name=\"robots\" content=\"index, follow, max-snippet:-1, max-image-preview:large, max-video-preview:-1\" \/>\n<link rel=\"canonical\" href=\"https:\/\/algarvemoods.com\/en\/market-in-portimao\/\" \/>\n<meta property=\"og:locale\" content=\"fr_FR\" \/>\n<meta property=\"og:type\" content=\"article\" \/>\n<meta property=\"og:title\" content=\"March\u00e9 \u00e0 Portim\u00e3o - AlgarveMoods\" \/>\n<meta property=\"og:url\" content=\"https:\/\/algarvemoods.com\/en\/market-in-portimao\/\" \/>\n<meta property=\"og:site_name\" content=\"AlgarveMoods\" \/>\n<meta property=\"article:publisher\" content=\"http:\/\/facebook.com\/algarvemoods\" \/>\n<meta property=\"article:modified_time\" content=\"2020-01-18T10:39:45+00:00\" \/>\n<meta property=\"og:image\" content=\"https:\/\/i0.wp.com\/algarvemoods.com\/wp-c8b25-content\/uploads\/2018\/10\/portimao-markt-market-marche.jpg?fit=1024%2C400&ssl=1\" \/>\n\t<meta property=\"og:image:width\" content=\"1024\" \/>\n\t<meta property=\"og:image:height\" content=\"400\" \/>\n\t<meta property=\"og:image:type\" content=\"image\/jpeg\" \/>\n<meta name=\"twitter:card\" content=\"summary_large_image\" \/>\n<meta name=\"twitter:site\" content=\"@ellobo0815\" \/>\n<meta name=\"twitter:label1\" content=\"Est. reading time\" \/>\n\t<meta name=\"twitter:data1\" content=\"3 minutes\" \/>\n<script type=\"application\/ld+json\" class=\"yoast-schema-graph\">{\"@context\":\"https:\/\/schema.org\",\"@graph\":[{\"@type\":\"WebPage\",\"@id\":\"https:\/\/algarvemoods.com\/en\/market-in-portimao\/\",\"url\":\"https:\/\/algarvemoods.com\/en\/market-in-portimao\/\",\"name\":\"March\u00e9 \u00e0 Portim\u00e3o - AlgarveMoods\",\"isPartOf\":{\"@id\":\"https:\/\/algarvemoods.com\/#website\"},\"primaryImageOfPage\":{\"@id\":\"https:\/\/algarvemoods.com\/en\/market-in-portimao\/#primaryimage\"},\"image\":{\"@id\":\"https:\/\/algarvemoods.com\/en\/market-in-portimao\/#primaryimage\"},\"thumbnailUrl\":\"https:\/\/i0.wp.com\/algarvemoods.com\/wp-c8b25-content\/uploads\/2018\/10\/portimao-markt-market-marche.jpg?fit=1024%2C400&ssl=1\",\"datePublished\":\"2018-09-21T16:50:03+00:00\",\"dateModified\":\"2020-01-18T10:39:45+00:00\",\"breadcrumb\":{\"@id\":\"https:\/\/algarvemoods.com\/en\/market-in-portimao\/#breadcrumb\"},\"inLanguage\":\"fr-FR\",\"potentialAction\":[{\"@type\":\"ReadAction\",\"target\":[\"https:\/\/algarvemoods.com\/en\/market-in-portimao\/\"]}]},{\"@type\":\"ImageObject\",\"inLanguage\":\"fr-FR\",\"@id\":\"https:\/\/algarvemoods.com\/en\/market-in-portimao\/#primaryimage\",\"url\":\"https:\/\/i0.wp.com\/algarvemoods.com\/wp-c8b25-content\/uploads\/2018\/10\/portimao-markt-market-marche.jpg?fit=1024%2C400&ssl=1\",\"contentUrl\":\"https:\/\/i0.wp.com\/algarvemoods.com\/wp-c8b25-content\/uploads\/2018\/10\/portimao-markt-market-marche.jpg?fit=1024%2C400&ssl=1\",\"width\":1024,\"height\":400},{\"@type\":\"BreadcrumbList\",\"@id\":\"https:\/\/algarvemoods.com\/en\/market-in-portimao\/#breadcrumb\",\"itemListElement\":[{\"@type\":\"ListItem\",\"position\":1,\"name\":\"Home\",\"item\":\"https:\/\/algarvemoods.com\/\"},{\"@type\":\"ListItem\",\"position\":2,\"name\":\"Market in Portim\u00e3o\"}]},{\"@type\":\"WebSite\",\"@id\":\"https:\/\/algarvemoods.com\/#website\",\"url\":\"https:\/\/algarvemoods.com\/\",\"name\":\"AlgarveMoods\",\"description\":\"Informations sur l\u2018Algarve\",\"potentialAction\":[{\"@type\":\"SearchAction\",\"target\":{\"@type\":\"EntryPoint\",\"urlTemplate\":\"https:\/\/algarvemoods.com\/?s={search_term_string}\"},\"query-input\":{\"@type\":\"PropertyValueSpecification\",\"valueRequired\":true,\"valueName\":\"search_term_string\"}}],\"inLanguage\":\"fr-FR\"}]}<\/script>\n<!-- \/ Yoast SEO plugin. -->","yoast_head_json":{"title":"March\u00e9 \u00e0 Portim\u00e3o - AlgarveMoods","robots":{"index":"index","follow":"follow","max-snippet":"max-snippet:-1","max-image-preview":"max-image-preview:large","max-video-preview":"max-video-preview:-1"},"canonical":"https:\/\/algarvemoods.com\/en\/market-in-portimao\/","og_locale":"fr_FR","og_type":"article","og_title":"March\u00e9 \u00e0 Portim\u00e3o - AlgarveMoods","og_url":"https:\/\/algarvemoods.com\/en\/market-in-portimao\/","og_site_name":"AlgarveMoods","article_publisher":"http:\/\/facebook.com\/algarvemoods","article_modified_time":"2020-01-18T10:39:45+00:00","og_image":[{"width":1024,"height":400,"url":"https:\/\/i0.wp.com\/algarvemoods.com\/wp-c8b25-content\/uploads\/2018\/10\/portimao-markt-market-marche.jpg?fit=1024%2C400&ssl=1","type":"image\/jpeg"}],"twitter_card":"summary_large_image","twitter_site":"@ellobo0815","twitter_misc":{"Est. reading time":"3 minutes"},"schema":{"@context":"https:\/\/schema.org","@graph":[{"@type":"WebPage","@id":"https:\/\/algarvemoods.com\/en\/market-in-portimao\/","url":"https:\/\/algarvemoods.com\/en\/market-in-portimao\/","name":"March\u00e9 \u00e0 Portim\u00e3o - AlgarveMoods","isPartOf":{"@id":"https:\/\/algarvemoods.com\/#website"},"primaryImageOfPage":{"@id":"https:\/\/algarvemoods.com\/en\/market-in-portimao\/#primaryimage"},"image":{"@id":"https:\/\/algarvemoods.com\/en\/market-in-portimao\/#primaryimage"},"thumbnailUrl":"https:\/\/i0.wp.com\/algarvemoods.com\/wp-c8b25-content\/uploads\/2018\/10\/portimao-markt-market-marche.jpg?fit=1024%2C400&ssl=1","datePublished":"2018-09-21T16:50:03+00:00","dateModified":"2020-01-18T10:39:45+00:00","breadcrumb":{"@id":"https:\/\/algarvemoods.com\/en\/market-in-portimao\/#breadcrumb"},"inLanguage":"fr-FR","potentialAction":[{"@type":"ReadAction","target":["https:\/\/algarvemoods.com\/en\/market-in-portimao\/"]}]},{"@type":"ImageObject","inLanguage":"fr-FR","@id":"https:\/\/algarvemoods.com\/en\/market-in-portimao\/#primaryimage","url":"https:\/\/i0.wp.com\/algarvemoods.com\/wp-c8b25-content\/uploads\/2018\/10\/portimao-markt-market-marche.jpg?fit=1024%2C400&ssl=1","contentUrl":"https:\/\/i0.wp.com\/algarvemoods.com\/wp-c8b25-content\/uploads\/2018\/10\/portimao-markt-market-marche.jpg?fit=1024%2C400&ssl=1","width":1024,"height":400},{"@type":"BreadcrumbList","@id":"https:\/\/algarvemoods.com\/en\/market-in-portimao\/#breadcrumb","itemListElement":[{"@type":"ListItem","position":1,"name":"Home","item":"https:\/\/algarvemoods.com\/"},{"@type":"ListItem","position":2,"name":"Market in Portim\u00e3o"}]},{"@type":"WebSite","@id":"https:\/\/algarvemoods.com\/#website","url":"https:\/\/algarvemoods.com\/","name":"AlgarveMoods","description":"Informations sur l\u2018Algarve","potentialAction":[{"@type":"SearchAction","target":{"@type":"EntryPoint","urlTemplate":"https:\/\/algarvemoods.com\/?s={search_term_string}"},"query-input":{"@type":"PropertyValueSpecification","valueRequired":true,"valueName":"search_term_string"}}],"inLanguage":"fr-FR"}]}},"jetpack_shortlink":"https:\/\/wp.me\/Pafafo-bn","jetpack_likes_enabled":true,"jetpack_sharing_enabled":true,"_links":{"self":[{"href":"https:\/\/algarvemoods.com\/fr\/wp-json\/wp\/v2\/pages\/705","targetHints":{"allow":["GET"]}}],"collection":[{"href":"https:\/\/algarvemoods.com\/fr\/wp-json\/wp\/v2\/pages"}],"about":[{"href":"https:\/\/algarvemoods.com\/fr\/wp-json\/wp\/v2\/types\/page"}],"author":[{"embeddable":true,"href":"https:\/\/algarvemoods.com\/fr\/wp-json\/wp\/v2\/users\/1"}],"replies":[{"embeddable":true,"href":"https:\/\/algarvemoods.com\/fr\/wp-json\/wp\/v2\/comments?post=705"}],"version-history":[{"count":2,"href":"https:\/\/algarvemoods.com\/fr\/wp-json\/wp\/v2\/pages\/705\/revisions"}],"predecessor-version":[{"id":5294,"href":"https:\/\/algarvemoods.com\/fr\/wp-json\/wp\/v2\/pages\/705\/revisions\/5294"}],"wp:featuredmedia":[{"embeddable":true,"href":"https:\/\/algarvemoods.com\/fr\/wp-json\/wp\/v2\/media\/2415"}],"wp:attachment":[{"href":"https:\/\/algarvemoods.com\/fr\/wp-json\/wp\/v2\/media?parent=705"}],"curies":[{"name":"wp","href":"https:\/\/api.w.org\/{rel}","templated":true}]}}