{"id":546,"date":"2018-09-19T11:53:41","date_gmt":"2018-09-19T10:53:41","guid":{"rendered":"http:\/\/wp13239037.server-he.de\/?page_id=546"},"modified":"2020-02-02T17:37:19","modified_gmt":"2020-02-02T17:37:19","slug":"ueberwintern-an-der-algarve","status":"publish","type":"page","link":"https:\/\/algarvemoods.com\/fr\/passer-lhiver\/","title":{"rendered":"Passer l\u00b4hiver en Algarve"},"content":{"rendered":"<p><span style=\"font-family: helvetica, arial, sans-serif;\">De plus en plus de gens veulent \u00e9chapper \u00e0 la saison sombre autour de No\u00ebl et du Nouvel An en Europe centrale et du Nord. L&#8217;Algarve offre un climat unique en Europe, une nature magnifique et diversifi\u00e9e, de nombreuses activit\u00e9s de loisirs et un rapport qualit\u00e9 \/ prix imbattable.<\/span><\/p>\n<hr \/>\n<div class='content-column two_third'><p><span style=\"font-family: helvetica, arial, sans-serif;\">Bien s\u00fbr, il fait plus frais de la mi-novembre au d\u00e9but mars qu&#8217;en \u00e9t\u00e9. Cependant, il n&#8217;y a ni gel ni neige.<\/span><\/p>\n<p><span style=\"font-family: helvetica, arial, sans-serif;\">Pendant cette p\u00e9riode, il y a en moyenne plus de 6 heures d&#8217;ensoleillement par jour. Les temp\u00e9ratures diurnes atteignent parfois plus de 20 degr\u00e9s. Il y a en moyenne moins de 10 jours de pluie par mois. L&#8217;Atlantique reste relativement chaud avec une temp\u00e9rature de l&#8217;eau de 16-17 degr\u00e9s.<\/span><\/p>\n<p><span style=\"font-family: helvetica, arial, sans-serif;\">Les bains de soleil sont possibles toute l&#8217;ann\u00e9e dans les baies abrit\u00e9es de l\u2019Algarve rocheuse.<\/span><\/p>\n<p><span style=\"font-family: helvetica, arial, sans-serif;\">Le Portugal est l&#8217;un des pays les moins chers de l&#8217;Union europ\u00e9enne. Le pouvoir d&#8217;achat de l&#8217;euro est nettement plus \u00e9lev\u00e9 que dans de nombreux autres pays. L&#8217;offre est exceptionnellement \u00e9tendue, de nombreux produits sont import\u00e9s pour les visiteurs. Cependant, les aliments locaux typiques sont moins chers et souvent beaucoup plus aromatiques.<\/span><\/p>\n<p><span style=\"font-family: helvetica, arial, sans-serif;\">Pendant la saison de l&#8217;Avent et de No\u00ebl, des march\u00e9s et des bazars de No\u00ebl ont lieu dans de nombreux endroits de l&#8217;Algarve.<\/span><\/p>\n<p><span style=\"font-family: helvetica, arial, sans-serif;\"><strong>CONSEIL:<br \/>\n<\/strong>Lors du choix de l&#8217;h\u00e9bergement, vous devez vous assurer qu&#8217;il y a une possibilit\u00e9 de chauffage. Si votre logement est \u00e9quip\u00e9 d&#8217;un ou plusieurs climatiseurs, veuillez faire attention \u00e0 la consommation d&#8217;\u00e9nergie.<\/span><\/p>\n<p><span style=\"font-family: helvetica, arial, sans-serif;\">Les piscines chauff\u00e9es se retrouvent de plus en plus et sont de v\u00e9ritables \u00ablanceurs d&#8217;\u00e9nergie\u00bb. Des co\u00fbts de plus de 200 \u20ac par semaine sont assez r\u00e9alistes.<\/span><\/p>\n<hr \/><\/div>\n","protected":false},"excerpt":{"rendered":"<p>De plus en plus de gens veulent \u00e9chapper \u00e0 la saison sombre autour de No\u00ebl et du Nouvel An en Europe centrale et du Nord. [&hellip;]<\/p>\n","protected":false},"author":1,"featured_media":4454,"parent":0,"menu_order":0,"comment_status":"closed","ping_status":"closed","template":"","meta":{"jetpack_post_was_ever_published":false,"footnotes":""},"class_list":["post-546","page","type-page","status-publish","has-post-thumbnail","hentry"],"translation":{"provider":"WPGlobus","version":"3.0.0","language":"fr","enabled_languages":["de","en","fr"],"languages":{"de":{"title":true,"content":true,"excerpt":false},"en":{"title":true,"content":true,"excerpt":false},"fr":{"title":true,"content":true,"excerpt":false}}},"yoast_head":"<!-- This site is optimized with the Yoast SEO plugin v24.8.1 - https:\/\/yoast.com\/wordpress\/plugins\/seo\/ -->\n<title>Passer l\u00b4hiver en Algarve - AlgarveMoods<\/title>\n<meta name=\"robots\" content=\"index, follow, max-snippet:-1, max-image-preview:large, max-video-preview:-1\" \/>\n<link rel=\"canonical\" href=\"https:\/\/algarvemoods.com\/fr\/passer-lhiver\/\" \/>\n<meta property=\"og:locale\" content=\"fr_FR\" \/>\n<meta property=\"og:type\" content=\"article\" \/>\n<meta property=\"og:title\" content=\"Passer l\u00b4hiver en Algarve - AlgarveMoods\" \/>\n<meta property=\"og:url\" content=\"https:\/\/algarvemoods.com\/fr\/passer-lhiver\/\" \/>\n<meta property=\"og:site_name\" content=\"AlgarveMoods\" \/>\n<meta property=\"article:publisher\" content=\"http:\/\/facebook.com\/algarvemoods\" \/>\n<meta property=\"article:modified_time\" content=\"2020-02-02T17:37:19+00:00\" \/>\n<meta property=\"og:image\" content=\"https:\/\/i0.wp.com\/algarvemoods.com\/wp-c8b25-content\/uploads\/2018\/12\/\u00fcberwintern.jpg?fit=1024%2C400&ssl=1\" \/>\n\t<meta property=\"og:image:width\" content=\"1024\" \/>\n\t<meta property=\"og:image:height\" content=\"400\" \/>\n\t<meta property=\"og:image:type\" content=\"image\/jpeg\" \/>\n<meta name=\"twitter:card\" content=\"summary_large_image\" \/>\n<meta name=\"twitter:site\" content=\"@ellobo0815\" \/>\n<meta name=\"twitter:label1\" content=\"Est. reading time\" \/>\n\t<meta name=\"twitter:data1\" content=\"4 minutes\" \/>\n<script type=\"application\/ld+json\" class=\"yoast-schema-graph\">{\"@context\":\"https:\/\/schema.org\",\"@graph\":[{\"@type\":\"WebPage\",\"@id\":\"https:\/\/algarvemoods.com\/fr\/passer-lhiver\/\",\"url\":\"https:\/\/algarvemoods.com\/fr\/passer-lhiver\/\",\"name\":\"Passer l\u00b4hiver en Algarve - AlgarveMoods\",\"isPartOf\":{\"@id\":\"https:\/\/algarvemoods.com\/#website\"},\"primaryImageOfPage\":{\"@id\":\"https:\/\/algarvemoods.com\/fr\/passer-lhiver\/#primaryimage\"},\"image\":{\"@id\":\"https:\/\/algarvemoods.com\/fr\/passer-lhiver\/#primaryimage\"},\"thumbnailUrl\":\"https:\/\/i0.wp.com\/algarvemoods.com\/wp-c8b25-content\/uploads\/2018\/12\/%C3%BCberwintern.jpg?fit=1024%2C400&ssl=1\",\"datePublished\":\"2018-09-19T10:53:41+00:00\",\"dateModified\":\"2020-02-02T17:37:19+00:00\",\"breadcrumb\":{\"@id\":\"https:\/\/algarvemoods.com\/fr\/passer-lhiver\/#breadcrumb\"},\"inLanguage\":\"fr-FR\",\"potentialAction\":[{\"@type\":\"ReadAction\",\"target\":[\"https:\/\/algarvemoods.com\/fr\/passer-lhiver\/\"]}]},{\"@type\":\"ImageObject\",\"inLanguage\":\"fr-FR\",\"@id\":\"https:\/\/algarvemoods.com\/fr\/passer-lhiver\/#primaryimage\",\"url\":\"https:\/\/i0.wp.com\/algarvemoods.com\/wp-c8b25-content\/uploads\/2018\/12\/%C3%BCberwintern.jpg?fit=1024%2C400&ssl=1\",\"contentUrl\":\"https:\/\/i0.wp.com\/algarvemoods.com\/wp-c8b25-content\/uploads\/2018\/12\/%C3%BCberwintern.jpg?fit=1024%2C400&ssl=1\",\"width\":1024,\"height\":400},{\"@type\":\"BreadcrumbList\",\"@id\":\"https:\/\/algarvemoods.com\/fr\/passer-lhiver\/#breadcrumb\",\"itemListElement\":[{\"@type\":\"ListItem\",\"position\":1,\"name\":\"Home\",\"item\":\"https:\/\/algarvemoods.com\/\"},{\"@type\":\"ListItem\",\"position\":2,\"name\":\"Passer l\u00b4hiver en Algarve\"}]},{\"@type\":\"WebSite\",\"@id\":\"https:\/\/algarvemoods.com\/#website\",\"url\":\"https:\/\/algarvemoods.com\/\",\"name\":\"AlgarveMoods\",\"description\":\"Informations sur l\u2018Algarve\",\"potentialAction\":[{\"@type\":\"SearchAction\",\"target\":{\"@type\":\"EntryPoint\",\"urlTemplate\":\"https:\/\/algarvemoods.com\/?s={search_term_string}\"},\"query-input\":{\"@type\":\"PropertyValueSpecification\",\"valueRequired\":true,\"valueName\":\"search_term_string\"}}],\"inLanguage\":\"fr-FR\"}]}<\/script>\n<!-- \/ Yoast SEO plugin. -->","yoast_head_json":{"title":"Passer l\u00b4hiver en Algarve - AlgarveMoods","robots":{"index":"index","follow":"follow","max-snippet":"max-snippet:-1","max-image-preview":"max-image-preview:large","max-video-preview":"max-video-preview:-1"},"canonical":"https:\/\/algarvemoods.com\/fr\/passer-lhiver\/","og_locale":"fr_FR","og_type":"article","og_title":"Passer l\u00b4hiver en Algarve - AlgarveMoods","og_url":"https:\/\/algarvemoods.com\/fr\/passer-lhiver\/","og_site_name":"AlgarveMoods","article_publisher":"http:\/\/facebook.com\/algarvemoods","article_modified_time":"2020-02-02T17:37:19+00:00","og_image":[{"width":1024,"height":400,"url":"https:\/\/i0.wp.com\/algarvemoods.com\/wp-c8b25-content\/uploads\/2018\/12\/\u00fcberwintern.jpg?fit=1024%2C400&ssl=1","type":"image\/jpeg"}],"twitter_card":"summary_large_image","twitter_site":"@ellobo0815","twitter_misc":{"Est. reading time":"4 minutes"},"schema":{"@context":"https:\/\/schema.org","@graph":[{"@type":"WebPage","@id":"https:\/\/algarvemoods.com\/fr\/passer-lhiver\/","url":"https:\/\/algarvemoods.com\/fr\/passer-lhiver\/","name":"Passer l\u00b4hiver en Algarve - AlgarveMoods","isPartOf":{"@id":"https:\/\/algarvemoods.com\/#website"},"primaryImageOfPage":{"@id":"https:\/\/algarvemoods.com\/fr\/passer-lhiver\/#primaryimage"},"image":{"@id":"https:\/\/algarvemoods.com\/fr\/passer-lhiver\/#primaryimage"},"thumbnailUrl":"https:\/\/i0.wp.com\/algarvemoods.com\/wp-c8b25-content\/uploads\/2018\/12\/%C3%BCberwintern.jpg?fit=1024%2C400&ssl=1","datePublished":"2018-09-19T10:53:41+00:00","dateModified":"2020-02-02T17:37:19+00:00","breadcrumb":{"@id":"https:\/\/algarvemoods.com\/fr\/passer-lhiver\/#breadcrumb"},"inLanguage":"fr-FR","potentialAction":[{"@type":"ReadAction","target":["https:\/\/algarvemoods.com\/fr\/passer-lhiver\/"]}]},{"@type":"ImageObject","inLanguage":"fr-FR","@id":"https:\/\/algarvemoods.com\/fr\/passer-lhiver\/#primaryimage","url":"https:\/\/i0.wp.com\/algarvemoods.com\/wp-c8b25-content\/uploads\/2018\/12\/%C3%BCberwintern.jpg?fit=1024%2C400&ssl=1","contentUrl":"https:\/\/i0.wp.com\/algarvemoods.com\/wp-c8b25-content\/uploads\/2018\/12\/%C3%BCberwintern.jpg?fit=1024%2C400&ssl=1","width":1024,"height":400},{"@type":"BreadcrumbList","@id":"https:\/\/algarvemoods.com\/fr\/passer-lhiver\/#breadcrumb","itemListElement":[{"@type":"ListItem","position":1,"name":"Home","item":"https:\/\/algarvemoods.com\/"},{"@type":"ListItem","position":2,"name":"Passer l\u00b4hiver en Algarve"}]},{"@type":"WebSite","@id":"https:\/\/algarvemoods.com\/#website","url":"https:\/\/algarvemoods.com\/","name":"AlgarveMoods","description":"Informations sur l\u2018Algarve","potentialAction":[{"@type":"SearchAction","target":{"@type":"EntryPoint","urlTemplate":"https:\/\/algarvemoods.com\/?s={search_term_string}"},"query-input":{"@type":"PropertyValueSpecification","valueRequired":true,"valueName":"search_term_string"}}],"inLanguage":"fr-FR"}]}},"jetpack_shortlink":"https:\/\/wp.me\/Pafafo-8O","jetpack_likes_enabled":true,"jetpack_sharing_enabled":true,"_links":{"self":[{"href":"https:\/\/algarvemoods.com\/fr\/wp-json\/wp\/v2\/pages\/546","targetHints":{"allow":["GET"]}}],"collection":[{"href":"https:\/\/algarvemoods.com\/fr\/wp-json\/wp\/v2\/pages"}],"about":[{"href":"https:\/\/algarvemoods.com\/fr\/wp-json\/wp\/v2\/types\/page"}],"author":[{"embeddable":true,"href":"https:\/\/algarvemoods.com\/fr\/wp-json\/wp\/v2\/users\/1"}],"replies":[{"embeddable":true,"href":"https:\/\/algarvemoods.com\/fr\/wp-json\/wp\/v2\/comments?post=546"}],"version-history":[{"count":2,"href":"https:\/\/algarvemoods.com\/fr\/wp-json\/wp\/v2\/pages\/546\/revisions"}],"predecessor-version":[{"id":5456,"href":"https:\/\/algarvemoods.com\/fr\/wp-json\/wp\/v2\/pages\/546\/revisions\/5456"}],"wp:featuredmedia":[{"embeddable":true,"href":"https:\/\/algarvemoods.com\/fr\/wp-json\/wp\/v2\/media\/4454"}],"wp:attachment":[{"href":"https:\/\/algarvemoods.com\/fr\/wp-json\/wp\/v2\/media?parent=546"}],"curies":[{"name":"wp","href":"https:\/\/api.w.org\/{rel}","templated":true}]}}