{"id":539,"date":"2018-09-18T19:13:32","date_gmt":"2018-09-18T18:13:32","guid":{"rendered":"http:\/\/wp13239037.server-he.de\/?page_id=539"},"modified":"2020-02-06T15:49:09","modified_gmt":"2020-02-06T15:49:09","slug":"besser-nicht","status":"publish","type":"page","link":"https:\/\/algarvemoods.com\/fr\/vaut-mieux-ne-pas-faire\/","title":{"rendered":"Vaut mieux ne pas faire!"},"content":{"rendered":"<p><span style=\"font-family: helvetica, arial, sans-serif;\">Les Portugais en g\u00e9n\u00e9ral, et les Algarvios en particulier, sont tr\u00e8s aimables et tol\u00e9rants. N\u00e9anmoins, ou peut-\u00eatre justement \u00e0 cause de cela, on peut se comporter \u00e0 tort et mettre les pieds dans le plat.<\/span><\/p>\n<ul>\n<li><span class=\"wsw-01\" style=\"font-family: helvetica, arial, sans-serif;\">S&#8217;il vous pla\u00eet ne pas visiter des \u00e9glises ou des chapelles en v\u00eatements de plage.<\/span><\/li>\n<li><span class=\"wsw-01\" style=\"font-family: helvetica, arial, sans-serif;\">M\u00eame s&#8217;il fait tr\u00e8s chaud en \u00e9t\u00e9, un T-shirt et un pantalon devraient \u00eatre obligatoires pour aller au caf\u00e9 ou au restaurant.<\/span><\/li>\n<li><span class=\"wsw-01\" style=\"font-family: helvetica, arial, sans-serif;\">Il est tol\u00e9r\u00e9 de faire du shopping en bikini ou en maillot de bain, mais, m\u00eame si ce sont les vacances et le soleil br\u00fble, il n&#8217;est pas vraiement accept\u00e9.<\/span><\/li>\n<\/ul>\n<p><span class=\"wsw-01\" style=\"font-family: helvetica, arial, sans-serif;\"><strong>Shopping:<\/strong><\/span><\/p>\n<ul id=\"wnd_TextBlock_95207_inner_0\" data-wnd_is_separable=\"1\" data-wnd_separable_index=\"0\" data-wnd_separable_id=\"wnd_TextBlock_95207\">\n<li><span class=\"wsw-01\" style=\"font-family: helvetica, arial, sans-serif;\">Les Portugais restent patiemment dans la file et attendent que ce soit leur tour, il n&#8217;y a presque pas de bousculade.<\/span><\/li>\n<li><span style=\"font-family: helvetica, arial, sans-serif;\">Dans presque tous les supermarch\u00e9s, vous devez prendre un num\u00e9ro aux comptoirs de vente. C&#8217;est juste et vous pouvez estimer le temps qui reste.<\/span><\/li>\n<li><span class=\"wsw-01\" style=\"font-family: helvetica, arial, sans-serif;\">Gardez dans les pharmacies et les droguerie-herboristerie une certaine distance \u00e0 votre voisin de devant, d\u00e8s qu&#8217;on s&#8217;occupe de lui. Respectez l&#8217;intimit\u00e9, m\u00eame si en tout cas vous ne comprenez pas le discours de vente.<\/span><\/li>\n<\/ul>\n<p id=\"wnd_TextBlock_95207_inner_1\" data-wnd_is_separable=\"1\" data-wnd_separable_index=\"1\" data-wnd_separable_id=\"wnd_TextBlock_95207\"><strong><span class=\"wsw-01\" style=\"font-family: helvetica, arial, sans-serif;\">Aller en voiture:<\/span><\/strong><\/p>\n<ul id=\"wnd_TextBlock_95207_inner_2\" data-wnd_is_separable=\"1\" data-wnd_separable_index=\"2\" data-wnd_separable_id=\"wnd_TextBlock_95207\">\n<li><span class=\"wsw-01\" style=\"font-family: helvetica, arial, sans-serif;\">Ici on aime talonner la voiture qui pr\u00e9c\u00e8de et d\u00e9passer dans des endroits peu propices. S&#8217;il vous pla\u00eet ne pas essayer de changer cela avec des signes de la main ou avec votre fa\u00e7on de conduire. Vous \u00eates en vacances et certainement pas d&#8217;humeur \u00e0 passer la meilleure p\u00e9riode de l&#8217;ann\u00e9e dans un poste de police et chez un avocat ou m\u00eame \u00e0 l&#8217;h\u00f4pital.<\/span><\/li>\n<\/ul>\n<p>&nbsp;<\/p>\n","protected":false},"excerpt":{"rendered":"<p>Les Portugais en g\u00e9n\u00e9ral, et les Algarvios en particulier, sont tr\u00e8s aimables et tol\u00e9rants. N\u00e9anmoins, ou peut-\u00eatre justement \u00e0 cause de cela, on peut se [&hellip;]<\/p>\n","protected":false},"author":1,"featured_media":0,"parent":0,"menu_order":0,"comment_status":"closed","ping_status":"closed","template":"","meta":{"jetpack_post_was_ever_published":false,"footnotes":""},"class_list":["post-539","page","type-page","status-publish","hentry"],"translation":{"provider":"WPGlobus","version":"3.0.0","language":"fr","enabled_languages":["de","en","fr"],"languages":{"de":{"title":true,"content":true,"excerpt":false},"en":{"title":true,"content":true,"excerpt":false},"fr":{"title":true,"content":true,"excerpt":false}}},"yoast_head":"<!-- This site is optimized with the Yoast SEO plugin v24.8.1 - https:\/\/yoast.com\/wordpress\/plugins\/seo\/ -->\n<title>Vaut mieux ne pas faire! - AlgarveMoods<\/title>\n<meta name=\"robots\" content=\"index, follow, max-snippet:-1, max-image-preview:large, max-video-preview:-1\" \/>\n<link rel=\"canonical\" href=\"https:\/\/algarvemoods.com\/fr\/vaut-mieux-ne-pas-faire\/\" \/>\n<meta property=\"og:locale\" content=\"fr_FR\" \/>\n<meta property=\"og:type\" content=\"article\" \/>\n<meta property=\"og:title\" content=\"Vaut mieux ne pas faire! - AlgarveMoods\" \/>\n<meta property=\"og:url\" content=\"https:\/\/algarvemoods.com\/fr\/vaut-mieux-ne-pas-faire\/\" \/>\n<meta property=\"og:site_name\" content=\"AlgarveMoods\" \/>\n<meta property=\"article:publisher\" content=\"http:\/\/facebook.com\/algarvemoods\" \/>\n<meta property=\"article:modified_time\" content=\"2020-02-06T15:49:09+00:00\" \/>\n<meta name=\"twitter:card\" content=\"summary_large_image\" \/>\n<meta name=\"twitter:site\" content=\"@ellobo0815\" \/>\n<meta name=\"twitter:label1\" content=\"Est. reading time\" \/>\n\t<meta name=\"twitter:data1\" content=\"4 minutes\" \/>\n<script type=\"application\/ld+json\" class=\"yoast-schema-graph\">{\"@context\":\"https:\/\/schema.org\",\"@graph\":[{\"@type\":\"WebPage\",\"@id\":\"https:\/\/algarvemoods.com\/fr\/vaut-mieux-ne-pas-faire\/\",\"url\":\"https:\/\/algarvemoods.com\/fr\/vaut-mieux-ne-pas-faire\/\",\"name\":\"Vaut mieux ne pas faire! - AlgarveMoods\",\"isPartOf\":{\"@id\":\"https:\/\/algarvemoods.com\/#website\"},\"datePublished\":\"2018-09-18T18:13:32+00:00\",\"dateModified\":\"2020-02-06T15:49:09+00:00\",\"breadcrumb\":{\"@id\":\"https:\/\/algarvemoods.com\/fr\/vaut-mieux-ne-pas-faire\/#breadcrumb\"},\"inLanguage\":\"fr-FR\",\"potentialAction\":[{\"@type\":\"ReadAction\",\"target\":[\"https:\/\/algarvemoods.com\/fr\/vaut-mieux-ne-pas-faire\/\"]}]},{\"@type\":\"BreadcrumbList\",\"@id\":\"https:\/\/algarvemoods.com\/fr\/vaut-mieux-ne-pas-faire\/#breadcrumb\",\"itemListElement\":[{\"@type\":\"ListItem\",\"position\":1,\"name\":\"Home\",\"item\":\"https:\/\/algarvemoods.com\/\"},{\"@type\":\"ListItem\",\"position\":2,\"name\":\"Vaut mieux ne pas faire!\"}]},{\"@type\":\"WebSite\",\"@id\":\"https:\/\/algarvemoods.com\/#website\",\"url\":\"https:\/\/algarvemoods.com\/\",\"name\":\"AlgarveMoods\",\"description\":\"Informations sur l\u2018Algarve\",\"potentialAction\":[{\"@type\":\"SearchAction\",\"target\":{\"@type\":\"EntryPoint\",\"urlTemplate\":\"https:\/\/algarvemoods.com\/?s={search_term_string}\"},\"query-input\":{\"@type\":\"PropertyValueSpecification\",\"valueRequired\":true,\"valueName\":\"search_term_string\"}}],\"inLanguage\":\"fr-FR\"}]}<\/script>\n<!-- \/ Yoast SEO plugin. -->","yoast_head_json":{"title":"Vaut mieux ne pas faire! - AlgarveMoods","robots":{"index":"index","follow":"follow","max-snippet":"max-snippet:-1","max-image-preview":"max-image-preview:large","max-video-preview":"max-video-preview:-1"},"canonical":"https:\/\/algarvemoods.com\/fr\/vaut-mieux-ne-pas-faire\/","og_locale":"fr_FR","og_type":"article","og_title":"Vaut mieux ne pas faire! - AlgarveMoods","og_url":"https:\/\/algarvemoods.com\/fr\/vaut-mieux-ne-pas-faire\/","og_site_name":"AlgarveMoods","article_publisher":"http:\/\/facebook.com\/algarvemoods","article_modified_time":"2020-02-06T15:49:09+00:00","twitter_card":"summary_large_image","twitter_site":"@ellobo0815","twitter_misc":{"Est. reading time":"4 minutes"},"schema":{"@context":"https:\/\/schema.org","@graph":[{"@type":"WebPage","@id":"https:\/\/algarvemoods.com\/fr\/vaut-mieux-ne-pas-faire\/","url":"https:\/\/algarvemoods.com\/fr\/vaut-mieux-ne-pas-faire\/","name":"Vaut mieux ne pas faire! - AlgarveMoods","isPartOf":{"@id":"https:\/\/algarvemoods.com\/#website"},"datePublished":"2018-09-18T18:13:32+00:00","dateModified":"2020-02-06T15:49:09+00:00","breadcrumb":{"@id":"https:\/\/algarvemoods.com\/fr\/vaut-mieux-ne-pas-faire\/#breadcrumb"},"inLanguage":"fr-FR","potentialAction":[{"@type":"ReadAction","target":["https:\/\/algarvemoods.com\/fr\/vaut-mieux-ne-pas-faire\/"]}]},{"@type":"BreadcrumbList","@id":"https:\/\/algarvemoods.com\/fr\/vaut-mieux-ne-pas-faire\/#breadcrumb","itemListElement":[{"@type":"ListItem","position":1,"name":"Home","item":"https:\/\/algarvemoods.com\/"},{"@type":"ListItem","position":2,"name":"Vaut mieux ne pas faire!"}]},{"@type":"WebSite","@id":"https:\/\/algarvemoods.com\/#website","url":"https:\/\/algarvemoods.com\/","name":"AlgarveMoods","description":"Informations sur l\u2018Algarve","potentialAction":[{"@type":"SearchAction","target":{"@type":"EntryPoint","urlTemplate":"https:\/\/algarvemoods.com\/?s={search_term_string}"},"query-input":{"@type":"PropertyValueSpecification","valueRequired":true,"valueName":"search_term_string"}}],"inLanguage":"fr-FR"}]}},"jetpack_shortlink":"https:\/\/wp.me\/Pafafo-8H","jetpack_likes_enabled":true,"jetpack_sharing_enabled":true,"_links":{"self":[{"href":"https:\/\/algarvemoods.com\/fr\/wp-json\/wp\/v2\/pages\/539","targetHints":{"allow":["GET"]}}],"collection":[{"href":"https:\/\/algarvemoods.com\/fr\/wp-json\/wp\/v2\/pages"}],"about":[{"href":"https:\/\/algarvemoods.com\/fr\/wp-json\/wp\/v2\/types\/page"}],"author":[{"embeddable":true,"href":"https:\/\/algarvemoods.com\/fr\/wp-json\/wp\/v2\/users\/1"}],"replies":[{"embeddable":true,"href":"https:\/\/algarvemoods.com\/fr\/wp-json\/wp\/v2\/comments?post=539"}],"version-history":[{"count":1,"href":"https:\/\/algarvemoods.com\/fr\/wp-json\/wp\/v2\/pages\/539\/revisions"}],"predecessor-version":[{"id":5476,"href":"https:\/\/algarvemoods.com\/fr\/wp-json\/wp\/v2\/pages\/539\/revisions\/5476"}],"wp:attachment":[{"href":"https:\/\/algarvemoods.com\/fr\/wp-json\/wp\/v2\/media?parent=539"}],"curies":[{"name":"wp","href":"https:\/\/api.w.org\/{rel}","templated":true}]}}