{"id":530,"date":"2018-09-18T17:20:59","date_gmt":"2018-09-18T16:20:59","guid":{"rendered":"http:\/\/wp13239037.server-he.de\/?page_id=530"},"modified":"2020-03-26T18:47:27","modified_gmt":"2020-03-26T18:47:27","slug":"wichtige-strassen","status":"publish","type":"page","link":"https:\/\/algarvemoods.com\/fr\/routes-importantes\/","title":{"rendered":"Routes importantes"},"content":{"rendered":"<p><span style=\"font-family: helvetica, arial, sans-serif;\">Les deux routes principales sont la route nationale 125 et l&#8217;autoroute 22. Les deux routes vont en direction est-ouest et sont trait\u00e9es s\u00e9par\u00e9ment sur une page.<\/span><\/p>\n<p><span style=\"font-family: helvetica, arial, sans-serif;\">Ici, des itin\u00e9raires alternatifs sont d\u00e9crits. Ces rues sont souvent moins agit\u00e9es. De nombreux restaurants et caf\u00e9s vous invitent \u00e0 pauser et \u00e0 de bons snacks ou menus portugais. Les prix sont bon march\u00e9 et les portions sont g\u00e9n\u00e9reuses.<\/span><\/p>\n<hr \/>\n<div class='content-column two_third'><p><span style=\"font-family: helvetica, arial, sans-serif;\"><strong>A-2 (E-01)<\/strong><\/span><\/p>\n<p><span style=\"font-family: helvetica, arial, sans-serif;\">L&#8217;autoroute 2 \/ route europ\u00e9enne 01 est accessible depuis l&#8217;A-22 et m\u00e8ne au nord de Lisbonne. Le seul autre acc\u00e8s en l&#8217;Algarve se trouve pr\u00e8s du village de S\u00e3o Bartolomeu de Messines, directement de la N-124. L&#8217;autoroute est une route \u00e0 p\u00e9age. En montant, un ticket est tir\u00e9 sur la machine et vous devez payer imm\u00e9diatement lorsque vous quittez l&#8217;autoroute.<\/span><\/p>\n<p><span style=\"font-family: helvetica, arial, sans-serif;\">La voie Via Verde ne peut \u00eatre utilis\u00e9e qu&#8217;avec un OBU (on board unit) correspondant.<\/span><\/p>\n<hr \/>\n<p><strong><span style=\"font-family: helvetica, arial, sans-serif;\">IC-1<\/span><\/strong><\/p>\n<p><span style=\"font-family: helvetica, arial, sans-serif;\">La IC-1 est l&#8217;ancienne route vers Lisbonne; elle est parall\u00e8le \u00e0 l&#8217;A-2. La plupart des anciennes maisons de repos ne sont plus en service, mais la route est une bonne alternative \u00e0 l\u2019autoroute \u00e0 p\u00e9age.<\/span><\/p>\n<hr \/>\n<p><span style=\"font-family: helvetica, arial, sans-serif;\"><strong>IC-27<\/strong><\/span><\/p>\n<p><span style=\"font-family: helvetica, arial, sans-serif;\">La IC-27 commence au nord de Castro Marim et se dirige vers le nord (parall\u00e8le au Rio Guadiana et \u00e0 la fronti\u00e8re espagnole) jusqu&#8217;\u00e0 Beja, dans l\u2019Alentejo. \u00c0 partir d\u2019Alcoutim environ, la direction change au nord-ouest. La route est bonne (partiellement \u00e0 quatre voies). L\u2019IC-27 a remplac\u00e9 l\u2019ancien N-122 (toujours praticable).<\/span><\/p>\n<hr \/>\n<p><span style=\"font-family: helvetica, arial, sans-serif;\"><strong>N-2<\/strong><\/span><\/p>\n<p><span style=\"font-family: helvetica, arial, sans-serif;\">La N-2 est la plus longue route nationale du pays, souvent appel\u00e9e Route 66 du Portugal. Ici on traite la section sud (environ 60 km) depuis Faro \u00e0 la fronti\u00e8re avec l\u2019Alentejo, \u00e0 environ 8 km au nord de la municipalit\u00e9 et du village d\u2019Ameixal. Apr\u00e8s avoir quitt\u00e9 Faro, une bonne partie de la route traverse des collines et des for\u00eats interrompues par de petites villes. La rue conserve encore la splendeur des temps pass\u00e9s, alors que la route \u00e9tait la principale liaison nord-sud du Portugal. \u00c0 S\u00e3o Br\u00e1s de Alportel, la N-2 est travers\u00e9e par la N-270.<\/span><\/p>\n<hr \/>\n<p><span style=\"font-family: helvetica, arial, sans-serif;\"><strong>N-270<\/strong><\/span><\/p>\n<p><span style=\"font-family: helvetica, arial, sans-serif;\">La N-270 commence juste \u00e0 l\u2019ouest de Tavira en tant que sortie de la N-125. La route passe par S\u00e3o Br\u00e1s de Alportel, Loul\u00e9, Boliqueime (o\u00f9 la N-125 est de nouveau touch\u00e9e) et Paderne jusqu&#8217;\u00e0 la N-124. Les derniers kilom\u00e8tres sont parall\u00e8les \u00e0 l&#8217;A-2 en direction nord. La route est tr\u00e8s pittoresque et vari\u00e9e. Elle traverse les collines de l&#8217;arri\u00e8re-pays et des villages authentiques.<\/span><\/p>\n<hr \/>\n<p><span style=\"font-family: helvetica, arial, sans-serif;\"><strong>N-124<\/strong><\/span><\/p>\n<p><span style=\"font-family: helvetica, arial, sans-serif;\">La N-124 part de la N-122 et se dirige vers l&#8217;ouest en traversant l&#8217;arri\u00e8re-pays nord de l&#8217;Algarve. Les municipalit\u00e9s et villes ou bien villages Pereiro, Martim Longo, Cachopo, Salir, Vieux, S\u00e3o Bartolomeu de Messines, Silves sont travers\u00e9s. \u00c0 Portim\u00e3o, la N-124 touche la N-125 et s\u2019y termine.<\/span><\/p>\n<p><span style=\"font-family: helvetica, arial, sans-serif;\">La route permet encore et encore de belles vues panoramiques sur la nature presque intacte de l&#8217;arri\u00e8re-pays de l&#8217;Algarve.<\/span><\/p>\n<hr \/><\/div>\n","protected":false},"excerpt":{"rendered":"<p>Les deux routes principales sont la route nationale 125 et l&#8217;autoroute 22. Les deux routes vont en direction est-ouest et sont trait\u00e9es s\u00e9par\u00e9ment sur une [&hellip;]<\/p>\n","protected":false},"author":1,"featured_media":0,"parent":0,"menu_order":0,"comment_status":"closed","ping_status":"closed","template":"","meta":{"jetpack_post_was_ever_published":false,"footnotes":""},"class_list":["post-530","page","type-page","status-publish","hentry"],"translation":{"provider":"WPGlobus","version":"3.0.0","language":"fr","enabled_languages":["de","en","fr"],"languages":{"de":{"title":true,"content":true,"excerpt":false},"en":{"title":true,"content":true,"excerpt":false},"fr":{"title":true,"content":true,"excerpt":false}}},"yoast_head":"<!-- This site is optimized with the Yoast SEO plugin v24.8.1 - https:\/\/yoast.com\/wordpress\/plugins\/seo\/ -->\n<title>Routes importantes - AlgarveMoods<\/title>\n<meta name=\"robots\" content=\"index, follow, max-snippet:-1, max-image-preview:large, max-video-preview:-1\" \/>\n<link rel=\"canonical\" href=\"https:\/\/algarvemoods.com\/wichtige-strassen\/\" \/>\n<meta property=\"og:locale\" content=\"fr_FR\" \/>\n<meta property=\"og:type\" content=\"article\" \/>\n<meta property=\"og:title\" content=\"Routes importantes - AlgarveMoods\" \/>\n<meta property=\"og:url\" content=\"https:\/\/algarvemoods.com\/wichtige-strassen\/\" \/>\n<meta property=\"og:site_name\" content=\"AlgarveMoods\" \/>\n<meta property=\"article:publisher\" content=\"http:\/\/facebook.com\/algarvemoods\" \/>\n<meta property=\"article:modified_time\" content=\"2020-03-26T18:47:27+00:00\" \/>\n<meta name=\"twitter:card\" content=\"summary_large_image\" \/>\n<meta name=\"twitter:site\" content=\"@ellobo0815\" \/>\n<meta name=\"twitter:label1\" content=\"Est. reading time\" \/>\n\t<meta name=\"twitter:data1\" content=\"7 minutes\" \/>\n<script type=\"application\/ld+json\" class=\"yoast-schema-graph\">{\"@context\":\"https:\/\/schema.org\",\"@graph\":[{\"@type\":\"WebPage\",\"@id\":\"https:\/\/algarvemoods.com\/wichtige-strassen\/\",\"url\":\"https:\/\/algarvemoods.com\/wichtige-strassen\/\",\"name\":\"Routes importantes - AlgarveMoods\",\"isPartOf\":{\"@id\":\"https:\/\/algarvemoods.com\/#website\"},\"datePublished\":\"2018-09-18T16:20:59+00:00\",\"dateModified\":\"2020-03-26T18:47:27+00:00\",\"breadcrumb\":{\"@id\":\"https:\/\/algarvemoods.com\/wichtige-strassen\/#breadcrumb\"},\"inLanguage\":\"fr-FR\",\"potentialAction\":[{\"@type\":\"ReadAction\",\"target\":[\"https:\/\/algarvemoods.com\/wichtige-strassen\/\"]}]},{\"@type\":\"BreadcrumbList\",\"@id\":\"https:\/\/algarvemoods.com\/wichtige-strassen\/#breadcrumb\",\"itemListElement\":[{\"@type\":\"ListItem\",\"position\":1,\"name\":\"Home\",\"item\":\"https:\/\/algarvemoods.com\/\"},{\"@type\":\"ListItem\",\"position\":2,\"name\":\"Wichtige Stra\u00dfen\"}]},{\"@type\":\"WebSite\",\"@id\":\"https:\/\/algarvemoods.com\/#website\",\"url\":\"https:\/\/algarvemoods.com\/\",\"name\":\"AlgarveMoods\",\"description\":\"Informations sur l\u2018Algarve\",\"potentialAction\":[{\"@type\":\"SearchAction\",\"target\":{\"@type\":\"EntryPoint\",\"urlTemplate\":\"https:\/\/algarvemoods.com\/?s={search_term_string}\"},\"query-input\":{\"@type\":\"PropertyValueSpecification\",\"valueRequired\":true,\"valueName\":\"search_term_string\"}}],\"inLanguage\":\"fr-FR\"}]}<\/script>\n<!-- \/ Yoast SEO plugin. -->","yoast_head_json":{"title":"Routes importantes - AlgarveMoods","robots":{"index":"index","follow":"follow","max-snippet":"max-snippet:-1","max-image-preview":"max-image-preview:large","max-video-preview":"max-video-preview:-1"},"canonical":"https:\/\/algarvemoods.com\/wichtige-strassen\/","og_locale":"fr_FR","og_type":"article","og_title":"Routes importantes - AlgarveMoods","og_url":"https:\/\/algarvemoods.com\/wichtige-strassen\/","og_site_name":"AlgarveMoods","article_publisher":"http:\/\/facebook.com\/algarvemoods","article_modified_time":"2020-03-26T18:47:27+00:00","twitter_card":"summary_large_image","twitter_site":"@ellobo0815","twitter_misc":{"Est. reading time":"7 minutes"},"schema":{"@context":"https:\/\/schema.org","@graph":[{"@type":"WebPage","@id":"https:\/\/algarvemoods.com\/wichtige-strassen\/","url":"https:\/\/algarvemoods.com\/wichtige-strassen\/","name":"Routes importantes - AlgarveMoods","isPartOf":{"@id":"https:\/\/algarvemoods.com\/#website"},"datePublished":"2018-09-18T16:20:59+00:00","dateModified":"2020-03-26T18:47:27+00:00","breadcrumb":{"@id":"https:\/\/algarvemoods.com\/wichtige-strassen\/#breadcrumb"},"inLanguage":"fr-FR","potentialAction":[{"@type":"ReadAction","target":["https:\/\/algarvemoods.com\/wichtige-strassen\/"]}]},{"@type":"BreadcrumbList","@id":"https:\/\/algarvemoods.com\/wichtige-strassen\/#breadcrumb","itemListElement":[{"@type":"ListItem","position":1,"name":"Home","item":"https:\/\/algarvemoods.com\/"},{"@type":"ListItem","position":2,"name":"Wichtige Stra\u00dfen"}]},{"@type":"WebSite","@id":"https:\/\/algarvemoods.com\/#website","url":"https:\/\/algarvemoods.com\/","name":"AlgarveMoods","description":"Informations sur l\u2018Algarve","potentialAction":[{"@type":"SearchAction","target":{"@type":"EntryPoint","urlTemplate":"https:\/\/algarvemoods.com\/?s={search_term_string}"},"query-input":{"@type":"PropertyValueSpecification","valueRequired":true,"valueName":"search_term_string"}}],"inLanguage":"fr-FR"}]}},"jetpack_shortlink":"https:\/\/wp.me\/Pafafo-8y","jetpack_likes_enabled":true,"jetpack_sharing_enabled":true,"_links":{"self":[{"href":"https:\/\/algarvemoods.com\/fr\/wp-json\/wp\/v2\/pages\/530","targetHints":{"allow":["GET"]}}],"collection":[{"href":"https:\/\/algarvemoods.com\/fr\/wp-json\/wp\/v2\/pages"}],"about":[{"href":"https:\/\/algarvemoods.com\/fr\/wp-json\/wp\/v2\/types\/page"}],"author":[{"embeddable":true,"href":"https:\/\/algarvemoods.com\/fr\/wp-json\/wp\/v2\/users\/1"}],"replies":[{"embeddable":true,"href":"https:\/\/algarvemoods.com\/fr\/wp-json\/wp\/v2\/comments?post=530"}],"version-history":[{"count":2,"href":"https:\/\/algarvemoods.com\/fr\/wp-json\/wp\/v2\/pages\/530\/revisions"}],"predecessor-version":[{"id":5766,"href":"https:\/\/algarvemoods.com\/fr\/wp-json\/wp\/v2\/pages\/530\/revisions\/5766"}],"wp:attachment":[{"href":"https:\/\/algarvemoods.com\/fr\/wp-json\/wp\/v2\/media?parent=530"}],"curies":[{"name":"wp","href":"https:\/\/api.w.org\/{rel}","templated":true}]}}