{"id":511,"date":"2018-09-18T08:56:25","date_gmt":"2018-09-18T07:56:25","guid":{"rendered":"http:\/\/wp13239037.server-he.de\/?page_id=511"},"modified":"2020-03-26T19:05:11","modified_gmt":"2020-03-26T19:05:11","slug":"gut-zu-wissen","status":"publish","type":"page","link":"https:\/\/algarvemoods.com\/fr\/informations-utiles\/","title":{"rendered":"Informations utiles"},"content":{"rendered":"<p style=\"text-align: center;\"><span style=\"font-family: helvetica, arial, sans-serif;\">Poste \/ Port &#8211; Banques \/ Distributeurs de billets &#8211; Internet &#8211; Jours f\u00e9ri\u00e9s<\/span><\/p>\n<hr \/>\n<p><span style=\"font-family: helvetica, arial, sans-serif;\"><div class='content-column two_third'><\/span><\/p>\n<h4 id=\"wnd_TextBlock_8535_inner_0\" class=\"wnd-align-center\" style=\"text-align: center;\" data-wnd_is_separable=\"1\" data-wnd_separable_index=\"0\" data-wnd_separable_id=\"wnd_TextBlock_8535\"><span style=\"font-family: helvetica, arial, sans-serif;\"><span class=\"wsw-01\">Poste &#8211; <\/span><span class=\"wsw-01\">CCT &#8211; Correios<\/span><\/span><\/h4>\n<p><span style=\"font-family: helvetica, arial, sans-serif;\"><img data-recalc-dims=\"1\" loading=\"lazy\" decoding=\"async\" class=\"size-medium wp-image-1300 aligncenter\" src=\"https:\/\/i0.wp.com\/algarvemoods.com\/wp-c8b25-content\/uploads\/2018\/09\/SAM_0898.jpg?resize=448%2C252&#038;ssl=1\" alt=\"\" width=\"448\" height=\"252\" srcset=\"https:\/\/i0.wp.com\/algarvemoods.com\/wp-c8b25-content\/uploads\/2018\/09\/SAM_0898.jpg?resize=448%2C252&amp;ssl=1 448w, https:\/\/i0.wp.com\/algarvemoods.com\/wp-c8b25-content\/uploads\/2018\/09\/SAM_0898.jpg?resize=160%2C90&amp;ssl=1 160w, https:\/\/i0.wp.com\/algarvemoods.com\/wp-c8b25-content\/uploads\/2018\/09\/SAM_0898.jpg?resize=768%2C432&amp;ssl=1 768w, https:\/\/i0.wp.com\/algarvemoods.com\/wp-c8b25-content\/uploads\/2018\/09\/SAM_0898.jpg?resize=644%2C362&amp;ssl=1 644w, https:\/\/i0.wp.com\/algarvemoods.com\/wp-c8b25-content\/uploads\/2018\/09\/SAM_0898.jpg?w=1024&amp;ssl=1 1024w\" sizes=\"auto, (max-width: 448px) 100vw, 448px\" \/><\/span><\/p>\n<p id=\"wnd_TextBlock_61458_inner_0\" data-wnd_is_separable=\"1\" data-wnd_separable_index=\"0\" data-wnd_separable_id=\"wnd_TextBlock_61458\"><span class=\"wsw-01\" style=\"font-family: helvetica, arial, sans-serif;\">La couleur de la poste et des bo\u00eetes aux lettres au Portugal est rouge. Il y a des bureaux de poste dans les chefs-lieux des communes et ils sont indiqu\u00e9s.<\/span><\/p>\n<p id=\"wnd_TextBlock_61458_inner_1\" data-wnd_is_separable=\"1\" data-wnd_separable_index=\"1\" data-wnd_separable_id=\"wnd_TextBlock_61458\"><span class=\"wsw-01\" style=\"font-family: helvetica, arial, sans-serif;\">Heures d&#8217;ouverture: Lundi \u00e0 vendredi\u00a0 8h30 \u00e0 18h00.\u00a0Certains bureaux de poste dans les petites villes ont la pause de midi de 12h30 \u00e0 15h00 ou ferment d\u00e9j\u00e0 dans l&#8217;apr\u00e8s-midi.<\/span><\/p>\n<p id=\"wnd_TextBlock_61458_inner_2\" data-wnd_is_separable=\"1\" data-wnd_separable_index=\"2\" data-wnd_separable_id=\"wnd_TextBlock_61458\"><span class=\"wsw-01\" style=\"font-family: helvetica, arial, sans-serif;\">Port: Cartes postales et lettres jusqu&#8217;\u00e0 20g 0,55 \u20ac pour l&#8217;Europe et 0,70 \u20ac pour d&#8217;autres pays.<\/span><\/p>\n<p id=\"wnd_TextBlock_61458_inner_3\" data-wnd_is_separable=\"1\" data-wnd_separable_index=\"3\" data-wnd_separable_id=\"wnd_TextBlock_61458\"><span class=\"wsw-01\" style=\"font-family: helvetica, arial, sans-serif;\">Souvent, les timbres peuvent \u00e9galement \u00eatre achet\u00e9s dans le tabac ou les points presse, les centres de vacances et les h\u00f4tels.<\/span><\/p>\n<hr \/>\n<h4 class=\"wnd-align-center\" style=\"text-align: center;\"><span class=\"wsw-01\" style=\"font-family: helvetica, arial, sans-serif;\">Banques \/ Distributeurs de billets<\/span><\/h4>\n<p id=\"wnd_TextBlock_19764_inner_0\" data-wnd_is_separable=\"1\" data-wnd_separable_index=\"0\" data-wnd_separable_id=\"wnd_TextBlock_19764\"><span class=\"wsw-01\" style=\"font-family: helvetica, arial, sans-serif;\">Le Portugal a un syst\u00e8me bancaire moderne et progressif. En Europe, la dur\u00e9e d&#8217;un virement est 24 heures. Les cartes de cr\u00e9dit sont accept\u00e9es presque partout, lorsque vous payez, vous avez besoin du code PIN.<\/span><\/p>\n<p id=\"wnd_TextBlock_19764_inner_1\" data-wnd_is_separable=\"1\" data-wnd_separable_index=\"1\" data-wnd_separable_id=\"wnd_TextBlock_19764\"><span style=\"font-family: helvetica, arial, sans-serif;\"><span class=\"wsw-01\">Des distributeurs de billets s&#8217;appellent ici Multibanco (MB). Lorsque vous introduisez votre carte, la machine utilise imm\u00e9diatement la langue du pays d&#8217;origine. Le retrait maximum est de 200 \u20ac par transaction. La carte peut \u00eatre utilis\u00e9e (selon votre limite individuelle) jusqu&#8217;\u00e0 2 fois par jour.\u00a0<\/span><span class=\"wsw-01\">Les guichets automatiques sont disponibles dans toutes les banques, les hypermarch\u00e9s, les centres de vacances, etc.<\/span><\/span><\/p>\n<p id=\"wnd_TextBlock_19764_inner_2\" data-wnd_is_separable=\"1\" data-wnd_separable_index=\"2\" data-wnd_separable_id=\"wnd_TextBlock_19764\"><span class=\"wsw-01\" style=\"font-family: helvetica, arial, sans-serif;\">L&#8217;utilisation des guichets automatiques est g\u00e9n\u00e9ralement gratuite au Portugal. Si des frais sont factur\u00e9s, ils ont \u00e9t\u00e9 appliqu\u00e9s par votre banque. Demandez \u00e0 votre banquier pour les banques de coop\u00e9ration au Portugal avant votre visite.<\/span><\/p>\n<hr \/>\n<h4 id=\"wnd_TextBlock_22406_inner_0\" class=\"wnd-align-center\" style=\"text-align: center;\" data-wnd_is_separable=\"1\" data-wnd_separable_index=\"0\" data-wnd_separable_id=\"wnd_TextBlock_22406\"><span style=\"font-family: helvetica, arial, sans-serif;\"><span class=\"wsw-01\">Internet &#8211;\u00a0<\/span><span class=\"wsw-01\">WiFi<\/span><\/span><\/h4>\n<p><span style=\"font-family: helvetica, arial, sans-serif;\"><img data-recalc-dims=\"1\" loading=\"lazy\" decoding=\"async\" class=\"size-medium wp-image-1301 aligncenter\" src=\"https:\/\/i0.wp.com\/algarvemoods.com\/wp-c8b25-content\/uploads\/2018\/09\/SAM_0892.jpg?resize=448%2C252&#038;ssl=1\" alt=\"\" width=\"448\" height=\"252\" srcset=\"https:\/\/i0.wp.com\/algarvemoods.com\/wp-c8b25-content\/uploads\/2018\/09\/SAM_0892.jpg?resize=448%2C252&amp;ssl=1 448w, https:\/\/i0.wp.com\/algarvemoods.com\/wp-c8b25-content\/uploads\/2018\/09\/SAM_0892.jpg?resize=160%2C90&amp;ssl=1 160w, https:\/\/i0.wp.com\/algarvemoods.com\/wp-c8b25-content\/uploads\/2018\/09\/SAM_0892.jpg?resize=768%2C432&amp;ssl=1 768w, https:\/\/i0.wp.com\/algarvemoods.com\/wp-c8b25-content\/uploads\/2018\/09\/SAM_0892.jpg?resize=644%2C362&amp;ssl=1 644w, https:\/\/i0.wp.com\/algarvemoods.com\/wp-c8b25-content\/uploads\/2018\/09\/SAM_0892.jpg?w=1024&amp;ssl=1 1024w\" sizes=\"auto, (max-width: 448px) 100vw, 448px\" \/><\/span><\/p>\n<p id=\"wnd_TextBlock_16992_inner_0\" data-wnd_is_separable=\"1\" data-wnd_separable_index=\"0\" data-wnd_separable_id=\"wnd_TextBlock_16992\"><span class=\"wsw-01\" style=\"font-family: helvetica, arial, sans-serif;\">Aux zones pi\u00e9tonnes des lieux de vacances il y a des points d&#8217;acc\u00e8s pour l&#8217;utilisation gratuite d&#8217; Internet avec votre smartphone, tablette ou ordinateur portable. De nombreux h\u00f4tels, centres de vacances, supermarch\u00e9s, magasins, restaurants et caf\u00e9s offrent \u00e9galement une connexion Wi-Fi gratuite.<\/span><\/p>\n<p id=\"wnd_TextBlock_16992_inner_1\" data-wnd_is_separable=\"1\" data-wnd_separable_index=\"1\" data-wnd_separable_id=\"wnd_TextBlock_16992\"><span class=\"wsw-01\" style=\"font-family: helvetica, arial, sans-serif;\">Si vous en avez besoin ou voulez \u00eatre en ligne en permanence, vous pouvez acheter une carte pr\u00e9pay\u00e9e avec un cr\u00e9dit rechargeable pour l&#8217;utilisation d&#8217;Internet dans l&#8217;un des nombreux magasins de t\u00e9l\u00e9phone.\u00a0<\/span><\/p>\n<hr \/>\n<h4 class=\"wnd-align-center\" style=\"text-align: center;\"><span class=\"wsw-01\" style=\"font-family: helvetica, arial, sans-serif;\">Jours f\u00e9ri\u00e9s<\/span><\/h4>\n<p id=\"wnd_TextBlock_73692_inner_2\" data-wnd_is_separable=\"1\" data-wnd_separable_index=\"2\" data-wnd_separable_id=\"wnd_TextBlock_73692\"><span style=\"font-family: helvetica, arial, sans-serif;\"><strong><span class=\"wnd-font-size-70\" style=\"color: #000000;\">Janvier 2019<br \/>\n<\/span><\/strong><span class=\"wsw-01\">1 janvier 2019 Nouvel an<\/span><\/span><\/p>\n<p id=\"wnd_TextBlock_73692_inner_6\" data-wnd_is_separable=\"1\" data-wnd_separable_index=\"6\" data-wnd_separable_id=\"wnd_TextBlock_73692\"><span style=\"font-family: helvetica, arial, sans-serif;\"><strong><span class=\"wnd-font-size-70\" style=\"color: #000000;\">Avril 2019<br \/>\n<\/span><\/strong><span class=\"wsw-01\">19 avril 2019 Vendredi saint<br \/>\n<\/span><span class=\"wsw-01\">21 avril 2019 P\u00e2ques<br \/>\n25 avril 2019 Jour de Libert\u00e9 (Anniversaire de la r\u00e9volution des oeuillets du 25i\u00e8me avril de 1974)<br \/>\n<\/span><span class=\"wnd-font-size-70\" style=\"color: #000000;\"><br \/>\n<strong>Mai 2019<\/strong><br \/>\n<\/span><span class=\"wsw-01\">1 mai 2019 F\u00eate du travail<\/span><\/span><\/p>\n<p><strong><span class=\"wnd-font-size-70\" style=\"color: #000000;\">Juin 2019<br \/>\n<\/span><\/strong><span class=\"wsw-01\">10 juin 2019 Jour du Portugal<br \/>\n20 juin 2019 F\u00eate-Dieu<br \/>\n<\/span><\/p>\n<p id=\"wnd_TextBlock_73692_inner_12\" data-wnd_is_separable=\"1\" data-wnd_separable_index=\"12\" data-wnd_separable_id=\"wnd_TextBlock_73692\"><span style=\"font-family: helvetica, arial, sans-serif;\"><strong><span class=\"wnd-font-size-70\" style=\"color: #000000;\">Ao\u00fbt 2019<br \/>\n<\/span><\/strong><span class=\"wsw-01\">15 ao\u00fbt 2019 Assomption<\/span><\/span><\/p>\n<p id=\"wnd_TextBlock_73692_inner_14\" data-wnd_is_separable=\"1\" data-wnd_separable_index=\"14\" data-wnd_separable_id=\"wnd_TextBlock_73692\"><span style=\"font-family: helvetica, arial, sans-serif;\"><strong><span class=\"wnd-font-size-70\" style=\"color: #000000;\">Octobre 2019<br \/>\n<\/span><\/strong><span class=\"wsw-01\">05 octobre 2019 Jour de la R\u00e9publique du Portugal\u00a0<\/span><\/span><\/p>\n<p id=\"wnd_TextBlock_73692_inner_16\" data-wnd_is_separable=\"1\" data-wnd_separable_index=\"16\" data-wnd_separable_id=\"wnd_TextBlock_73692\"><span style=\"font-family: helvetica, arial, sans-serif;\"><strong><span class=\"wnd-font-size-70\" style=\"color: #000000;\">Novembre 2019<br \/>\n<\/span><\/strong><span class=\"wsw-01\">01 novembre 2019 Toussaint\u00a0<\/span><\/span><\/p>\n<p id=\"wnd_TextBlock_73692_inner_18\" data-wnd_is_separable=\"1\" data-wnd_separable_index=\"18\" data-wnd_separable_id=\"wnd_TextBlock_73692\"><span style=\"font-family: helvetica, arial, sans-serif;\"><strong><span class=\"wnd-font-size-70\" style=\"color: #000000;\">D\u00e9cembre 2019<br \/>\n<\/span><\/strong><span class=\"wsw-01\">01 d\u00e9cembre 2019 Jour d&#8217;ind\u00e9pendance du Portugal<br \/>\n08 d\u00e9cembre 2019 Immacul\u00e9e Conception<br \/>\n25 d\u00e9cembre 2019 No\u00ebl\u00a0<\/span><\/span><\/p>\n<hr \/>\n<p id=\"wnd_TextBlock_73692_inner_2\" data-wnd_is_separable=\"1\" data-wnd_separable_index=\"2\" data-wnd_separable_id=\"wnd_TextBlock_73692\"><span style=\"font-family: helvetica, arial, sans-serif;\"><strong><span class=\"wnd-font-size-70\" style=\"color: #000000;\">Janvier 2020<br \/>\n<\/span><\/strong><span class=\"wsw-01\">1 janvier 2020 Nouvel an<\/span><\/span><\/p>\n<p id=\"wnd_TextBlock_73692_inner_6\" data-wnd_is_separable=\"1\" data-wnd_separable_index=\"6\" data-wnd_separable_id=\"wnd_TextBlock_73692\"><span style=\"font-family: helvetica, arial, sans-serif;\"><strong><span class=\"wnd-font-size-70\" style=\"color: #000000;\">Avril 2020<br \/>\n<\/span><\/strong><span class=\"wsw-01\">10 avril 2020 Vendredi saint<br \/>\n<\/span><span class=\"wsw-01\">12 avril 2020 P\u00e2ques<br \/>\n25 avril 2020 Jour de Libert\u00e9 (Anniversaire de la r\u00e9volution des oeuillets du 25i\u00e8me avril de 1974)<br \/>\n<\/span><span class=\"wnd-font-size-70\" style=\"color: #000000;\"><br \/>\n<strong>Mai 2020<\/strong><br \/>\n<\/span><span class=\"wsw-01\">1 mai 2020 F\u00eate du travail<\/span><\/span><\/p>\n<p><strong><span class=\"wnd-font-size-70\" style=\"color: #000000;\">Juin 2020<br \/>\n<\/span><\/strong><span class=\"wsw-01\">10 juin 2020 Jour du Portugal<br \/>\n11 juin 2020 F\u00eate-Dieu<br \/>\n<\/span><\/p>\n<p id=\"wnd_TextBlock_73692_inner_12\" data-wnd_is_separable=\"1\" data-wnd_separable_index=\"12\" data-wnd_separable_id=\"wnd_TextBlock_73692\"><span style=\"font-family: helvetica, arial, sans-serif;\"><strong><span class=\"wnd-font-size-70\" style=\"color: #000000;\">Ao\u00fbt 2020<br \/>\n<\/span><\/strong><span class=\"wsw-01\">15 ao\u00fbt 2020 Assomption<\/span><\/span><\/p>\n<p id=\"wnd_TextBlock_73692_inner_14\" data-wnd_is_separable=\"1\" data-wnd_separable_index=\"14\" data-wnd_separable_id=\"wnd_TextBlock_73692\"><span style=\"font-family: helvetica, arial, sans-serif;\"><strong><span class=\"wnd-font-size-70\" style=\"color: #000000;\">Octobre 2020<br \/>\n<\/span><\/strong><span class=\"wsw-01\">05 octobre 2020 Jour de la R\u00e9publique du Portugal\u00a0<\/span><\/span><\/p>\n<p id=\"wnd_TextBlock_73692_inner_16\" data-wnd_is_separable=\"1\" data-wnd_separable_index=\"16\" data-wnd_separable_id=\"wnd_TextBlock_73692\"><span style=\"font-family: helvetica, arial, sans-serif;\"><strong><span class=\"wnd-font-size-70\" style=\"color: #000000;\">Novembre 2020<br \/>\n<\/span><\/strong><span class=\"wsw-01\">01 novembre 2020 Toussaint\u00a0<\/span><\/span><\/p>\n<p id=\"wnd_TextBlock_73692_inner_18\" data-wnd_is_separable=\"1\" data-wnd_separable_index=\"18\" data-wnd_separable_id=\"wnd_TextBlock_73692\"><span style=\"font-family: helvetica, arial, sans-serif;\"><strong><span class=\"wnd-font-size-70\" style=\"color: #000000;\">D\u00e9cembre 2020<br \/>\n<\/span><\/strong><span class=\"wsw-01\">01 d\u00e9cembre 2020 Jour d&#8217;ind\u00e9pendance du Portugal<br \/>\n08 d\u00e9cembre 2020 Immacul\u00e9e Conception<br \/>\n25 d\u00e9cembre 2020 No\u00ebl\u00a0<\/span><\/span><\/p>\n<hr \/>\n<p id=\"wnd_TextBlock_73692_inner_20\" style=\"text-align: center;\" data-wnd_is_separable=\"1\" data-wnd_separable_index=\"20\" data-wnd_separable_id=\"wnd_TextBlock_73692\"><span style=\"font-family: helvetica, arial, sans-serif;\"><b><span class=\"wsw-01\">Informations donn\u00e9es sans garantie<\/span><\/b><\/span><\/p>\n<p><span style=\"font-family: helvetica, arial, sans-serif;\"><\/div><\/span><\/p>\n","protected":false},"excerpt":{"rendered":"<p>Poste \/ Port &#8211; Banques \/ Distributeurs de billets &#8211; Internet &#8211; Jours f\u00e9ri\u00e9s<\/p>\n","protected":false},"author":1,"featured_media":0,"parent":0,"menu_order":0,"comment_status":"closed","ping_status":"closed","template":"","meta":{"jetpack_post_was_ever_published":false,"footnotes":""},"class_list":["post-511","page","type-page","status-publish","hentry"],"translation":{"provider":"WPGlobus","version":"3.0.0","language":"fr","enabled_languages":["de","en","fr"],"languages":{"de":{"title":true,"content":true,"excerpt":false},"en":{"title":true,"content":true,"excerpt":false},"fr":{"title":true,"content":true,"excerpt":false}}},"yoast_head":"<!-- This site is optimized with the Yoast SEO plugin v24.8.1 - https:\/\/yoast.com\/wordpress\/plugins\/seo\/ -->\n<title>Informations utiles - AlgarveMoods<\/title>\n<meta name=\"robots\" content=\"index, follow, max-snippet:-1, max-image-preview:large, max-video-preview:-1\" \/>\n<link rel=\"canonical\" href=\"https:\/\/algarvemoods.com\/fr\/informations-utiles\/\" \/>\n<meta property=\"og:locale\" content=\"fr_FR\" \/>\n<meta property=\"og:type\" content=\"article\" \/>\n<meta property=\"og:title\" content=\"Informations utiles - AlgarveMoods\" \/>\n<meta property=\"og:url\" content=\"https:\/\/algarvemoods.com\/fr\/informations-utiles\/\" \/>\n<meta property=\"og:site_name\" content=\"AlgarveMoods\" \/>\n<meta property=\"article:publisher\" content=\"http:\/\/facebook.com\/algarvemoods\" \/>\n<meta property=\"article:modified_time\" content=\"2020-03-26T19:05:11+00:00\" \/>\n<meta property=\"og:image\" content=\"https:\/\/algarvemoods.com\/wp-c8b25-content\/uploads\/2018\/09\/SAM_0898-448x252.jpg\" \/>\n<meta name=\"twitter:card\" content=\"summary_large_image\" \/>\n<meta name=\"twitter:site\" content=\"@ellobo0815\" \/>\n<meta name=\"twitter:label1\" content=\"Est. reading time\" \/>\n\t<meta name=\"twitter:data1\" content=\"7 minutes\" \/>\n<script type=\"application\/ld+json\" class=\"yoast-schema-graph\">{\"@context\":\"https:\/\/schema.org\",\"@graph\":[{\"@type\":\"WebPage\",\"@id\":\"https:\/\/algarvemoods.com\/fr\/informations-utiles\/\",\"url\":\"https:\/\/algarvemoods.com\/fr\/informations-utiles\/\",\"name\":\"Informations utiles - AlgarveMoods\",\"isPartOf\":{\"@id\":\"https:\/\/algarvemoods.com\/#website\"},\"primaryImageOfPage\":{\"@id\":\"https:\/\/algarvemoods.com\/fr\/informations-utiles\/#primaryimage\"},\"image\":{\"@id\":\"https:\/\/algarvemoods.com\/fr\/informations-utiles\/#primaryimage\"},\"thumbnailUrl\":\"https:\/\/algarvemoods.com\/wp-c8b25-content\/uploads\/2018\/09\/SAM_0898-448x252.jpg\",\"datePublished\":\"2018-09-18T07:56:25+00:00\",\"dateModified\":\"2020-03-26T19:05:11+00:00\",\"breadcrumb\":{\"@id\":\"https:\/\/algarvemoods.com\/fr\/informations-utiles\/#breadcrumb\"},\"inLanguage\":\"fr-FR\",\"potentialAction\":[{\"@type\":\"ReadAction\",\"target\":[\"https:\/\/algarvemoods.com\/fr\/informations-utiles\/\"]}]},{\"@type\":\"ImageObject\",\"inLanguage\":\"fr-FR\",\"@id\":\"https:\/\/algarvemoods.com\/fr\/informations-utiles\/#primaryimage\",\"url\":\"https:\/\/algarvemoods.com\/wp-c8b25-content\/uploads\/2018\/09\/SAM_0898-448x252.jpg\",\"contentUrl\":\"https:\/\/algarvemoods.com\/wp-c8b25-content\/uploads\/2018\/09\/SAM_0898-448x252.jpg\"},{\"@type\":\"BreadcrumbList\",\"@id\":\"https:\/\/algarvemoods.com\/fr\/informations-utiles\/#breadcrumb\",\"itemListElement\":[{\"@type\":\"ListItem\",\"position\":1,\"name\":\"Home\",\"item\":\"https:\/\/algarvemoods.com\/\"},{\"@type\":\"ListItem\",\"position\":2,\"name\":\"Informations utiles\"}]},{\"@type\":\"WebSite\",\"@id\":\"https:\/\/algarvemoods.com\/#website\",\"url\":\"https:\/\/algarvemoods.com\/\",\"name\":\"AlgarveMoods\",\"description\":\"Informations sur l\u2018Algarve\",\"potentialAction\":[{\"@type\":\"SearchAction\",\"target\":{\"@type\":\"EntryPoint\",\"urlTemplate\":\"https:\/\/algarvemoods.com\/?s={search_term_string}\"},\"query-input\":{\"@type\":\"PropertyValueSpecification\",\"valueRequired\":true,\"valueName\":\"search_term_string\"}}],\"inLanguage\":\"fr-FR\"}]}<\/script>\n<!-- \/ Yoast SEO plugin. -->","yoast_head_json":{"title":"Informations utiles - AlgarveMoods","robots":{"index":"index","follow":"follow","max-snippet":"max-snippet:-1","max-image-preview":"max-image-preview:large","max-video-preview":"max-video-preview:-1"},"canonical":"https:\/\/algarvemoods.com\/fr\/informations-utiles\/","og_locale":"fr_FR","og_type":"article","og_title":"Informations utiles - AlgarveMoods","og_url":"https:\/\/algarvemoods.com\/fr\/informations-utiles\/","og_site_name":"AlgarveMoods","article_publisher":"http:\/\/facebook.com\/algarvemoods","article_modified_time":"2020-03-26T19:05:11+00:00","og_image":[{"url":"https:\/\/algarvemoods.com\/wp-c8b25-content\/uploads\/2018\/09\/SAM_0898-448x252.jpg","type":"","width":"","height":""}],"twitter_card":"summary_large_image","twitter_site":"@ellobo0815","twitter_misc":{"Est. reading time":"7 minutes"},"schema":{"@context":"https:\/\/schema.org","@graph":[{"@type":"WebPage","@id":"https:\/\/algarvemoods.com\/fr\/informations-utiles\/","url":"https:\/\/algarvemoods.com\/fr\/informations-utiles\/","name":"Informations utiles - AlgarveMoods","isPartOf":{"@id":"https:\/\/algarvemoods.com\/#website"},"primaryImageOfPage":{"@id":"https:\/\/algarvemoods.com\/fr\/informations-utiles\/#primaryimage"},"image":{"@id":"https:\/\/algarvemoods.com\/fr\/informations-utiles\/#primaryimage"},"thumbnailUrl":"https:\/\/algarvemoods.com\/wp-c8b25-content\/uploads\/2018\/09\/SAM_0898-448x252.jpg","datePublished":"2018-09-18T07:56:25+00:00","dateModified":"2020-03-26T19:05:11+00:00","breadcrumb":{"@id":"https:\/\/algarvemoods.com\/fr\/informations-utiles\/#breadcrumb"},"inLanguage":"fr-FR","potentialAction":[{"@type":"ReadAction","target":["https:\/\/algarvemoods.com\/fr\/informations-utiles\/"]}]},{"@type":"ImageObject","inLanguage":"fr-FR","@id":"https:\/\/algarvemoods.com\/fr\/informations-utiles\/#primaryimage","url":"https:\/\/algarvemoods.com\/wp-c8b25-content\/uploads\/2018\/09\/SAM_0898-448x252.jpg","contentUrl":"https:\/\/algarvemoods.com\/wp-c8b25-content\/uploads\/2018\/09\/SAM_0898-448x252.jpg"},{"@type":"BreadcrumbList","@id":"https:\/\/algarvemoods.com\/fr\/informations-utiles\/#breadcrumb","itemListElement":[{"@type":"ListItem","position":1,"name":"Home","item":"https:\/\/algarvemoods.com\/"},{"@type":"ListItem","position":2,"name":"Informations utiles"}]},{"@type":"WebSite","@id":"https:\/\/algarvemoods.com\/#website","url":"https:\/\/algarvemoods.com\/","name":"AlgarveMoods","description":"Informations sur l\u2018Algarve","potentialAction":[{"@type":"SearchAction","target":{"@type":"EntryPoint","urlTemplate":"https:\/\/algarvemoods.com\/?s={search_term_string}"},"query-input":{"@type":"PropertyValueSpecification","valueRequired":true,"valueName":"search_term_string"}}],"inLanguage":"fr-FR"}]}},"jetpack_shortlink":"https:\/\/wp.me\/Pafafo-8f","jetpack_likes_enabled":true,"jetpack_sharing_enabled":true,"_links":{"self":[{"href":"https:\/\/algarvemoods.com\/fr\/wp-json\/wp\/v2\/pages\/511","targetHints":{"allow":["GET"]}}],"collection":[{"href":"https:\/\/algarvemoods.com\/fr\/wp-json\/wp\/v2\/pages"}],"about":[{"href":"https:\/\/algarvemoods.com\/fr\/wp-json\/wp\/v2\/types\/page"}],"author":[{"embeddable":true,"href":"https:\/\/algarvemoods.com\/fr\/wp-json\/wp\/v2\/users\/1"}],"replies":[{"embeddable":true,"href":"https:\/\/algarvemoods.com\/fr\/wp-json\/wp\/v2\/comments?post=511"}],"version-history":[{"count":1,"href":"https:\/\/algarvemoods.com\/fr\/wp-json\/wp\/v2\/pages\/511\/revisions"}],"predecessor-version":[{"id":5771,"href":"https:\/\/algarvemoods.com\/fr\/wp-json\/wp\/v2\/pages\/511\/revisions\/5771"}],"wp:attachment":[{"href":"https:\/\/algarvemoods.com\/fr\/wp-json\/wp\/v2\/media?parent=511"}],"curies":[{"name":"wp","href":"https:\/\/api.w.org\/{rel}","templated":true}]}}