{"id":498,"date":"2018-09-16T18:17:21","date_gmt":"2018-09-16T17:17:21","guid":{"rendered":"http:\/\/wp13239037.server-he.de\/?page_id=498"},"modified":"2020-02-06T15:38:38","modified_gmt":"2020-02-06T15:38:38","slug":"wichtig-zu-wissen","status":"publish","type":"page","link":"https:\/\/algarvemoods.com\/fr\/il-faut-savoir\/","title":{"rendered":"Il faut savoir"},"content":{"rendered":"<p><span style=\"font-family: helvetica, arial, sans-serif; color: #000000;\"><div class='content-column two_third'><\/span><\/p>\n<h3 style=\"text-align: center;\"><span style=\"font-family: helvetica, arial, sans-serif; color: #000000;\">Num\u00e9ros de t\u00e9l\u00e9phone\u00a0importants<\/span><\/h3>\n<p style=\"text-align: left;\"><span style=\"font-family: helvetica, arial, sans-serif; color: #000000;\"><strong>Appel d&#8217;urgence:\u00a0112<\/strong>\u00a0(police &#8211; m\u00e9decin d&#8217;urgence &#8211; pompiers)<\/span><br \/>\n<span style=\"font-family: helvetica, arial, sans-serif; color: #000000;\"><strong>Incendie de for\u00eat:<\/strong>\u00a0<strong>117<\/strong><\/span><br \/>\n<span style=\"font-family: helvetica, arial, sans-serif; color: #000000;\"><strong>Intoxication:<\/strong> <strong>217 950 143<\/strong><\/span><\/p>\n<hr \/>\n<h4 style=\"text-align: center;\"><strong><span style=\"font-family: helvetica, arial, sans-serif; color: #000000;\">Des consulats \u00e0 l&#8217;Algarve<\/span><\/strong><\/h4>\n<p><span style=\"font-family: helvetica, arial, sans-serif; color: #000000;\">Allemagne: 289 803 148 \/ 181<\/span><br \/>\n<span style=\"font-family: helvetica, arial, sans-serif; color: #000000;\">Pays-Bas: 289 820 903\u00a0<\/span><br \/>\n<span style=\"font-family: helvetica, arial, sans-serif; color: #000000;\">Belgie: 289 899 590<\/span><br \/>\n<span style=\"font-family: helvetica, arial, sans-serif; color: #000000;\">Autriche: 289 510 900<\/span><br \/>\n<span style=\"font-family: helvetica, arial, sans-serif; color: #000000;\">Grande-Bretagne: 282 417 800<\/span><br \/>\n<span style=\"font-family: helvetica, arial, sans-serif; color: #000000;\">Su\u00e8de: 282 413 311<\/span><br \/>\n<span style=\"font-family: helvetica, arial, sans-serif; color: #000000;\">Norv\u00e8ge: 282 414 878<\/span><\/p>\n<hr \/>\n<h4 style=\"text-align: center;\"><strong><span style=\"color: #000000;\"><span style=\"font-family: helvetica, arial, sans-serif;\">Police &#8211;\u00a0<\/span><span style=\"font-family: helvetica, arial, sans-serif;\">Policia<\/span><\/span><\/strong><\/h4>\n<p><span style=\"font-family: helvetica, arial, sans-serif; color: #000000;\">L&#8217;appel d&#8217;urgence est 112<\/span><\/p>\n<p><span style=\"font-family: helvetica, arial, sans-serif; color: #000000;\">Au Portugal il y a deux autorit\u00e9s de police qui sont r\u00e9l\u00e9vantes pour les visiteurs du pays:<\/span><\/p>\n<p><span style=\"font-family: helvetica, arial, sans-serif; color: #000000;\">1. La GNR\u00a0(Guarda Nacional Republicana) dans des voitures blanches (\u0160koda) avec des bandes vertes ou dans des v\u00e9hicules tout-terrain verts (Nissan) avec des bandes d&#8217;un vert fonc\u00e9.<\/span><\/p>\n<p><img data-recalc-dims=\"1\" loading=\"lazy\" decoding=\"async\" class=\"size-medium wp-image-1283 aligncenter\" src=\"https:\/\/i0.wp.com\/algarvemoods.com\/wp-c8b25-content\/uploads\/2018\/09\/SAM_1371.jpg?resize=448%2C252&#038;ssl=1\" alt=\"\" width=\"448\" height=\"252\" srcset=\"https:\/\/i0.wp.com\/algarvemoods.com\/wp-c8b25-content\/uploads\/2018\/09\/SAM_1371.jpg?resize=448%2C252&amp;ssl=1 448w, https:\/\/i0.wp.com\/algarvemoods.com\/wp-c8b25-content\/uploads\/2018\/09\/SAM_1371.jpg?resize=160%2C90&amp;ssl=1 160w, https:\/\/i0.wp.com\/algarvemoods.com\/wp-c8b25-content\/uploads\/2018\/09\/SAM_1371.jpg?resize=768%2C432&amp;ssl=1 768w, https:\/\/i0.wp.com\/algarvemoods.com\/wp-c8b25-content\/uploads\/2018\/09\/SAM_1371.jpg?resize=644%2C362&amp;ssl=1 644w, https:\/\/i0.wp.com\/algarvemoods.com\/wp-c8b25-content\/uploads\/2018\/09\/SAM_1371.jpg?w=1024&amp;ssl=1 1024w\" sizes=\"auto, (max-width: 448px) 100vw, 448px\" \/><\/p>\n<p><span style=\"font-family: helvetica, arial, sans-serif; color: #000000;\">2. La PSP (Policia de Seguran\u00e7a Publica) dans des voitures blanches (\u0160koda) avec des bandes bleues.<\/span><\/p>\n<p>&nbsp;<\/p>\n<p><img data-recalc-dims=\"1\" loading=\"lazy\" decoding=\"async\" class=\"size-medium wp-image-1282 aligncenter\" src=\"https:\/\/i0.wp.com\/algarvemoods.com\/wp-c8b25-content\/uploads\/2018\/09\/DSCF2346.jpg?resize=448%2C252&#038;ssl=1\" alt=\"\" width=\"448\" height=\"252\" srcset=\"https:\/\/i0.wp.com\/algarvemoods.com\/wp-c8b25-content\/uploads\/2018\/09\/DSCF2346.jpg?resize=448%2C252&amp;ssl=1 448w, https:\/\/i0.wp.com\/algarvemoods.com\/wp-c8b25-content\/uploads\/2018\/09\/DSCF2346.jpg?resize=160%2C90&amp;ssl=1 160w, https:\/\/i0.wp.com\/algarvemoods.com\/wp-c8b25-content\/uploads\/2018\/09\/DSCF2346.jpg?resize=768%2C432&amp;ssl=1 768w, https:\/\/i0.wp.com\/algarvemoods.com\/wp-c8b25-content\/uploads\/2018\/09\/DSCF2346.jpg?resize=644%2C362&amp;ssl=1 644w, https:\/\/i0.wp.com\/algarvemoods.com\/wp-c8b25-content\/uploads\/2018\/09\/DSCF2346.jpg?w=1024&amp;ssl=1 1024w\" sizes=\"auto, (max-width: 448px) 100vw, 448px\" \/><\/p>\n<p><span style=\"font-family: helvetica, arial, sans-serif; color: #000000;\">On parle g\u00e9n\u00e9ralement le portugais ou l&#8217;anglais pendant un contr\u00f4le routier.<\/span><\/p>\n<p><span style=\"font-family: helvetica, arial, sans-serif; color: #000000;\">Il vous est\u00a0conseill\u00e9 de tenir pr\u00eats\u00a0les documents de location de voiture et le permis de conduire.<\/span><\/p>\n<p><span style=\"font-family: helvetica, arial, sans-serif; color: #000000;\">Si vous voyagez dans votre propre voiture ou caravan la carte d&#8217;assurance verte est obligatoire. Peut-\u00eatre on demandera pour les papiers d&#8217;identit\u00e9.<\/span><\/p>\n<p><img data-recalc-dims=\"1\" loading=\"lazy\" decoding=\"async\" class=\"size-medium wp-image-1286 aligncenter\" src=\"https:\/\/i0.wp.com\/algarvemoods.com\/wp-c8b25-content\/uploads\/2018\/09\/Berittene-Polizei.jpg?resize=448%2C252&#038;ssl=1\" alt=\"\" width=\"448\" height=\"252\" srcset=\"https:\/\/i0.wp.com\/algarvemoods.com\/wp-c8b25-content\/uploads\/2018\/09\/Berittene-Polizei.jpg?resize=448%2C252&amp;ssl=1 448w, https:\/\/i0.wp.com\/algarvemoods.com\/wp-c8b25-content\/uploads\/2018\/09\/Berittene-Polizei.jpg?resize=160%2C90&amp;ssl=1 160w, https:\/\/i0.wp.com\/algarvemoods.com\/wp-c8b25-content\/uploads\/2018\/09\/Berittene-Polizei.jpg?resize=768%2C432&amp;ssl=1 768w, https:\/\/i0.wp.com\/algarvemoods.com\/wp-c8b25-content\/uploads\/2018\/09\/Berittene-Polizei.jpg?resize=644%2C362&amp;ssl=1 644w, https:\/\/i0.wp.com\/algarvemoods.com\/wp-c8b25-content\/uploads\/2018\/09\/Berittene-Polizei.jpg?w=1024&amp;ssl=1 1024w\" sizes=\"auto, (max-width: 448px) 100vw, 448px\" \/><\/p>\n<p><span style=\"font-family: helvetica, arial, sans-serif; color: #000000;\">Les policiers ont beaucoup de pouvoirs discr\u00e9tionnaires au Portugal. Veuillez rester toujours aimable et veuillez vous montrer raisonnable.<\/span><\/p>\n<hr \/>\n<h4 style=\"text-align: center;\"><strong><span style=\"font-family: helvetica, arial, sans-serif; color: #000000;\">Pompiers &#8211;\u00a0<\/span><span style=\"font-family: helvetica, arial, sans-serif; color: #000000;\">Bombeiros<\/span><\/strong><\/h4>\n<p><span style=\"font-family: helvetica, arial, sans-serif; color: #000000;\">L&#8217;appel d&#8217;urgence est 112<\/span><\/p>\n<p><img data-recalc-dims=\"1\" loading=\"lazy\" decoding=\"async\" class=\"size-medium wp-image-1285 aligncenter\" src=\"https:\/\/i0.wp.com\/algarvemoods.com\/wp-c8b25-content\/uploads\/2018\/09\/SAM_0901.jpg?resize=448%2C252&#038;ssl=1\" alt=\"\" width=\"448\" height=\"252\" srcset=\"https:\/\/i0.wp.com\/algarvemoods.com\/wp-c8b25-content\/uploads\/2018\/09\/SAM_0901.jpg?resize=448%2C252&amp;ssl=1 448w, https:\/\/i0.wp.com\/algarvemoods.com\/wp-c8b25-content\/uploads\/2018\/09\/SAM_0901.jpg?resize=160%2C90&amp;ssl=1 160w, https:\/\/i0.wp.com\/algarvemoods.com\/wp-c8b25-content\/uploads\/2018\/09\/SAM_0901.jpg?resize=768%2C432&amp;ssl=1 768w, https:\/\/i0.wp.com\/algarvemoods.com\/wp-c8b25-content\/uploads\/2018\/09\/SAM_0901.jpg?resize=644%2C362&amp;ssl=1 644w, https:\/\/i0.wp.com\/algarvemoods.com\/wp-c8b25-content\/uploads\/2018\/09\/SAM_0901.jpg?w=1024&amp;ssl=1 1024w\" sizes=\"auto, (max-width: 448px) 100vw, 448px\" \/><\/p>\n<p><span style=\"font-family: helvetica, arial, sans-serif; color: #000000;\">La couleur des v\u00e9hicules des pompiers portugais est rouge. Veuillez vous \u00e9carter d\u00e8s que vous \u00e9coutez la sir\u00e8ne. Il y a deux sortes de sir\u00e8nes qui sont utilis\u00e9es mixtes.<\/span><\/p>\n<hr \/>\n<h4 style=\"text-align: center;\"><strong><span style=\"font-family: helvetica, arial, sans-serif; color: #000000;\">Ambulance &#8211;\u00a0<\/span><span style=\"font-family: helvetica, arial, sans-serif; color: #000000;\">Ambul\u00e2ncia<\/span><\/strong><\/h4>\n<p><span style=\"font-family: helvetica, arial, sans-serif; color: #000000;\">L&#8217;appel d&#8217;urgence est 112<\/span><\/p>\n<p><img data-recalc-dims=\"1\" loading=\"lazy\" decoding=\"async\" class=\"size-medium wp-image-1290 aligncenter\" src=\"https:\/\/i0.wp.com\/algarvemoods.com\/wp-c8b25-content\/uploads\/2018\/09\/DSCF2778.jpg?resize=448%2C252&#038;ssl=1\" alt=\"\" width=\"448\" height=\"252\" srcset=\"https:\/\/i0.wp.com\/algarvemoods.com\/wp-c8b25-content\/uploads\/2018\/09\/DSCF2778.jpg?resize=448%2C252&amp;ssl=1 448w, https:\/\/i0.wp.com\/algarvemoods.com\/wp-c8b25-content\/uploads\/2018\/09\/DSCF2778.jpg?resize=160%2C90&amp;ssl=1 160w, https:\/\/i0.wp.com\/algarvemoods.com\/wp-c8b25-content\/uploads\/2018\/09\/DSCF2778.jpg?resize=768%2C432&amp;ssl=1 768w, https:\/\/i0.wp.com\/algarvemoods.com\/wp-c8b25-content\/uploads\/2018\/09\/DSCF2778.jpg?resize=644%2C362&amp;ssl=1 644w, https:\/\/i0.wp.com\/algarvemoods.com\/wp-c8b25-content\/uploads\/2018\/09\/DSCF2778.jpg?w=1024&amp;ssl=1 1024w\" sizes=\"auto, (max-width: 448px) 100vw, 448px\" \/><\/p>\n<p><span style=\"font-family: helvetica, arial, sans-serif; color: #000000;\">Les ambulances au Portugal sont jaunes avec des bandes bleues.\u00a0Veuillez vous \u00e9carter d\u00e8s que vous \u00e9coutez la sir\u00e8ne. Il y a deux sortes de sir\u00e8nes qui sont utilis\u00e9es mixtes. Si les deux sir\u00e8nes sont ignor\u00e9es, une corne tr\u00e8s forte avec un son profond est utilis\u00e9e en plus.<\/span><\/p>\n<p><span style=\"font-family: helvetica, arial, sans-serif; color: #000000;\"><\/div><\/span><\/p>\n<div class='content-column one_third last_column'><div style=\"padding-left:30px;\"><p><img data-recalc-dims=\"1\" loading=\"lazy\" decoding=\"async\" class=\"size-full wp-image-311 aligncenter\" src=\"https:\/\/i0.wp.com\/algarvemoods.com\/wp-c8b25-content\/uploads\/2018\/09\/DSCF0158.jpg?resize=448%2C252&#038;ssl=1\" alt=\"\" width=\"448\" height=\"252\" srcset=\"https:\/\/i0.wp.com\/algarvemoods.com\/wp-c8b25-content\/uploads\/2018\/09\/DSCF0158.jpg?w=448&amp;ssl=1 448w, https:\/\/i0.wp.com\/algarvemoods.com\/wp-c8b25-content\/uploads\/2018\/09\/DSCF0158.jpg?resize=160%2C90&amp;ssl=1 160w\" sizes=\"auto, (max-width: 448px) 100vw, 448px\" \/><\/p>\n<p style=\"text-align: center;\"><span style=\"color: #000000;\">Cela pourrait \u00eatre leur espace publicitaire<\/span><\/p><\/div><\/div><div class='clear_column'><\/div>\n","protected":false},"excerpt":{"rendered":"","protected":false},"author":1,"featured_media":1280,"parent":0,"menu_order":0,"comment_status":"closed","ping_status":"closed","template":"","meta":{"jetpack_post_was_ever_published":false,"footnotes":""},"class_list":["post-498","page","type-page","status-publish","has-post-thumbnail","hentry"],"translation":{"provider":"WPGlobus","version":"3.0.0","language":"fr","enabled_languages":["de","en","fr"],"languages":{"de":{"title":true,"content":true,"excerpt":false},"en":{"title":true,"content":true,"excerpt":false},"fr":{"title":true,"content":true,"excerpt":false}}},"yoast_head":"<!-- This site is optimized with the Yoast SEO plugin v24.8.1 - https:\/\/yoast.com\/wordpress\/plugins\/seo\/ -->\n<title>Il faut savoir - AlgarveMoods<\/title>\n<meta name=\"robots\" content=\"index, follow, max-snippet:-1, max-image-preview:large, max-video-preview:-1\" \/>\n<link rel=\"canonical\" href=\"https:\/\/algarvemoods.com\/wichtig-zu-wissen\/\" \/>\n<meta property=\"og:locale\" content=\"fr_FR\" \/>\n<meta property=\"og:type\" content=\"article\" \/>\n<meta property=\"og:title\" content=\"Il faut savoir - AlgarveMoods\" \/>\n<meta property=\"og:url\" content=\"https:\/\/algarvemoods.com\/wichtig-zu-wissen\/\" \/>\n<meta property=\"og:site_name\" content=\"AlgarveMoods\" \/>\n<meta property=\"article:publisher\" content=\"http:\/\/facebook.com\/algarvemoods\" \/>\n<meta property=\"article:modified_time\" content=\"2020-02-06T15:38:38+00:00\" \/>\n<meta property=\"og:image\" content=\"https:\/\/i0.wp.com\/algarvemoods.com\/wp-c8b25-content\/uploads\/2018\/09\/wichtig-zu-wissen.jpg?fit=1024%2C400&ssl=1\" \/>\n\t<meta property=\"og:image:width\" content=\"1024\" \/>\n\t<meta property=\"og:image:height\" content=\"400\" \/>\n\t<meta property=\"og:image:type\" content=\"image\/jpeg\" \/>\n<meta name=\"twitter:card\" content=\"summary_large_image\" \/>\n<meta name=\"twitter:site\" content=\"@ellobo0815\" \/>\n<meta name=\"twitter:label1\" content=\"Est. reading time\" \/>\n\t<meta name=\"twitter:data1\" content=\"4 minutes\" \/>\n<script type=\"application\/ld+json\" class=\"yoast-schema-graph\">{\"@context\":\"https:\/\/schema.org\",\"@graph\":[{\"@type\":\"WebPage\",\"@id\":\"https:\/\/algarvemoods.com\/wichtig-zu-wissen\/\",\"url\":\"https:\/\/algarvemoods.com\/wichtig-zu-wissen\/\",\"name\":\"Il faut savoir - AlgarveMoods\",\"isPartOf\":{\"@id\":\"https:\/\/algarvemoods.com\/#website\"},\"primaryImageOfPage\":{\"@id\":\"https:\/\/algarvemoods.com\/wichtig-zu-wissen\/#primaryimage\"},\"image\":{\"@id\":\"https:\/\/algarvemoods.com\/wichtig-zu-wissen\/#primaryimage\"},\"thumbnailUrl\":\"https:\/\/i0.wp.com\/algarvemoods.com\/wp-c8b25-content\/uploads\/2018\/09\/wichtig-zu-wissen.jpg?fit=1024%2C400&ssl=1\",\"datePublished\":\"2018-09-16T17:17:21+00:00\",\"dateModified\":\"2020-02-06T15:38:38+00:00\",\"breadcrumb\":{\"@id\":\"https:\/\/algarvemoods.com\/wichtig-zu-wissen\/#breadcrumb\"},\"inLanguage\":\"fr-FR\",\"potentialAction\":[{\"@type\":\"ReadAction\",\"target\":[\"https:\/\/algarvemoods.com\/wichtig-zu-wissen\/\"]}]},{\"@type\":\"ImageObject\",\"inLanguage\":\"fr-FR\",\"@id\":\"https:\/\/algarvemoods.com\/wichtig-zu-wissen\/#primaryimage\",\"url\":\"https:\/\/i0.wp.com\/algarvemoods.com\/wp-c8b25-content\/uploads\/2018\/09\/wichtig-zu-wissen.jpg?fit=1024%2C400&ssl=1\",\"contentUrl\":\"https:\/\/i0.wp.com\/algarvemoods.com\/wp-c8b25-content\/uploads\/2018\/09\/wichtig-zu-wissen.jpg?fit=1024%2C400&ssl=1\",\"width\":1024,\"height\":400},{\"@type\":\"BreadcrumbList\",\"@id\":\"https:\/\/algarvemoods.com\/wichtig-zu-wissen\/#breadcrumb\",\"itemListElement\":[{\"@type\":\"ListItem\",\"position\":1,\"name\":\"Home\",\"item\":\"https:\/\/algarvemoods.com\/\"},{\"@type\":\"ListItem\",\"position\":2,\"name\":\"Wichtig zu wissen\"}]},{\"@type\":\"WebSite\",\"@id\":\"https:\/\/algarvemoods.com\/#website\",\"url\":\"https:\/\/algarvemoods.com\/\",\"name\":\"AlgarveMoods\",\"description\":\"Informations sur l\u2018Algarve\",\"potentialAction\":[{\"@type\":\"SearchAction\",\"target\":{\"@type\":\"EntryPoint\",\"urlTemplate\":\"https:\/\/algarvemoods.com\/?s={search_term_string}\"},\"query-input\":{\"@type\":\"PropertyValueSpecification\",\"valueRequired\":true,\"valueName\":\"search_term_string\"}}],\"inLanguage\":\"fr-FR\"}]}<\/script>\n<!-- \/ Yoast SEO plugin. -->","yoast_head_json":{"title":"Il faut savoir - AlgarveMoods","robots":{"index":"index","follow":"follow","max-snippet":"max-snippet:-1","max-image-preview":"max-image-preview:large","max-video-preview":"max-video-preview:-1"},"canonical":"https:\/\/algarvemoods.com\/wichtig-zu-wissen\/","og_locale":"fr_FR","og_type":"article","og_title":"Il faut savoir - AlgarveMoods","og_url":"https:\/\/algarvemoods.com\/wichtig-zu-wissen\/","og_site_name":"AlgarveMoods","article_publisher":"http:\/\/facebook.com\/algarvemoods","article_modified_time":"2020-02-06T15:38:38+00:00","og_image":[{"width":1024,"height":400,"url":"https:\/\/i0.wp.com\/algarvemoods.com\/wp-c8b25-content\/uploads\/2018\/09\/wichtig-zu-wissen.jpg?fit=1024%2C400&ssl=1","type":"image\/jpeg"}],"twitter_card":"summary_large_image","twitter_site":"@ellobo0815","twitter_misc":{"Est. reading time":"4 minutes"},"schema":{"@context":"https:\/\/schema.org","@graph":[{"@type":"WebPage","@id":"https:\/\/algarvemoods.com\/wichtig-zu-wissen\/","url":"https:\/\/algarvemoods.com\/wichtig-zu-wissen\/","name":"Il faut savoir - AlgarveMoods","isPartOf":{"@id":"https:\/\/algarvemoods.com\/#website"},"primaryImageOfPage":{"@id":"https:\/\/algarvemoods.com\/wichtig-zu-wissen\/#primaryimage"},"image":{"@id":"https:\/\/algarvemoods.com\/wichtig-zu-wissen\/#primaryimage"},"thumbnailUrl":"https:\/\/i0.wp.com\/algarvemoods.com\/wp-c8b25-content\/uploads\/2018\/09\/wichtig-zu-wissen.jpg?fit=1024%2C400&ssl=1","datePublished":"2018-09-16T17:17:21+00:00","dateModified":"2020-02-06T15:38:38+00:00","breadcrumb":{"@id":"https:\/\/algarvemoods.com\/wichtig-zu-wissen\/#breadcrumb"},"inLanguage":"fr-FR","potentialAction":[{"@type":"ReadAction","target":["https:\/\/algarvemoods.com\/wichtig-zu-wissen\/"]}]},{"@type":"ImageObject","inLanguage":"fr-FR","@id":"https:\/\/algarvemoods.com\/wichtig-zu-wissen\/#primaryimage","url":"https:\/\/i0.wp.com\/algarvemoods.com\/wp-c8b25-content\/uploads\/2018\/09\/wichtig-zu-wissen.jpg?fit=1024%2C400&ssl=1","contentUrl":"https:\/\/i0.wp.com\/algarvemoods.com\/wp-c8b25-content\/uploads\/2018\/09\/wichtig-zu-wissen.jpg?fit=1024%2C400&ssl=1","width":1024,"height":400},{"@type":"BreadcrumbList","@id":"https:\/\/algarvemoods.com\/wichtig-zu-wissen\/#breadcrumb","itemListElement":[{"@type":"ListItem","position":1,"name":"Home","item":"https:\/\/algarvemoods.com\/"},{"@type":"ListItem","position":2,"name":"Wichtig zu wissen"}]},{"@type":"WebSite","@id":"https:\/\/algarvemoods.com\/#website","url":"https:\/\/algarvemoods.com\/","name":"AlgarveMoods","description":"Informations sur l\u2018Algarve","potentialAction":[{"@type":"SearchAction","target":{"@type":"EntryPoint","urlTemplate":"https:\/\/algarvemoods.com\/?s={search_term_string}"},"query-input":{"@type":"PropertyValueSpecification","valueRequired":true,"valueName":"search_term_string"}}],"inLanguage":"fr-FR"}]}},"jetpack_shortlink":"https:\/\/wp.me\/Pafafo-82","jetpack_likes_enabled":true,"jetpack_sharing_enabled":true,"_links":{"self":[{"href":"https:\/\/algarvemoods.com\/fr\/wp-json\/wp\/v2\/pages\/498","targetHints":{"allow":["GET"]}}],"collection":[{"href":"https:\/\/algarvemoods.com\/fr\/wp-json\/wp\/v2\/pages"}],"about":[{"href":"https:\/\/algarvemoods.com\/fr\/wp-json\/wp\/v2\/types\/page"}],"author":[{"embeddable":true,"href":"https:\/\/algarvemoods.com\/fr\/wp-json\/wp\/v2\/users\/1"}],"replies":[{"embeddable":true,"href":"https:\/\/algarvemoods.com\/fr\/wp-json\/wp\/v2\/comments?post=498"}],"version-history":[{"count":1,"href":"https:\/\/algarvemoods.com\/fr\/wp-json\/wp\/v2\/pages\/498\/revisions"}],"predecessor-version":[{"id":5475,"href":"https:\/\/algarvemoods.com\/fr\/wp-json\/wp\/v2\/pages\/498\/revisions\/5475"}],"wp:featuredmedia":[{"embeddable":true,"href":"https:\/\/algarvemoods.com\/fr\/wp-json\/wp\/v2\/media\/1280"}],"wp:attachment":[{"href":"https:\/\/algarvemoods.com\/fr\/wp-json\/wp\/v2\/media?parent=498"}],"curies":[{"name":"wp","href":"https:\/\/api.w.org\/{rel}","templated":true}]}}