{"id":466,"date":"2018-09-18T09:39:20","date_gmt":"2018-09-18T08:39:20","guid":{"rendered":"http:\/\/wp13239037.server-he.de\/?page_id=466"},"modified":"2020-03-24T18:55:15","modified_gmt":"2020-03-24T18:55:15","slug":"strasse-verkehr","status":"publish","type":"page","link":"https:\/\/algarvemoods.com\/fr\/route-trafic\/","title":{"rendered":"Route &#038; trafic"},"content":{"rendered":"<p><span style=\"font-family: helvetica, arial, sans-serif;\"><div class='content-column two_third'><\/span><\/p>\n<h4 style=\"text-align: center;\"><strong><span style=\"font-family: helvetica, arial, sans-serif;\">Limitations de vitesse<\/span><\/strong><\/h4>\n<p><strong><span style=\"font-family: helvetica, arial, sans-serif;\">Voitures<\/span><\/strong><br \/>\n<span style=\"font-family: helvetica, arial, sans-serif;\">En agglom\u00e9ration: 50 km\/h<\/span><br \/>\n<span style=\"font-family: helvetica, arial, sans-serif;\">Hors agglom\u00e9ration: 90 km\/h<\/span><br \/>\n<span style=\"font-family: helvetica, arial, sans-serif;\">Voie rapide: 100 km\/h<\/span><br \/>\n<span style=\"font-family: helvetica, arial, sans-serif;\">Autoroute: 120 km\/h<\/span><\/p>\n<p><strong><span style=\"font-family: helvetica, arial, sans-serif;\">Motos<\/span><\/strong><br \/>\n<span style=\"font-family: helvetica, arial, sans-serif;\">En agglom\u00e9ration: 50 km\/h<\/span><br \/>\n<span style=\"font-family: helvetica, arial, sans-serif;\">Hors agglom\u00e9ration: 90 km\/h<\/span><br \/>\n<span style=\"font-family: helvetica, arial, sans-serif;\">Voie rapide: 100 km\/h<\/span><br \/>\n<span style=\"font-family: helvetica, arial, sans-serif;\">Autoroute: 120 km\/h<\/span><\/p><\/div><\/p>\n<div class='content-column one_third last_column'><div style=\"padding-left:10px;\"><p><a href=\"https:\/\/www.kqzyfj.com\/click-9126909-12219980\"><br \/>\n<\/a><a href=\"https:\/\/www.kqzyfj.com\/click-9126909-12219980\" target=\"_blank\" rel=\"noopener noreferrer\"><img loading=\"lazy\" decoding=\"async\" class=\"alignnone\" src=\"https:\/\/www.lduhtrp.net\/image-9126909-12219980\" alt=\"\" width=\"468\" height=\"60\" border=\"0\" \/><\/a><\/p><\/div><\/div><div class='clear_column'><\/div>\n<div class='content-column two_third'><p><strong><span style=\"font-family: helvetica, arial, sans-serif;\">\u00c9quipage<\/span><\/strong><br \/>\n<span style=\"font-family: helvetica, arial, sans-serif;\">En agglom\u00e9ration: 50 km\/h<\/span><br \/>\n<span style=\"font-family: helvetica, arial, sans-serif;\">Hors agglom\u00e9ration: 70 km\/h<\/span><br \/>\n<span style=\"font-family: helvetica, arial, sans-serif;\">Voie rapide: 80 km\/h<\/span><br \/>\n<span style=\"font-family: helvetica, arial, sans-serif;\">Autoroute: 100 km\/h<\/span><\/p>\n<p><strong><span style=\"font-family: helvetica, arial, sans-serif;\">Camping-cars au-dessus de 3,5t<\/span><\/strong><br \/>\n<span style=\"font-family: helvetica, arial, sans-serif;\">En agglom\u00e9ration: 50 km\/h<\/span><br \/>\n<span style=\"font-family: helvetica, arial, sans-serif;\">Hors agglom\u00e9ration: 80 km\/h<\/span><br \/>\n<span style=\"font-family: helvetica, arial, sans-serif;\">Voie rapide: 90 km\/h<\/span><br \/>\n<span style=\"font-family: helvetica, arial, sans-serif;\">Autoroute: 110 km\/h<\/span><\/p>\n<p><strong><span style=\"font-family: helvetica, arial, sans-serif;\">Informations g\u00e9n\u00e9rales:<\/span><\/strong><br \/>\n<span style=\"font-family: helvetica, arial, sans-serif;\">La qualit\u00e9 des routes a augment\u00e9 consid\u00e9rablement au cours des 20 derniers ans. Mais certaines routes et surtout les routes d&#8217;acc\u00e8s aux plages sont encore tr\u00e8s mauvaises. La N125 passant un peu au nord du littoral de la fronti\u00e8re espagnole \u00e0 Vila do Bispo est tr\u00e8s importante pour l&#8217;orientation. Alternativement, l&#8217;autoroute \u00e0 p\u00e9age (A22) \u00abVia do Infante\u00bb est recommand\u00e9e.<\/span><\/p>\n<p><span style=\"font-family: helvetica, arial, sans-serif;\">La N125 est tr\u00e8s occup\u00e9e le matin entre 8h et 10h et l&#8217;apr\u00e8s-midi d&#8217;environ 16h \u00e0 19h. Il arrive encore et encore que de petits embouteillages se produisent dans les voies de circulation locales.<\/span><\/p>\n<p><strong><span style=\"font-family: helvetica, arial, sans-serif;\">Particularit\u00e9s dans un rond-point:<\/span><\/strong><br \/>\n<span style=\"font-family: helvetica, arial, sans-serif;\">La voie de droite, dans un rond-point \u00e0 deux voies, n&#8217;est utilis\u00e9e que si elle doit \u00eatre quitt\u00e9e \u00e0 la premi\u00e8re possibilit\u00e9. Changer \u00e0 la voie de droite, juste avant de quitter le rond-point, a priorit\u00e9.<\/span><\/p>\n<p><span style=\"font-family: helvetica, arial, sans-serif;\">Les Portugais (aussi la police et l&#8217;auto-\u00e9cole) mettent tr\u00e8s souvent son clignotant dans le rond-point jusqu&#8217;\u00e0 ce qu&#8217;ils veuillent le quitter.<\/span><\/p>\n<p><strong><span style=\"font-family: helvetica, arial, sans-serif;\">Comportement au cas d&#8217;un accident:<\/span><\/strong><br \/>\n<span style=\"font-family: helvetica, arial, sans-serif;\">Au cas d&#8217;un accident, appelez toujours la police. Les soci\u00e9t\u00e9s de location de v\u00e9hicules ou leurs compagnies d&#8217;assurance insistent habituellement sur cela. Imm\u00e9diatement apr\u00e8s l&#8217;accident, faites des photos aussi significatives que possible, aussi telles qui montrent les num\u00e9ros d&#8217;immatriculation des v\u00e9hicules. Utilisez le rapport d&#8217;accident standard de l&#8217;UE. Vous en recevrez un de l&#8217;internet par example.<\/span><br \/>\n<span style=\"font-family: helvetica, arial, sans-serif;\">Le triangle de pr\u00e9signalisation doit \u00eatre plac\u00e9 \u00e0 50 m en ville, \u00e0 100 m en dehors de la ville et \u00e0 200 m sur les autoroutes devant le lieu de l&#8217;accident.<\/span><\/p>\n<p><span style=\"font-family: helvetica, arial, sans-serif;\"><strong>V\u00e9hicules particuli\u00e8res:<\/strong><\/span><br \/>\n<span style=\"font-family: helvetica, arial, sans-serif;\">Chaque jour, vous pouvez voir des chars attel\u00e9s de chevaux, des tuk-tuks (tours touristiques), des trains touristiques et parfois de tr\u00e8s vieilles voitures, qui doivent tous \u00eatre d\u00e9pass\u00e9s avec soin. Les Sintis et les Roms sont toujours en cours de route avec de grands troupeaux de chevaux, gardez une large distance et ne les d\u00e9passez pas avant d&#8217;avoir la place suffisante.<\/span><\/p>\n<p><span style=\"font-family: helvetica, arial, sans-serif;\"><strong>Signalisation:<\/strong><\/span><br \/>\n<span style=\"font-family: helvetica, arial, sans-serif;\">La signalisation est mitig\u00e9e. S&#8217;il y a un panneau \u00e0 la premi\u00e8re intersection indiquant que vous devriez bient\u00f4t quitter la route, il peut \u00eatre oubli\u00e9 \u00e0 l&#8217;intersection suivante.<\/span><\/p>\n<p><span style=\"font-family: helvetica, arial, sans-serif;\">Les panneaux indiquant des villes ou des villages sont blancs avec des lettres noires. Les panneaux signalant des plages, des sites touristiques ou des lieu sp\u00e9ciaux sont bruns avec des lettres blanches. Les panneaux pour des complexes sportives, etc. sont de couleur variable.<\/span><\/p>\n<p><span style=\"font-family: helvetica, arial, sans-serif;\"><strong>D\u00e9passer:<\/strong><\/span><br \/>\n<span style=\"font-family: helvetica, arial, sans-serif;\">Veuillez toujours \u00eatre pr\u00e9par\u00e9 au possibilit\u00e9 d&#8217;\u00eatre d\u00e9pass\u00e9, m\u00eame si &#8220;normalement&#8221; ce ne serait pas possible, donc avant et dans les virages, avec des lignes centrales solides et avec des deux-roues par la droite ou sur des routes \u00e0 voie unique.<\/span><\/p>\n<p><span style=\"font-family: helvetica, arial, sans-serif;\"><strong>Stationnement:<\/strong><\/span><br \/>\n<span style=\"font-family: helvetica, arial, sans-serif;\">Des parkings abondent \u00e0 l&#8217;Algarve. De nombreux parkings, en particulier dans les supermarch\u00e9s et aux restoroutes, sont prot\u00e9g\u00e9s par des auvents pour \u00e9viter l&#8217;irradiation directe et le chauffage de la voiture. Les grands centres commerciaux de Portim\u00e3o, Guia, Faro et Tavira ont des parkings souterrains, qui sont fortement recommand\u00e9s dans les mois d&#8217;\u00e9t\u00e9. Dans les grandes villes, il y a des parkings \u00e0 \u00e9tages bon march\u00e9. Malheureusement, ici on stationne parfois imprudemment, c&#8217;est-\u00e0-dire en double file ainsi que dans le rond-point ou en face des acc\u00e8s.<\/span><\/p>\n<p><span style=\"font-family: helvetica, arial, sans-serif;\"><strong>Conseil: <\/strong><\/span><br \/>\n<span style=\"font-family: helvetica, arial, sans-serif;\">M\u00e9fiez-vous du stationnement sur des places de parking non pav\u00e9e pr\u00e8s d&#8217;une plage! La diff\u00e9rence entre sable praticable et tr\u00e8s meuble est \u00e0 peine visible. S&#8217;il vous pla\u00eet ne pas stationner sur les touffes d&#8217;herbe. Ici, il ne pleut gu\u00e8re pendant les mois d&#8217;\u00e9t\u00e9. La v\u00e9g\u00e9tation peut \u00eatre compl\u00e8tement ass\u00e9ch\u00e9e et le catalyseur tr\u00e8s chaud de votre v\u00e9hicule allume un feu.<\/span><\/p>\n<p><span style=\"font-family: helvetica, arial, sans-serif;\"><strong>Sanctions:<\/strong><\/span><br \/>\n<span style=\"font-family: helvetica, arial, sans-serif;\">La police de l&#8217;Algarve est tr\u00e8s aimable. Au cas d&#8217;un contr\u00f4le veuillez pr\u00e9parer votre passeport \/ carte d&#8217;identit\u00e9, votre permis de conduire et la carte d&#8217;assurance verte (pour les v\u00e9hicules de location les documents complets). Soyez poli et, en cas de d\u00e9lits, raisonnable. Le montant de la punition est souvent discr\u00e9tionnaire.<\/span><\/p>\n<p><span style=\"font-family: helvetica, arial, sans-serif;\">Les appels t\u00e9l\u00e9phoniques et la conduite sans ceinture ont des cons\u00e9quences s\u00e9v\u00e8res (sanctions \u00e0 partir de 120 \u20ac).<\/span><\/p>\n<p><span style=\"font-family: helvetica, arial, sans-serif;\">En cas de panne ou en cas d&#8217;accident, veuillez mettre le gilet de s\u00e9curit\u00e9 avant de quitter le v\u00e9hicule (en cas de non-respect, une p\u00e9nalit\u00e9 tr\u00e8s \u00e9lev\u00e9e peut \u00eatre impos\u00e9e).<\/span><\/p>\n<p><span style=\"font-family: helvetica, arial, sans-serif;\"><strong>Pluie:<\/strong><\/span><br \/>\n<span style=\"font-family: helvetica, arial, sans-serif;\">Quand il pleut, la route devient comme un patinoire. En particulier, quand il n&#8217;a pas plu depuis des mois, le m\u00e9lange d&#8217;abrasion des pneus, de r\u00e9sidus d&#8217;huile et de sable est presque aussi lisse que la glace.<\/span><\/p>\n<p><span style=\"font-family: helvetica, arial, sans-serif;\"><\/div><\/span><\/p>\n","protected":false},"excerpt":{"rendered":"","protected":false},"author":1,"featured_media":0,"parent":0,"menu_order":0,"comment_status":"closed","ping_status":"closed","template":"","meta":{"jetpack_post_was_ever_published":false,"footnotes":""},"class_list":["post-466","page","type-page","status-publish","hentry"],"translation":{"provider":"WPGlobus","version":"3.0.0","language":"fr","enabled_languages":["de","en","fr"],"languages":{"de":{"title":true,"content":true,"excerpt":false},"en":{"title":true,"content":true,"excerpt":false},"fr":{"title":true,"content":true,"excerpt":false}}},"yoast_head":"<!-- This site is optimized with the Yoast SEO plugin v24.8.1 - https:\/\/yoast.com\/wordpress\/plugins\/seo\/ -->\n<title>Route &amp; trafic - AlgarveMoods<\/title>\n<meta name=\"robots\" content=\"index, follow, max-snippet:-1, max-image-preview:large, max-video-preview:-1\" \/>\n<link rel=\"canonical\" href=\"https:\/\/algarvemoods.com\/strasse-verkehr\/\" \/>\n<meta property=\"og:locale\" content=\"fr_FR\" \/>\n<meta property=\"og:type\" content=\"article\" \/>\n<meta property=\"og:title\" content=\"Route &amp; trafic - AlgarveMoods\" \/>\n<meta property=\"og:url\" content=\"https:\/\/algarvemoods.com\/strasse-verkehr\/\" \/>\n<meta property=\"og:site_name\" content=\"AlgarveMoods\" \/>\n<meta property=\"article:publisher\" content=\"http:\/\/facebook.com\/algarvemoods\" \/>\n<meta property=\"article:modified_time\" content=\"2020-03-24T18:55:15+00:00\" \/>\n<meta property=\"og:image\" content=\"https:\/\/www.lduhtrp.net\/image-9126909-12219980\" \/>\n<meta name=\"twitter:card\" content=\"summary_large_image\" \/>\n<meta name=\"twitter:site\" content=\"@ellobo0815\" \/>\n<meta name=\"twitter:label1\" content=\"Est. reading time\" \/>\n\t<meta name=\"twitter:data1\" content=\"12 minutes\" \/>\n<script type=\"application\/ld+json\" class=\"yoast-schema-graph\">{\"@context\":\"https:\/\/schema.org\",\"@graph\":[{\"@type\":\"WebPage\",\"@id\":\"https:\/\/algarvemoods.com\/strasse-verkehr\/\",\"url\":\"https:\/\/algarvemoods.com\/strasse-verkehr\/\",\"name\":\"Route & trafic - AlgarveMoods\",\"isPartOf\":{\"@id\":\"https:\/\/algarvemoods.com\/#website\"},\"primaryImageOfPage\":{\"@id\":\"https:\/\/algarvemoods.com\/strasse-verkehr\/#primaryimage\"},\"image\":{\"@id\":\"https:\/\/algarvemoods.com\/strasse-verkehr\/#primaryimage\"},\"thumbnailUrl\":\"https:\/\/www.lduhtrp.net\/image-9126909-12219980\",\"datePublished\":\"2018-09-18T08:39:20+00:00\",\"dateModified\":\"2020-03-24T18:55:15+00:00\",\"breadcrumb\":{\"@id\":\"https:\/\/algarvemoods.com\/strasse-verkehr\/#breadcrumb\"},\"inLanguage\":\"fr-FR\",\"potentialAction\":[{\"@type\":\"ReadAction\",\"target\":[\"https:\/\/algarvemoods.com\/strasse-verkehr\/\"]}]},{\"@type\":\"ImageObject\",\"inLanguage\":\"fr-FR\",\"@id\":\"https:\/\/algarvemoods.com\/strasse-verkehr\/#primaryimage\",\"url\":\"https:\/\/www.lduhtrp.net\/image-9126909-12219980\",\"contentUrl\":\"https:\/\/www.lduhtrp.net\/image-9126909-12219980\"},{\"@type\":\"BreadcrumbList\",\"@id\":\"https:\/\/algarvemoods.com\/strasse-verkehr\/#breadcrumb\",\"itemListElement\":[{\"@type\":\"ListItem\",\"position\":1,\"name\":\"Home\",\"item\":\"https:\/\/algarvemoods.com\/\"},{\"@type\":\"ListItem\",\"position\":2,\"name\":\"Stra\u00dfe &#038; Verkehr\"}]},{\"@type\":\"WebSite\",\"@id\":\"https:\/\/algarvemoods.com\/#website\",\"url\":\"https:\/\/algarvemoods.com\/\",\"name\":\"AlgarveMoods\",\"description\":\"Informations sur l\u2018Algarve\",\"potentialAction\":[{\"@type\":\"SearchAction\",\"target\":{\"@type\":\"EntryPoint\",\"urlTemplate\":\"https:\/\/algarvemoods.com\/?s={search_term_string}\"},\"query-input\":{\"@type\":\"PropertyValueSpecification\",\"valueRequired\":true,\"valueName\":\"search_term_string\"}}],\"inLanguage\":\"fr-FR\"}]}<\/script>\n<!-- \/ Yoast SEO plugin. -->","yoast_head_json":{"title":"Route & trafic - AlgarveMoods","robots":{"index":"index","follow":"follow","max-snippet":"max-snippet:-1","max-image-preview":"max-image-preview:large","max-video-preview":"max-video-preview:-1"},"canonical":"https:\/\/algarvemoods.com\/strasse-verkehr\/","og_locale":"fr_FR","og_type":"article","og_title":"Route & trafic - AlgarveMoods","og_url":"https:\/\/algarvemoods.com\/strasse-verkehr\/","og_site_name":"AlgarveMoods","article_publisher":"http:\/\/facebook.com\/algarvemoods","article_modified_time":"2020-03-24T18:55:15+00:00","og_image":[{"url":"https:\/\/www.lduhtrp.net\/image-9126909-12219980","type":"","width":"","height":""}],"twitter_card":"summary_large_image","twitter_site":"@ellobo0815","twitter_misc":{"Est. reading time":"12 minutes"},"schema":{"@context":"https:\/\/schema.org","@graph":[{"@type":"WebPage","@id":"https:\/\/algarvemoods.com\/strasse-verkehr\/","url":"https:\/\/algarvemoods.com\/strasse-verkehr\/","name":"Route & trafic - AlgarveMoods","isPartOf":{"@id":"https:\/\/algarvemoods.com\/#website"},"primaryImageOfPage":{"@id":"https:\/\/algarvemoods.com\/strasse-verkehr\/#primaryimage"},"image":{"@id":"https:\/\/algarvemoods.com\/strasse-verkehr\/#primaryimage"},"thumbnailUrl":"https:\/\/www.lduhtrp.net\/image-9126909-12219980","datePublished":"2018-09-18T08:39:20+00:00","dateModified":"2020-03-24T18:55:15+00:00","breadcrumb":{"@id":"https:\/\/algarvemoods.com\/strasse-verkehr\/#breadcrumb"},"inLanguage":"fr-FR","potentialAction":[{"@type":"ReadAction","target":["https:\/\/algarvemoods.com\/strasse-verkehr\/"]}]},{"@type":"ImageObject","inLanguage":"fr-FR","@id":"https:\/\/algarvemoods.com\/strasse-verkehr\/#primaryimage","url":"https:\/\/www.lduhtrp.net\/image-9126909-12219980","contentUrl":"https:\/\/www.lduhtrp.net\/image-9126909-12219980"},{"@type":"BreadcrumbList","@id":"https:\/\/algarvemoods.com\/strasse-verkehr\/#breadcrumb","itemListElement":[{"@type":"ListItem","position":1,"name":"Home","item":"https:\/\/algarvemoods.com\/"},{"@type":"ListItem","position":2,"name":"Stra\u00dfe &#038; Verkehr"}]},{"@type":"WebSite","@id":"https:\/\/algarvemoods.com\/#website","url":"https:\/\/algarvemoods.com\/","name":"AlgarveMoods","description":"Informations sur l\u2018Algarve","potentialAction":[{"@type":"SearchAction","target":{"@type":"EntryPoint","urlTemplate":"https:\/\/algarvemoods.com\/?s={search_term_string}"},"query-input":{"@type":"PropertyValueSpecification","valueRequired":true,"valueName":"search_term_string"}}],"inLanguage":"fr-FR"}]}},"jetpack_shortlink":"https:\/\/wp.me\/Pafafo-7w","jetpack_likes_enabled":true,"jetpack_sharing_enabled":true,"_links":{"self":[{"href":"https:\/\/algarvemoods.com\/fr\/wp-json\/wp\/v2\/pages\/466","targetHints":{"allow":["GET"]}}],"collection":[{"href":"https:\/\/algarvemoods.com\/fr\/wp-json\/wp\/v2\/pages"}],"about":[{"href":"https:\/\/algarvemoods.com\/fr\/wp-json\/wp\/v2\/types\/page"}],"author":[{"embeddable":true,"href":"https:\/\/algarvemoods.com\/fr\/wp-json\/wp\/v2\/users\/1"}],"replies":[{"embeddable":true,"href":"https:\/\/algarvemoods.com\/fr\/wp-json\/wp\/v2\/comments?post=466"}],"version-history":[{"count":26,"href":"https:\/\/algarvemoods.com\/fr\/wp-json\/wp\/v2\/pages\/466\/revisions"}],"predecessor-version":[{"id":5763,"href":"https:\/\/algarvemoods.com\/fr\/wp-json\/wp\/v2\/pages\/466\/revisions\/5763"}],"wp:attachment":[{"href":"https:\/\/algarvemoods.com\/fr\/wp-json\/wp\/v2\/media?parent=466"}],"curies":[{"name":"wp","href":"https:\/\/api.w.org\/{rel}","templated":true}]}}