{"id":434,"date":"2018-09-11T09:13:16","date_gmt":"2018-09-11T08:13:16","guid":{"rendered":"http:\/\/wp13239037.server-he.de\/?page_id=434"},"modified":"2020-02-06T16:00:24","modified_gmt":"2020-02-06T16:00:24","slug":"flora","status":"publish","type":"page","link":"https:\/\/algarvemoods.com\/fr\/flore\/","title":{"rendered":"Flore"},"content":{"rendered":"<p><span style=\"font-family: helvetica, arial, sans-serif;\">En Algarve, il fleurit 365 jours par an. Les temps de r\u00e9colte sont beaucoup plus longs que dans les r\u00e9gions moins ensoleill\u00e9es et gel\u00e9es.<\/span><\/p>\n<p><span style=\"font-family: helvetica, arial, sans-serif;\">En raison des diverses anciennes colonies en Asie, en Afrique et en Am\u00e9rique du Sud, il y a une abondance inhabituelle de plantes.<\/span><\/p>\n<p><span style=\"font-family: helvetica, arial, sans-serif;\">Les diff\u00e9rents arbres fruitiers offrent un assortiment presque ing\u00e9rable avec des fruits tr\u00e8s savoureux et surtout sains.<\/span><\/p>\n<p><span style=\"font-family: helvetica, arial, sans-serif;\">Il existe de nombreuses r\u00e9gions viticoles de l&#8217;Algarve qui b\u00e9n\u00e9ficient de plus de 3000 heures de soleil par an.<\/span><\/p>\n<p><span style=\"font-family: helvetica, arial, sans-serif;\">M\u00eame pendant les mois secs d&#8217;\u00e9t\u00e9, lorsque l&#8217;herbe sur le bord de la route devient brune, la nature parvient \u00e0 maintenir des plantes luxuriantes et un paysage verdoyant.<\/span><\/p>\n","protected":false},"excerpt":{"rendered":"<p>En Algarve, il fleurit 365 jours par an. Les temps de r\u00e9colte sont beaucoup plus longs que dans les r\u00e9gions moins ensoleill\u00e9es et gel\u00e9es. En [&hellip;]<\/p>\n","protected":false},"author":1,"featured_media":4872,"parent":0,"menu_order":0,"comment_status":"closed","ping_status":"closed","template":"","meta":{"jetpack_post_was_ever_published":false,"footnotes":""},"class_list":["post-434","page","type-page","status-publish","has-post-thumbnail","hentry"],"translation":{"provider":"WPGlobus","version":"3.0.0","language":"fr","enabled_languages":["de","en","fr"],"languages":{"de":{"title":true,"content":true,"excerpt":false},"en":{"title":true,"content":true,"excerpt":false},"fr":{"title":true,"content":true,"excerpt":false}}},"yoast_head":"<!-- This site is optimized with the Yoast SEO plugin v24.8.1 - https:\/\/yoast.com\/wordpress\/plugins\/seo\/ -->\n<title>Flore - AlgarveMoods<\/title>\n<meta name=\"robots\" content=\"index, follow, max-snippet:-1, max-image-preview:large, max-video-preview:-1\" \/>\n<link rel=\"canonical\" href=\"https:\/\/algarvemoods.com\/flora\/\" \/>\n<meta property=\"og:locale\" content=\"fr_FR\" \/>\n<meta property=\"og:type\" content=\"article\" \/>\n<meta property=\"og:title\" content=\"Flore - AlgarveMoods\" \/>\n<meta property=\"og:url\" content=\"https:\/\/algarvemoods.com\/flora\/\" \/>\n<meta property=\"og:site_name\" content=\"AlgarveMoods\" \/>\n<meta property=\"article:publisher\" content=\"http:\/\/facebook.com\/algarvemoods\" \/>\n<meta property=\"article:modified_time\" content=\"2020-02-06T16:00:24+00:00\" \/>\n<meta property=\"og:image\" content=\"https:\/\/algarvemoods.com\/wp-c8b25-content\/uploads\/K800_IMG_2015.jpg\" \/>\n\t<meta property=\"og:image:width\" content=\"900\" \/>\n\t<meta property=\"og:image:height\" content=\"400\" \/>\n\t<meta property=\"og:image:type\" content=\"image\/jpeg\" \/>\n<meta name=\"twitter:card\" content=\"summary_large_image\" \/>\n<meta name=\"twitter:site\" content=\"@ellobo0815\" \/>\n<meta name=\"twitter:label1\" content=\"Est. reading time\" \/>\n\t<meta name=\"twitter:data1\" content=\"2 minutes\" \/>\n<script type=\"application\/ld+json\" class=\"yoast-schema-graph\">{\"@context\":\"https:\/\/schema.org\",\"@graph\":[{\"@type\":\"WebPage\",\"@id\":\"https:\/\/algarvemoods.com\/flora\/\",\"url\":\"https:\/\/algarvemoods.com\/flora\/\",\"name\":\"Flore - AlgarveMoods\",\"isPartOf\":{\"@id\":\"https:\/\/algarvemoods.com\/#website\"},\"primaryImageOfPage\":{\"@id\":\"https:\/\/algarvemoods.com\/flora\/#primaryimage\"},\"image\":{\"@id\":\"https:\/\/algarvemoods.com\/flora\/#primaryimage\"},\"thumbnailUrl\":\"https:\/\/i0.wp.com\/algarvemoods.com\/wp-c8b25-content\/uploads\/K800_IMG_2015.jpg?fit=900%2C400&ssl=1\",\"datePublished\":\"2018-09-11T08:13:16+00:00\",\"dateModified\":\"2020-02-06T16:00:24+00:00\",\"breadcrumb\":{\"@id\":\"https:\/\/algarvemoods.com\/flora\/#breadcrumb\"},\"inLanguage\":\"fr-FR\",\"potentialAction\":[{\"@type\":\"ReadAction\",\"target\":[\"https:\/\/algarvemoods.com\/flora\/\"]}]},{\"@type\":\"ImageObject\",\"inLanguage\":\"fr-FR\",\"@id\":\"https:\/\/algarvemoods.com\/flora\/#primaryimage\",\"url\":\"https:\/\/i0.wp.com\/algarvemoods.com\/wp-c8b25-content\/uploads\/K800_IMG_2015.jpg?fit=900%2C400&ssl=1\",\"contentUrl\":\"https:\/\/i0.wp.com\/algarvemoods.com\/wp-c8b25-content\/uploads\/K800_IMG_2015.jpg?fit=900%2C400&ssl=1\",\"width\":900,\"height\":400},{\"@type\":\"BreadcrumbList\",\"@id\":\"https:\/\/algarvemoods.com\/flora\/#breadcrumb\",\"itemListElement\":[{\"@type\":\"ListItem\",\"position\":1,\"name\":\"Home\",\"item\":\"https:\/\/algarvemoods.com\/\"},{\"@type\":\"ListItem\",\"position\":2,\"name\":\"Flora\"}]},{\"@type\":\"WebSite\",\"@id\":\"https:\/\/algarvemoods.com\/#website\",\"url\":\"https:\/\/algarvemoods.com\/\",\"name\":\"AlgarveMoods\",\"description\":\"Informations sur l\u2018Algarve\",\"potentialAction\":[{\"@type\":\"SearchAction\",\"target\":{\"@type\":\"EntryPoint\",\"urlTemplate\":\"https:\/\/algarvemoods.com\/?s={search_term_string}\"},\"query-input\":{\"@type\":\"PropertyValueSpecification\",\"valueRequired\":true,\"valueName\":\"search_term_string\"}}],\"inLanguage\":\"fr-FR\"}]}<\/script>\n<!-- \/ Yoast SEO plugin. -->","yoast_head_json":{"title":"Flore - AlgarveMoods","robots":{"index":"index","follow":"follow","max-snippet":"max-snippet:-1","max-image-preview":"max-image-preview:large","max-video-preview":"max-video-preview:-1"},"canonical":"https:\/\/algarvemoods.com\/flora\/","og_locale":"fr_FR","og_type":"article","og_title":"Flore - AlgarveMoods","og_url":"https:\/\/algarvemoods.com\/flora\/","og_site_name":"AlgarveMoods","article_publisher":"http:\/\/facebook.com\/algarvemoods","article_modified_time":"2020-02-06T16:00:24+00:00","og_image":[{"width":900,"height":400,"url":"https:\/\/algarvemoods.com\/wp-c8b25-content\/uploads\/K800_IMG_2015.jpg","type":"image\/jpeg"}],"twitter_card":"summary_large_image","twitter_site":"@ellobo0815","twitter_misc":{"Est. reading time":"2 minutes"},"schema":{"@context":"https:\/\/schema.org","@graph":[{"@type":"WebPage","@id":"https:\/\/algarvemoods.com\/flora\/","url":"https:\/\/algarvemoods.com\/flora\/","name":"Flore - AlgarveMoods","isPartOf":{"@id":"https:\/\/algarvemoods.com\/#website"},"primaryImageOfPage":{"@id":"https:\/\/algarvemoods.com\/flora\/#primaryimage"},"image":{"@id":"https:\/\/algarvemoods.com\/flora\/#primaryimage"},"thumbnailUrl":"https:\/\/i0.wp.com\/algarvemoods.com\/wp-c8b25-content\/uploads\/K800_IMG_2015.jpg?fit=900%2C400&ssl=1","datePublished":"2018-09-11T08:13:16+00:00","dateModified":"2020-02-06T16:00:24+00:00","breadcrumb":{"@id":"https:\/\/algarvemoods.com\/flora\/#breadcrumb"},"inLanguage":"fr-FR","potentialAction":[{"@type":"ReadAction","target":["https:\/\/algarvemoods.com\/flora\/"]}]},{"@type":"ImageObject","inLanguage":"fr-FR","@id":"https:\/\/algarvemoods.com\/flora\/#primaryimage","url":"https:\/\/i0.wp.com\/algarvemoods.com\/wp-c8b25-content\/uploads\/K800_IMG_2015.jpg?fit=900%2C400&ssl=1","contentUrl":"https:\/\/i0.wp.com\/algarvemoods.com\/wp-c8b25-content\/uploads\/K800_IMG_2015.jpg?fit=900%2C400&ssl=1","width":900,"height":400},{"@type":"BreadcrumbList","@id":"https:\/\/algarvemoods.com\/flora\/#breadcrumb","itemListElement":[{"@type":"ListItem","position":1,"name":"Home","item":"https:\/\/algarvemoods.com\/"},{"@type":"ListItem","position":2,"name":"Flora"}]},{"@type":"WebSite","@id":"https:\/\/algarvemoods.com\/#website","url":"https:\/\/algarvemoods.com\/","name":"AlgarveMoods","description":"Informations sur l\u2018Algarve","potentialAction":[{"@type":"SearchAction","target":{"@type":"EntryPoint","urlTemplate":"https:\/\/algarvemoods.com\/?s={search_term_string}"},"query-input":{"@type":"PropertyValueSpecification","valueRequired":true,"valueName":"search_term_string"}}],"inLanguage":"fr-FR"}]}},"jetpack_shortlink":"https:\/\/wp.me\/Pafafo-70","jetpack_likes_enabled":true,"jetpack_sharing_enabled":true,"_links":{"self":[{"href":"https:\/\/algarvemoods.com\/fr\/wp-json\/wp\/v2\/pages\/434","targetHints":{"allow":["GET"]}}],"collection":[{"href":"https:\/\/algarvemoods.com\/fr\/wp-json\/wp\/v2\/pages"}],"about":[{"href":"https:\/\/algarvemoods.com\/fr\/wp-json\/wp\/v2\/types\/page"}],"author":[{"embeddable":true,"href":"https:\/\/algarvemoods.com\/fr\/wp-json\/wp\/v2\/users\/1"}],"replies":[{"embeddable":true,"href":"https:\/\/algarvemoods.com\/fr\/wp-json\/wp\/v2\/comments?post=434"}],"version-history":[{"count":4,"href":"https:\/\/algarvemoods.com\/fr\/wp-json\/wp\/v2\/pages\/434\/revisions"}],"predecessor-version":[{"id":5481,"href":"https:\/\/algarvemoods.com\/fr\/wp-json\/wp\/v2\/pages\/434\/revisions\/5481"}],"wp:featuredmedia":[{"embeddable":true,"href":"https:\/\/algarvemoods.com\/fr\/wp-json\/wp\/v2\/media\/4872"}],"wp:attachment":[{"href":"https:\/\/algarvemoods.com\/fr\/wp-json\/wp\/v2\/media?parent=434"}],"curies":[{"name":"wp","href":"https:\/\/api.w.org\/{rel}","templated":true}]}}