{"id":4271,"date":"2018-11-25T10:40:16","date_gmt":"2018-11-25T10:40:16","guid":{"rendered":"http:\/\/wp13239037.server-he.de\/?page_id=4271"},"modified":"2019-05-29T16:43:35","modified_gmt":"2019-05-29T15:43:35","slug":"yachthafen-vilamoura","status":"publish","type":"page","link":"https:\/\/algarvemoods.com\/fr\/port-de-plaisance-vilamoura\/","title":{"rendered":"Port de plaisance"},"content":{"rendered":"<p><span style=\"font-family: helvetica, arial, sans-serif;\">825 mouillages &#8211; tirant d&#8217;eau maximum 4 m\u00e8tres &#8211; longueur maximale du bateau 50 m\u00e8tres.<\/span><\/p>\n<p><span style=\"font-family: helvetica, arial, sans-serif;\">La marina de Vilamoura est le plus grand port de plaisance du Portugal. Construit en 1974, il s\u2019agissait du premier port du genre dans le pays.<\/span><\/p>\n<p><span style=\"font-family: helvetica, arial, sans-serif;\">En 2015, la marina a \u00e9t\u00e9 \u00e9lue meilleure marina internationale. Elle est un mod\u00e8le en fonction de protection de l&#8217;environnement et de qualit\u00e9.\u00a0<\/span><\/p>\n<hr \/>\n<p><span style=\"font-family: helvetica, arial, sans-serif;\"><div class='content-column two_third'><\/span><\/p>\n<p><span style=\"font-family: helvetica, arial, sans-serif;\">Adresse:<\/span><\/p>\n<p><span style=\"font-family: helvetica, arial, sans-serif;\">Marina de Vilamoura, S.A.<\/span><br \/>\n<span style=\"font-family: helvetica, arial, sans-serif;\">8125-409 Vilamoura<\/span><br \/>\n<span style=\"font-family: helvetica, arial, sans-serif;\">Portugal<\/span><\/p>\n<p><span style=\"font-family: helvetica, arial, sans-serif;\">T\u00e9l. +351 289 310 560<\/span><br \/>\n<span style=\"font-family: helvetica, arial, sans-serif;\">Fax +351 289 310 580<\/span><\/p>\n<p><span style=\"font-family: helvetica, arial, sans-serif;\">marinavilamoura@vilamouraworld.com<\/span><br \/>\n<span style=\"font-family: helvetica, arial, sans-serif;\">https:\/\/www.marinadevilamoura.com<\/span><\/p>\n<hr \/>\n<ul>\n<li><span style=\"font-family: helvetica, arial, sans-serif;\">Connecteur d\u2019alimentation \u00e9lectrique<\/span><\/li>\n<li><span style=\"font-family: helvetica, arial, sans-serif;\">Connexion d&#8217;eau douce<\/span><\/li>\n<li><span style=\"font-family: helvetica, arial, sans-serif;\">Toilettes<\/span><\/li>\n<li><span style=\"font-family: helvetica, arial, sans-serif;\">Douches<\/span><\/li>\n<li><span style=\"font-family: helvetica, arial, sans-serif;\">Bar \/ Restaurant<\/span><\/li>\n<li><span style=\"font-family: helvetica, arial, sans-serif;\">Machine \u00e0 laver<\/span><\/li>\n<li><span style=\"font-family: helvetica, arial, sans-serif;\">S\u00e8che-linge<\/span><\/li>\n<li><span style=\"font-family: helvetica, arial, sans-serif;\">\u00c9puration des eaux us\u00e9es<\/span><\/li>\n<li><span style=\"font-family: helvetica, arial, sans-serif;\">Voie de glissement<\/span><\/li>\n<li><span style=\"font-family: helvetica, arial, sans-serif;\">WLAN<\/span><\/li>\n<\/ul>\n<hr \/>\n<p><span style=\"font-family: helvetica, arial, sans-serif;\"><img data-recalc-dims=\"1\" loading=\"lazy\" decoding=\"async\" class=\"size-medium wp-image-4267 aligncenter\" src=\"https:\/\/i0.wp.com\/algarvemoods.com\/wp-c8b25-content\/uploads\/2018\/11\/SAM_0413.jpg?resize=448%2C252&#038;ssl=1\" alt=\"\" width=\"448\" height=\"252\" srcset=\"https:\/\/i0.wp.com\/algarvemoods.com\/wp-c8b25-content\/uploads\/2018\/11\/SAM_0413.jpg?resize=448%2C252&amp;ssl=1 448w, https:\/\/i0.wp.com\/algarvemoods.com\/wp-c8b25-content\/uploads\/2018\/11\/SAM_0413.jpg?resize=160%2C90&amp;ssl=1 160w, https:\/\/i0.wp.com\/algarvemoods.com\/wp-c8b25-content\/uploads\/2018\/11\/SAM_0413.jpg?resize=768%2C432&amp;ssl=1 768w, https:\/\/i0.wp.com\/algarvemoods.com\/wp-c8b25-content\/uploads\/2018\/11\/SAM_0413.jpg?resize=644%2C362&amp;ssl=1 644w, https:\/\/i0.wp.com\/algarvemoods.com\/wp-c8b25-content\/uploads\/2018\/11\/SAM_0413.jpg?w=1024&amp;ssl=1 1024w\" sizes=\"auto, (max-width: 448px) 100vw, 448px\" \/><\/span><\/p>\n<p><span style=\"font-family: helvetica, arial, sans-serif;\">La marina est limit\u00e9e sur 3 c\u00f4t\u00e9s par la promenade. Il y a de nombreux restaurants, bistros, snack-bars et caf\u00e9s. Les banques, la poste et divers magasins se trouvent pr\u00e8s du port.<\/span><\/p>\n<hr \/>\n<p><span style=\"font-family: helvetica, arial, sans-serif;\"> <img data-recalc-dims=\"1\" loading=\"lazy\" decoding=\"async\" class=\"size-medium wp-image-4268 aligncenter\" src=\"https:\/\/i0.wp.com\/algarvemoods.com\/wp-c8b25-content\/uploads\/2018\/11\/SAM_0412.jpg?resize=448%2C252&#038;ssl=1\" alt=\"\" width=\"448\" height=\"252\" srcset=\"https:\/\/i0.wp.com\/algarvemoods.com\/wp-c8b25-content\/uploads\/2018\/11\/SAM_0412.jpg?resize=448%2C252&amp;ssl=1 448w, https:\/\/i0.wp.com\/algarvemoods.com\/wp-c8b25-content\/uploads\/2018\/11\/SAM_0412.jpg?resize=160%2C90&amp;ssl=1 160w, https:\/\/i0.wp.com\/algarvemoods.com\/wp-c8b25-content\/uploads\/2018\/11\/SAM_0412.jpg?resize=768%2C432&amp;ssl=1 768w, https:\/\/i0.wp.com\/algarvemoods.com\/wp-c8b25-content\/uploads\/2018\/11\/SAM_0412.jpg?resize=644%2C362&amp;ssl=1 644w, https:\/\/i0.wp.com\/algarvemoods.com\/wp-c8b25-content\/uploads\/2018\/11\/SAM_0412.jpg?w=1024&amp;ssl=1 1024w\" sizes=\"auto, (max-width: 448px) 100vw, 448px\" \/><\/span><\/p>\n<p><span style=\"font-family: helvetica, arial, sans-serif;\">Il y a quelques ann\u00e9es \u00e0 peine, la rue n&#8217;\u00e9tait construite que d&#8217;un c\u00f4t\u00e9 avec des restaurants et des magasins. Une fois que le bord du bassin du port a \u00e9t\u00e9 recouvert de bois, beaucoup plus de si\u00e8ges ont \u00e9t\u00e9 cr\u00e9\u00e9s avec une vue magnifique.<\/span><\/p>\n<hr \/>\n<p><span style=\"font-family: helvetica, arial, sans-serif;\"> <img data-recalc-dims=\"1\" loading=\"lazy\" decoding=\"async\" class=\"size-medium wp-image-4269 aligncenter\" src=\"https:\/\/i0.wp.com\/algarvemoods.com\/wp-c8b25-content\/uploads\/2018\/11\/SAM_0422.jpg?resize=448%2C252&#038;ssl=1\" alt=\"\" width=\"448\" height=\"252\" srcset=\"https:\/\/i0.wp.com\/algarvemoods.com\/wp-c8b25-content\/uploads\/2018\/11\/SAM_0422.jpg?resize=448%2C252&amp;ssl=1 448w, https:\/\/i0.wp.com\/algarvemoods.com\/wp-c8b25-content\/uploads\/2018\/11\/SAM_0422.jpg?resize=160%2C90&amp;ssl=1 160w, https:\/\/i0.wp.com\/algarvemoods.com\/wp-c8b25-content\/uploads\/2018\/11\/SAM_0422.jpg?resize=768%2C432&amp;ssl=1 768w, https:\/\/i0.wp.com\/algarvemoods.com\/wp-c8b25-content\/uploads\/2018\/11\/SAM_0422.jpg?resize=644%2C362&amp;ssl=1 644w, https:\/\/i0.wp.com\/algarvemoods.com\/wp-c8b25-content\/uploads\/2018\/11\/SAM_0422.jpg?w=1024&amp;ssl=1 1024w\" sizes=\"auto, (max-width: 448px) 100vw, 448px\" \/><\/span><\/p>\n<p><span style=\"font-family: helvetica, arial, sans-serif;\">Des excursions en bateau ou en navire, de p\u00eache, des charters de yachts et la p\u00eache en haute mer sont propos\u00e9s.<\/span><\/p>\n<hr \/>\n<p><span style=\"font-family: helvetica, arial, sans-serif;\"><\/div><\/span><\/p>\n","protected":false},"excerpt":{"rendered":"<p>825 mouillages &#8211; tirant d&#8217;eau maximum 4 m\u00e8tres &#8211; longueur maximale du bateau 50 m\u00e8tres. La marina de Vilamoura est le plus grand port de [&hellip;]<\/p>\n","protected":false},"author":1,"featured_media":4266,"parent":0,"menu_order":0,"comment_status":"closed","ping_status":"closed","template":"","meta":{"jetpack_post_was_ever_published":false,"footnotes":""},"class_list":["post-4271","page","type-page","status-publish","has-post-thumbnail","hentry"],"translation":{"provider":"WPGlobus","version":"3.0.0","language":"fr","enabled_languages":["de","en","fr"],"languages":{"de":{"title":true,"content":true,"excerpt":false},"en":{"title":true,"content":true,"excerpt":false},"fr":{"title":true,"content":true,"excerpt":false}}},"yoast_head":"<!-- This site is optimized with the Yoast SEO plugin v24.8.1 - https:\/\/yoast.com\/wordpress\/plugins\/seo\/ -->\n<title>Port de plaisance - AlgarveMoods<\/title>\n<meta name=\"robots\" content=\"index, follow, max-snippet:-1, max-image-preview:large, max-video-preview:-1\" \/>\n<link rel=\"canonical\" href=\"https:\/\/algarvemoods.com\/fr\/port-de-plaisance-vilamoura\/\" \/>\n<meta property=\"og:locale\" content=\"fr_FR\" \/>\n<meta property=\"og:type\" content=\"article\" \/>\n<meta property=\"og:title\" content=\"Port de plaisance - AlgarveMoods\" \/>\n<meta property=\"og:url\" content=\"https:\/\/algarvemoods.com\/fr\/port-de-plaisance-vilamoura\/\" \/>\n<meta property=\"og:site_name\" content=\"AlgarveMoods\" \/>\n<meta property=\"article:publisher\" content=\"http:\/\/facebook.com\/algarvemoods\" \/>\n<meta property=\"article:modified_time\" content=\"2019-05-29T15:43:35+00:00\" \/>\n<meta property=\"og:image\" content=\"https:\/\/i0.wp.com\/algarvemoods.com\/wp-c8b25-content\/uploads\/2018\/11\/vilamoura-yachthafen-marina-port-de-plaisance.jpg?fit=1024%2C400&ssl=1\" \/>\n\t<meta property=\"og:image:width\" content=\"1024\" \/>\n\t<meta property=\"og:image:height\" content=\"400\" \/>\n\t<meta property=\"og:image:type\" content=\"image\/jpeg\" \/>\n<meta name=\"twitter:card\" content=\"summary_large_image\" \/>\n<meta name=\"twitter:site\" content=\"@ellobo0815\" \/>\n<meta name=\"twitter:label1\" content=\"Est. reading time\" \/>\n\t<meta name=\"twitter:data1\" content=\"3 minutes\" \/>\n<script type=\"application\/ld+json\" class=\"yoast-schema-graph\">{\"@context\":\"https:\/\/schema.org\",\"@graph\":[{\"@type\":\"WebPage\",\"@id\":\"https:\/\/algarvemoods.com\/fr\/port-de-plaisance-vilamoura\/\",\"url\":\"https:\/\/algarvemoods.com\/fr\/port-de-plaisance-vilamoura\/\",\"name\":\"Port de plaisance - AlgarveMoods\",\"isPartOf\":{\"@id\":\"https:\/\/algarvemoods.com\/#website\"},\"primaryImageOfPage\":{\"@id\":\"https:\/\/algarvemoods.com\/fr\/port-de-plaisance-vilamoura\/#primaryimage\"},\"image\":{\"@id\":\"https:\/\/algarvemoods.com\/fr\/port-de-plaisance-vilamoura\/#primaryimage\"},\"thumbnailUrl\":\"https:\/\/i0.wp.com\/algarvemoods.com\/wp-c8b25-content\/uploads\/2018\/11\/vilamoura-yachthafen-marina-port-de-plaisance.jpg?fit=1024%2C400&ssl=1\",\"datePublished\":\"2018-11-25T10:40:16+00:00\",\"dateModified\":\"2019-05-29T15:43:35+00:00\",\"breadcrumb\":{\"@id\":\"https:\/\/algarvemoods.com\/fr\/port-de-plaisance-vilamoura\/#breadcrumb\"},\"inLanguage\":\"fr-FR\",\"potentialAction\":[{\"@type\":\"ReadAction\",\"target\":[\"https:\/\/algarvemoods.com\/fr\/port-de-plaisance-vilamoura\/\"]}]},{\"@type\":\"ImageObject\",\"inLanguage\":\"fr-FR\",\"@id\":\"https:\/\/algarvemoods.com\/fr\/port-de-plaisance-vilamoura\/#primaryimage\",\"url\":\"https:\/\/i0.wp.com\/algarvemoods.com\/wp-c8b25-content\/uploads\/2018\/11\/vilamoura-yachthafen-marina-port-de-plaisance.jpg?fit=1024%2C400&ssl=1\",\"contentUrl\":\"https:\/\/i0.wp.com\/algarvemoods.com\/wp-c8b25-content\/uploads\/2018\/11\/vilamoura-yachthafen-marina-port-de-plaisance.jpg?fit=1024%2C400&ssl=1\",\"width\":1024,\"height\":400},{\"@type\":\"BreadcrumbList\",\"@id\":\"https:\/\/algarvemoods.com\/fr\/port-de-plaisance-vilamoura\/#breadcrumb\",\"itemListElement\":[{\"@type\":\"ListItem\",\"position\":1,\"name\":\"Home\",\"item\":\"https:\/\/algarvemoods.com\/\"},{\"@type\":\"ListItem\",\"position\":2,\"name\":\"Port de plaisance\"}]},{\"@type\":\"WebSite\",\"@id\":\"https:\/\/algarvemoods.com\/#website\",\"url\":\"https:\/\/algarvemoods.com\/\",\"name\":\"AlgarveMoods\",\"description\":\"Informations sur l\u2018Algarve\",\"potentialAction\":[{\"@type\":\"SearchAction\",\"target\":{\"@type\":\"EntryPoint\",\"urlTemplate\":\"https:\/\/algarvemoods.com\/?s={search_term_string}\"},\"query-input\":{\"@type\":\"PropertyValueSpecification\",\"valueRequired\":true,\"valueName\":\"search_term_string\"}}],\"inLanguage\":\"fr-FR\"}]}<\/script>\n<!-- \/ Yoast SEO plugin. -->","yoast_head_json":{"title":"Port de plaisance - AlgarveMoods","robots":{"index":"index","follow":"follow","max-snippet":"max-snippet:-1","max-image-preview":"max-image-preview:large","max-video-preview":"max-video-preview:-1"},"canonical":"https:\/\/algarvemoods.com\/fr\/port-de-plaisance-vilamoura\/","og_locale":"fr_FR","og_type":"article","og_title":"Port de plaisance - AlgarveMoods","og_url":"https:\/\/algarvemoods.com\/fr\/port-de-plaisance-vilamoura\/","og_site_name":"AlgarveMoods","article_publisher":"http:\/\/facebook.com\/algarvemoods","article_modified_time":"2019-05-29T15:43:35+00:00","og_image":[{"width":1024,"height":400,"url":"https:\/\/i0.wp.com\/algarvemoods.com\/wp-c8b25-content\/uploads\/2018\/11\/vilamoura-yachthafen-marina-port-de-plaisance.jpg?fit=1024%2C400&ssl=1","type":"image\/jpeg"}],"twitter_card":"summary_large_image","twitter_site":"@ellobo0815","twitter_misc":{"Est. reading time":"3 minutes"},"schema":{"@context":"https:\/\/schema.org","@graph":[{"@type":"WebPage","@id":"https:\/\/algarvemoods.com\/fr\/port-de-plaisance-vilamoura\/","url":"https:\/\/algarvemoods.com\/fr\/port-de-plaisance-vilamoura\/","name":"Port de plaisance - AlgarveMoods","isPartOf":{"@id":"https:\/\/algarvemoods.com\/#website"},"primaryImageOfPage":{"@id":"https:\/\/algarvemoods.com\/fr\/port-de-plaisance-vilamoura\/#primaryimage"},"image":{"@id":"https:\/\/algarvemoods.com\/fr\/port-de-plaisance-vilamoura\/#primaryimage"},"thumbnailUrl":"https:\/\/i0.wp.com\/algarvemoods.com\/wp-c8b25-content\/uploads\/2018\/11\/vilamoura-yachthafen-marina-port-de-plaisance.jpg?fit=1024%2C400&ssl=1","datePublished":"2018-11-25T10:40:16+00:00","dateModified":"2019-05-29T15:43:35+00:00","breadcrumb":{"@id":"https:\/\/algarvemoods.com\/fr\/port-de-plaisance-vilamoura\/#breadcrumb"},"inLanguage":"fr-FR","potentialAction":[{"@type":"ReadAction","target":["https:\/\/algarvemoods.com\/fr\/port-de-plaisance-vilamoura\/"]}]},{"@type":"ImageObject","inLanguage":"fr-FR","@id":"https:\/\/algarvemoods.com\/fr\/port-de-plaisance-vilamoura\/#primaryimage","url":"https:\/\/i0.wp.com\/algarvemoods.com\/wp-c8b25-content\/uploads\/2018\/11\/vilamoura-yachthafen-marina-port-de-plaisance.jpg?fit=1024%2C400&ssl=1","contentUrl":"https:\/\/i0.wp.com\/algarvemoods.com\/wp-c8b25-content\/uploads\/2018\/11\/vilamoura-yachthafen-marina-port-de-plaisance.jpg?fit=1024%2C400&ssl=1","width":1024,"height":400},{"@type":"BreadcrumbList","@id":"https:\/\/algarvemoods.com\/fr\/port-de-plaisance-vilamoura\/#breadcrumb","itemListElement":[{"@type":"ListItem","position":1,"name":"Home","item":"https:\/\/algarvemoods.com\/"},{"@type":"ListItem","position":2,"name":"Port de plaisance"}]},{"@type":"WebSite","@id":"https:\/\/algarvemoods.com\/#website","url":"https:\/\/algarvemoods.com\/","name":"AlgarveMoods","description":"Informations sur l\u2018Algarve","potentialAction":[{"@type":"SearchAction","target":{"@type":"EntryPoint","urlTemplate":"https:\/\/algarvemoods.com\/?s={search_term_string}"},"query-input":{"@type":"PropertyValueSpecification","valueRequired":true,"valueName":"search_term_string"}}],"inLanguage":"fr-FR"}]}},"jetpack_shortlink":"https:\/\/wp.me\/Pafafo-16T","jetpack_likes_enabled":true,"jetpack_sharing_enabled":true,"_links":{"self":[{"href":"https:\/\/algarvemoods.com\/fr\/wp-json\/wp\/v2\/pages\/4271","targetHints":{"allow":["GET"]}}],"collection":[{"href":"https:\/\/algarvemoods.com\/fr\/wp-json\/wp\/v2\/pages"}],"about":[{"href":"https:\/\/algarvemoods.com\/fr\/wp-json\/wp\/v2\/types\/page"}],"author":[{"embeddable":true,"href":"https:\/\/algarvemoods.com\/fr\/wp-json\/wp\/v2\/users\/1"}],"replies":[{"embeddable":true,"href":"https:\/\/algarvemoods.com\/fr\/wp-json\/wp\/v2\/comments?post=4271"}],"version-history":[{"count":0,"href":"https:\/\/algarvemoods.com\/fr\/wp-json\/wp\/v2\/pages\/4271\/revisions"}],"wp:featuredmedia":[{"embeddable":true,"href":"https:\/\/algarvemoods.com\/fr\/wp-json\/wp\/v2\/media\/4266"}],"wp:attachment":[{"href":"https:\/\/algarvemoods.com\/fr\/wp-json\/wp\/v2\/media?parent=4271"}],"curies":[{"name":"wp","href":"https:\/\/api.w.org\/{rel}","templated":true}]}}