{"id":421,"date":"2018-09-10T21:13:36","date_gmt":"2018-09-10T20:13:36","guid":{"rendered":"http:\/\/wp13239037.server-he.de\/?page_id=421"},"modified":"2020-02-02T16:35:35","modified_gmt":"2020-02-02T16:35:35","slug":"kuchen-gebaeck","status":"publish","type":"page","link":"https:\/\/algarvemoods.com\/fr\/gateaux-patisseries\/","title":{"rendered":"G\u00e2teaux &#038; p\u00e2tisseries"},"content":{"rendered":"<p><span style=\"font-family: helvetica, arial, sans-serif;\">Les g\u00e2teaux, p\u00e2tisseries et tartes sont vari\u00e9s. Ils sont souvent propos\u00e9s en dessert apr\u00e8s un bon d\u00e9jeuner. Les g\u00e2teaux aux amandes (photo ci-dessus) sont disponibles dans une grande vari\u00e9t\u00e9. Les recettes diff\u00e8rent d&#8217;un endroit \u00e0 l&#8217;autre.<\/span><\/p>\n<p><span style=\"font-family: helvetica, arial, sans-serif;\">Astuce: Au Portugal, les g\u00e2teaux sont souvent cuits avec du lait concentr\u00e9; c&#8217;est tr\u00e8s savoureux mais aussi tr\u00e8s lourd. Les glucides sont particuli\u00e8rement difficiles \u00e0 calculer pour les diab\u00e9tiques.<\/span><\/p>\n<hr \/>\n<p><span style=\"font-family: helvetica, arial, sans-serif;\"><div class='content-column two_third'><\/span><\/p>\n<h4 style=\"text-align: center;\"><span style=\"font-family: helvetica, arial, sans-serif;\">Pastel de Nata<\/span><\/h4>\n<p><span style=\"font-family: helvetica, arial, sans-serif;\"><img data-recalc-dims=\"1\" loading=\"lazy\" decoding=\"async\" class=\"alignnone size-medium wp-image-5006 aligncenter\" src=\"https:\/\/i0.wp.com\/algarvemoods.com\/wp-c8b25-content\/uploads\/K800_DSCF0384.jpg?resize=386%2C252&#038;ssl=1\" alt=\"\" width=\"386\" height=\"252\" srcset=\"https:\/\/i0.wp.com\/algarvemoods.com\/wp-c8b25-content\/uploads\/K800_DSCF0384.jpg?resize=386%2C252&amp;ssl=1 386w, https:\/\/i0.wp.com\/algarvemoods.com\/wp-c8b25-content\/uploads\/K800_DSCF0384.jpg?resize=138%2C90&amp;ssl=1 138w, https:\/\/i0.wp.com\/algarvemoods.com\/wp-c8b25-content\/uploads\/K800_DSCF0384.jpg?resize=768%2C501&amp;ssl=1 768w, https:\/\/i0.wp.com\/algarvemoods.com\/wp-c8b25-content\/uploads\/K800_DSCF0384.jpg?resize=552%2C360&amp;ssl=1 552w, https:\/\/i0.wp.com\/algarvemoods.com\/wp-c8b25-content\/uploads\/K800_DSCF0384.jpg?w=920&amp;ssl=1 920w\" sizes=\"auto, (max-width: 386px) 100vw, 386px\" \/><\/span><\/p>\n<p><span style=\"font-family: helvetica, arial, sans-serif;\">Le pastel de Nata ou le pastel de Bel\u00e9m sont des tartelettes de p\u00e2te feuillet\u00e9e fourr\u00e9es de flan \u00e0 la vanille. Ils sont originaires du quartier de Bel\u00e9m \u00e0 Lisbonne. En Algarve, ils sont souvent propos\u00e9s avec un bica et ont meilleur go\u00fbt lorsqu&#8217;ils sont ti\u00e8des.<\/span><\/p>\n<hr \/>\n<p style=\"text-align: left;\"><span style=\"font-family: helvetica, arial, sans-serif;\"><\/div><\/span><\/p>\n","protected":false},"excerpt":{"rendered":"<p>Les g\u00e2teaux, p\u00e2tisseries et tartes sont vari\u00e9s. Ils sont souvent propos\u00e9s en dessert apr\u00e8s un bon d\u00e9jeuner. Les g\u00e2teaux aux amandes (photo ci-dessus) sont disponibles [&hellip;]<\/p>\n","protected":false},"author":1,"featured_media":5005,"parent":0,"menu_order":0,"comment_status":"closed","ping_status":"closed","template":"","meta":{"jetpack_post_was_ever_published":false,"footnotes":""},"class_list":["post-421","page","type-page","status-publish","has-post-thumbnail","hentry"],"translation":{"provider":"WPGlobus","version":"3.0.0","language":"fr","enabled_languages":["de","en","fr"],"languages":{"de":{"title":true,"content":true,"excerpt":false},"en":{"title":true,"content":true,"excerpt":false},"fr":{"title":true,"content":true,"excerpt":false}}},"yoast_head":"<!-- This site is optimized with the Yoast SEO plugin v24.8.1 - https:\/\/yoast.com\/wordpress\/plugins\/seo\/ -->\n<title>G\u00e2teaux &amp; p\u00e2tisseries - AlgarveMoods<\/title>\n<meta name=\"robots\" content=\"index, follow, max-snippet:-1, max-image-preview:large, max-video-preview:-1\" \/>\n<link rel=\"canonical\" href=\"https:\/\/algarvemoods.com\/fr\/gateaux-patisseries\/\" \/>\n<meta property=\"og:locale\" content=\"fr_FR\" \/>\n<meta property=\"og:type\" content=\"article\" \/>\n<meta property=\"og:title\" content=\"G\u00e2teaux &amp; p\u00e2tisseries - AlgarveMoods\" \/>\n<meta property=\"og:url\" content=\"https:\/\/algarvemoods.com\/fr\/gateaux-patisseries\/\" \/>\n<meta property=\"og:site_name\" content=\"AlgarveMoods\" \/>\n<meta property=\"article:publisher\" content=\"http:\/\/facebook.com\/algarvemoods\" \/>\n<meta property=\"article:modified_time\" content=\"2020-02-02T16:35:35+00:00\" \/>\n<meta property=\"og:image\" content=\"https:\/\/i0.wp.com\/algarvemoods.com\/wp-c8b25-content\/uploads\/K800_20150316_135729.jpg?fit=886%2C400&ssl=1\" \/>\n\t<meta property=\"og:image:width\" content=\"886\" \/>\n\t<meta property=\"og:image:height\" content=\"400\" \/>\n\t<meta property=\"og:image:type\" content=\"image\/jpeg\" \/>\n<meta name=\"twitter:card\" content=\"summary_large_image\" \/>\n<meta name=\"twitter:site\" content=\"@ellobo0815\" \/>\n<meta name=\"twitter:label1\" content=\"Est. reading time\" \/>\n\t<meta name=\"twitter:data1\" content=\"2 minutes\" \/>\n<script type=\"application\/ld+json\" class=\"yoast-schema-graph\">{\"@context\":\"https:\/\/schema.org\",\"@graph\":[{\"@type\":\"WebPage\",\"@id\":\"https:\/\/algarvemoods.com\/fr\/gateaux-patisseries\/\",\"url\":\"https:\/\/algarvemoods.com\/fr\/gateaux-patisseries\/\",\"name\":\"G\u00e2teaux & p\u00e2tisseries - AlgarveMoods\",\"isPartOf\":{\"@id\":\"https:\/\/algarvemoods.com\/#website\"},\"primaryImageOfPage\":{\"@id\":\"https:\/\/algarvemoods.com\/fr\/gateaux-patisseries\/#primaryimage\"},\"image\":{\"@id\":\"https:\/\/algarvemoods.com\/fr\/gateaux-patisseries\/#primaryimage\"},\"thumbnailUrl\":\"https:\/\/i0.wp.com\/algarvemoods.com\/wp-c8b25-content\/uploads\/K800_20150316_135729.jpg?fit=886%2C400&ssl=1\",\"datePublished\":\"2018-09-10T20:13:36+00:00\",\"dateModified\":\"2020-02-02T16:35:35+00:00\",\"breadcrumb\":{\"@id\":\"https:\/\/algarvemoods.com\/fr\/gateaux-patisseries\/#breadcrumb\"},\"inLanguage\":\"fr-FR\",\"potentialAction\":[{\"@type\":\"ReadAction\",\"target\":[\"https:\/\/algarvemoods.com\/fr\/gateaux-patisseries\/\"]}]},{\"@type\":\"ImageObject\",\"inLanguage\":\"fr-FR\",\"@id\":\"https:\/\/algarvemoods.com\/fr\/gateaux-patisseries\/#primaryimage\",\"url\":\"https:\/\/i0.wp.com\/algarvemoods.com\/wp-c8b25-content\/uploads\/K800_20150316_135729.jpg?fit=886%2C400&ssl=1\",\"contentUrl\":\"https:\/\/i0.wp.com\/algarvemoods.com\/wp-c8b25-content\/uploads\/K800_20150316_135729.jpg?fit=886%2C400&ssl=1\",\"width\":886,\"height\":400},{\"@type\":\"BreadcrumbList\",\"@id\":\"https:\/\/algarvemoods.com\/fr\/gateaux-patisseries\/#breadcrumb\",\"itemListElement\":[{\"@type\":\"ListItem\",\"position\":1,\"name\":\"Home\",\"item\":\"https:\/\/algarvemoods.com\/\"},{\"@type\":\"ListItem\",\"position\":2,\"name\":\"G\u00e2teaux &#038; p\u00e2tisseries\"}]},{\"@type\":\"WebSite\",\"@id\":\"https:\/\/algarvemoods.com\/#website\",\"url\":\"https:\/\/algarvemoods.com\/\",\"name\":\"AlgarveMoods\",\"description\":\"Informations sur l\u2018Algarve\",\"potentialAction\":[{\"@type\":\"SearchAction\",\"target\":{\"@type\":\"EntryPoint\",\"urlTemplate\":\"https:\/\/algarvemoods.com\/?s={search_term_string}\"},\"query-input\":{\"@type\":\"PropertyValueSpecification\",\"valueRequired\":true,\"valueName\":\"search_term_string\"}}],\"inLanguage\":\"fr-FR\"}]}<\/script>\n<!-- \/ Yoast SEO plugin. -->","yoast_head_json":{"title":"G\u00e2teaux & p\u00e2tisseries - AlgarveMoods","robots":{"index":"index","follow":"follow","max-snippet":"max-snippet:-1","max-image-preview":"max-image-preview:large","max-video-preview":"max-video-preview:-1"},"canonical":"https:\/\/algarvemoods.com\/fr\/gateaux-patisseries\/","og_locale":"fr_FR","og_type":"article","og_title":"G\u00e2teaux & p\u00e2tisseries - AlgarveMoods","og_url":"https:\/\/algarvemoods.com\/fr\/gateaux-patisseries\/","og_site_name":"AlgarveMoods","article_publisher":"http:\/\/facebook.com\/algarvemoods","article_modified_time":"2020-02-02T16:35:35+00:00","og_image":[{"width":886,"height":400,"url":"https:\/\/i0.wp.com\/algarvemoods.com\/wp-c8b25-content\/uploads\/K800_20150316_135729.jpg?fit=886%2C400&ssl=1","type":"image\/jpeg"}],"twitter_card":"summary_large_image","twitter_site":"@ellobo0815","twitter_misc":{"Est. reading time":"2 minutes"},"schema":{"@context":"https:\/\/schema.org","@graph":[{"@type":"WebPage","@id":"https:\/\/algarvemoods.com\/fr\/gateaux-patisseries\/","url":"https:\/\/algarvemoods.com\/fr\/gateaux-patisseries\/","name":"G\u00e2teaux & p\u00e2tisseries - AlgarveMoods","isPartOf":{"@id":"https:\/\/algarvemoods.com\/#website"},"primaryImageOfPage":{"@id":"https:\/\/algarvemoods.com\/fr\/gateaux-patisseries\/#primaryimage"},"image":{"@id":"https:\/\/algarvemoods.com\/fr\/gateaux-patisseries\/#primaryimage"},"thumbnailUrl":"https:\/\/i0.wp.com\/algarvemoods.com\/wp-c8b25-content\/uploads\/K800_20150316_135729.jpg?fit=886%2C400&ssl=1","datePublished":"2018-09-10T20:13:36+00:00","dateModified":"2020-02-02T16:35:35+00:00","breadcrumb":{"@id":"https:\/\/algarvemoods.com\/fr\/gateaux-patisseries\/#breadcrumb"},"inLanguage":"fr-FR","potentialAction":[{"@type":"ReadAction","target":["https:\/\/algarvemoods.com\/fr\/gateaux-patisseries\/"]}]},{"@type":"ImageObject","inLanguage":"fr-FR","@id":"https:\/\/algarvemoods.com\/fr\/gateaux-patisseries\/#primaryimage","url":"https:\/\/i0.wp.com\/algarvemoods.com\/wp-c8b25-content\/uploads\/K800_20150316_135729.jpg?fit=886%2C400&ssl=1","contentUrl":"https:\/\/i0.wp.com\/algarvemoods.com\/wp-c8b25-content\/uploads\/K800_20150316_135729.jpg?fit=886%2C400&ssl=1","width":886,"height":400},{"@type":"BreadcrumbList","@id":"https:\/\/algarvemoods.com\/fr\/gateaux-patisseries\/#breadcrumb","itemListElement":[{"@type":"ListItem","position":1,"name":"Home","item":"https:\/\/algarvemoods.com\/"},{"@type":"ListItem","position":2,"name":"G\u00e2teaux &#038; p\u00e2tisseries"}]},{"@type":"WebSite","@id":"https:\/\/algarvemoods.com\/#website","url":"https:\/\/algarvemoods.com\/","name":"AlgarveMoods","description":"Informations sur l\u2018Algarve","potentialAction":[{"@type":"SearchAction","target":{"@type":"EntryPoint","urlTemplate":"https:\/\/algarvemoods.com\/?s={search_term_string}"},"query-input":{"@type":"PropertyValueSpecification","valueRequired":true,"valueName":"search_term_string"}}],"inLanguage":"fr-FR"}]}},"jetpack_shortlink":"https:\/\/wp.me\/Pafafo-6N","jetpack_likes_enabled":true,"jetpack_sharing_enabled":true,"_links":{"self":[{"href":"https:\/\/algarvemoods.com\/fr\/wp-json\/wp\/v2\/pages\/421","targetHints":{"allow":["GET"]}}],"collection":[{"href":"https:\/\/algarvemoods.com\/fr\/wp-json\/wp\/v2\/pages"}],"about":[{"href":"https:\/\/algarvemoods.com\/fr\/wp-json\/wp\/v2\/types\/page"}],"author":[{"embeddable":true,"href":"https:\/\/algarvemoods.com\/fr\/wp-json\/wp\/v2\/users\/1"}],"replies":[{"embeddable":true,"href":"https:\/\/algarvemoods.com\/fr\/wp-json\/wp\/v2\/comments?post=421"}],"version-history":[{"count":3,"href":"https:\/\/algarvemoods.com\/fr\/wp-json\/wp\/v2\/pages\/421\/revisions"}],"predecessor-version":[{"id":5444,"href":"https:\/\/algarvemoods.com\/fr\/wp-json\/wp\/v2\/pages\/421\/revisions\/5444"}],"wp:featuredmedia":[{"embeddable":true,"href":"https:\/\/algarvemoods.com\/fr\/wp-json\/wp\/v2\/media\/5005"}],"wp:attachment":[{"href":"https:\/\/algarvemoods.com\/fr\/wp-json\/wp\/v2\/media?parent=421"}],"curies":[{"name":"wp","href":"https:\/\/api.w.org\/{rel}","templated":true}]}}