{"id":418,"date":"2018-09-10T21:10:18","date_gmt":"2018-09-10T20:10:18","guid":{"rendered":"http:\/\/wp13239037.server-he.de\/?page_id=418"},"modified":"2020-02-06T16:51:21","modified_gmt":"2020-02-06T16:51:21","slug":"suppen-eintoepfe","status":"publish","type":"page","link":"https:\/\/algarvemoods.com\/fr\/soupes-ragouts\/","title":{"rendered":"Soupes &#038; rago\u00fbts"},"content":{"rendered":"<p><span style=\"font-family: helvetica, arial, sans-serif;\">La cuisine portugaise est riche en soupes et pot\u00e9es. Les plats sont souvent copieux, nutritifs et tr\u00e8s savoureux. L&#8217;image ci-dessus montre une pot\u00e9e \u00e0 base de chou, haricots, porc et divers types de chouri\u00e7o (une sorte de salami), servi avec pommes de terre bouillies et riz. Ce plat est vraiment recommand\u00e9 et est offert pendant la saison froide.<\/span><\/p>\n<hr \/>\n<p><span style=\"font-family: helvetica, arial, sans-serif;\"><div class='content-column two_third'><\/span><\/p>\n<h4 style=\"text-align: center;\"><span style=\"font-family: helvetica, arial, sans-serif;\">Panade<\/span><\/h4>\n<p><span style=\"font-family: helvetica, arial, sans-serif;\"><img data-recalc-dims=\"1\" loading=\"lazy\" decoding=\"async\" class=\"alignnone size-medium wp-image-5001 aligncenter\" src=\"https:\/\/i0.wp.com\/algarvemoods.com\/wp-c8b25-content\/uploads\/K800_IMG_1313.jpg?resize=378%2C252&#038;ssl=1\" alt=\"\" width=\"378\" height=\"252\" srcset=\"https:\/\/i0.wp.com\/algarvemoods.com\/wp-c8b25-content\/uploads\/K800_IMG_1313.jpg?resize=378%2C252&amp;ssl=1 378w, https:\/\/i0.wp.com\/algarvemoods.com\/wp-c8b25-content\/uploads\/K800_IMG_1313.jpg?resize=135%2C90&amp;ssl=1 135w, https:\/\/i0.wp.com\/algarvemoods.com\/wp-c8b25-content\/uploads\/K800_IMG_1313.jpg?resize=768%2C512&amp;ssl=1 768w, https:\/\/i0.wp.com\/algarvemoods.com\/wp-c8b25-content\/uploads\/K800_IMG_1313.jpg?resize=540%2C360&amp;ssl=1 540w, https:\/\/i0.wp.com\/algarvemoods.com\/wp-c8b25-content\/uploads\/K800_IMG_1313.jpg?w=900&amp;ssl=1 900w\" sizes=\"auto, (max-width: 378px) 100vw, 378px\" \/><\/span><\/p>\n<p><span style=\"font-family: helvetica, arial, sans-serif;\">La panade (Migas ou A\u00e7orda) \u00e9tait \u00e0 l&#8217;origine un repas de \u00abpauvres gens\u00bb. Un \u0153uf cru est plac\u00e9 au milieu du bol, qui est ensuite remu\u00e9 sous la pulpe du pain \u00e0 la table. Ce plat est assaisonn\u00e9 de coriandre (coentro). Cette soupe est enrichie avec une grande vari\u00e9t\u00e9 d&#8217;ingr\u00e9dients. La photo montre une variante raffin\u00e9e avec des fruits de mer.<\/span><\/p>\n<hr \/>\n<h4 style=\"text-align: center;\"><span style=\"font-family: helvetica, arial, sans-serif;\">Agneau brais\u00e9<\/span><br \/>\n<span style=\"font-family: helvetica, arial, sans-serif;\">Borrego estufado<\/span><\/h4>\n<p><span style=\"font-family: helvetica, arial, sans-serif;\"><img data-recalc-dims=\"1\" height=\"252\" width=\"373\" decoding=\"async\" class=\"aligncenter\" src=\"https:\/\/i0.wp.com\/algarvemoods.com\/wp-c8b25-content\/uploads\/K800_IMG_3490.jpg?resize=373%2C252&#038;ssl=1\" \/><\/span><\/p>\n<p><span style=\"font-family: helvetica, arial, sans-serif;\">Ce d\u00e9licieux plat \u00e0 l&#8217;agneau tendre est souvent propos\u00e9 comme plat du jour dans les restaurants portugais typiques. Le pain grill\u00e9 et la salade sont souvent servis comme accompagnement.<\/span><\/p>\n<hr \/>\n<p><span style=\"font-family: helvetica, arial, sans-serif;\"><\/div><\/span><\/p>\n","protected":false},"excerpt":{"rendered":"<p>La cuisine portugaise est riche en soupes et pot\u00e9es. Les plats sont souvent copieux, nutritifs et tr\u00e8s savoureux. L&#8217;image ci-dessus montre une pot\u00e9e \u00e0 base [&hellip;]<\/p>\n","protected":false},"author":1,"featured_media":4974,"parent":0,"menu_order":0,"comment_status":"closed","ping_status":"closed","template":"","meta":{"jetpack_post_was_ever_published":false,"footnotes":""},"class_list":["post-418","page","type-page","status-publish","has-post-thumbnail","hentry"],"translation":{"provider":"WPGlobus","version":"3.0.0","language":"fr","enabled_languages":["de","en","fr"],"languages":{"de":{"title":true,"content":true,"excerpt":false},"en":{"title":true,"content":true,"excerpt":false},"fr":{"title":true,"content":true,"excerpt":false}}},"yoast_head":"<!-- This site is optimized with the Yoast SEO plugin v24.8.1 - https:\/\/yoast.com\/wordpress\/plugins\/seo\/ -->\n<title>Soupes &amp; rago\u00fbts - AlgarveMoods<\/title>\n<meta name=\"robots\" content=\"index, follow, max-snippet:-1, max-image-preview:large, max-video-preview:-1\" \/>\n<link rel=\"canonical\" href=\"https:\/\/algarvemoods.com\/fr\/soupes-ragouts\/\" \/>\n<meta property=\"og:locale\" content=\"fr_FR\" \/>\n<meta property=\"og:type\" content=\"article\" \/>\n<meta property=\"og:title\" content=\"Soupes &amp; rago\u00fbts - AlgarveMoods\" \/>\n<meta property=\"og:url\" content=\"https:\/\/algarvemoods.com\/fr\/soupes-ragouts\/\" \/>\n<meta property=\"og:site_name\" content=\"AlgarveMoods\" \/>\n<meta property=\"article:publisher\" content=\"http:\/\/facebook.com\/algarvemoods\" \/>\n<meta property=\"article:modified_time\" content=\"2020-02-06T16:51:21+00:00\" \/>\n<meta property=\"og:image\" content=\"https:\/\/i0.wp.com\/algarvemoods.com\/wp-c8b25-content\/uploads\/K800_20170323_132108.jpg?fit=951%2C600&ssl=1\" \/>\n\t<meta property=\"og:image:width\" content=\"951\" \/>\n\t<meta property=\"og:image:height\" content=\"600\" \/>\n\t<meta property=\"og:image:type\" content=\"image\/jpeg\" \/>\n<meta name=\"twitter:card\" content=\"summary_large_image\" \/>\n<meta name=\"twitter:site\" content=\"@ellobo0815\" \/>\n<meta name=\"twitter:label1\" content=\"Est. reading time\" \/>\n\t<meta name=\"twitter:data1\" content=\"2 minutes\" \/>\n<script type=\"application\/ld+json\" class=\"yoast-schema-graph\">{\"@context\":\"https:\/\/schema.org\",\"@graph\":[{\"@type\":\"WebPage\",\"@id\":\"https:\/\/algarvemoods.com\/fr\/soupes-ragouts\/\",\"url\":\"https:\/\/algarvemoods.com\/fr\/soupes-ragouts\/\",\"name\":\"Soupes & rago\u00fbts - AlgarveMoods\",\"isPartOf\":{\"@id\":\"https:\/\/algarvemoods.com\/#website\"},\"primaryImageOfPage\":{\"@id\":\"https:\/\/algarvemoods.com\/fr\/soupes-ragouts\/#primaryimage\"},\"image\":{\"@id\":\"https:\/\/algarvemoods.com\/fr\/soupes-ragouts\/#primaryimage\"},\"thumbnailUrl\":\"https:\/\/i0.wp.com\/algarvemoods.com\/wp-c8b25-content\/uploads\/K800_20170323_132108.jpg?fit=951%2C600&ssl=1\",\"datePublished\":\"2018-09-10T20:10:18+00:00\",\"dateModified\":\"2020-02-06T16:51:21+00:00\",\"breadcrumb\":{\"@id\":\"https:\/\/algarvemoods.com\/fr\/soupes-ragouts\/#breadcrumb\"},\"inLanguage\":\"fr-FR\",\"potentialAction\":[{\"@type\":\"ReadAction\",\"target\":[\"https:\/\/algarvemoods.com\/fr\/soupes-ragouts\/\"]}]},{\"@type\":\"ImageObject\",\"inLanguage\":\"fr-FR\",\"@id\":\"https:\/\/algarvemoods.com\/fr\/soupes-ragouts\/#primaryimage\",\"url\":\"https:\/\/i0.wp.com\/algarvemoods.com\/wp-c8b25-content\/uploads\/K800_20170323_132108.jpg?fit=951%2C600&ssl=1\",\"contentUrl\":\"https:\/\/i0.wp.com\/algarvemoods.com\/wp-c8b25-content\/uploads\/K800_20170323_132108.jpg?fit=951%2C600&ssl=1\",\"width\":951,\"height\":600,\"caption\":\"Eintopf Algarve\"},{\"@type\":\"BreadcrumbList\",\"@id\":\"https:\/\/algarvemoods.com\/fr\/soupes-ragouts\/#breadcrumb\",\"itemListElement\":[{\"@type\":\"ListItem\",\"position\":1,\"name\":\"Home\",\"item\":\"https:\/\/algarvemoods.com\/\"},{\"@type\":\"ListItem\",\"position\":2,\"name\":\"Soupes &#038; rago\u00fbts\"}]},{\"@type\":\"WebSite\",\"@id\":\"https:\/\/algarvemoods.com\/#website\",\"url\":\"https:\/\/algarvemoods.com\/\",\"name\":\"AlgarveMoods\",\"description\":\"Informations sur l\u2018Algarve\",\"potentialAction\":[{\"@type\":\"SearchAction\",\"target\":{\"@type\":\"EntryPoint\",\"urlTemplate\":\"https:\/\/algarvemoods.com\/?s={search_term_string}\"},\"query-input\":{\"@type\":\"PropertyValueSpecification\",\"valueRequired\":true,\"valueName\":\"search_term_string\"}}],\"inLanguage\":\"fr-FR\"}]}<\/script>\n<!-- \/ Yoast SEO plugin. -->","yoast_head_json":{"title":"Soupes & rago\u00fbts - AlgarveMoods","robots":{"index":"index","follow":"follow","max-snippet":"max-snippet:-1","max-image-preview":"max-image-preview:large","max-video-preview":"max-video-preview:-1"},"canonical":"https:\/\/algarvemoods.com\/fr\/soupes-ragouts\/","og_locale":"fr_FR","og_type":"article","og_title":"Soupes & rago\u00fbts - AlgarveMoods","og_url":"https:\/\/algarvemoods.com\/fr\/soupes-ragouts\/","og_site_name":"AlgarveMoods","article_publisher":"http:\/\/facebook.com\/algarvemoods","article_modified_time":"2020-02-06T16:51:21+00:00","og_image":[{"width":951,"height":600,"url":"https:\/\/i0.wp.com\/algarvemoods.com\/wp-c8b25-content\/uploads\/K800_20170323_132108.jpg?fit=951%2C600&ssl=1","type":"image\/jpeg"}],"twitter_card":"summary_large_image","twitter_site":"@ellobo0815","twitter_misc":{"Est. reading time":"2 minutes"},"schema":{"@context":"https:\/\/schema.org","@graph":[{"@type":"WebPage","@id":"https:\/\/algarvemoods.com\/fr\/soupes-ragouts\/","url":"https:\/\/algarvemoods.com\/fr\/soupes-ragouts\/","name":"Soupes & rago\u00fbts - AlgarveMoods","isPartOf":{"@id":"https:\/\/algarvemoods.com\/#website"},"primaryImageOfPage":{"@id":"https:\/\/algarvemoods.com\/fr\/soupes-ragouts\/#primaryimage"},"image":{"@id":"https:\/\/algarvemoods.com\/fr\/soupes-ragouts\/#primaryimage"},"thumbnailUrl":"https:\/\/i0.wp.com\/algarvemoods.com\/wp-c8b25-content\/uploads\/K800_20170323_132108.jpg?fit=951%2C600&ssl=1","datePublished":"2018-09-10T20:10:18+00:00","dateModified":"2020-02-06T16:51:21+00:00","breadcrumb":{"@id":"https:\/\/algarvemoods.com\/fr\/soupes-ragouts\/#breadcrumb"},"inLanguage":"fr-FR","potentialAction":[{"@type":"ReadAction","target":["https:\/\/algarvemoods.com\/fr\/soupes-ragouts\/"]}]},{"@type":"ImageObject","inLanguage":"fr-FR","@id":"https:\/\/algarvemoods.com\/fr\/soupes-ragouts\/#primaryimage","url":"https:\/\/i0.wp.com\/algarvemoods.com\/wp-c8b25-content\/uploads\/K800_20170323_132108.jpg?fit=951%2C600&ssl=1","contentUrl":"https:\/\/i0.wp.com\/algarvemoods.com\/wp-c8b25-content\/uploads\/K800_20170323_132108.jpg?fit=951%2C600&ssl=1","width":951,"height":600,"caption":"Eintopf Algarve"},{"@type":"BreadcrumbList","@id":"https:\/\/algarvemoods.com\/fr\/soupes-ragouts\/#breadcrumb","itemListElement":[{"@type":"ListItem","position":1,"name":"Home","item":"https:\/\/algarvemoods.com\/"},{"@type":"ListItem","position":2,"name":"Soupes &#038; rago\u00fbts"}]},{"@type":"WebSite","@id":"https:\/\/algarvemoods.com\/#website","url":"https:\/\/algarvemoods.com\/","name":"AlgarveMoods","description":"Informations sur l\u2018Algarve","potentialAction":[{"@type":"SearchAction","target":{"@type":"EntryPoint","urlTemplate":"https:\/\/algarvemoods.com\/?s={search_term_string}"},"query-input":{"@type":"PropertyValueSpecification","valueRequired":true,"valueName":"search_term_string"}}],"inLanguage":"fr-FR"}]}},"jetpack_shortlink":"https:\/\/wp.me\/Pafafo-6K","jetpack_likes_enabled":true,"jetpack_sharing_enabled":true,"_links":{"self":[{"href":"https:\/\/algarvemoods.com\/fr\/wp-json\/wp\/v2\/pages\/418","targetHints":{"allow":["GET"]}}],"collection":[{"href":"https:\/\/algarvemoods.com\/fr\/wp-json\/wp\/v2\/pages"}],"about":[{"href":"https:\/\/algarvemoods.com\/fr\/wp-json\/wp\/v2\/types\/page"}],"author":[{"embeddable":true,"href":"https:\/\/algarvemoods.com\/fr\/wp-json\/wp\/v2\/users\/1"}],"replies":[{"embeddable":true,"href":"https:\/\/algarvemoods.com\/fr\/wp-json\/wp\/v2\/comments?post=418"}],"version-history":[{"count":8,"href":"https:\/\/algarvemoods.com\/fr\/wp-json\/wp\/v2\/pages\/418\/revisions"}],"predecessor-version":[{"id":5488,"href":"https:\/\/algarvemoods.com\/fr\/wp-json\/wp\/v2\/pages\/418\/revisions\/5488"}],"wp:featuredmedia":[{"embeddable":true,"href":"https:\/\/algarvemoods.com\/fr\/wp-json\/wp\/v2\/media\/4974"}],"wp:attachment":[{"href":"https:\/\/algarvemoods.com\/fr\/wp-json\/wp\/v2\/media?parent=418"}],"curies":[{"name":"wp","href":"https:\/\/api.w.org\/{rel}","templated":true}]}}