{"id":412,"date":"2018-09-10T21:01:45","date_gmt":"2018-09-10T20:01:45","guid":{"rendered":"http:\/\/wp13239037.server-he.de\/?page_id=412"},"modified":"2020-02-02T11:10:57","modified_gmt":"2020-02-02T11:10:57","slug":"fischgerichte","status":"publish","type":"page","link":"https:\/\/algarvemoods.com\/fr\/plat-de-poisson\/","title":{"rendered":"Plat de poisson"},"content":{"rendered":"<p><span style=\"font-family: helvetica, arial, sans-serif;\">Il n&#8217;y a nulle part plus de poisson en vente qu&#8217;en Algarve. Pas seulement du bacalhau (cabillaud s\u00e9ch\u00e9 \u00e0 l&#8217;air), pour lequel il existe plus de 365 recettes (une pour chaque jour de l&#8217;ann\u00e9e), mais de nombreuses esp\u00e8ces savoureuses et en partie inconnues.<\/span><\/p>\n<hr \/>\n<p><span style=\"font-family: helvetica, arial, sans-serif;\"><div class='content-column two_third'><\/span><\/p>\n<h4 style=\"text-align: center;\"><span style=\"font-family: helvetica, arial, sans-serif;\">Les sardines\u00a0<\/span><\/h4>\n<p><span style=\"font-family: helvetica, arial, sans-serif;\"><img data-recalc-dims=\"1\" loading=\"lazy\" decoding=\"async\" class=\"size-medium wp-image-4954 aligncenter\" src=\"https:\/\/i0.wp.com\/algarvemoods.com\/wp-c8b25-content\/uploads\/K800_IMG_20180917_141206.jpg?resize=448%2C252&#038;ssl=1\" alt=\"Fisch\" width=\"448\" height=\"252\" srcset=\"https:\/\/i0.wp.com\/algarvemoods.com\/wp-c8b25-content\/uploads\/K800_IMG_20180917_141206.jpg?resize=448%2C252&amp;ssl=1 448w, https:\/\/i0.wp.com\/algarvemoods.com\/wp-c8b25-content\/uploads\/K800_IMG_20180917_141206.jpg?resize=160%2C90&amp;ssl=1 160w, https:\/\/i0.wp.com\/algarvemoods.com\/wp-c8b25-content\/uploads\/K800_IMG_20180917_141206.jpg?resize=768%2C432&amp;ssl=1 768w, https:\/\/i0.wp.com\/algarvemoods.com\/wp-c8b25-content\/uploads\/K800_IMG_20180917_141206.jpg?resize=640%2C360&amp;ssl=1 640w, https:\/\/i0.wp.com\/algarvemoods.com\/wp-c8b25-content\/uploads\/K800_IMG_20180917_141206.jpg?w=1067&amp;ssl=1 1067w\" sizes=\"auto, (max-width: 448px) 100vw, 448px\" \/><\/span><\/p>\n<p><span style=\"font-family: helvetica, arial, sans-serif;\">Les sardines sont servies avec des pommes de terre bouillies ou en robe des champs. Les poissons savoureux ne sont PAS evisc\u00e9r\u00e9s et grill\u00e9s uniquement assaisonn\u00e9s de gros sel marin. Une salade de tomates, concombres et oignons est servie ou une garniture de salade comme sur la photo.\u00a0<\/span><\/p>\n<hr \/>\n<p><span style=\"font-family: helvetica, arial, sans-serif;\"><\/div><\/span><\/p>\n<p><span style=\"font-family: helvetica, arial, sans-serif;\">\u00a0<\/span><\/p>\n","protected":false},"excerpt":{"rendered":"<p>Il n&#8217;y a nulle part plus de poisson en vente qu&#8217;en Algarve. Pas seulement du bacalhau (cabillaud s\u00e9ch\u00e9 \u00e0 l&#8217;air), pour lequel il existe plus [&hellip;]<\/p>\n","protected":false},"author":1,"featured_media":4953,"parent":0,"menu_order":0,"comment_status":"closed","ping_status":"closed","template":"","meta":{"jetpack_post_was_ever_published":false,"footnotes":""},"class_list":["post-412","page","type-page","status-publish","has-post-thumbnail","hentry"],"translation":{"provider":"WPGlobus","version":"3.0.0","language":"fr","enabled_languages":["de","en","fr"],"languages":{"de":{"title":true,"content":true,"excerpt":false},"en":{"title":true,"content":true,"excerpt":false},"fr":{"title":true,"content":true,"excerpt":false}}},"yoast_head":"<!-- This site is optimized with the Yoast SEO plugin v24.8.1 - https:\/\/yoast.com\/wordpress\/plugins\/seo\/ -->\n<title>Plat de poisson - AlgarveMoods<\/title>\n<meta name=\"robots\" content=\"index, follow, max-snippet:-1, max-image-preview:large, max-video-preview:-1\" \/>\n<link rel=\"canonical\" href=\"https:\/\/algarvemoods.com\/fischgerichte\/\" \/>\n<meta property=\"og:locale\" content=\"fr_FR\" \/>\n<meta property=\"og:type\" content=\"article\" \/>\n<meta property=\"og:title\" content=\"Plat de poisson - AlgarveMoods\" \/>\n<meta property=\"og:url\" content=\"https:\/\/algarvemoods.com\/fischgerichte\/\" \/>\n<meta property=\"og:site_name\" content=\"AlgarveMoods\" \/>\n<meta property=\"article:publisher\" content=\"http:\/\/facebook.com\/algarvemoods\" \/>\n<meta property=\"article:modified_time\" content=\"2020-02-02T11:10:57+00:00\" \/>\n<meta property=\"og:image\" content=\"https:\/\/i0.wp.com\/algarvemoods.com\/wp-c8b25-content\/uploads\/K800_SAM_3181.jpg?fit=1067%2C400&ssl=1\" \/>\n\t<meta property=\"og:image:width\" content=\"1067\" \/>\n\t<meta property=\"og:image:height\" content=\"400\" \/>\n\t<meta property=\"og:image:type\" content=\"image\/jpeg\" \/>\n<meta name=\"twitter:card\" content=\"summary_large_image\" \/>\n<meta name=\"twitter:site\" content=\"@ellobo0815\" \/>\n<meta name=\"twitter:label1\" content=\"Est. reading time\" \/>\n\t<meta name=\"twitter:data1\" content=\"1 minute\" \/>\n<script type=\"application\/ld+json\" class=\"yoast-schema-graph\">{\"@context\":\"https:\/\/schema.org\",\"@graph\":[{\"@type\":\"WebPage\",\"@id\":\"https:\/\/algarvemoods.com\/fischgerichte\/\",\"url\":\"https:\/\/algarvemoods.com\/fischgerichte\/\",\"name\":\"Plat de poisson - AlgarveMoods\",\"isPartOf\":{\"@id\":\"https:\/\/algarvemoods.com\/#website\"},\"primaryImageOfPage\":{\"@id\":\"https:\/\/algarvemoods.com\/fischgerichte\/#primaryimage\"},\"image\":{\"@id\":\"https:\/\/algarvemoods.com\/fischgerichte\/#primaryimage\"},\"thumbnailUrl\":\"https:\/\/i0.wp.com\/algarvemoods.com\/wp-c8b25-content\/uploads\/K800_SAM_3181.jpg?fit=1067%2C400&ssl=1\",\"datePublished\":\"2018-09-10T20:01:45+00:00\",\"dateModified\":\"2020-02-02T11:10:57+00:00\",\"breadcrumb\":{\"@id\":\"https:\/\/algarvemoods.com\/fischgerichte\/#breadcrumb\"},\"inLanguage\":\"fr-FR\",\"potentialAction\":[{\"@type\":\"ReadAction\",\"target\":[\"https:\/\/algarvemoods.com\/fischgerichte\/\"]}]},{\"@type\":\"ImageObject\",\"inLanguage\":\"fr-FR\",\"@id\":\"https:\/\/algarvemoods.com\/fischgerichte\/#primaryimage\",\"url\":\"https:\/\/i0.wp.com\/algarvemoods.com\/wp-c8b25-content\/uploads\/K800_SAM_3181.jpg?fit=1067%2C400&ssl=1\",\"contentUrl\":\"https:\/\/i0.wp.com\/algarvemoods.com\/wp-c8b25-content\/uploads\/K800_SAM_3181.jpg?fit=1067%2C400&ssl=1\",\"width\":1067,\"height\":400},{\"@type\":\"BreadcrumbList\",\"@id\":\"https:\/\/algarvemoods.com\/fischgerichte\/#breadcrumb\",\"itemListElement\":[{\"@type\":\"ListItem\",\"position\":1,\"name\":\"Home\",\"item\":\"https:\/\/algarvemoods.com\/\"},{\"@type\":\"ListItem\",\"position\":2,\"name\":\"Fischgerichte\"}]},{\"@type\":\"WebSite\",\"@id\":\"https:\/\/algarvemoods.com\/#website\",\"url\":\"https:\/\/algarvemoods.com\/\",\"name\":\"AlgarveMoods\",\"description\":\"Informations sur l\u2018Algarve\",\"potentialAction\":[{\"@type\":\"SearchAction\",\"target\":{\"@type\":\"EntryPoint\",\"urlTemplate\":\"https:\/\/algarvemoods.com\/?s={search_term_string}\"},\"query-input\":{\"@type\":\"PropertyValueSpecification\",\"valueRequired\":true,\"valueName\":\"search_term_string\"}}],\"inLanguage\":\"fr-FR\"}]}<\/script>\n<!-- \/ Yoast SEO plugin. -->","yoast_head_json":{"title":"Plat de poisson - AlgarveMoods","robots":{"index":"index","follow":"follow","max-snippet":"max-snippet:-1","max-image-preview":"max-image-preview:large","max-video-preview":"max-video-preview:-1"},"canonical":"https:\/\/algarvemoods.com\/fischgerichte\/","og_locale":"fr_FR","og_type":"article","og_title":"Plat de poisson - AlgarveMoods","og_url":"https:\/\/algarvemoods.com\/fischgerichte\/","og_site_name":"AlgarveMoods","article_publisher":"http:\/\/facebook.com\/algarvemoods","article_modified_time":"2020-02-02T11:10:57+00:00","og_image":[{"width":1067,"height":400,"url":"https:\/\/i0.wp.com\/algarvemoods.com\/wp-c8b25-content\/uploads\/K800_SAM_3181.jpg?fit=1067%2C400&ssl=1","type":"image\/jpeg"}],"twitter_card":"summary_large_image","twitter_site":"@ellobo0815","twitter_misc":{"Est. reading time":"1 minute"},"schema":{"@context":"https:\/\/schema.org","@graph":[{"@type":"WebPage","@id":"https:\/\/algarvemoods.com\/fischgerichte\/","url":"https:\/\/algarvemoods.com\/fischgerichte\/","name":"Plat de poisson - AlgarveMoods","isPartOf":{"@id":"https:\/\/algarvemoods.com\/#website"},"primaryImageOfPage":{"@id":"https:\/\/algarvemoods.com\/fischgerichte\/#primaryimage"},"image":{"@id":"https:\/\/algarvemoods.com\/fischgerichte\/#primaryimage"},"thumbnailUrl":"https:\/\/i0.wp.com\/algarvemoods.com\/wp-c8b25-content\/uploads\/K800_SAM_3181.jpg?fit=1067%2C400&ssl=1","datePublished":"2018-09-10T20:01:45+00:00","dateModified":"2020-02-02T11:10:57+00:00","breadcrumb":{"@id":"https:\/\/algarvemoods.com\/fischgerichte\/#breadcrumb"},"inLanguage":"fr-FR","potentialAction":[{"@type":"ReadAction","target":["https:\/\/algarvemoods.com\/fischgerichte\/"]}]},{"@type":"ImageObject","inLanguage":"fr-FR","@id":"https:\/\/algarvemoods.com\/fischgerichte\/#primaryimage","url":"https:\/\/i0.wp.com\/algarvemoods.com\/wp-c8b25-content\/uploads\/K800_SAM_3181.jpg?fit=1067%2C400&ssl=1","contentUrl":"https:\/\/i0.wp.com\/algarvemoods.com\/wp-c8b25-content\/uploads\/K800_SAM_3181.jpg?fit=1067%2C400&ssl=1","width":1067,"height":400},{"@type":"BreadcrumbList","@id":"https:\/\/algarvemoods.com\/fischgerichte\/#breadcrumb","itemListElement":[{"@type":"ListItem","position":1,"name":"Home","item":"https:\/\/algarvemoods.com\/"},{"@type":"ListItem","position":2,"name":"Fischgerichte"}]},{"@type":"WebSite","@id":"https:\/\/algarvemoods.com\/#website","url":"https:\/\/algarvemoods.com\/","name":"AlgarveMoods","description":"Informations sur l\u2018Algarve","potentialAction":[{"@type":"SearchAction","target":{"@type":"EntryPoint","urlTemplate":"https:\/\/algarvemoods.com\/?s={search_term_string}"},"query-input":{"@type":"PropertyValueSpecification","valueRequired":true,"valueName":"search_term_string"}}],"inLanguage":"fr-FR"}]}},"jetpack_shortlink":"https:\/\/wp.me\/Pafafo-6E","jetpack_likes_enabled":true,"jetpack_sharing_enabled":true,"_links":{"self":[{"href":"https:\/\/algarvemoods.com\/fr\/wp-json\/wp\/v2\/pages\/412","targetHints":{"allow":["GET"]}}],"collection":[{"href":"https:\/\/algarvemoods.com\/fr\/wp-json\/wp\/v2\/pages"}],"about":[{"href":"https:\/\/algarvemoods.com\/fr\/wp-json\/wp\/v2\/types\/page"}],"author":[{"embeddable":true,"href":"https:\/\/algarvemoods.com\/fr\/wp-json\/wp\/v2\/users\/1"}],"replies":[{"embeddable":true,"href":"https:\/\/algarvemoods.com\/fr\/wp-json\/wp\/v2\/comments?post=412"}],"version-history":[{"count":4,"href":"https:\/\/algarvemoods.com\/fr\/wp-json\/wp\/v2\/pages\/412\/revisions"}],"predecessor-version":[{"id":5417,"href":"https:\/\/algarvemoods.com\/fr\/wp-json\/wp\/v2\/pages\/412\/revisions\/5417"}],"wp:featuredmedia":[{"embeddable":true,"href":"https:\/\/algarvemoods.com\/fr\/wp-json\/wp\/v2\/media\/4953"}],"wp:attachment":[{"href":"https:\/\/algarvemoods.com\/fr\/wp-json\/wp\/v2\/media?parent=412"}],"curies":[{"name":"wp","href":"https:\/\/api.w.org\/{rel}","templated":true}]}}