{"id":408,"date":"2018-09-10T20:29:50","date_gmt":"2018-09-10T19:29:50","guid":{"rendered":"http:\/\/wp13239037.server-he.de\/?page_id=408"},"modified":"2020-02-05T17:39:06","modified_gmt":"2020-02-05T17:39:06","slug":"kulinarisches","status":"publish","type":"page","link":"https:\/\/algarvemoods.com\/fr\/culinaire\/","title":{"rendered":"Culinaire"},"content":{"rendered":"<p><span style=\"font-family: helvetica, arial, sans-serif;\">La cuisine portugaise est riche en sp\u00e9cialit\u00e9s. Les plats de poisson et de viande en particulier sont souvent pr\u00e9par\u00e9s d&#8217;une mani\u00e8re particuli\u00e8re et sont tr\u00e8s savoureux. Les diff\u00e9rentes \u00e9pices et ingr\u00e9dients des colonies pr\u00e9c\u00e9dentes, mais aussi l&#8217;influence des pays voisins et des visiteurs, se d\u00e9versent dans la cuisine domestique.<\/span><\/p>\n<hr \/>\n<div class='content-column two_third'><h4 style=\"text-align: center;\"><span style=\"font-family: helvetica, arial, sans-serif;\">Entr\u00e9e<\/span><\/h4>\n<p><span style=\"color: #000000; font-family: helvetica, arial, sans-serif;\"><img data-recalc-dims=\"1\" loading=\"lazy\" decoding=\"async\" class=\"size-medium wp-image-5242 aligncenter\" src=\"https:\/\/i0.wp.com\/algarvemoods.com\/wp-c8b25-content\/uploads\/K800_IMG_3486.jpg?resize=378%2C252&#038;ssl=1\" alt=\"\" width=\"378\" height=\"252\" srcset=\"https:\/\/i0.wp.com\/algarvemoods.com\/wp-c8b25-content\/uploads\/K800_IMG_3486.jpg?resize=378%2C252&amp;ssl=1 378w, https:\/\/i0.wp.com\/algarvemoods.com\/wp-c8b25-content\/uploads\/K800_IMG_3486.jpg?resize=540%2C360&amp;ssl=1 540w, https:\/\/i0.wp.com\/algarvemoods.com\/wp-c8b25-content\/uploads\/K800_IMG_3486.jpg?resize=135%2C90&amp;ssl=1 135w, https:\/\/i0.wp.com\/algarvemoods.com\/wp-c8b25-content\/uploads\/K800_IMG_3486.jpg?resize=768%2C512&amp;ssl=1 768w, https:\/\/i0.wp.com\/algarvemoods.com\/wp-c8b25-content\/uploads\/K800_IMG_3486.jpg?w=900&amp;ssl=1 900w\" sizes=\"auto, (max-width: 378px) 100vw, 378px\" \/><\/span><\/p>\n<p><span style=\"font-family: helvetica, arial, sans-serif;\">Au Portugal, il est courant de servir une petite assiette d&#8217;ap\u00e9ritif. Il y a g\u00e9n\u00e9ralement du pain frais et des olives. Sur la photo, des carottes cuites \u00e0 la vapeur \u00e0 l&#8217;ail (froides), du beurre et du p\u00e2t\u00e9 de poisson ont \u00e9galement \u00e9t\u00e9 servis. Du fromage ou un bol de tartine de thon peuvent \u00eatre servis aussi bien.<\/span><\/p>\n<p><span style=\"font-family: helvetica, arial, sans-serif;\">Les entr\u00e9es sont destin\u00e9es \u00e0 tout le monde \u00e0 la table et sont factur\u00e9es par personne. Si vous ne le souhaitez pas, dites &#8220;sem entradas, faz favor&#8221; lors de la commande.<\/span><\/p>\n<hr \/><\/div>\n","protected":false},"excerpt":{"rendered":"<p>La cuisine portugaise est riche en sp\u00e9cialit\u00e9s. Les plats de poisson et de viande en particulier sont souvent pr\u00e9par\u00e9s d&#8217;une mani\u00e8re particuli\u00e8re et sont tr\u00e8s [&hellip;]<\/p>\n","protected":false},"author":1,"featured_media":4959,"parent":0,"menu_order":0,"comment_status":"closed","ping_status":"closed","template":"","meta":{"jetpack_post_was_ever_published":false,"footnotes":""},"class_list":["post-408","page","type-page","status-publish","has-post-thumbnail","hentry"],"translation":{"provider":"WPGlobus","version":"3.0.0","language":"fr","enabled_languages":["de","en","fr"],"languages":{"de":{"title":true,"content":true,"excerpt":false},"en":{"title":true,"content":true,"excerpt":false},"fr":{"title":true,"content":true,"excerpt":false}}},"yoast_head":"<!-- This site is optimized with the Yoast SEO plugin v24.8.1 - https:\/\/yoast.com\/wordpress\/plugins\/seo\/ -->\n<title>Culinaire - AlgarveMoods<\/title>\n<meta name=\"robots\" content=\"index, follow, max-snippet:-1, max-image-preview:large, max-video-preview:-1\" \/>\n<link rel=\"canonical\" href=\"https:\/\/algarvemoods.com\/fr\/culinaire\/\" \/>\n<meta property=\"og:locale\" content=\"fr_FR\" \/>\n<meta property=\"og:type\" content=\"article\" \/>\n<meta property=\"og:title\" content=\"Culinaire - AlgarveMoods\" \/>\n<meta property=\"og:url\" content=\"https:\/\/algarvemoods.com\/fr\/culinaire\/\" \/>\n<meta property=\"og:site_name\" content=\"AlgarveMoods\" \/>\n<meta property=\"article:publisher\" content=\"http:\/\/facebook.com\/algarvemoods\" \/>\n<meta property=\"article:modified_time\" content=\"2020-02-05T17:39:06+00:00\" \/>\n<meta property=\"og:image\" content=\"https:\/\/i0.wp.com\/algarvemoods.com\/wp-c8b25-content\/uploads\/K800_DSCF2907.jpg?fit=1067%2C400&ssl=1\" \/>\n\t<meta property=\"og:image:width\" content=\"1067\" \/>\n\t<meta property=\"og:image:height\" content=\"400\" \/>\n\t<meta property=\"og:image:type\" content=\"image\/jpeg\" \/>\n<meta name=\"twitter:card\" content=\"summary_large_image\" \/>\n<meta name=\"twitter:site\" content=\"@ellobo0815\" \/>\n<meta name=\"twitter:label1\" content=\"Est. reading time\" \/>\n\t<meta name=\"twitter:data1\" content=\"2 minutes\" \/>\n<script type=\"application\/ld+json\" class=\"yoast-schema-graph\">{\"@context\":\"https:\/\/schema.org\",\"@graph\":[{\"@type\":\"WebPage\",\"@id\":\"https:\/\/algarvemoods.com\/fr\/culinaire\/\",\"url\":\"https:\/\/algarvemoods.com\/fr\/culinaire\/\",\"name\":\"Culinaire - AlgarveMoods\",\"isPartOf\":{\"@id\":\"https:\/\/algarvemoods.com\/#website\"},\"primaryImageOfPage\":{\"@id\":\"https:\/\/algarvemoods.com\/fr\/culinaire\/#primaryimage\"},\"image\":{\"@id\":\"https:\/\/algarvemoods.com\/fr\/culinaire\/#primaryimage\"},\"thumbnailUrl\":\"https:\/\/i0.wp.com\/algarvemoods.com\/wp-c8b25-content\/uploads\/K800_DSCF2907.jpg?fit=1067%2C400&ssl=1\",\"datePublished\":\"2018-09-10T19:29:50+00:00\",\"dateModified\":\"2020-02-05T17:39:06+00:00\",\"breadcrumb\":{\"@id\":\"https:\/\/algarvemoods.com\/fr\/culinaire\/#breadcrumb\"},\"inLanguage\":\"fr-FR\",\"potentialAction\":[{\"@type\":\"ReadAction\",\"target\":[\"https:\/\/algarvemoods.com\/fr\/culinaire\/\"]}]},{\"@type\":\"ImageObject\",\"inLanguage\":\"fr-FR\",\"@id\":\"https:\/\/algarvemoods.com\/fr\/culinaire\/#primaryimage\",\"url\":\"https:\/\/i0.wp.com\/algarvemoods.com\/wp-c8b25-content\/uploads\/K800_DSCF2907.jpg?fit=1067%2C400&ssl=1\",\"contentUrl\":\"https:\/\/i0.wp.com\/algarvemoods.com\/wp-c8b25-content\/uploads\/K800_DSCF2907.jpg?fit=1067%2C400&ssl=1\",\"width\":1067,\"height\":400},{\"@type\":\"BreadcrumbList\",\"@id\":\"https:\/\/algarvemoods.com\/fr\/culinaire\/#breadcrumb\",\"itemListElement\":[{\"@type\":\"ListItem\",\"position\":1,\"name\":\"Home\",\"item\":\"https:\/\/algarvemoods.com\/\"},{\"@type\":\"ListItem\",\"position\":2,\"name\":\"Culinaire\"}]},{\"@type\":\"WebSite\",\"@id\":\"https:\/\/algarvemoods.com\/#website\",\"url\":\"https:\/\/algarvemoods.com\/\",\"name\":\"AlgarveMoods\",\"description\":\"Informations sur l\u2018Algarve\",\"potentialAction\":[{\"@type\":\"SearchAction\",\"target\":{\"@type\":\"EntryPoint\",\"urlTemplate\":\"https:\/\/algarvemoods.com\/?s={search_term_string}\"},\"query-input\":{\"@type\":\"PropertyValueSpecification\",\"valueRequired\":true,\"valueName\":\"search_term_string\"}}],\"inLanguage\":\"fr-FR\"}]}<\/script>\n<!-- \/ Yoast SEO plugin. -->","yoast_head_json":{"title":"Culinaire - AlgarveMoods","robots":{"index":"index","follow":"follow","max-snippet":"max-snippet:-1","max-image-preview":"max-image-preview:large","max-video-preview":"max-video-preview:-1"},"canonical":"https:\/\/algarvemoods.com\/fr\/culinaire\/","og_locale":"fr_FR","og_type":"article","og_title":"Culinaire - AlgarveMoods","og_url":"https:\/\/algarvemoods.com\/fr\/culinaire\/","og_site_name":"AlgarveMoods","article_publisher":"http:\/\/facebook.com\/algarvemoods","article_modified_time":"2020-02-05T17:39:06+00:00","og_image":[{"width":1067,"height":400,"url":"https:\/\/i0.wp.com\/algarvemoods.com\/wp-c8b25-content\/uploads\/K800_DSCF2907.jpg?fit=1067%2C400&ssl=1","type":"image\/jpeg"}],"twitter_card":"summary_large_image","twitter_site":"@ellobo0815","twitter_misc":{"Est. reading time":"2 minutes"},"schema":{"@context":"https:\/\/schema.org","@graph":[{"@type":"WebPage","@id":"https:\/\/algarvemoods.com\/fr\/culinaire\/","url":"https:\/\/algarvemoods.com\/fr\/culinaire\/","name":"Culinaire - AlgarveMoods","isPartOf":{"@id":"https:\/\/algarvemoods.com\/#website"},"primaryImageOfPage":{"@id":"https:\/\/algarvemoods.com\/fr\/culinaire\/#primaryimage"},"image":{"@id":"https:\/\/algarvemoods.com\/fr\/culinaire\/#primaryimage"},"thumbnailUrl":"https:\/\/i0.wp.com\/algarvemoods.com\/wp-c8b25-content\/uploads\/K800_DSCF2907.jpg?fit=1067%2C400&ssl=1","datePublished":"2018-09-10T19:29:50+00:00","dateModified":"2020-02-05T17:39:06+00:00","breadcrumb":{"@id":"https:\/\/algarvemoods.com\/fr\/culinaire\/#breadcrumb"},"inLanguage":"fr-FR","potentialAction":[{"@type":"ReadAction","target":["https:\/\/algarvemoods.com\/fr\/culinaire\/"]}]},{"@type":"ImageObject","inLanguage":"fr-FR","@id":"https:\/\/algarvemoods.com\/fr\/culinaire\/#primaryimage","url":"https:\/\/i0.wp.com\/algarvemoods.com\/wp-c8b25-content\/uploads\/K800_DSCF2907.jpg?fit=1067%2C400&ssl=1","contentUrl":"https:\/\/i0.wp.com\/algarvemoods.com\/wp-c8b25-content\/uploads\/K800_DSCF2907.jpg?fit=1067%2C400&ssl=1","width":1067,"height":400},{"@type":"BreadcrumbList","@id":"https:\/\/algarvemoods.com\/fr\/culinaire\/#breadcrumb","itemListElement":[{"@type":"ListItem","position":1,"name":"Home","item":"https:\/\/algarvemoods.com\/"},{"@type":"ListItem","position":2,"name":"Culinaire"}]},{"@type":"WebSite","@id":"https:\/\/algarvemoods.com\/#website","url":"https:\/\/algarvemoods.com\/","name":"AlgarveMoods","description":"Informations sur l\u2018Algarve","potentialAction":[{"@type":"SearchAction","target":{"@type":"EntryPoint","urlTemplate":"https:\/\/algarvemoods.com\/?s={search_term_string}"},"query-input":{"@type":"PropertyValueSpecification","valueRequired":true,"valueName":"search_term_string"}}],"inLanguage":"fr-FR"}]}},"jetpack_shortlink":"https:\/\/wp.me\/Pafafo-6A","jetpack_likes_enabled":true,"jetpack_sharing_enabled":true,"_links":{"self":[{"href":"https:\/\/algarvemoods.com\/fr\/wp-json\/wp\/v2\/pages\/408","targetHints":{"allow":["GET"]}}],"collection":[{"href":"https:\/\/algarvemoods.com\/fr\/wp-json\/wp\/v2\/pages"}],"about":[{"href":"https:\/\/algarvemoods.com\/fr\/wp-json\/wp\/v2\/types\/page"}],"author":[{"embeddable":true,"href":"https:\/\/algarvemoods.com\/fr\/wp-json\/wp\/v2\/users\/1"}],"replies":[{"embeddable":true,"href":"https:\/\/algarvemoods.com\/fr\/wp-json\/wp\/v2\/comments?post=408"}],"version-history":[{"count":13,"href":"https:\/\/algarvemoods.com\/fr\/wp-json\/wp\/v2\/pages\/408\/revisions"}],"predecessor-version":[{"id":5467,"href":"https:\/\/algarvemoods.com\/fr\/wp-json\/wp\/v2\/pages\/408\/revisions\/5467"}],"wp:featuredmedia":[{"embeddable":true,"href":"https:\/\/algarvemoods.com\/fr\/wp-json\/wp\/v2\/media\/4959"}],"wp:attachment":[{"href":"https:\/\/algarvemoods.com\/fr\/wp-json\/wp\/v2\/media?parent=408"}],"curies":[{"name":"wp","href":"https:\/\/api.w.org\/{rel}","templated":true}]}}