{"id":399,"date":"2018-09-10T17:39:57","date_gmt":"2018-09-10T16:39:57","guid":{"rendered":"http:\/\/wp13239037.server-he.de\/?page_id=399"},"modified":"2020-02-06T16:53:37","modified_gmt":"2020-02-06T16:53:37","slug":"kaffee","status":"publish","type":"page","link":"https:\/\/algarvemoods.com\/fr\/cafe\/","title":{"rendered":"Caf\u00e9"},"content":{"rendered":"<p><span style=\"font-family: helvetica, arial, sans-serif;\">Le Portugais se rend dans son caf\u00e9 habituel plusieurs fois par jour pour \u00e9changer des informations et bien s\u00fbr pour prendre un caf\u00e9.<\/span><\/p>\n<hr \/>\n<p><span style=\"font-family: helvetica, arial, sans-serif; color: #000000;\"><div class='content-column two_third'><\/span><\/p>\n<p><span style=\"font-family: helvetica, arial, sans-serif;\"><img data-recalc-dims=\"1\" loading=\"lazy\" decoding=\"async\" class=\"size-medium wp-image-5038 aligncenter\" src=\"https:\/\/i0.wp.com\/algarvemoods.com\/wp-c8b25-content\/uploads\/K800_IMG_3333.jpg?resize=378%2C252&#038;ssl=1\" alt=\"\" width=\"378\" height=\"252\" srcset=\"https:\/\/i0.wp.com\/algarvemoods.com\/wp-c8b25-content\/uploads\/K800_IMG_3333.jpg?resize=378%2C252&amp;ssl=1 378w, https:\/\/i0.wp.com\/algarvemoods.com\/wp-c8b25-content\/uploads\/K800_IMG_3333.jpg?resize=135%2C90&amp;ssl=1 135w, https:\/\/i0.wp.com\/algarvemoods.com\/wp-c8b25-content\/uploads\/K800_IMG_3333.jpg?resize=768%2C512&amp;ssl=1 768w, https:\/\/i0.wp.com\/algarvemoods.com\/wp-c8b25-content\/uploads\/K800_IMG_3333.jpg?resize=540%2C360&amp;ssl=1 540w, https:\/\/i0.wp.com\/algarvemoods.com\/wp-c8b25-content\/uploads\/K800_IMG_3333.jpg?w=900&amp;ssl=1 900w\" sizes=\"auto, (max-width: 378px) 100vw, 378px\" \/><\/span><\/p>\n<p><span style=\"font-family: helvetica, arial, sans-serif;\">Le caf\u00e9 &#8220;normal&#8221; est un espresso portugais, au go\u00fbt plus doux et souvent appel\u00e9 bica. Cela signifie r\u00e9ellement \u00e9vier. Ici \u00e7a vient de<\/span><\/p>\n<p><span style=\"font-family: helvetica, arial, sans-serif;\"><strong>B<\/strong>eba\u00a0<strong>I<\/strong>sto\u00a0<strong>C<\/strong>om\u00a0<strong>A<\/strong>\u00e7\u00facar (Boire avec du sucre).<\/span><\/p>\n<p><span style=\"font-family: helvetica, arial, sans-serif;\">Cela remonte aux d\u00e9buts de la boisson dans le vieux quartier de Lisbonne &#8220;Chiado&#8221;. L\u00e0-bas, les gens n&#8217;aimaient pas le go\u00fbt amer du caf\u00e9 inconnu. Le propri\u00e9taire du Caf\u00e9 A Brasileira a eu l\u2019id\u00e9e de l\u2019offrir avec du sucre. Cela a eu un tel succ\u00e8s que le terme Bica est encore utilis\u00e9 aujourd&#8217;hui.<\/span><\/p>\n<p><span style=\"font-family: helvetica, arial, sans-serif;\">Si rien n&#8217;est dit que &#8220;<em>uma bica faz favor<\/em>&#8221; (une bica s&#8217;il vous pla\u00eet), la tasse est \u00e0 moiti\u00e9 pleine et le caf\u00e9 est tr\u00e8s fort. Si un &#8220;<em>caf\u00e9 cheio<\/em>&#8221; est command\u00e9, la tasse est compl\u00e8tement remplie et le caf\u00e9 dilu\u00e9 en cons\u00e9quence.<\/span><\/p>\n<hr \/>\n<p><span style=\"color: #000000; font-family: helvetica, arial, sans-serif;\">pingo (Bica avec un filet de lait)<\/span><\/p>\n<hr \/>\n<p><span style=\"color: #000000; font-family: helvetica, arial, sans-serif;\">meia de leite (\u00e0 moiti\u00e9 pleine de lait)<\/span><\/p>\n<hr \/>\n<h4 style=\"text-align: center;\"><span style=\"color: #000000; font-family: helvetica, arial, sans-serif;\">Gal\u00e3o<\/span><\/h4>\n<p><span style=\"font-family: helvetica, arial, sans-serif;\"><img data-recalc-dims=\"1\" loading=\"lazy\" decoding=\"async\" class=\"size-medium wp-image-5039 aligncenter\" src=\"https:\/\/i0.wp.com\/algarvemoods.com\/wp-c8b25-content\/uploads\/K800_IMG_3332.jpg?resize=378%2C252&#038;ssl=1\" alt=\"\" width=\"378\" height=\"252\" srcset=\"https:\/\/i0.wp.com\/algarvemoods.com\/wp-c8b25-content\/uploads\/K800_IMG_3332.jpg?resize=378%2C252&amp;ssl=1 378w, https:\/\/i0.wp.com\/algarvemoods.com\/wp-c8b25-content\/uploads\/K800_IMG_3332.jpg?resize=135%2C90&amp;ssl=1 135w, https:\/\/i0.wp.com\/algarvemoods.com\/wp-c8b25-content\/uploads\/K800_IMG_3332.jpg?resize=768%2C512&amp;ssl=1 768w, https:\/\/i0.wp.com\/algarvemoods.com\/wp-c8b25-content\/uploads\/K800_IMG_3332.jpg?resize=540%2C360&amp;ssl=1 540w, https:\/\/i0.wp.com\/algarvemoods.com\/wp-c8b25-content\/uploads\/K800_IMG_3332.jpg?w=900&amp;ssl=1 900w\" sizes=\"auto, (max-width: 378px) 100vw, 378px\" \/><\/span><\/p>\n<p><span style=\"font-family: helvetica, arial, sans-serif;\">Un Gal\u00e3o est un bica avec du lait chaud et une coiffe de mousse de lait.<\/span><\/p>\n<hr \/>\n<p><span style=\"font-family: helvetica, arial, sans-serif;\"><strong>Conseil: <\/strong>Le caf\u00e9 a meilleur go\u00fbt l\u00e0 o\u00f9 les Portugais le boivent. L\u00e0, un Bica co\u00fbtera 60 \u00e0 70 cents. Dans certains centres touristiques, le caf\u00e9 est beaucoup plus cher mais moins savoureux.<\/span><\/p>\n<p><span style=\"font-family: helvetica, arial, sans-serif;\">Bien s\u00fbr, dans de nombreux endroits, on trouve \u00e9galement des sp\u00e9cialit\u00e9s de caf\u00e9 de renomm\u00e9e internationale, telles que Cappuccino ou Latte Macchiato. Il existe en plus des caf\u00e9s import\u00e9s, des tablettes et des capsules dans les diff\u00e9rents supermarch\u00e9s et centres commerciaux. <\/span><\/p>\n<hr \/>\n<p><span style=\"color: #000000; font-family: helvetica, arial, sans-serif;\"><\/div><\/span><\/p>\n","protected":false},"excerpt":{"rendered":"<p>Le Portugais se rend dans son caf\u00e9 habituel plusieurs fois par jour pour \u00e9changer des informations et bien s\u00fbr pour prendre un caf\u00e9.<\/p>\n","protected":false},"author":1,"featured_media":0,"parent":0,"menu_order":0,"comment_status":"closed","ping_status":"closed","template":"","meta":{"jetpack_post_was_ever_published":false,"footnotes":""},"class_list":["post-399","page","type-page","status-publish","hentry"],"translation":{"provider":"WPGlobus","version":"3.0.0","language":"fr","enabled_languages":["de","en","fr"],"languages":{"de":{"title":true,"content":true,"excerpt":false},"en":{"title":true,"content":true,"excerpt":false},"fr":{"title":true,"content":true,"excerpt":false}}},"yoast_head":"<!-- This site is optimized with the Yoast SEO plugin v24.8.1 - https:\/\/yoast.com\/wordpress\/plugins\/seo\/ -->\n<title>Caf\u00e9 - AlgarveMoods<\/title>\n<meta name=\"robots\" content=\"index, follow, max-snippet:-1, max-image-preview:large, max-video-preview:-1\" \/>\n<link rel=\"canonical\" href=\"https:\/\/algarvemoods.com\/fr\/cafe\/\" \/>\n<meta property=\"og:locale\" content=\"fr_FR\" \/>\n<meta property=\"og:type\" content=\"article\" \/>\n<meta property=\"og:title\" content=\"Caf\u00e9 - AlgarveMoods\" \/>\n<meta property=\"og:url\" content=\"https:\/\/algarvemoods.com\/fr\/cafe\/\" \/>\n<meta property=\"og:site_name\" content=\"AlgarveMoods\" \/>\n<meta property=\"article:publisher\" content=\"http:\/\/facebook.com\/algarvemoods\" \/>\n<meta property=\"article:modified_time\" content=\"2020-02-06T16:53:37+00:00\" \/>\n<meta property=\"og:image\" content=\"https:\/\/algarvemoods.com\/wp-c8b25-content\/uploads\/K800_IMG_3333-378x252.jpg\" \/>\n<meta name=\"twitter:card\" content=\"summary_large_image\" \/>\n<meta name=\"twitter:site\" content=\"@ellobo0815\" \/>\n<meta name=\"twitter:label1\" content=\"Est. reading time\" \/>\n\t<meta name=\"twitter:data1\" content=\"4 minutes\" \/>\n<script type=\"application\/ld+json\" class=\"yoast-schema-graph\">{\"@context\":\"https:\/\/schema.org\",\"@graph\":[{\"@type\":\"WebPage\",\"@id\":\"https:\/\/algarvemoods.com\/fr\/cafe\/\",\"url\":\"https:\/\/algarvemoods.com\/fr\/cafe\/\",\"name\":\"Caf\u00e9 - AlgarveMoods\",\"isPartOf\":{\"@id\":\"https:\/\/algarvemoods.com\/#website\"},\"primaryImageOfPage\":{\"@id\":\"https:\/\/algarvemoods.com\/fr\/cafe\/#primaryimage\"},\"image\":{\"@id\":\"https:\/\/algarvemoods.com\/fr\/cafe\/#primaryimage\"},\"thumbnailUrl\":\"https:\/\/algarvemoods.com\/wp-c8b25-content\/uploads\/K800_IMG_3333-378x252.jpg\",\"datePublished\":\"2018-09-10T16:39:57+00:00\",\"dateModified\":\"2020-02-06T16:53:37+00:00\",\"breadcrumb\":{\"@id\":\"https:\/\/algarvemoods.com\/fr\/cafe\/#breadcrumb\"},\"inLanguage\":\"fr-FR\",\"potentialAction\":[{\"@type\":\"ReadAction\",\"target\":[\"https:\/\/algarvemoods.com\/fr\/cafe\/\"]}]},{\"@type\":\"ImageObject\",\"inLanguage\":\"fr-FR\",\"@id\":\"https:\/\/algarvemoods.com\/fr\/cafe\/#primaryimage\",\"url\":\"https:\/\/algarvemoods.com\/wp-c8b25-content\/uploads\/K800_IMG_3333-378x252.jpg\",\"contentUrl\":\"https:\/\/algarvemoods.com\/wp-c8b25-content\/uploads\/K800_IMG_3333-378x252.jpg\"},{\"@type\":\"BreadcrumbList\",\"@id\":\"https:\/\/algarvemoods.com\/fr\/cafe\/#breadcrumb\",\"itemListElement\":[{\"@type\":\"ListItem\",\"position\":1,\"name\":\"Home\",\"item\":\"https:\/\/algarvemoods.com\/\"},{\"@type\":\"ListItem\",\"position\":2,\"name\":\"Caf\u00e9\"}]},{\"@type\":\"WebSite\",\"@id\":\"https:\/\/algarvemoods.com\/#website\",\"url\":\"https:\/\/algarvemoods.com\/\",\"name\":\"AlgarveMoods\",\"description\":\"Informations sur l\u2018Algarve\",\"potentialAction\":[{\"@type\":\"SearchAction\",\"target\":{\"@type\":\"EntryPoint\",\"urlTemplate\":\"https:\/\/algarvemoods.com\/?s={search_term_string}\"},\"query-input\":{\"@type\":\"PropertyValueSpecification\",\"valueRequired\":true,\"valueName\":\"search_term_string\"}}],\"inLanguage\":\"fr-FR\"}]}<\/script>\n<!-- \/ Yoast SEO plugin. -->","yoast_head_json":{"title":"Caf\u00e9 - AlgarveMoods","robots":{"index":"index","follow":"follow","max-snippet":"max-snippet:-1","max-image-preview":"max-image-preview:large","max-video-preview":"max-video-preview:-1"},"canonical":"https:\/\/algarvemoods.com\/fr\/cafe\/","og_locale":"fr_FR","og_type":"article","og_title":"Caf\u00e9 - AlgarveMoods","og_url":"https:\/\/algarvemoods.com\/fr\/cafe\/","og_site_name":"AlgarveMoods","article_publisher":"http:\/\/facebook.com\/algarvemoods","article_modified_time":"2020-02-06T16:53:37+00:00","og_image":[{"url":"https:\/\/algarvemoods.com\/wp-c8b25-content\/uploads\/K800_IMG_3333-378x252.jpg","type":"","width":"","height":""}],"twitter_card":"summary_large_image","twitter_site":"@ellobo0815","twitter_misc":{"Est. reading time":"4 minutes"},"schema":{"@context":"https:\/\/schema.org","@graph":[{"@type":"WebPage","@id":"https:\/\/algarvemoods.com\/fr\/cafe\/","url":"https:\/\/algarvemoods.com\/fr\/cafe\/","name":"Caf\u00e9 - AlgarveMoods","isPartOf":{"@id":"https:\/\/algarvemoods.com\/#website"},"primaryImageOfPage":{"@id":"https:\/\/algarvemoods.com\/fr\/cafe\/#primaryimage"},"image":{"@id":"https:\/\/algarvemoods.com\/fr\/cafe\/#primaryimage"},"thumbnailUrl":"https:\/\/algarvemoods.com\/wp-c8b25-content\/uploads\/K800_IMG_3333-378x252.jpg","datePublished":"2018-09-10T16:39:57+00:00","dateModified":"2020-02-06T16:53:37+00:00","breadcrumb":{"@id":"https:\/\/algarvemoods.com\/fr\/cafe\/#breadcrumb"},"inLanguage":"fr-FR","potentialAction":[{"@type":"ReadAction","target":["https:\/\/algarvemoods.com\/fr\/cafe\/"]}]},{"@type":"ImageObject","inLanguage":"fr-FR","@id":"https:\/\/algarvemoods.com\/fr\/cafe\/#primaryimage","url":"https:\/\/algarvemoods.com\/wp-c8b25-content\/uploads\/K800_IMG_3333-378x252.jpg","contentUrl":"https:\/\/algarvemoods.com\/wp-c8b25-content\/uploads\/K800_IMG_3333-378x252.jpg"},{"@type":"BreadcrumbList","@id":"https:\/\/algarvemoods.com\/fr\/cafe\/#breadcrumb","itemListElement":[{"@type":"ListItem","position":1,"name":"Home","item":"https:\/\/algarvemoods.com\/"},{"@type":"ListItem","position":2,"name":"Caf\u00e9"}]},{"@type":"WebSite","@id":"https:\/\/algarvemoods.com\/#website","url":"https:\/\/algarvemoods.com\/","name":"AlgarveMoods","description":"Informations sur l\u2018Algarve","potentialAction":[{"@type":"SearchAction","target":{"@type":"EntryPoint","urlTemplate":"https:\/\/algarvemoods.com\/?s={search_term_string}"},"query-input":{"@type":"PropertyValueSpecification","valueRequired":true,"valueName":"search_term_string"}}],"inLanguage":"fr-FR"}]}},"jetpack_shortlink":"https:\/\/wp.me\/Pafafo-6r","jetpack_likes_enabled":true,"jetpack_sharing_enabled":true,"_links":{"self":[{"href":"https:\/\/algarvemoods.com\/fr\/wp-json\/wp\/v2\/pages\/399","targetHints":{"allow":["GET"]}}],"collection":[{"href":"https:\/\/algarvemoods.com\/fr\/wp-json\/wp\/v2\/pages"}],"about":[{"href":"https:\/\/algarvemoods.com\/fr\/wp-json\/wp\/v2\/types\/page"}],"author":[{"embeddable":true,"href":"https:\/\/algarvemoods.com\/fr\/wp-json\/wp\/v2\/users\/1"}],"replies":[{"embeddable":true,"href":"https:\/\/algarvemoods.com\/fr\/wp-json\/wp\/v2\/comments?post=399"}],"version-history":[{"count":2,"href":"https:\/\/algarvemoods.com\/fr\/wp-json\/wp\/v2\/pages\/399\/revisions"}],"predecessor-version":[{"id":5490,"href":"https:\/\/algarvemoods.com\/fr\/wp-json\/wp\/v2\/pages\/399\/revisions\/5490"}],"wp:attachment":[{"href":"https:\/\/algarvemoods.com\/fr\/wp-json\/wp\/v2\/media?parent=399"}],"curies":[{"name":"wp","href":"https:\/\/api.w.org\/{rel}","templated":true}]}}