{"id":369,"date":"2018-09-09T13:08:30","date_gmt":"2018-09-09T12:08:30","guid":{"rendered":"http:\/\/wp13239037.server-he.de\/?page_id=369"},"modified":"2020-03-10T11:01:36","modified_gmt":"2020-03-10T11:01:36","slug":"geschichte","status":"publish","type":"page","link":"https:\/\/algarvemoods.com\/fr\/histoire\/","title":{"rendered":"Histoire"},"content":{"rendered":"<div class='content-column two_third'><h4 class=\"wnd-align-center\" style=\"text-align: center;\"><strong><span class=\"wsw-01\" style=\"font-family: helvetica, arial, sans-serif;\">Les donn\u00e9es les plus importantes de l&#8217;histoire:<\/span><\/strong><\/h4>\n<ul>\n<li><span class=\"wsw-01\" style=\"font-family: helvetica, arial, sans-serif;\">Des traces prouvent le peuplement de l&#8217;Algarve par le homo erectus au pal\u00e9olithique.<\/span><\/li>\n<li><span class=\"wsw-01\" style=\"font-family: helvetica, arial, sans-serif;\">Environ 40.000 &#8211; 30.000 ans avant J-C: Peuplement par l&#8217;homme de N\u00e9andertal. Des traces se trouvent \u00e0 Vilas Ruivas et au fleuve \u00abRio Arade\u00bb (ce n&#8217;est qu&#8217;au d\u00e9but de 2016 qu&#8217;on a d\u00e9couvert ces traces \u00e0 l&#8217;occasion de travaux au nord de Portim\u00e3o).<\/span><\/li>\n<li><span class=\"wsw-01\" style=\"font-family: helvetica, arial, sans-serif;\">Il y a des preuves manifestant qu&#8217;\u00e0 partir d&#8217;environ 5.000 Jahre avant J-C l&#8217;agriculture existait d\u00e9ja. Depuis ce temps-l\u00e0 aussi de nombreux m\u00e9galithes \u00e9taient cr\u00e9\u00e9s dans le\u00a0 district Vila do Bispo.<\/span><\/li>\n<li><span class=\"wsw-01\" style=\"font-family: helvetica, arial, sans-serif;\">Depuis environ 4.000 &#8211; 3.000 ans avant J-C les Ib\u00e8res immigraient et apportaient l&#8217;ars de la transformation des m\u00e9taux. L&#8217;origine exact des Ib\u00e8res est disput\u00e9e et les opinions dans l&#8217;ensemble des sp\u00e9cialistes varient entre l&#8217;Europe de Nord-Ouest, l&#8217;Afrique du Nord et l&#8217;espace m\u00e9diterran\u00e9en-est.<\/span><\/li>\n<li><span class=\"wsw-01\" style=\"font-family: helvetica, arial, sans-serif;\">Environ 3.000 ans avant J-C: Peuplement \u00e0 Alcalar (\u00e0 peu pr\u00e8s 15 km au nord de Portim\u00e3o) sur une superficie d&#8217;environ 10 h\u00e9ctares. Dans les tombes m\u00e9galithiques on a trouv\u00e9 les restes de 170 de morts. La bande c\u00f4ti\u00e8re a \u00e9t\u00e9 peupl\u00e9e aussi \u00e0 ce temps-l\u00e0.\u00a0<\/span><\/li>\n<li><span class=\"wsw-01\" style=\"font-family: helvetica, arial, sans-serif;\">Environ 900 ans avant J-C: Les Celtes immigraient et se m\u00e9langeaient avec les Ib\u00e8res aux\u00a0 Celtib\u00e8res.<\/span><\/li>\n<li><span class=\"wsw-01\" style=\"font-family: helvetica, arial, sans-serif;\">Environ 800 ans avant J-C: Les ph\u00e9niciens construisaient des ports \u00e0 la c\u00f4te.<\/span><\/li>\n<li><span class=\"wsw-01\" style=\"font-family: helvetica, arial, sans-serif;\">Environ 550 ans avant J-C: Les carthaginois ont fond\u00e9 la ville Portim\u00e3o.<\/span><\/li>\n<li><span class=\"wsw-01\" style=\"font-family: helvetica, arial, sans-serif;\">A partir d&#8217;environ 200 ans avant J-C: Les romains peuplaient une bonne partie de la p\u00e9ninsule ib\u00e8re. L&#8217;Algarve appartenait \u00e0 la province Lusitania.<\/span><\/li>\n<li><span class=\"wsw-01\" style=\"font-family: helvetica, arial, sans-serif;\">Environ 400 jusqu&#8217;\u00e0 700 ans apr\u00e8s J-C: Les Su\u00e8ves, les Alains, les Wisigoths et les Vandales arrivaient au cours des grandes invasions \u00e0 l&#8217;Algarve.<\/span><\/li>\n<\/ul><\/div>\n<div class='content-column one_third last_column'><div style=\"padding-left:30px;\"><p><a href=\"https:\/\/www.anrdoezrs.net\/click-9126909-10474569\"><br \/>\n<\/a><a href=\"https:\/\/www.anrdoezrs.net\/click-9126909-10474569\" target=\"_blank\" rel=\"noopener noreferrer\"><img loading=\"lazy\" decoding=\"async\" class=\"aligncenter\" src=\"https:\/\/www.awltovhc.com\/image-9126909-10474569\" alt=\"Fund Literacy, Care for the Environment\" width=\"120\" height=\"600\" border=\"0\" \/><\/a><\/p><\/div><\/div><div class='clear_column'><\/div>\n<div class='content-column two_third'><ul>\n<li><span class=\"wsw-01\" style=\"font-family: helvetica, arial, sans-serif;\">711 \u00e0 1249 ans apr\u00e8s J-C: Les Maures dominaient l&#8217;Algarve.<\/span><\/li>\n<li><span class=\"wsw-01\" style=\"font-family: helvetica, arial, sans-serif;\">1319 \u00e0 1354: L&#8217;Ordre des Chevaliers du Christ (successeur de l&#8217;Ordre du Temple) a fait de Castro Marim son quartier g\u00e9n\u00e9ral.<\/span><\/li>\n<li><span class=\"wsw-01\" style=\"font-family: helvetica, arial, sans-serif;\">1386 Portugal et Angleterre ont sign\u00e9 un trait\u00e9 d&#8217;amiti\u00e9 qui est valable jusqu&#8217;\u00e0 aujourd&#8217;hui.\u00a0<\/span><\/li>\n<li><span class=\"wsw-01\" style=\"font-family: helvetica, arial, sans-serif;\">1415 Des troupes portugaises on conquis la ville commerciale Ceuta au Maroc.<\/span><\/li>\n<li><span class=\"wsw-01\" style=\"font-family: helvetica, arial, sans-serif;\">1419 Henri est devenu le gouverneur de l&#8217;Algarve.<\/span><\/li>\n<li><span class=\"wsw-01\" style=\"font-family: helvetica, arial, sans-serif;\">15\u00e8me si\u00e8cle: Sous la direction de Henri le Navigateur les explorateurs portugais ont trouv\u00e9 la route maritime autour de l&#8217;Afrique vers l&#8217;Inde. Malgr\u00e9 son nom, Henri n&#8217;a quitt\u00e9 probablement jamais le continent.<\/span><\/li>\n<li><span class=\"wsw-01\" style=\"font-family: helvetica, arial, sans-serif;\">1500 Alvares Cabral a d\u00e9couvert Brasil.<\/span><\/li>\n<li><span class=\"wsw-01\" style=\"font-family: helvetica, arial, sans-serif;\">1513 Des navires portugais sont arriv\u00e9s \u00e0 la Chine.<\/span><\/li>\n<li><span class=\"wsw-01\" style=\"font-family: helvetica, arial, sans-serif;\">1543 Par l&#8217;arriv\u00e9e au Japon le Portugal \u00e9tait consid\u00e9r\u00e9 comme la nation la plus puissante de l&#8217;Occident.<\/span><\/li>\n<li><span class=\"wsw-01\" style=\"font-family: helvetica, arial, sans-serif;\">1580 Le jeune roi Sebasti\u00e3o a \u00e9t\u00e9 tu\u00e9 pendant les combats au Maroc; Espagne a repris la couronne portugaise.<\/span><\/li>\n<li><span class=\"wsw-01\" style=\"font-family: helvetica, arial, sans-serif;\">1640 Le Portugal s&#8217;est lib\u00e9r\u00e9 de la domination espagnole.<\/span><\/li>\n<li><span class=\"wsw-01\" style=\"font-family: helvetica, arial, sans-serif;\">1703: Le contrat de Methuen entre le Portugal et l&#8217;Angleterre a \u00e9t\u00e9 sign\u00e9. Il r\u00e9glemente le commerce du vin et des textiles.<\/span><\/li>\n<li><span class=\"wsw-01\" style=\"font-family: helvetica, arial, sans-serif;\">1755 Le grand tremblement de terre a d\u00e9truit de nombreux villages, des vestiges historiques et a chang\u00e9 la c\u00f4te.\u00a0<\/span><\/li>\n<li><span class=\"wsw-01\" style=\"font-family: helvetica, arial, sans-serif;\">1910 R\u00e9volution au Portugal. La r\u00e9publique a \u00e9t\u00e9 proclam\u00e9e et le roi Manuel II a du abdiquer.<\/span><\/li>\n<li><span class=\"wsw-01\" style=\"font-family: helvetica, arial, sans-serif;\">1926 Oliveira Salazar s&#8217;est hiss\u00e9 au pouvoir par un putsch et a \u00e9tablis une dictature.<\/span><\/li>\n<li><span class=\"wsw-01\" style=\"font-family: helvetica, arial, sans-serif;\">1940 Le Portugal a rejoign\u00e9 l&#8217;OTAN.<\/span><\/li>\n<li><span class=\"wsw-01\" style=\"font-family: helvetica, arial, sans-serif;\">1974 La r\u00e9volution des oeillets\u00a0a mis fin \u00e0 la dictature au Portugal.<\/span><\/li>\n<li><span class=\"wsw-01\" style=\"font-family: helvetica, arial, sans-serif;\">1975 Les premi\u00e8res elections libres ont eu lieu au Portugal.<\/span><\/li>\n<li><span class=\"wsw-01\" style=\"font-family: helvetica, arial, sans-serif;\">1986 Entr\u00e9e dans l&#8217;UE.<\/span><\/li>\n<li><span class=\"wsw-01\" style=\"font-family: helvetica, arial, sans-serif;\">1999 Macao a \u00e9t\u00e9 retourn\u00e9 \u00e0 la Chine, mettant fin \u00e0 500 ans d&#8217;histoire coloniale agit\u00e9e.<\/span><\/li>\n<\/ul><\/div>\n","protected":false},"excerpt":{"rendered":"","protected":false},"author":1,"featured_media":1273,"parent":0,"menu_order":0,"comment_status":"closed","ping_status":"closed","template":"","meta":{"jetpack_post_was_ever_published":false,"footnotes":""},"class_list":["post-369","page","type-page","status-publish","has-post-thumbnail","hentry"],"translation":{"provider":"WPGlobus","version":"3.0.0","language":"fr","enabled_languages":["de","en","fr"],"languages":{"de":{"title":true,"content":true,"excerpt":false},"en":{"title":true,"content":true,"excerpt":false},"fr":{"title":true,"content":true,"excerpt":false}}},"yoast_head":"<!-- This site is optimized with the Yoast SEO plugin v24.8.1 - https:\/\/yoast.com\/wordpress\/plugins\/seo\/ -->\n<title>Histoire - AlgarveMoods<\/title>\n<meta name=\"robots\" content=\"index, follow, max-snippet:-1, max-image-preview:large, max-video-preview:-1\" \/>\n<link rel=\"canonical\" href=\"https:\/\/algarvemoods.com\/fr\/histoire\/\" \/>\n<meta property=\"og:locale\" content=\"fr_FR\" \/>\n<meta property=\"og:type\" content=\"article\" \/>\n<meta property=\"og:title\" content=\"Histoire - AlgarveMoods\" \/>\n<meta property=\"og:url\" content=\"https:\/\/algarvemoods.com\/fr\/histoire\/\" \/>\n<meta property=\"og:site_name\" content=\"AlgarveMoods\" \/>\n<meta property=\"article:publisher\" content=\"http:\/\/facebook.com\/algarvemoods\" \/>\n<meta property=\"article:modified_time\" content=\"2020-03-10T11:01:36+00:00\" \/>\n<meta property=\"og:image\" content=\"https:\/\/i0.wp.com\/algarvemoods.com\/wp-c8b25-content\/uploads\/2018\/09\/geschichte.jpg?fit=1024%2C400&ssl=1\" \/>\n\t<meta property=\"og:image:width\" content=\"1024\" \/>\n\t<meta property=\"og:image:height\" content=\"400\" \/>\n\t<meta property=\"og:image:type\" content=\"image\/jpeg\" \/>\n<meta name=\"twitter:card\" content=\"summary_large_image\" \/>\n<meta name=\"twitter:site\" content=\"@ellobo0815\" \/>\n<meta name=\"twitter:label1\" content=\"Est. reading time\" \/>\n\t<meta name=\"twitter:data1\" content=\"8 minutes\" \/>\n<script type=\"application\/ld+json\" class=\"yoast-schema-graph\">{\"@context\":\"https:\/\/schema.org\",\"@graph\":[{\"@type\":\"WebPage\",\"@id\":\"https:\/\/algarvemoods.com\/fr\/histoire\/\",\"url\":\"https:\/\/algarvemoods.com\/fr\/histoire\/\",\"name\":\"Histoire - AlgarveMoods\",\"isPartOf\":{\"@id\":\"https:\/\/algarvemoods.com\/#website\"},\"primaryImageOfPage\":{\"@id\":\"https:\/\/algarvemoods.com\/fr\/histoire\/#primaryimage\"},\"image\":{\"@id\":\"https:\/\/algarvemoods.com\/fr\/histoire\/#primaryimage\"},\"thumbnailUrl\":\"https:\/\/i0.wp.com\/algarvemoods.com\/wp-c8b25-content\/uploads\/2018\/09\/geschichte.jpg?fit=1024%2C400&ssl=1\",\"datePublished\":\"2018-09-09T12:08:30+00:00\",\"dateModified\":\"2020-03-10T11:01:36+00:00\",\"breadcrumb\":{\"@id\":\"https:\/\/algarvemoods.com\/fr\/histoire\/#breadcrumb\"},\"inLanguage\":\"fr-FR\",\"potentialAction\":[{\"@type\":\"ReadAction\",\"target\":[\"https:\/\/algarvemoods.com\/fr\/histoire\/\"]}]},{\"@type\":\"ImageObject\",\"inLanguage\":\"fr-FR\",\"@id\":\"https:\/\/algarvemoods.com\/fr\/histoire\/#primaryimage\",\"url\":\"https:\/\/i0.wp.com\/algarvemoods.com\/wp-c8b25-content\/uploads\/2018\/09\/geschichte.jpg?fit=1024%2C400&ssl=1\",\"contentUrl\":\"https:\/\/i0.wp.com\/algarvemoods.com\/wp-c8b25-content\/uploads\/2018\/09\/geschichte.jpg?fit=1024%2C400&ssl=1\",\"width\":1024,\"height\":400},{\"@type\":\"BreadcrumbList\",\"@id\":\"https:\/\/algarvemoods.com\/fr\/histoire\/#breadcrumb\",\"itemListElement\":[{\"@type\":\"ListItem\",\"position\":1,\"name\":\"Home\",\"item\":\"https:\/\/algarvemoods.com\/\"},{\"@type\":\"ListItem\",\"position\":2,\"name\":\"Histoire\"}]},{\"@type\":\"WebSite\",\"@id\":\"https:\/\/algarvemoods.com\/#website\",\"url\":\"https:\/\/algarvemoods.com\/\",\"name\":\"AlgarveMoods\",\"description\":\"Informations sur l\u2018Algarve\",\"potentialAction\":[{\"@type\":\"SearchAction\",\"target\":{\"@type\":\"EntryPoint\",\"urlTemplate\":\"https:\/\/algarvemoods.com\/?s={search_term_string}\"},\"query-input\":{\"@type\":\"PropertyValueSpecification\",\"valueRequired\":true,\"valueName\":\"search_term_string\"}}],\"inLanguage\":\"fr-FR\"}]}<\/script>\n<!-- \/ Yoast SEO plugin. -->","yoast_head_json":{"title":"Histoire - AlgarveMoods","robots":{"index":"index","follow":"follow","max-snippet":"max-snippet:-1","max-image-preview":"max-image-preview:large","max-video-preview":"max-video-preview:-1"},"canonical":"https:\/\/algarvemoods.com\/fr\/histoire\/","og_locale":"fr_FR","og_type":"article","og_title":"Histoire - AlgarveMoods","og_url":"https:\/\/algarvemoods.com\/fr\/histoire\/","og_site_name":"AlgarveMoods","article_publisher":"http:\/\/facebook.com\/algarvemoods","article_modified_time":"2020-03-10T11:01:36+00:00","og_image":[{"width":1024,"height":400,"url":"https:\/\/i0.wp.com\/algarvemoods.com\/wp-c8b25-content\/uploads\/2018\/09\/geschichte.jpg?fit=1024%2C400&ssl=1","type":"image\/jpeg"}],"twitter_card":"summary_large_image","twitter_site":"@ellobo0815","twitter_misc":{"Est. reading time":"8 minutes"},"schema":{"@context":"https:\/\/schema.org","@graph":[{"@type":"WebPage","@id":"https:\/\/algarvemoods.com\/fr\/histoire\/","url":"https:\/\/algarvemoods.com\/fr\/histoire\/","name":"Histoire - AlgarveMoods","isPartOf":{"@id":"https:\/\/algarvemoods.com\/#website"},"primaryImageOfPage":{"@id":"https:\/\/algarvemoods.com\/fr\/histoire\/#primaryimage"},"image":{"@id":"https:\/\/algarvemoods.com\/fr\/histoire\/#primaryimage"},"thumbnailUrl":"https:\/\/i0.wp.com\/algarvemoods.com\/wp-c8b25-content\/uploads\/2018\/09\/geschichte.jpg?fit=1024%2C400&ssl=1","datePublished":"2018-09-09T12:08:30+00:00","dateModified":"2020-03-10T11:01:36+00:00","breadcrumb":{"@id":"https:\/\/algarvemoods.com\/fr\/histoire\/#breadcrumb"},"inLanguage":"fr-FR","potentialAction":[{"@type":"ReadAction","target":["https:\/\/algarvemoods.com\/fr\/histoire\/"]}]},{"@type":"ImageObject","inLanguage":"fr-FR","@id":"https:\/\/algarvemoods.com\/fr\/histoire\/#primaryimage","url":"https:\/\/i0.wp.com\/algarvemoods.com\/wp-c8b25-content\/uploads\/2018\/09\/geschichte.jpg?fit=1024%2C400&ssl=1","contentUrl":"https:\/\/i0.wp.com\/algarvemoods.com\/wp-c8b25-content\/uploads\/2018\/09\/geschichte.jpg?fit=1024%2C400&ssl=1","width":1024,"height":400},{"@type":"BreadcrumbList","@id":"https:\/\/algarvemoods.com\/fr\/histoire\/#breadcrumb","itemListElement":[{"@type":"ListItem","position":1,"name":"Home","item":"https:\/\/algarvemoods.com\/"},{"@type":"ListItem","position":2,"name":"Histoire"}]},{"@type":"WebSite","@id":"https:\/\/algarvemoods.com\/#website","url":"https:\/\/algarvemoods.com\/","name":"AlgarveMoods","description":"Informations sur l\u2018Algarve","potentialAction":[{"@type":"SearchAction","target":{"@type":"EntryPoint","urlTemplate":"https:\/\/algarvemoods.com\/?s={search_term_string}"},"query-input":{"@type":"PropertyValueSpecification","valueRequired":true,"valueName":"search_term_string"}}],"inLanguage":"fr-FR"}]}},"jetpack_shortlink":"https:\/\/wp.me\/Pafafo-5X","jetpack_likes_enabled":true,"jetpack_sharing_enabled":true,"_links":{"self":[{"href":"https:\/\/algarvemoods.com\/fr\/wp-json\/wp\/v2\/pages\/369","targetHints":{"allow":["GET"]}}],"collection":[{"href":"https:\/\/algarvemoods.com\/fr\/wp-json\/wp\/v2\/pages"}],"about":[{"href":"https:\/\/algarvemoods.com\/fr\/wp-json\/wp\/v2\/types\/page"}],"author":[{"embeddable":true,"href":"https:\/\/algarvemoods.com\/fr\/wp-json\/wp\/v2\/users\/1"}],"replies":[{"embeddable":true,"href":"https:\/\/algarvemoods.com\/fr\/wp-json\/wp\/v2\/comments?post=369"}],"version-history":[{"count":5,"href":"https:\/\/algarvemoods.com\/fr\/wp-json\/wp\/v2\/pages\/369\/revisions"}],"predecessor-version":[{"id":5724,"href":"https:\/\/algarvemoods.com\/fr\/wp-json\/wp\/v2\/pages\/369\/revisions\/5724"}],"wp:featuredmedia":[{"embeddable":true,"href":"https:\/\/algarvemoods.com\/fr\/wp-json\/wp\/v2\/media\/1273"}],"wp:attachment":[{"href":"https:\/\/algarvemoods.com\/fr\/wp-json\/wp\/v2\/media?parent=369"}],"curies":[{"name":"wp","href":"https:\/\/api.w.org\/{rel}","templated":true}]}}