{"id":302,"date":"2018-09-05T19:06:57","date_gmt":"2018-09-05T18:06:57","guid":{"rendered":"http:\/\/wp13239037.server-he.de\/?page_id=302"},"modified":"2020-03-23T19:18:40","modified_gmt":"2020-03-23T19:18:40","slug":"anreise","status":"publish","type":"page","link":"https:\/\/algarvemoods.com\/fr\/voyage-aller\/","title":{"rendered":"Voyage aller"},"content":{"rendered":"<p data-wnd_is_separable=\"1\" data-wnd_separable_index=\"0\" data-wnd_separable_id=\"wnd_TextBlock_39965\"><span style=\"font-family: helvetica, arial, sans-serif;\"><div class='content-column two_third'><\/span><\/p>\n<p id=\"wnd_TextBlock_39965_inner_0\" data-wnd_is_separable=\"1\" data-wnd_separable_index=\"0\" data-wnd_separable_id=\"wnd_TextBlock_39965\"><span class=\"wsw-01\" style=\"font-family: helvetica, arial, sans-serif;\"><b>Voyage par avion:<\/b><br \/>\nLes destinations possibles comprennent les a\u00e9roports de Faro, Lisbonne (environ 270 km de Faro) et Jerez de la Frontera en Espagne (environ 280 km de Faro). Le voyage par avion jusqu&#8217;\u00e0 Porto (nord du Portugal) n&#8217;est pas recommand\u00e9. Il faut aller environ 560 km en calculant 6 \u00e0 7 heures pour ce trajet en voiture.\u00a0<\/span><\/p>\n<p data-wnd_is_separable=\"1\" data-wnd_separable_index=\"0\" data-wnd_separable_id=\"wnd_TextBlock_39965\"><a href=\"https:\/\/www.tkqlhce.com\/click-9126909-12220038\" target=\"_blank\" rel=\"noopener noreferrer\"><img loading=\"lazy\" decoding=\"async\" class=\"aligncenter\" src=\"https:\/\/www.awltovhc.com\/image-9126909-12220038\" alt=\"\" width=\"728\" height=\"90\" border=\"0\" \/><\/a><\/p>\n<p id=\"wnd_TextBlock_39965_inner_1\" data-wnd_is_separable=\"1\" data-wnd_separable_index=\"1\" data-wnd_separable_id=\"wnd_TextBlock_39965\"><span class=\"wsw-01\" style=\"font-family: helvetica, arial, sans-serif;\"><b>Voyage par voiture:\u00a0<\/b><br \/>\nG\u00e9n\u00e9ralement il y a deux routes en passant par France et Espagne.<br \/>\nRoute 1: Paris &#8211; Tours &#8211; Bordeaux &#8211; San Sebasti\u00e1n &#8211; Burgos &#8211; Salamanca &#8211; Badajoz &#8211; Beja &#8211; Algarve.<br \/>\nRoute 2: Lyon &#8211; Orange &#8211; Perpignan &#8211; Barcelona &#8211; Valencia &#8211; Murcia &#8211; Sevilla &#8211; Huelva &#8211; Algarve.<br \/>\nLe meilleur itin\u00e9raire pour vous d\u00e9pend de votre point de d\u00e9part. Sur les deux routes des p\u00e9ages consid\u00e9rables seront dus.<\/span><\/p>\n<p><span style=\"font-family: helvetica, arial, sans-serif;\">Il existe \u00e9galement des itin\u00e9raires sans p\u00e9age. Ceux-ci m\u00e8nent en partie sur les autoroutes et en partie sur les routes secondaires et \u00e0 travers les villes.<br \/>\n<\/span><span style=\"font-family: helvetica, arial, sans-serif;\">Route 1: Luxembourg &#8211; Metz &#8211; Nancy &#8211; Saint Dizier &#8211; Troyes &#8211; Auxerre &#8211; Vierzon &#8211; Ch\u00e2teauroux &#8211; Angoul\u00eame &#8211; Bordeaux &#8211; San Sebasti\u00e1n &#8211; Burgos &#8211; Salamanca &#8211; Badajoz &#8211; Beja &#8211; Algarve.<br \/>\n<\/span><span style=\"font-family: helvetica, arial, sans-serif;\">Route 2: Lyon &#8211; Clermont-Ferrand &#8211; Angoul\u00eame &#8211; Bordeaux &#8211; Saint-S\u00e9bastien &#8211; Burgos &#8211; Salamanque &#8211; Badajoz &#8211; Beja &#8211; Algarve.<br \/>\n<\/span><span style=\"font-family: helvetica, arial, sans-serif;\">Ces deux itin\u00e9raires peuvent \u00eatre utilis\u00e9s librement (sans p\u00e9age), mais sont souvent compl\u00e8tement surcharg\u00e9s pendant les p\u00e9riodes de pointe.<\/span><\/p>\n<p id=\"wnd_TextBlock_39965_inner_2\" data-wnd_is_separable=\"1\" data-wnd_separable_index=\"2\" data-wnd_separable_id=\"wnd_TextBlock_39965\"><span class=\"wsw-01\" style=\"font-family: helvetica, arial, sans-serif;\"><b>Voyage par le train:\u00a0<\/b><br \/>\nIl est sens\u00e9 de voyager comme suit: Lieu d&#8217;origine &#8211; Lisbonne &#8211; Tunes (Algarve).<br \/>\n<\/span><\/p>\n<p id=\"wnd_TextBlock_39965_inner_3\" data-wnd_is_separable=\"1\" data-wnd_separable_index=\"3\" data-wnd_separable_id=\"wnd_TextBlock_39965\"><span class=\"wsw-01\" style=\"font-family: helvetica, arial, sans-serif;\"><b>Autocar de tourisme:<\/b><br \/>\nIl y a des voyages r\u00e9guliers \u00e0 longue distance en autocar vers Lisbonne \u00e0 partir de nombreuses villes europ\u00e9ennes. De l\u00e0, vous pouvez prendre des bus pour diverses villes de l&#8217;Algarve. Alternativement, le train \u00e0 Tunes (Algarve) peut \u00eatre pris de la gare de Lisbonne.<\/span><\/p>\n<p data-wnd_is_separable=\"1\" data-wnd_separable_index=\"3\" data-wnd_separable_id=\"wnd_TextBlock_39965\"><span style=\"font-family: helvetica, arial, sans-serif;\"><\/div><\/span><\/p>\n","protected":false},"excerpt":{"rendered":"","protected":false},"author":1,"featured_media":0,"parent":0,"menu_order":0,"comment_status":"closed","ping_status":"closed","template":"","meta":{"jetpack_post_was_ever_published":false,"footnotes":""},"class_list":["post-302","page","type-page","status-publish","hentry"],"translation":{"provider":"WPGlobus","version":"3.0.0","language":"fr","enabled_languages":["de","en","fr"],"languages":{"de":{"title":true,"content":true,"excerpt":false},"en":{"title":true,"content":true,"excerpt":false},"fr":{"title":true,"content":true,"excerpt":false}}},"yoast_head":"<!-- This site is optimized with the Yoast SEO plugin v24.8.1 - https:\/\/yoast.com\/wordpress\/plugins\/seo\/ -->\n<title>Voyage aller - AlgarveMoods<\/title>\n<meta name=\"robots\" content=\"index, follow, max-snippet:-1, max-image-preview:large, max-video-preview:-1\" \/>\n<link rel=\"canonical\" href=\"https:\/\/algarvemoods.com\/anreise\/\" \/>\n<meta property=\"og:locale\" content=\"fr_FR\" \/>\n<meta property=\"og:type\" content=\"article\" \/>\n<meta property=\"og:title\" content=\"Voyage aller - AlgarveMoods\" \/>\n<meta property=\"og:url\" content=\"https:\/\/algarvemoods.com\/anreise\/\" \/>\n<meta property=\"og:site_name\" content=\"AlgarveMoods\" \/>\n<meta property=\"article:publisher\" content=\"http:\/\/facebook.com\/algarvemoods\" \/>\n<meta property=\"article:modified_time\" content=\"2020-03-23T19:18:40+00:00\" \/>\n<meta property=\"og:image\" content=\"https:\/\/www.awltovhc.com\/image-9126909-12220038\" \/>\n<meta name=\"twitter:card\" content=\"summary_large_image\" \/>\n<meta name=\"twitter:site\" content=\"@ellobo0815\" \/>\n<meta name=\"twitter:label1\" content=\"Est. reading time\" \/>\n\t<meta name=\"twitter:data1\" content=\"4 minutes\" \/>\n<script type=\"application\/ld+json\" class=\"yoast-schema-graph\">{\"@context\":\"https:\/\/schema.org\",\"@graph\":[{\"@type\":\"WebPage\",\"@id\":\"https:\/\/algarvemoods.com\/anreise\/\",\"url\":\"https:\/\/algarvemoods.com\/anreise\/\",\"name\":\"Voyage aller - AlgarveMoods\",\"isPartOf\":{\"@id\":\"https:\/\/algarvemoods.com\/#website\"},\"primaryImageOfPage\":{\"@id\":\"https:\/\/algarvemoods.com\/anreise\/#primaryimage\"},\"image\":{\"@id\":\"https:\/\/algarvemoods.com\/anreise\/#primaryimage\"},\"thumbnailUrl\":\"https:\/\/www.awltovhc.com\/image-9126909-12220038\",\"datePublished\":\"2018-09-05T18:06:57+00:00\",\"dateModified\":\"2020-03-23T19:18:40+00:00\",\"breadcrumb\":{\"@id\":\"https:\/\/algarvemoods.com\/anreise\/#breadcrumb\"},\"inLanguage\":\"fr-FR\",\"potentialAction\":[{\"@type\":\"ReadAction\",\"target\":[\"https:\/\/algarvemoods.com\/anreise\/\"]}]},{\"@type\":\"ImageObject\",\"inLanguage\":\"fr-FR\",\"@id\":\"https:\/\/algarvemoods.com\/anreise\/#primaryimage\",\"url\":\"https:\/\/www.awltovhc.com\/image-9126909-12220038\",\"contentUrl\":\"https:\/\/www.awltovhc.com\/image-9126909-12220038\"},{\"@type\":\"BreadcrumbList\",\"@id\":\"https:\/\/algarvemoods.com\/anreise\/#breadcrumb\",\"itemListElement\":[{\"@type\":\"ListItem\",\"position\":1,\"name\":\"Home\",\"item\":\"https:\/\/algarvemoods.com\/\"},{\"@type\":\"ListItem\",\"position\":2,\"name\":\"Anreise\"}]},{\"@type\":\"WebSite\",\"@id\":\"https:\/\/algarvemoods.com\/#website\",\"url\":\"https:\/\/algarvemoods.com\/\",\"name\":\"AlgarveMoods\",\"description\":\"Informations sur l\u2018Algarve\",\"potentialAction\":[{\"@type\":\"SearchAction\",\"target\":{\"@type\":\"EntryPoint\",\"urlTemplate\":\"https:\/\/algarvemoods.com\/?s={search_term_string}\"},\"query-input\":{\"@type\":\"PropertyValueSpecification\",\"valueRequired\":true,\"valueName\":\"search_term_string\"}}],\"inLanguage\":\"fr-FR\"}]}<\/script>\n<!-- \/ Yoast SEO plugin. -->","yoast_head_json":{"title":"Voyage aller - AlgarveMoods","robots":{"index":"index","follow":"follow","max-snippet":"max-snippet:-1","max-image-preview":"max-image-preview:large","max-video-preview":"max-video-preview:-1"},"canonical":"https:\/\/algarvemoods.com\/anreise\/","og_locale":"fr_FR","og_type":"article","og_title":"Voyage aller - AlgarveMoods","og_url":"https:\/\/algarvemoods.com\/anreise\/","og_site_name":"AlgarveMoods","article_publisher":"http:\/\/facebook.com\/algarvemoods","article_modified_time":"2020-03-23T19:18:40+00:00","og_image":[{"url":"https:\/\/www.awltovhc.com\/image-9126909-12220038","type":"","width":"","height":""}],"twitter_card":"summary_large_image","twitter_site":"@ellobo0815","twitter_misc":{"Est. reading time":"4 minutes"},"schema":{"@context":"https:\/\/schema.org","@graph":[{"@type":"WebPage","@id":"https:\/\/algarvemoods.com\/anreise\/","url":"https:\/\/algarvemoods.com\/anreise\/","name":"Voyage aller - AlgarveMoods","isPartOf":{"@id":"https:\/\/algarvemoods.com\/#website"},"primaryImageOfPage":{"@id":"https:\/\/algarvemoods.com\/anreise\/#primaryimage"},"image":{"@id":"https:\/\/algarvemoods.com\/anreise\/#primaryimage"},"thumbnailUrl":"https:\/\/www.awltovhc.com\/image-9126909-12220038","datePublished":"2018-09-05T18:06:57+00:00","dateModified":"2020-03-23T19:18:40+00:00","breadcrumb":{"@id":"https:\/\/algarvemoods.com\/anreise\/#breadcrumb"},"inLanguage":"fr-FR","potentialAction":[{"@type":"ReadAction","target":["https:\/\/algarvemoods.com\/anreise\/"]}]},{"@type":"ImageObject","inLanguage":"fr-FR","@id":"https:\/\/algarvemoods.com\/anreise\/#primaryimage","url":"https:\/\/www.awltovhc.com\/image-9126909-12220038","contentUrl":"https:\/\/www.awltovhc.com\/image-9126909-12220038"},{"@type":"BreadcrumbList","@id":"https:\/\/algarvemoods.com\/anreise\/#breadcrumb","itemListElement":[{"@type":"ListItem","position":1,"name":"Home","item":"https:\/\/algarvemoods.com\/"},{"@type":"ListItem","position":2,"name":"Anreise"}]},{"@type":"WebSite","@id":"https:\/\/algarvemoods.com\/#website","url":"https:\/\/algarvemoods.com\/","name":"AlgarveMoods","description":"Informations sur l\u2018Algarve","potentialAction":[{"@type":"SearchAction","target":{"@type":"EntryPoint","urlTemplate":"https:\/\/algarvemoods.com\/?s={search_term_string}"},"query-input":{"@type":"PropertyValueSpecification","valueRequired":true,"valueName":"search_term_string"}}],"inLanguage":"fr-FR"}]}},"jetpack_shortlink":"https:\/\/wp.me\/Pafafo-4S","jetpack_likes_enabled":true,"jetpack_sharing_enabled":true,"_links":{"self":[{"href":"https:\/\/algarvemoods.com\/fr\/wp-json\/wp\/v2\/pages\/302","targetHints":{"allow":["GET"]}}],"collection":[{"href":"https:\/\/algarvemoods.com\/fr\/wp-json\/wp\/v2\/pages"}],"about":[{"href":"https:\/\/algarvemoods.com\/fr\/wp-json\/wp\/v2\/types\/page"}],"author":[{"embeddable":true,"href":"https:\/\/algarvemoods.com\/fr\/wp-json\/wp\/v2\/users\/1"}],"replies":[{"embeddable":true,"href":"https:\/\/algarvemoods.com\/fr\/wp-json\/wp\/v2\/comments?post=302"}],"version-history":[{"count":8,"href":"https:\/\/algarvemoods.com\/fr\/wp-json\/wp\/v2\/pages\/302\/revisions"}],"predecessor-version":[{"id":5761,"href":"https:\/\/algarvemoods.com\/fr\/wp-json\/wp\/v2\/pages\/302\/revisions\/5761"}],"wp:attachment":[{"href":"https:\/\/algarvemoods.com\/fr\/wp-json\/wp\/v2\/media?parent=302"}],"curies":[{"name":"wp","href":"https:\/\/api.w.org\/{rel}","templated":true}]}}