{"id":23,"date":"2018-08-30T16:50:07","date_gmt":"2018-08-30T15:50:07","guid":{"rendered":"http:\/\/wp13239037.server-he.de\/?page_id=23"},"modified":"2020-03-26T18:40:43","modified_gmt":"2020-03-26T18:40:43","slug":"informationen","status":"publish","type":"page","link":"https:\/\/algarvemoods.com\/fr\/informations\/","title":{"rendered":"Informations"},"content":{"rendered":"<div class='content-column two_third'><p><span style=\"font-family: helvetica, arial, sans-serif; color: #000000;\"><strong><span class=\"wsw-01 wnd-font-size-80\">Donn\u00e9es et faits<\/span><\/strong><\/span><\/p>\n<p><span class=\"wsw-01\" style=\"font-family: helvetica, arial, sans-serif; color: #000000;\">L&#8217;Algarve au Portugal est la partie la plus au sud-ouest de l&#8217;Europe continentale. Elle a une superficie de 4.989 km\u00b2 et environ 400.000 habitants.\u00a0Le si\u00e8ge administratif et la capitale est Faro.<\/span><\/p>\n<p><span class=\"wsw-01\" style=\"font-family: helvetica, arial, sans-serif; color: #000000;\">La c\u00f4te sud a 155 km et la c\u00f4te ouest 55 km de long.\u00a0\u00c0 l&#8217;est, le long du Rio Guadiana, est la fronti\u00e8re avec l&#8217;Espagne.<\/span><\/p>\n<p><span class=\"wsw-01\" style=\"font-family: helvetica, arial, sans-serif; color: #000000;\">Au nord de la bande c\u00f4ti\u00e8re se trouve la Serra de Monchique \u00e0 l&#8217;ouest et la Serra do Caldeir\u00e3o \u00e0 l&#8217;est. C&#8217;est une montagne calcaire qui emp\u00eache les courants d&#8217;air froid du nord d&#8217;atteindre l&#8217;Algarve. Le point le plus haut de l&#8217;Algarve est le Pico da Foia qui se trouve pr\u00e8s de la petite ville Monchique. Au nord de la montagne passe la fronti\u00e8re avec la r\u00e9gion de l&#8217;Alentejo.<\/span><\/p>\n<p><span class=\"wsw-01\" style=\"font-family: helvetica, arial, sans-serif; color: #000000;\">L&#8217;Algarve rocheuse, \u00e9galement appel\u00e9e &#8220;Barlavento&#8221; (tourn\u00e9e vers le vent), se situe entre Faro et le point le plus au sud-ouest, le Cabo de S\u00e3o Vicente. Dans cette zone alternent de plus grandes plages et des criques pittoresques avec de belles plages de sable fin.<\/span><\/p>\n<p><span class=\"wsw-01\" style=\"font-family: helvetica, arial, sans-serif; color: #000000;\">L&#8217;Algarve de sable, \u00e9galement appel\u00e9e Sotavento (d\u00e9tourn\u00e9e du vent), est situ\u00e9e \u00e0 l&#8217;est de Faro. Il y a beaucoup de lagunes et de plages de sable fin.<\/span><\/p><\/div>\n<div class='content-column one_third last_column'><div style=\"padding-left:30px;\"><p><a href=\"https:\/\/www.anrdoezrs.net\/click-9126909-10474569\"><br \/>\n<\/a><a href=\"https:\/\/www.anrdoezrs.net\/click-9126909-10474569\" target=\"_blank\" rel=\"noopener noreferrer\"><img loading=\"lazy\" decoding=\"async\" class=\"aligncenter\" src=\"https:\/\/www.awltovhc.com\/image-9126909-10474569\" alt=\"Fund Literacy, Care for the Environment\" width=\"120\" height=\"600\" border=\"0\" \/><\/a><\/p>\n<hr \/>\n<p>&nbsp;<\/p>\n<p style=\"text-align: center;\"><span style=\"font-family: helvetica, arial, sans-serif; background-color: #ffff00;\">Placez votre annonce ici !<\/span><\/p>\n<p><span style=\"background-color: #ffff00;\"><img data-recalc-dims=\"1\" loading=\"lazy\" decoding=\"async\" class=\"size-full wp-image-311 aligncenter\" src=\"https:\/\/i0.wp.com\/algarvemoods.com\/wp-c8b25-content\/uploads\/2018\/09\/DSCF0158.jpg?resize=448%2C252&#038;ssl=1\" alt=\"\" width=\"448\" height=\"252\" srcset=\"https:\/\/i0.wp.com\/algarvemoods.com\/wp-c8b25-content\/uploads\/2018\/09\/DSCF0158.jpg?w=448&amp;ssl=1 448w, https:\/\/i0.wp.com\/algarvemoods.com\/wp-c8b25-content\/uploads\/2018\/09\/DSCF0158.jpg?resize=160%2C90&amp;ssl=1 160w\" sizes=\"auto, (max-width: 448px) 100vw, 448px\" \/><\/span><\/p><\/div><\/div><div class='clear_column'><\/div>\n","protected":false},"excerpt":{"rendered":"","protected":false},"author":1,"featured_media":1270,"parent":0,"menu_order":0,"comment_status":"closed","ping_status":"closed","template":"","meta":{"jetpack_post_was_ever_published":false,"footnotes":""},"class_list":["post-23","page","type-page","status-publish","has-post-thumbnail","hentry"],"translation":{"provider":"WPGlobus","version":"3.0.0","language":"fr","enabled_languages":["de","en","fr"],"languages":{"de":{"title":true,"content":true,"excerpt":false},"en":{"title":true,"content":true,"excerpt":false},"fr":{"title":true,"content":true,"excerpt":false}}},"yoast_head":"<!-- This site is optimized with the Yoast SEO plugin v24.8.1 - https:\/\/yoast.com\/wordpress\/plugins\/seo\/ -->\n<title>Informations - AlgarveMoods<\/title>\n<meta name=\"robots\" content=\"index, follow, max-snippet:-1, max-image-preview:large, max-video-preview:-1\" \/>\n<link rel=\"canonical\" href=\"https:\/\/algarvemoods.com\/informationen\/\" \/>\n<meta property=\"og:locale\" content=\"fr_FR\" \/>\n<meta property=\"og:type\" content=\"article\" \/>\n<meta property=\"og:title\" content=\"Informations - AlgarveMoods\" \/>\n<meta property=\"og:url\" content=\"https:\/\/algarvemoods.com\/informationen\/\" \/>\n<meta property=\"og:site_name\" content=\"AlgarveMoods\" \/>\n<meta property=\"article:publisher\" content=\"http:\/\/facebook.com\/algarvemoods\" \/>\n<meta property=\"article:modified_time\" content=\"2020-03-26T18:40:43+00:00\" \/>\n<meta property=\"og:image\" content=\"https:\/\/algarvemoods.com\/wp-c8b25-content\/uploads\/2018\/09\/Informationen.jpg\" \/>\n\t<meta property=\"og:image:width\" content=\"1024\" \/>\n\t<meta property=\"og:image:height\" content=\"400\" \/>\n\t<meta property=\"og:image:type\" content=\"image\/jpeg\" \/>\n<meta name=\"twitter:card\" content=\"summary_large_image\" \/>\n<meta name=\"twitter:site\" content=\"@ellobo0815\" \/>\n<meta name=\"twitter:label1\" content=\"Est. reading time\" \/>\n\t<meta name=\"twitter:data1\" content=\"3 minutes\" \/>\n<script type=\"application\/ld+json\" class=\"yoast-schema-graph\">{\"@context\":\"https:\/\/schema.org\",\"@graph\":[{\"@type\":\"WebPage\",\"@id\":\"https:\/\/algarvemoods.com\/informationen\/\",\"url\":\"https:\/\/algarvemoods.com\/informationen\/\",\"name\":\"Informations - AlgarveMoods\",\"isPartOf\":{\"@id\":\"https:\/\/algarvemoods.com\/#website\"},\"primaryImageOfPage\":{\"@id\":\"https:\/\/algarvemoods.com\/informationen\/#primaryimage\"},\"image\":{\"@id\":\"https:\/\/algarvemoods.com\/informationen\/#primaryimage\"},\"thumbnailUrl\":\"https:\/\/i0.wp.com\/algarvemoods.com\/wp-c8b25-content\/uploads\/2018\/09\/Informationen.jpg?fit=1024%2C400&ssl=1\",\"datePublished\":\"2018-08-30T15:50:07+00:00\",\"dateModified\":\"2020-03-26T18:40:43+00:00\",\"breadcrumb\":{\"@id\":\"https:\/\/algarvemoods.com\/informationen\/#breadcrumb\"},\"inLanguage\":\"fr-FR\",\"potentialAction\":[{\"@type\":\"ReadAction\",\"target\":[\"https:\/\/algarvemoods.com\/informationen\/\"]}]},{\"@type\":\"ImageObject\",\"inLanguage\":\"fr-FR\",\"@id\":\"https:\/\/algarvemoods.com\/informationen\/#primaryimage\",\"url\":\"https:\/\/i0.wp.com\/algarvemoods.com\/wp-c8b25-content\/uploads\/2018\/09\/Informationen.jpg?fit=1024%2C400&ssl=1\",\"contentUrl\":\"https:\/\/i0.wp.com\/algarvemoods.com\/wp-c8b25-content\/uploads\/2018\/09\/Informationen.jpg?fit=1024%2C400&ssl=1\",\"width\":1024,\"height\":400},{\"@type\":\"BreadcrumbList\",\"@id\":\"https:\/\/algarvemoods.com\/informationen\/#breadcrumb\",\"itemListElement\":[{\"@type\":\"ListItem\",\"position\":1,\"name\":\"Home\",\"item\":\"https:\/\/algarvemoods.com\/\"},{\"@type\":\"ListItem\",\"position\":2,\"name\":\"Informationen\"}]},{\"@type\":\"WebSite\",\"@id\":\"https:\/\/algarvemoods.com\/#website\",\"url\":\"https:\/\/algarvemoods.com\/\",\"name\":\"AlgarveMoods\",\"description\":\"Informations sur l\u2018Algarve\",\"potentialAction\":[{\"@type\":\"SearchAction\",\"target\":{\"@type\":\"EntryPoint\",\"urlTemplate\":\"https:\/\/algarvemoods.com\/?s={search_term_string}\"},\"query-input\":{\"@type\":\"PropertyValueSpecification\",\"valueRequired\":true,\"valueName\":\"search_term_string\"}}],\"inLanguage\":\"fr-FR\"}]}<\/script>\n<!-- \/ Yoast SEO plugin. -->","yoast_head_json":{"title":"Informations - AlgarveMoods","robots":{"index":"index","follow":"follow","max-snippet":"max-snippet:-1","max-image-preview":"max-image-preview:large","max-video-preview":"max-video-preview:-1"},"canonical":"https:\/\/algarvemoods.com\/informationen\/","og_locale":"fr_FR","og_type":"article","og_title":"Informations - AlgarveMoods","og_url":"https:\/\/algarvemoods.com\/informationen\/","og_site_name":"AlgarveMoods","article_publisher":"http:\/\/facebook.com\/algarvemoods","article_modified_time":"2020-03-26T18:40:43+00:00","og_image":[{"width":1024,"height":400,"url":"https:\/\/algarvemoods.com\/wp-c8b25-content\/uploads\/2018\/09\/Informationen.jpg","type":"image\/jpeg"}],"twitter_card":"summary_large_image","twitter_site":"@ellobo0815","twitter_misc":{"Est. reading time":"3 minutes"},"schema":{"@context":"https:\/\/schema.org","@graph":[{"@type":"WebPage","@id":"https:\/\/algarvemoods.com\/informationen\/","url":"https:\/\/algarvemoods.com\/informationen\/","name":"Informations - AlgarveMoods","isPartOf":{"@id":"https:\/\/algarvemoods.com\/#website"},"primaryImageOfPage":{"@id":"https:\/\/algarvemoods.com\/informationen\/#primaryimage"},"image":{"@id":"https:\/\/algarvemoods.com\/informationen\/#primaryimage"},"thumbnailUrl":"https:\/\/i0.wp.com\/algarvemoods.com\/wp-c8b25-content\/uploads\/2018\/09\/Informationen.jpg?fit=1024%2C400&ssl=1","datePublished":"2018-08-30T15:50:07+00:00","dateModified":"2020-03-26T18:40:43+00:00","breadcrumb":{"@id":"https:\/\/algarvemoods.com\/informationen\/#breadcrumb"},"inLanguage":"fr-FR","potentialAction":[{"@type":"ReadAction","target":["https:\/\/algarvemoods.com\/informationen\/"]}]},{"@type":"ImageObject","inLanguage":"fr-FR","@id":"https:\/\/algarvemoods.com\/informationen\/#primaryimage","url":"https:\/\/i0.wp.com\/algarvemoods.com\/wp-c8b25-content\/uploads\/2018\/09\/Informationen.jpg?fit=1024%2C400&ssl=1","contentUrl":"https:\/\/i0.wp.com\/algarvemoods.com\/wp-c8b25-content\/uploads\/2018\/09\/Informationen.jpg?fit=1024%2C400&ssl=1","width":1024,"height":400},{"@type":"BreadcrumbList","@id":"https:\/\/algarvemoods.com\/informationen\/#breadcrumb","itemListElement":[{"@type":"ListItem","position":1,"name":"Home","item":"https:\/\/algarvemoods.com\/"},{"@type":"ListItem","position":2,"name":"Informationen"}]},{"@type":"WebSite","@id":"https:\/\/algarvemoods.com\/#website","url":"https:\/\/algarvemoods.com\/","name":"AlgarveMoods","description":"Informations sur l\u2018Algarve","potentialAction":[{"@type":"SearchAction","target":{"@type":"EntryPoint","urlTemplate":"https:\/\/algarvemoods.com\/?s={search_term_string}"},"query-input":{"@type":"PropertyValueSpecification","valueRequired":true,"valueName":"search_term_string"}}],"inLanguage":"fr-FR"}]}},"jetpack_shortlink":"https:\/\/wp.me\/Pafafo-n","jetpack_likes_enabled":true,"jetpack_sharing_enabled":true,"_links":{"self":[{"href":"https:\/\/algarvemoods.com\/fr\/wp-json\/wp\/v2\/pages\/23","targetHints":{"allow":["GET"]}}],"collection":[{"href":"https:\/\/algarvemoods.com\/fr\/wp-json\/wp\/v2\/pages"}],"about":[{"href":"https:\/\/algarvemoods.com\/fr\/wp-json\/wp\/v2\/types\/page"}],"author":[{"embeddable":true,"href":"https:\/\/algarvemoods.com\/fr\/wp-json\/wp\/v2\/users\/1"}],"replies":[{"embeddable":true,"href":"https:\/\/algarvemoods.com\/fr\/wp-json\/wp\/v2\/comments?post=23"}],"version-history":[{"count":8,"href":"https:\/\/algarvemoods.com\/fr\/wp-json\/wp\/v2\/pages\/23\/revisions"}],"predecessor-version":[{"id":5765,"href":"https:\/\/algarvemoods.com\/fr\/wp-json\/wp\/v2\/pages\/23\/revisions\/5765"}],"wp:featuredmedia":[{"embeddable":true,"href":"https:\/\/algarvemoods.com\/fr\/wp-json\/wp\/v2\/media\/1270"}],"wp:attachment":[{"href":"https:\/\/algarvemoods.com\/fr\/wp-json\/wp\/v2\/media?parent=23"}],"curies":[{"name":"wp","href":"https:\/\/api.w.org\/{rel}","templated":true}]}}