{"id":1265,"date":"2018-09-25T18:44:10","date_gmt":"2018-09-25T17:44:10","guid":{"rendered":"http:\/\/wp13239037.server-he.de\/?page_id=1265"},"modified":"2020-02-06T15:59:09","modified_gmt":"2020-02-06T15:59:09","slug":"aktivitaeten-spass-algarve","status":"publish","type":"page","link":"https:\/\/algarvemoods.com\/fr\/activites-plaisir-algarve\/","title":{"rendered":"Activit\u00e9s et de plaisir"},"content":{"rendered":"<p><span style=\"font-family: helvetica, arial, sans-serif;\">L&#8217;ennui n&#8217;existe pas en Algarve. Quel que soit l&#8217;\u00e2ge des touristes ou des r\u00e9sidents, il y a toujours quelque chose \u00e0 voir ou \u00e0 faire. Les enfants sont tr\u00e8s importants pour les Portugais. Presque partout, m\u00eame dans les grands centres commerciaux, quelque chose de sp\u00e9cial est offerte.<\/span><\/p>\n<hr \/>\n<p><span style=\"font-family: helvetica, arial, sans-serif;\"><div class='content-column two_third'><\/span><\/p>\n<ul>\n<li><span style=\"font-family: helvetica, arial, sans-serif;\"><span style=\"font-family: helvetica, arial, sans-serif;\">Les sports nautiques sont propos\u00e9s sur presque toutes les plages dot\u00e9es d&#8217;infrastructures. La s\u00e9lection est vari\u00e9e. De plus, divers bateaux (avec et sans moteur) et paddleboards sont lou\u00e9s.<\/span><\/span><\/li>\n<li><span style=\"font-family: helvetica, arial, sans-serif;\"><span style=\"font-family: helvetica, arial, sans-serif;\">La partie occidentale de l\u2019Algarve, et en particulier la c\u00f4te ouest, offre aux surfeurs de grandes possibilit\u00e9s de pratiquer leur sport.<\/span><\/span><\/li>\n<li><span style=\"font-family: helvetica, arial, sans-serif;\"><span style=\"font-family: helvetica, arial, sans-serif;\">Dans les ports de plaisance, de diff\u00e9rentes excursions en bateau sont propos\u00e9es: excursions dans les grottes ou le long de la c\u00f4te, observation des dauphins ou des baleines ainsi que la p\u00eache en haute mer pour diff\u00e9rentes esp\u00e8ces de poissons. Le volume des excursions est tr\u00e8s variable et diff\u00e8re d&#8217;un organisateur \u00e0 l&#8217;autre.<\/span><\/span><\/li>\n<li><span style=\"font-family: helvetica, arial, sans-serif;\"><span style=\"font-family: helvetica, arial, sans-serif;\">Dans les diff\u00e9rents endroits, il y a des mus\u00e9es int\u00e9ressants \u00e0 visiter.<\/span><\/span><\/li>\n<li><span style=\"font-family: helvetica, arial, sans-serif;\"><span style=\"font-family: helvetica, arial, sans-serif;\">Il y a des parcs aquatiques \u00e0 Salena, Albufeira, Alcantarilha, Lagoa, Guia et Quarteira.<\/span><\/span><\/li>\n<li><span style=\"font-family: helvetica, arial, sans-serif;\"><span style=\"font-family: helvetica, arial, sans-serif;\">Lagoa (N 125) a le plus grand \u00e9v\u00e9nement de sculpture sur sable au monde.<\/span><\/span><\/li>\n<li><span style=\"font-family: helvetica, arial, sans-serif;\"><span style=\"font-family: helvetica, arial, sans-serif;\">Les parcs zoologiques et d&#8217;aventures de Lagos, Guia et Algoz sont amusants pour toute la famille.<\/span><\/span><\/li>\n<li><span style=\"font-family: helvetica, arial, sans-serif;\"><span style=\"font-family: helvetica, arial, sans-serif;\">Des safaris en jeep dans les montagnes sont propos\u00e9s dans l&#8217;ouest de l&#8217;Algarve.<\/span><\/span><\/li>\n<li><span style=\"font-family: helvetica, arial, sans-serif;\"><span style=\"font-family: helvetica, arial, sans-serif;\">Des promenades sur la plage ou sur les falaises sont possibles presque partout sur le littoral d&#8217;environ 150 km.<\/span><\/span><\/li>\n<li><span style=\"font-family: helvetica, arial, sans-serif;\"><span style=\"font-family: helvetica, arial, sans-serif;\">Des centres \u00e9questres sont disponibles dans l\u2019ensemble de l\u2019Algarve.<\/span><\/span><\/li>\n<li><span style=\"font-family: helvetica, arial, sans-serif;\"><span style=\"font-family: helvetica, arial, sans-serif;\">L\u2019arri\u00e8re-pays de l\u2019Algarve est id\u00e9al pour les promenades dans une nature presque intacte. Des visites guid\u00e9es sont \u00e9galement propos\u00e9es dans de nombreux endroits.<\/span><\/span><\/li>\n<li><span style=\"font-family: helvetica, arial, sans-serif;\"><span style=\"font-family: helvetica, arial, sans-serif;\">\u00c0 l&#8217;approche de No\u00ebl, des march\u00e9s de No\u00ebl ont lieu partout.<\/span><\/span><\/li>\n<li><span style=\"font-family: helvetica, arial, sans-serif;\">Il y a aussi des \u00e9v\u00e9nements de carnaval dans de nombreuses communaut\u00e9s. Les d\u00e9fil\u00e9s de carnaval \u00e0 Loul\u00e9 sont mondialement connus. Voici une humeur br\u00e9silienne.<\/span><\/li>\n<\/ul>\n<hr \/>\n<p><span style=\"font-family: helvetica, arial, sans-serif;\"><\/div><\/span><\/p>\n","protected":false},"excerpt":{"rendered":"<p>L&#8217;ennui n&#8217;existe pas en Algarve. Quel que soit l&#8217;\u00e2ge des touristes ou des r\u00e9sidents, il y a toujours quelque chose \u00e0 voir ou \u00e0 faire. [&hellip;]<\/p>\n","protected":false},"author":1,"featured_media":4428,"parent":0,"menu_order":0,"comment_status":"closed","ping_status":"closed","template":"","meta":{"jetpack_post_was_ever_published":false,"footnotes":""},"class_list":["post-1265","page","type-page","status-publish","has-post-thumbnail","hentry"],"translation":{"provider":"WPGlobus","version":"3.0.0","language":"fr","enabled_languages":["de","en","fr"],"languages":{"de":{"title":true,"content":true,"excerpt":false},"en":{"title":true,"content":true,"excerpt":false},"fr":{"title":true,"content":true,"excerpt":false}}},"yoast_head":"<!-- This site is optimized with the Yoast SEO plugin v24.8.1 - https:\/\/yoast.com\/wordpress\/plugins\/seo\/ -->\n<title>Activit\u00e9s et de plaisir - AlgarveMoods<\/title>\n<meta name=\"robots\" content=\"index, follow, max-snippet:-1, max-image-preview:large, max-video-preview:-1\" \/>\n<link rel=\"canonical\" href=\"https:\/\/algarvemoods.com\/aktivitaeten-spass-algarve\/\" \/>\n<meta property=\"og:locale\" content=\"fr_FR\" \/>\n<meta property=\"og:type\" content=\"article\" \/>\n<meta property=\"og:title\" content=\"Activit\u00e9s et de plaisir - AlgarveMoods\" \/>\n<meta property=\"og:url\" content=\"https:\/\/algarvemoods.com\/aktivitaeten-spass-algarve\/\" \/>\n<meta property=\"og:site_name\" content=\"AlgarveMoods\" \/>\n<meta property=\"article:publisher\" content=\"http:\/\/facebook.com\/algarvemoods\" \/>\n<meta property=\"article:modified_time\" content=\"2020-02-06T15:59:09+00:00\" \/>\n<meta property=\"og:image\" content=\"https:\/\/algarvemoods.com\/wp-c8b25-content\/uploads\/2018\/12\/algarve-fun-spass.jpg\" \/>\n\t<meta property=\"og:image:width\" content=\"1024\" \/>\n\t<meta property=\"og:image:height\" content=\"400\" \/>\n\t<meta property=\"og:image:type\" content=\"image\/jpeg\" \/>\n<meta name=\"twitter:card\" content=\"summary_large_image\" \/>\n<meta name=\"twitter:site\" content=\"@ellobo0815\" \/>\n<meta name=\"twitter:label1\" content=\"Est. reading time\" \/>\n\t<meta name=\"twitter:data1\" content=\"4 minutes\" \/>\n<script type=\"application\/ld+json\" class=\"yoast-schema-graph\">{\"@context\":\"https:\/\/schema.org\",\"@graph\":[{\"@type\":\"WebPage\",\"@id\":\"https:\/\/algarvemoods.com\/aktivitaeten-spass-algarve\/\",\"url\":\"https:\/\/algarvemoods.com\/aktivitaeten-spass-algarve\/\",\"name\":\"Activit\u00e9s et de plaisir - AlgarveMoods\",\"isPartOf\":{\"@id\":\"https:\/\/algarvemoods.com\/#website\"},\"primaryImageOfPage\":{\"@id\":\"https:\/\/algarvemoods.com\/aktivitaeten-spass-algarve\/#primaryimage\"},\"image\":{\"@id\":\"https:\/\/algarvemoods.com\/aktivitaeten-spass-algarve\/#primaryimage\"},\"thumbnailUrl\":\"https:\/\/i0.wp.com\/algarvemoods.com\/wp-c8b25-content\/uploads\/2018\/12\/algarve-fun-spass.jpg?fit=1024%2C400&ssl=1\",\"datePublished\":\"2018-09-25T17:44:10+00:00\",\"dateModified\":\"2020-02-06T15:59:09+00:00\",\"breadcrumb\":{\"@id\":\"https:\/\/algarvemoods.com\/aktivitaeten-spass-algarve\/#breadcrumb\"},\"inLanguage\":\"fr-FR\",\"potentialAction\":[{\"@type\":\"ReadAction\",\"target\":[\"https:\/\/algarvemoods.com\/aktivitaeten-spass-algarve\/\"]}]},{\"@type\":\"ImageObject\",\"inLanguage\":\"fr-FR\",\"@id\":\"https:\/\/algarvemoods.com\/aktivitaeten-spass-algarve\/#primaryimage\",\"url\":\"https:\/\/i0.wp.com\/algarvemoods.com\/wp-c8b25-content\/uploads\/2018\/12\/algarve-fun-spass.jpg?fit=1024%2C400&ssl=1\",\"contentUrl\":\"https:\/\/i0.wp.com\/algarvemoods.com\/wp-c8b25-content\/uploads\/2018\/12\/algarve-fun-spass.jpg?fit=1024%2C400&ssl=1\",\"width\":1024,\"height\":400},{\"@type\":\"BreadcrumbList\",\"@id\":\"https:\/\/algarvemoods.com\/aktivitaeten-spass-algarve\/#breadcrumb\",\"itemListElement\":[{\"@type\":\"ListItem\",\"position\":1,\"name\":\"Home\",\"item\":\"https:\/\/algarvemoods.com\/\"},{\"@type\":\"ListItem\",\"position\":2,\"name\":\"Aktivit\u00e4ten &#038; Spa\u00df\"}]},{\"@type\":\"WebSite\",\"@id\":\"https:\/\/algarvemoods.com\/#website\",\"url\":\"https:\/\/algarvemoods.com\/\",\"name\":\"AlgarveMoods\",\"description\":\"Informations sur l\u2018Algarve\",\"potentialAction\":[{\"@type\":\"SearchAction\",\"target\":{\"@type\":\"EntryPoint\",\"urlTemplate\":\"https:\/\/algarvemoods.com\/?s={search_term_string}\"},\"query-input\":{\"@type\":\"PropertyValueSpecification\",\"valueRequired\":true,\"valueName\":\"search_term_string\"}}],\"inLanguage\":\"fr-FR\"}]}<\/script>\n<!-- \/ Yoast SEO plugin. -->","yoast_head_json":{"title":"Activit\u00e9s et de plaisir - AlgarveMoods","robots":{"index":"index","follow":"follow","max-snippet":"max-snippet:-1","max-image-preview":"max-image-preview:large","max-video-preview":"max-video-preview:-1"},"canonical":"https:\/\/algarvemoods.com\/aktivitaeten-spass-algarve\/","og_locale":"fr_FR","og_type":"article","og_title":"Activit\u00e9s et de plaisir - AlgarveMoods","og_url":"https:\/\/algarvemoods.com\/aktivitaeten-spass-algarve\/","og_site_name":"AlgarveMoods","article_publisher":"http:\/\/facebook.com\/algarvemoods","article_modified_time":"2020-02-06T15:59:09+00:00","og_image":[{"width":1024,"height":400,"url":"https:\/\/algarvemoods.com\/wp-c8b25-content\/uploads\/2018\/12\/algarve-fun-spass.jpg","type":"image\/jpeg"}],"twitter_card":"summary_large_image","twitter_site":"@ellobo0815","twitter_misc":{"Est. reading time":"4 minutes"},"schema":{"@context":"https:\/\/schema.org","@graph":[{"@type":"WebPage","@id":"https:\/\/algarvemoods.com\/aktivitaeten-spass-algarve\/","url":"https:\/\/algarvemoods.com\/aktivitaeten-spass-algarve\/","name":"Activit\u00e9s et de plaisir - AlgarveMoods","isPartOf":{"@id":"https:\/\/algarvemoods.com\/#website"},"primaryImageOfPage":{"@id":"https:\/\/algarvemoods.com\/aktivitaeten-spass-algarve\/#primaryimage"},"image":{"@id":"https:\/\/algarvemoods.com\/aktivitaeten-spass-algarve\/#primaryimage"},"thumbnailUrl":"https:\/\/i0.wp.com\/algarvemoods.com\/wp-c8b25-content\/uploads\/2018\/12\/algarve-fun-spass.jpg?fit=1024%2C400&ssl=1","datePublished":"2018-09-25T17:44:10+00:00","dateModified":"2020-02-06T15:59:09+00:00","breadcrumb":{"@id":"https:\/\/algarvemoods.com\/aktivitaeten-spass-algarve\/#breadcrumb"},"inLanguage":"fr-FR","potentialAction":[{"@type":"ReadAction","target":["https:\/\/algarvemoods.com\/aktivitaeten-spass-algarve\/"]}]},{"@type":"ImageObject","inLanguage":"fr-FR","@id":"https:\/\/algarvemoods.com\/aktivitaeten-spass-algarve\/#primaryimage","url":"https:\/\/i0.wp.com\/algarvemoods.com\/wp-c8b25-content\/uploads\/2018\/12\/algarve-fun-spass.jpg?fit=1024%2C400&ssl=1","contentUrl":"https:\/\/i0.wp.com\/algarvemoods.com\/wp-c8b25-content\/uploads\/2018\/12\/algarve-fun-spass.jpg?fit=1024%2C400&ssl=1","width":1024,"height":400},{"@type":"BreadcrumbList","@id":"https:\/\/algarvemoods.com\/aktivitaeten-spass-algarve\/#breadcrumb","itemListElement":[{"@type":"ListItem","position":1,"name":"Home","item":"https:\/\/algarvemoods.com\/"},{"@type":"ListItem","position":2,"name":"Aktivit\u00e4ten &#038; Spa\u00df"}]},{"@type":"WebSite","@id":"https:\/\/algarvemoods.com\/#website","url":"https:\/\/algarvemoods.com\/","name":"AlgarveMoods","description":"Informations sur l\u2018Algarve","potentialAction":[{"@type":"SearchAction","target":{"@type":"EntryPoint","urlTemplate":"https:\/\/algarvemoods.com\/?s={search_term_string}"},"query-input":{"@type":"PropertyValueSpecification","valueRequired":true,"valueName":"search_term_string"}}],"inLanguage":"fr-FR"}]}},"jetpack_shortlink":"https:\/\/wp.me\/Pafafo-kp","jetpack_likes_enabled":true,"jetpack_sharing_enabled":true,"_links":{"self":[{"href":"https:\/\/algarvemoods.com\/fr\/wp-json\/wp\/v2\/pages\/1265","targetHints":{"allow":["GET"]}}],"collection":[{"href":"https:\/\/algarvemoods.com\/fr\/wp-json\/wp\/v2\/pages"}],"about":[{"href":"https:\/\/algarvemoods.com\/fr\/wp-json\/wp\/v2\/types\/page"}],"author":[{"embeddable":true,"href":"https:\/\/algarvemoods.com\/fr\/wp-json\/wp\/v2\/users\/1"}],"replies":[{"embeddable":true,"href":"https:\/\/algarvemoods.com\/fr\/wp-json\/wp\/v2\/comments?post=1265"}],"version-history":[{"count":4,"href":"https:\/\/algarvemoods.com\/fr\/wp-json\/wp\/v2\/pages\/1265\/revisions"}],"predecessor-version":[{"id":5480,"href":"https:\/\/algarvemoods.com\/fr\/wp-json\/wp\/v2\/pages\/1265\/revisions\/5480"}],"wp:featuredmedia":[{"embeddable":true,"href":"https:\/\/algarvemoods.com\/fr\/wp-json\/wp\/v2\/media\/4428"}],"wp:attachment":[{"href":"https:\/\/algarvemoods.com\/fr\/wp-json\/wp\/v2\/media?parent=1265"}],"curies":[{"name":"wp","href":"https:\/\/api.w.org\/{rel}","templated":true}]}}