{"id":1262,"date":"2018-09-25T18:37:06","date_gmt":"2018-09-25T17:37:06","guid":{"rendered":"http:\/\/wp13239037.server-he.de\/?page_id=1262"},"modified":"2020-02-06T15:55:01","modified_gmt":"2020-02-06T15:55:01","slug":"golf-algarve","status":"publish","type":"page","link":"https:\/\/algarvemoods.com\/fr\/golf-algarve\/","title":{"rendered":"Golf \u00e0 l&#8217;Algarve"},"content":{"rendered":"<p><span style=\"font-family: helvetica, arial, sans-serif;\">L&#8217;Algarve est \u00e0 juste titre pris\u00e9e pour ses terrains de golf parmi les sportifs du monde entier. Les 35 parcours offrent de la vari\u00e9t\u00e9 et de nouveaux d\u00e9fis \u00e0 tous les golfeurs. D&#8217;octobre \u00e0 mai, les fairways et les greens sont en parfait \u00e9tat. D\u00fb au climat, on y joue au golf pendant 365 jours par an.<\/span><\/p>\n<p><span style=\"font-family: helvetica, arial, sans-serif;\">Les terrains de golf sont pr\u00e9sent\u00e9s et d\u00e9crits sous les districts respectifs. L&#8217;ordre des parcours ne repr\u00e9sente donc pas une hi\u00e9rarchie.<\/span><\/p>\n<hr \/>\n<p><span style=\"font-family: helvetica, arial, sans-serif;\"><div class='content-column two_third'><\/span><\/p>\n<p><span style=\"font-family: helvetica, arial, sans-serif;\">District Vila do Bispo = 1 terrain de golf<\/span><\/p>\n<p><span style=\"font-family: helvetica, arial, sans-serif;\">Parque da Floresta<\/span><\/p>\n<hr \/>\n<p><span style=\"font-family: helvetica, arial, sans-serif;\">District Lagos = 3 terrains de golf<\/span><\/p>\n<p><span style=\"font-family: helvetica, arial, sans-serif;\">Boavista Golf \u2013\u00a0Espiche Golf S.A. \u2013\u00a0Onyria\u00a0Palmares\u00a0Golf\u00a0<\/span><\/p>\n<hr \/>\n<p><span style=\"font-family: helvetica, arial, sans-serif;\">District Portim\u00e3o = 4 terrains de golf<\/span><\/p>\n<p><span style=\"font-family: helvetica, arial, sans-serif;\">Alamos Golf \u2013\u00a0Alto Golf \u2013\u00a0Golfe\u00a0de\u00a0Morgado \u2013\u00a0Penina\u00a0Championship\u00a0Golf\u00a0Course<\/span><\/p>\n<hr \/>\n<p><span style=\"font-family: helvetica, arial, sans-serif;\">District Lagoa = 3 terrains de golf<\/span><\/p>\n<p><span style=\"font-family: helvetica, arial, sans-serif;\">Gramacho Golf \u2013\u00a0Pestana Vale da Pinta \u2013\u00a0Vale de Milho Golf<\/span><\/p>\n<hr \/>\n<p><span style=\"font-family: helvetica, arial, sans-serif;\">District Silves = 3 terrains de golf<\/span><\/p>\n<p><span style=\"font-family: helvetica, arial, sans-serif;\">Faldo Golf \u2013\u00a0O\u2019Connor Golf Course \u2013\u00a0Pestana\u00a0Silves\u00a0Golf<\/span><\/p>\n<hr \/>\n<p><span style=\"font-family: helvetica, arial, sans-serif;\">District Albufeira = 3 terrains de golf<\/span><\/p>\n<p><span style=\"font-family: helvetica, arial, sans-serif;\">Balaia Golf Village \u2013\u00a0Pine Cliffs Golf &#038; Country Club \u2013\u00a0Herdade dos Salgados Golf<\/span><\/p>\n<hr \/>\n<p><span style=\"font-family: helvetica, arial, sans-serif;\">District Loul\u00e9 = 11 terrains de golf<\/span><\/p>\n<p><span style=\"font-family: helvetica, arial, sans-serif;\">Laguna Golf \u2013\u00a0Millennium Golf \u2013\u00a0Ocean\u00a0Golf\u00a0Course \u2013\u00a0Oce\u00e2nico\u00a0Old\u00a0Course \u2013\u00a0Oce\u00e2nico\u00a0Pinhal Golf Course \u2013\u00a0Pinheiros Altos \u2013\u00a0Quinta\u00a0do\u00a0Lago\u00a0Sul \u2013\u00a0Royal\u00a0Golf\u00a0Course \u2013\u00a0San\u00a0Lorenzo\u00a0Golf\u00a0Course \u2013\u00a0Oce\u00e2nico\u00a0Victoria\u00a0Clube\u00a0de\u00a0Golfe \u2013\u00a0Pestana\u00a0Vila\u00a0Sol<\/span><\/p>\n<hr \/>\n<p><span style=\"font-family: helvetica, arial, sans-serif;\">District Olh\u00e3o = 1 terrain de golf<\/span><\/p>\n<p><span style=\"font-family: helvetica, arial, sans-serif;\">Colina Verde<\/span><\/p>\n<hr \/>\n<p><span style=\"font-family: helvetica, arial, sans-serif;\">District Tavira = 1 terrain de golf<\/span><\/p>\n<p><span style=\"font-family: helvetica, arial, sans-serif;\">Benamor Golf<\/span><\/p>\n<hr \/>\n<p><span style=\"font-family: helvetica, arial, sans-serif;\">District Castro Marim = 2 terrains de golf<\/span><\/p>\n<p><span style=\"font-family: helvetica, arial, sans-serif;\">Castro Marim Golf &#038; Country Club \u2013\u00a0Quinta\u00a0do\u00a0Vale\u00a0Golf\u00a0Resort<\/span><\/p>\n<hr \/>\n<p><span style=\"font-family: helvetica, arial, sans-serif;\">District V.R.S. Antonio = 3 terrains de golf<\/span><\/p>\n<p><span style=\"font-family: helvetica, arial, sans-serif;\">Monte Rei Golf &#038; Country Club \u2013\u00a0Quinta\u00a0da\u00a0Ria \u2013\u00a0Quinta\u00a0de\u00a0Cima\u00a0Golf<\/span><\/p>\n<hr \/>\n<p><span style=\"font-family: helvetica, arial, sans-serif;\"><\/div><\/span><\/p>\n<p>&nbsp;<\/p>\n","protected":false},"excerpt":{"rendered":"<p>L&#8217;Algarve est \u00e0 juste titre pris\u00e9e pour ses terrains de golf parmi les sportifs du monde entier. Les 35 parcours offrent de la vari\u00e9t\u00e9 et [&hellip;]<\/p>\n","protected":false},"author":1,"featured_media":5103,"parent":0,"menu_order":0,"comment_status":"closed","ping_status":"closed","template":"","meta":{"jetpack_post_was_ever_published":false,"footnotes":""},"class_list":["post-1262","page","type-page","status-publish","has-post-thumbnail","hentry"],"translation":{"provider":"WPGlobus","version":"3.0.0","language":"fr","enabled_languages":["de","en","fr"],"languages":{"de":{"title":true,"content":true,"excerpt":false},"en":{"title":true,"content":true,"excerpt":false},"fr":{"title":true,"content":true,"excerpt":false}}},"yoast_head":"<!-- This site is optimized with the Yoast SEO plugin v24.8.1 - https:\/\/yoast.com\/wordpress\/plugins\/seo\/ -->\n<title>Golf \u00e0 l&#039;Algarve - AlgarveMoods<\/title>\n<meta name=\"robots\" content=\"index, follow, max-snippet:-1, max-image-preview:large, max-video-preview:-1\" \/>\n<link rel=\"canonical\" href=\"https:\/\/algarvemoods.com\/fr\/golf-algarve\/\" \/>\n<meta property=\"og:locale\" content=\"fr_FR\" \/>\n<meta property=\"og:type\" content=\"article\" \/>\n<meta property=\"og:title\" content=\"Golf \u00e0 l&#039;Algarve - AlgarveMoods\" \/>\n<meta property=\"og:url\" content=\"https:\/\/algarvemoods.com\/fr\/golf-algarve\/\" \/>\n<meta property=\"og:site_name\" content=\"AlgarveMoods\" \/>\n<meta property=\"article:publisher\" content=\"http:\/\/facebook.com\/algarvemoods\" \/>\n<meta property=\"article:modified_time\" content=\"2020-02-06T15:55:01+00:00\" \/>\n<meta property=\"og:image\" content=\"https:\/\/i0.wp.com\/algarvemoods.com\/wp-c8b25-content\/uploads\/K800_DSCF0636.jpg?fit=1067%2C400&ssl=1\" \/>\n\t<meta property=\"og:image:width\" content=\"1067\" \/>\n\t<meta property=\"og:image:height\" content=\"400\" \/>\n\t<meta property=\"og:image:type\" content=\"image\/jpeg\" \/>\n<meta name=\"twitter:card\" content=\"summary_large_image\" \/>\n<meta name=\"twitter:site\" content=\"@ellobo0815\" \/>\n<meta name=\"twitter:label1\" content=\"Est. reading time\" \/>\n\t<meta name=\"twitter:data1\" content=\"4 minutes\" \/>\n<script type=\"application\/ld+json\" class=\"yoast-schema-graph\">{\"@context\":\"https:\/\/schema.org\",\"@graph\":[{\"@type\":\"WebPage\",\"@id\":\"https:\/\/algarvemoods.com\/fr\/golf-algarve\/\",\"url\":\"https:\/\/algarvemoods.com\/fr\/golf-algarve\/\",\"name\":\"Golf \u00e0 l'Algarve - AlgarveMoods\",\"isPartOf\":{\"@id\":\"https:\/\/algarvemoods.com\/#website\"},\"primaryImageOfPage\":{\"@id\":\"https:\/\/algarvemoods.com\/fr\/golf-algarve\/#primaryimage\"},\"image\":{\"@id\":\"https:\/\/algarvemoods.com\/fr\/golf-algarve\/#primaryimage\"},\"thumbnailUrl\":\"https:\/\/i0.wp.com\/algarvemoods.com\/wp-c8b25-content\/uploads\/K800_DSCF0636.jpg?fit=1067%2C400&ssl=1\",\"datePublished\":\"2018-09-25T17:37:06+00:00\",\"dateModified\":\"2020-02-06T15:55:01+00:00\",\"breadcrumb\":{\"@id\":\"https:\/\/algarvemoods.com\/fr\/golf-algarve\/#breadcrumb\"},\"inLanguage\":\"fr-FR\",\"potentialAction\":[{\"@type\":\"ReadAction\",\"target\":[\"https:\/\/algarvemoods.com\/fr\/golf-algarve\/\"]}]},{\"@type\":\"ImageObject\",\"inLanguage\":\"fr-FR\",\"@id\":\"https:\/\/algarvemoods.com\/fr\/golf-algarve\/#primaryimage\",\"url\":\"https:\/\/i0.wp.com\/algarvemoods.com\/wp-c8b25-content\/uploads\/K800_DSCF0636.jpg?fit=1067%2C400&ssl=1\",\"contentUrl\":\"https:\/\/i0.wp.com\/algarvemoods.com\/wp-c8b25-content\/uploads\/K800_DSCF0636.jpg?fit=1067%2C400&ssl=1\",\"width\":1067,\"height\":400},{\"@type\":\"BreadcrumbList\",\"@id\":\"https:\/\/algarvemoods.com\/fr\/golf-algarve\/#breadcrumb\",\"itemListElement\":[{\"@type\":\"ListItem\",\"position\":1,\"name\":\"Home\",\"item\":\"https:\/\/algarvemoods.com\/\"},{\"@type\":\"ListItem\",\"position\":2,\"name\":\"Golf \u00e0 l&#8217;Algarve\"}]},{\"@type\":\"WebSite\",\"@id\":\"https:\/\/algarvemoods.com\/#website\",\"url\":\"https:\/\/algarvemoods.com\/\",\"name\":\"AlgarveMoods\",\"description\":\"Informations sur l\u2018Algarve\",\"potentialAction\":[{\"@type\":\"SearchAction\",\"target\":{\"@type\":\"EntryPoint\",\"urlTemplate\":\"https:\/\/algarvemoods.com\/?s={search_term_string}\"},\"query-input\":{\"@type\":\"PropertyValueSpecification\",\"valueRequired\":true,\"valueName\":\"search_term_string\"}}],\"inLanguage\":\"fr-FR\"}]}<\/script>\n<!-- \/ Yoast SEO plugin. -->","yoast_head_json":{"title":"Golf \u00e0 l'Algarve - AlgarveMoods","robots":{"index":"index","follow":"follow","max-snippet":"max-snippet:-1","max-image-preview":"max-image-preview:large","max-video-preview":"max-video-preview:-1"},"canonical":"https:\/\/algarvemoods.com\/fr\/golf-algarve\/","og_locale":"fr_FR","og_type":"article","og_title":"Golf \u00e0 l'Algarve - AlgarveMoods","og_url":"https:\/\/algarvemoods.com\/fr\/golf-algarve\/","og_site_name":"AlgarveMoods","article_publisher":"http:\/\/facebook.com\/algarvemoods","article_modified_time":"2020-02-06T15:55:01+00:00","og_image":[{"width":1067,"height":400,"url":"https:\/\/i0.wp.com\/algarvemoods.com\/wp-c8b25-content\/uploads\/K800_DSCF0636.jpg?fit=1067%2C400&ssl=1","type":"image\/jpeg"}],"twitter_card":"summary_large_image","twitter_site":"@ellobo0815","twitter_misc":{"Est. reading time":"4 minutes"},"schema":{"@context":"https:\/\/schema.org","@graph":[{"@type":"WebPage","@id":"https:\/\/algarvemoods.com\/fr\/golf-algarve\/","url":"https:\/\/algarvemoods.com\/fr\/golf-algarve\/","name":"Golf \u00e0 l'Algarve - AlgarveMoods","isPartOf":{"@id":"https:\/\/algarvemoods.com\/#website"},"primaryImageOfPage":{"@id":"https:\/\/algarvemoods.com\/fr\/golf-algarve\/#primaryimage"},"image":{"@id":"https:\/\/algarvemoods.com\/fr\/golf-algarve\/#primaryimage"},"thumbnailUrl":"https:\/\/i0.wp.com\/algarvemoods.com\/wp-c8b25-content\/uploads\/K800_DSCF0636.jpg?fit=1067%2C400&ssl=1","datePublished":"2018-09-25T17:37:06+00:00","dateModified":"2020-02-06T15:55:01+00:00","breadcrumb":{"@id":"https:\/\/algarvemoods.com\/fr\/golf-algarve\/#breadcrumb"},"inLanguage":"fr-FR","potentialAction":[{"@type":"ReadAction","target":["https:\/\/algarvemoods.com\/fr\/golf-algarve\/"]}]},{"@type":"ImageObject","inLanguage":"fr-FR","@id":"https:\/\/algarvemoods.com\/fr\/golf-algarve\/#primaryimage","url":"https:\/\/i0.wp.com\/algarvemoods.com\/wp-c8b25-content\/uploads\/K800_DSCF0636.jpg?fit=1067%2C400&ssl=1","contentUrl":"https:\/\/i0.wp.com\/algarvemoods.com\/wp-c8b25-content\/uploads\/K800_DSCF0636.jpg?fit=1067%2C400&ssl=1","width":1067,"height":400},{"@type":"BreadcrumbList","@id":"https:\/\/algarvemoods.com\/fr\/golf-algarve\/#breadcrumb","itemListElement":[{"@type":"ListItem","position":1,"name":"Home","item":"https:\/\/algarvemoods.com\/"},{"@type":"ListItem","position":2,"name":"Golf \u00e0 l&#8217;Algarve"}]},{"@type":"WebSite","@id":"https:\/\/algarvemoods.com\/#website","url":"https:\/\/algarvemoods.com\/","name":"AlgarveMoods","description":"Informations sur l\u2018Algarve","potentialAction":[{"@type":"SearchAction","target":{"@type":"EntryPoint","urlTemplate":"https:\/\/algarvemoods.com\/?s={search_term_string}"},"query-input":{"@type":"PropertyValueSpecification","valueRequired":true,"valueName":"search_term_string"}}],"inLanguage":"fr-FR"}]}},"jetpack_shortlink":"https:\/\/wp.me\/Pafafo-km","jetpack_likes_enabled":true,"jetpack_sharing_enabled":true,"_links":{"self":[{"href":"https:\/\/algarvemoods.com\/fr\/wp-json\/wp\/v2\/pages\/1262","targetHints":{"allow":["GET"]}}],"collection":[{"href":"https:\/\/algarvemoods.com\/fr\/wp-json\/wp\/v2\/pages"}],"about":[{"href":"https:\/\/algarvemoods.com\/fr\/wp-json\/wp\/v2\/types\/page"}],"author":[{"embeddable":true,"href":"https:\/\/algarvemoods.com\/fr\/wp-json\/wp\/v2\/users\/1"}],"replies":[{"embeddable":true,"href":"https:\/\/algarvemoods.com\/fr\/wp-json\/wp\/v2\/comments?post=1262"}],"version-history":[{"count":1,"href":"https:\/\/algarvemoods.com\/fr\/wp-json\/wp\/v2\/pages\/1262\/revisions"}],"predecessor-version":[{"id":5477,"href":"https:\/\/algarvemoods.com\/fr\/wp-json\/wp\/v2\/pages\/1262\/revisions\/5477"}],"wp:featuredmedia":[{"embeddable":true,"href":"https:\/\/algarvemoods.com\/fr\/wp-json\/wp\/v2\/media\/5103"}],"wp:attachment":[{"href":"https:\/\/algarvemoods.com\/fr\/wp-json\/wp\/v2\/media?parent=1262"}],"curies":[{"name":"wp","href":"https:\/\/api.w.org\/{rel}","templated":true}]}}