{"id":1242,"date":"2018-09-25T15:24:27","date_gmt":"2018-09-25T14:24:27","guid":{"rendered":"http:\/\/wp13239037.server-he.de\/?page_id=1242"},"modified":"2019-05-22T18:43:55","modified_gmt":"2019-05-22T17:43:55","slug":"fado-musik","status":"publish","type":"page","link":"https:\/\/algarvemoods.com\/fr\/fado-music\/","title":{"rendered":"Fado Music"},"content":{"rendered":"<p><span style=\"font-family: helvetica, arial, sans-serif;\"><div class='content-column one_third'><\/span><\/p>\n<div class=\"jetpack-video-wrapper\"><iframe loading=\"lazy\" width=\"819\" height=\"614\" src=\"httpsssss:\/\/www.youtube.com\/embed\/1YriVM8sC7M?feature=oembed\" frameborder=\"0\" allow=\"autoplay; encrypted-media\" allowfullscreen><\/iframe><\/div>\n<p><span style=\"font-family: helvetica, arial, sans-serif;\">Am\u00e1lia Rodrigues (1920 &#8211; 1999) a \u00e9t\u00e9 appel\u00e9e la reine du fado et a lanc\u00e9 ce genre internationalement.<\/span><\/p>\n<p><span style=\"font-family: helvetica, arial, sans-serif;\"><\/div><\/span><\/p>\n<p><span style=\"font-family: helvetica, arial, sans-serif;\"><div class='content-column two_third last_column'><div style=\"padding-left:60px;\"><\/span><\/p>\n<p><span style=\"font-family: helvetica, arial, sans-serif;\">Le fado provient des quartiers pauvres de Lisbonne. Les chansons traitent presque toujours de griefs, du d\u00e9sir ardent des gens, de la souffrance du monde ou du pass\u00e9. La guitare portugaise, qui poss\u00e8de 12 cordes, ainsi qu&#8217;une guitare classique et \u00e9ventuellement une guitare basse, sont importantes pour la musique.<\/span><\/p>\n<p><span style=\"font-family: helvetica, arial, sans-serif;\">Aujourd&#8217;hui, il existe deux types de fado: le professionnel et le spontan\u00e9, o\u00f9 les h\u00f4tes se l\u00e8vent dans les restaurants respectifs et r\u00e9citent leur propre strophe ou chanson.<\/span><\/p>\n<p><span style=\"font-family: helvetica, arial, sans-serif;\">Depuis 2011, la musique de fado est inscrite au patrimoine mondial de l&#8217;UNESCO.<\/span><\/p>\n<hr \/>\n<p><span style=\"font-family: helvetica, arial, sans-serif;\">En Algarve, il existe diverses offres pour profiter d&#8217;une soir\u00e9e Fado. Les soir\u00e9es de Fado avec des artistes professionnels ont souvent lieu dans les restaurants. Des concerts avec un ou plusieurs artistes sont organis\u00e9s r\u00e9guli\u00e8rement dans des villes plus grandes.<\/span><\/p>\n<p><span style=\"font-family: helvetica, arial, sans-serif;\"><\/div><\/div><div class='clear_column'><\/div><\/span><br \/>\n<span style=\"font-family: helvetica, arial, sans-serif;\"><br \/>\n<\/span><\/p>\n","protected":false},"excerpt":{"rendered":"","protected":false},"author":1,"featured_media":0,"parent":0,"menu_order":0,"comment_status":"closed","ping_status":"closed","template":"","meta":{"jetpack_post_was_ever_published":false,"footnotes":""},"class_list":["post-1242","page","type-page","status-publish","hentry"],"translation":{"provider":"WPGlobus","version":"3.0.0","language":"fr","enabled_languages":["de","en","fr"],"languages":{"de":{"title":true,"content":true,"excerpt":false},"en":{"title":true,"content":true,"excerpt":false},"fr":{"title":true,"content":true,"excerpt":false}}},"yoast_head":"<!-- This site is optimized with the Yoast SEO plugin v24.8.1 - https:\/\/yoast.com\/wordpress\/plugins\/seo\/ -->\n<title>Fado Music - AlgarveMoods<\/title>\n<meta name=\"robots\" content=\"index, follow, max-snippet:-1, max-image-preview:large, max-video-preview:-1\" \/>\n<link rel=\"canonical\" href=\"https:\/\/algarvemoods.com\/fr\/fado-music\/\" \/>\n<meta property=\"og:locale\" content=\"fr_FR\" \/>\n<meta property=\"og:type\" content=\"article\" \/>\n<meta property=\"og:title\" content=\"Fado Music - AlgarveMoods\" \/>\n<meta property=\"og:url\" content=\"https:\/\/algarvemoods.com\/fr\/fado-music\/\" \/>\n<meta property=\"og:site_name\" content=\"AlgarveMoods\" \/>\n<meta property=\"article:publisher\" content=\"http:\/\/facebook.com\/algarvemoods\" \/>\n<meta property=\"article:modified_time\" content=\"2019-05-22T17:43:55+00:00\" \/>\n<meta name=\"twitter:card\" content=\"summary_large_image\" \/>\n<meta name=\"twitter:site\" content=\"@ellobo0815\" \/>\n<meta name=\"twitter:label1\" content=\"Est. reading time\" \/>\n\t<meta name=\"twitter:data1\" content=\"3 minutes\" \/>\n<script type=\"application\/ld+json\" class=\"yoast-schema-graph\">{\"@context\":\"https:\/\/schema.org\",\"@graph\":[{\"@type\":\"WebPage\",\"@id\":\"https:\/\/algarvemoods.com\/fr\/fado-music\/\",\"url\":\"https:\/\/algarvemoods.com\/fr\/fado-music\/\",\"name\":\"Fado Music - AlgarveMoods\",\"isPartOf\":{\"@id\":\"https:\/\/algarvemoods.com\/#website\"},\"datePublished\":\"2018-09-25T14:24:27+00:00\",\"dateModified\":\"2019-05-22T17:43:55+00:00\",\"breadcrumb\":{\"@id\":\"https:\/\/algarvemoods.com\/fr\/fado-music\/#breadcrumb\"},\"inLanguage\":\"fr-FR\",\"potentialAction\":[{\"@type\":\"ReadAction\",\"target\":[\"https:\/\/algarvemoods.com\/fr\/fado-music\/\"]}]},{\"@type\":\"BreadcrumbList\",\"@id\":\"https:\/\/algarvemoods.com\/fr\/fado-music\/#breadcrumb\",\"itemListElement\":[{\"@type\":\"ListItem\",\"position\":1,\"name\":\"Home\",\"item\":\"https:\/\/algarvemoods.com\/\"},{\"@type\":\"ListItem\",\"position\":2,\"name\":\"Fado Music\"}]},{\"@type\":\"WebSite\",\"@id\":\"https:\/\/algarvemoods.com\/#website\",\"url\":\"https:\/\/algarvemoods.com\/\",\"name\":\"AlgarveMoods\",\"description\":\"Informations sur l\u2018Algarve\",\"potentialAction\":[{\"@type\":\"SearchAction\",\"target\":{\"@type\":\"EntryPoint\",\"urlTemplate\":\"https:\/\/algarvemoods.com\/?s={search_term_string}\"},\"query-input\":{\"@type\":\"PropertyValueSpecification\",\"valueRequired\":true,\"valueName\":\"search_term_string\"}}],\"inLanguage\":\"fr-FR\"}]}<\/script>\n<!-- \/ Yoast SEO plugin. -->","yoast_head_json":{"title":"Fado Music - AlgarveMoods","robots":{"index":"index","follow":"follow","max-snippet":"max-snippet:-1","max-image-preview":"max-image-preview:large","max-video-preview":"max-video-preview:-1"},"canonical":"https:\/\/algarvemoods.com\/fr\/fado-music\/","og_locale":"fr_FR","og_type":"article","og_title":"Fado Music - AlgarveMoods","og_url":"https:\/\/algarvemoods.com\/fr\/fado-music\/","og_site_name":"AlgarveMoods","article_publisher":"http:\/\/facebook.com\/algarvemoods","article_modified_time":"2019-05-22T17:43:55+00:00","twitter_card":"summary_large_image","twitter_site":"@ellobo0815","twitter_misc":{"Est. reading time":"3 minutes"},"schema":{"@context":"https:\/\/schema.org","@graph":[{"@type":"WebPage","@id":"https:\/\/algarvemoods.com\/fr\/fado-music\/","url":"https:\/\/algarvemoods.com\/fr\/fado-music\/","name":"Fado Music - AlgarveMoods","isPartOf":{"@id":"https:\/\/algarvemoods.com\/#website"},"datePublished":"2018-09-25T14:24:27+00:00","dateModified":"2019-05-22T17:43:55+00:00","breadcrumb":{"@id":"https:\/\/algarvemoods.com\/fr\/fado-music\/#breadcrumb"},"inLanguage":"fr-FR","potentialAction":[{"@type":"ReadAction","target":["https:\/\/algarvemoods.com\/fr\/fado-music\/"]}]},{"@type":"BreadcrumbList","@id":"https:\/\/algarvemoods.com\/fr\/fado-music\/#breadcrumb","itemListElement":[{"@type":"ListItem","position":1,"name":"Home","item":"https:\/\/algarvemoods.com\/"},{"@type":"ListItem","position":2,"name":"Fado Music"}]},{"@type":"WebSite","@id":"https:\/\/algarvemoods.com\/#website","url":"https:\/\/algarvemoods.com\/","name":"AlgarveMoods","description":"Informations sur l\u2018Algarve","potentialAction":[{"@type":"SearchAction","target":{"@type":"EntryPoint","urlTemplate":"https:\/\/algarvemoods.com\/?s={search_term_string}"},"query-input":{"@type":"PropertyValueSpecification","valueRequired":true,"valueName":"search_term_string"}}],"inLanguage":"fr-FR"}]}},"jetpack_shortlink":"https:\/\/wp.me\/Pafafo-k2","jetpack_likes_enabled":true,"jetpack_sharing_enabled":true,"_links":{"self":[{"href":"https:\/\/algarvemoods.com\/fr\/wp-json\/wp\/v2\/pages\/1242","targetHints":{"allow":["GET"]}}],"collection":[{"href":"https:\/\/algarvemoods.com\/fr\/wp-json\/wp\/v2\/pages"}],"about":[{"href":"https:\/\/algarvemoods.com\/fr\/wp-json\/wp\/v2\/types\/page"}],"author":[{"embeddable":true,"href":"https:\/\/algarvemoods.com\/fr\/wp-json\/wp\/v2\/users\/1"}],"replies":[{"embeddable":true,"href":"https:\/\/algarvemoods.com\/fr\/wp-json\/wp\/v2\/comments?post=1242"}],"version-history":[{"count":0,"href":"https:\/\/algarvemoods.com\/fr\/wp-json\/wp\/v2\/pages\/1242\/revisions"}],"wp:attachment":[{"href":"https:\/\/algarvemoods.com\/fr\/wp-json\/wp\/v2\/media?parent=1242"}],"curies":[{"name":"wp","href":"https:\/\/api.w.org\/{rel}","templated":true}]}}