{"id":1229,"date":"2018-09-25T12:55:27","date_gmt":"2018-09-25T11:55:27","guid":{"rendered":"http:\/\/wp13239037.server-he.de\/?page_id=1229"},"modified":"2020-03-09T18:04:54","modified_gmt":"2020-03-09T18:04:54","slug":"straende-vila-real-de-santo-antonio","status":"publish","type":"page","link":"https:\/\/algarvemoods.com\/fr\/plages-vila-real-de-santo-antonio\/","title":{"rendered":"Plages"},"content":{"rendered":"<p><span style=\"font-family: helvetica, arial, sans-serif;\">Die Str\u00e4nde des Kreises Vila Real de Santa Antonio. Zwischen den Str\u00e4nden\u00a0Praia da Lota und Praia de Monte Gordo liegen die 3 Str\u00e4nde des Kreises Castro Marim.<\/span><\/p>\n<hr \/>\n<p><span style=\"font-family: helvetica, arial, sans-serif;\"><div class='content-column two_third'><\/span><\/p>\n<p>&nbsp;<\/p>\n<h3 style=\"text-align: center;\"><span style=\"font-family: helvetica, arial, sans-serif;\">Praia do S\u00edtio da F\u00e1brica<\/span><br \/>\n<span style=\"font-size: 10pt; font-family: helvetica, arial, sans-serif;\">(Cacela Velha Pen\u00ednsula (<span class=\"wsw-01\">p\u00e9ninsule<\/span>))<\/span><\/h3>\n<p style=\"text-align: center;\"><span style=\"font-family: helvetica, arial, sans-serif;\"><code id=\"soliloquy-shortcode\" class=\"soliloquy-code\"><div aria-live=\"polite\" id=\"soliloquy-container-2793\" class=\"soliloquy-container soliloquy-transition-fade  soliloquy-theme-base\" style=\"max-width:533px;max-height:300px;\"><ul id=\"soliloquy-2793\" class=\"soliloquy-slider soliloquy-slides soliloquy-wrap soliloquy-clear\"><li aria-hidden=\"true\" class=\"soliloquy-item soliloquy-item-1 soliloquy-image-slide\" draggable=\"false\" style=\"list-style:none\"><img decoding=\"async\" id=\"soliloquy-image-2794\" class=\"soliloquy-image soliloquy-image-1\" src=\"https:\/\/i0.wp.com\/algarvemoods.com\/wp-c8b25-content\/uploads\/2018\/11\/SAM_0754-533x300_c.jpg\" alt=\"Praia do S\u00edtio da F\u00e1brica\" \/><\/li><li aria-hidden=\"true\" class=\"soliloquy-item soliloquy-item-2 soliloquy-image-slide\" draggable=\"false\" style=\"list-style:none\"><img decoding=\"async\" id=\"soliloquy-image-2795\" class=\"soliloquy-image soliloquy-image-2\" src=\"https:\/\/i0.wp.com\/algarvemoods.com\/wp-c8b25-content\/uploads\/2018\/11\/SAM_0758-533x300_c.jpg\" alt=\"Praia do S\u00edtio da F\u00e1brica\" \/><\/li><\/ul><\/div><noscript><style type=\"text\/css\">#soliloquy-container-2793{opacity:1}<\/style><\/noscript><\/code><\/span><\/p>\n<p id=\"wnd_TextBlock_43196_inner_0\" data-wnd_is_separable=\"1\" data-wnd_separable_index=\"0\" data-wnd_separable_id=\"wnd_TextBlock_43196\"><span class=\"wsw-01\" style=\"font-family: helvetica, arial, sans-serif;\">La localit\u00e9 et la plage du m\u00eame nom sont bien indiqu\u00e9es sur la N125. Vous trouverez un petit parking bien organis\u00e9. De l\u00e0, vous serez conduits en bateau vers la p\u00e9ninsule.<\/span><\/p>\n<p id=\"wnd_TextBlock_43196_inner_1\" data-wnd_is_separable=\"1\" data-wnd_separable_index=\"1\" data-wnd_separable_id=\"wnd_TextBlock_43196\"><span class=\"wsw-01\" style=\"font-family: helvetica, arial, sans-serif;\">C&#8217;est toujours tr\u00e8s calme ici, l&#8217;infrastructure compl\u00e8te avec des restaurants, des caf\u00e9s et des snack-bars est situ\u00e9e sur la terre ferme.<\/span><\/p>\n<p id=\"wnd_TextBlock_43196_inner_2\" data-wnd_is_separable=\"1\" data-wnd_separable_index=\"2\" data-wnd_separable_id=\"wnd_TextBlock_43196\"><span style=\"font-family: helvetica, arial, sans-serif;\"><span class=\"wsw-01\">Il n&#8217;y a pas de ma\u00eetres-nageurs sur place<\/span>.<\/span><\/p>\n<hr \/>\n<h3 style=\"text-align: center;\"><span style=\"font-family: helvetica, arial, sans-serif;\">Praia de Cacela Velha<\/span><br \/>\n<span style=\"font-size: 10pt; font-family: helvetica, arial, sans-serif;\">(Cacela Velha Pen\u00ednsula (p\u00e9ninsule))<\/span><\/h3>\n<p style=\"text-align: center;\"><span style=\"font-family: helvetica, arial, sans-serif;\"><code id=\"soliloquy-shortcode\" class=\"soliloquy-code\"><div aria-live=\"polite\" id=\"soliloquy-container-2796\" class=\"soliloquy-container soliloquy-transition-fade  soliloquy-theme-base\" style=\"max-width:533px;max-height:300px;\"><ul id=\"soliloquy-2796\" class=\"soliloquy-slider soliloquy-slides soliloquy-wrap soliloquy-clear\"><li aria-hidden=\"true\" class=\"soliloquy-item soliloquy-item-1 soliloquy-image-slide\" draggable=\"false\" style=\"list-style:none\"><img decoding=\"async\" id=\"soliloquy-image-2797\" class=\"soliloquy-image soliloquy-image-1\" src=\"https:\/\/i0.wp.com\/algarvemoods.com\/wp-c8b25-content\/uploads\/2018\/11\/SAM_0756-533x300_c.jpg\" alt=\"Praia de Cacela Velha\" \/><\/li><\/ul><\/div><noscript><style type=\"text\/css\">#soliloquy-container-2796{opacity:1}<\/style><\/noscript><\/code><\/span><\/p>\n<p id=\"wnd_TextBlock_35097_inner_0\" data-wnd_is_separable=\"1\" data-wnd_separable_index=\"0\" data-wnd_separable_id=\"wnd_TextBlock_35097\"><span class=\"wsw-01\" style=\"font-family: helvetica, arial, sans-serif;\">La localit\u00e9 de S\u00edtio da F\u00e1brica est bien indiqu\u00e9 sur la N125. Vous trouverez un petit parking bien organis\u00e9. De l\u00e0, vous serez conduits en bateau vers la p\u00e9ninsule.<\/span><\/p>\n<p id=\"wnd_TextBlock_35097_inner_1\" data-wnd_is_separable=\"1\" data-wnd_separable_index=\"1\" data-wnd_separable_id=\"wnd_TextBlock_35097\"><span class=\"wsw-01\" style=\"font-family: helvetica, arial, sans-serif;\">C&#8217;est toujours tr\u00e8s calme ici, l&#8217;infrastructure compl\u00e8te avec des restaurants, des caf\u00e9s et des snack-bars est situ\u00e9e sur la terre ferme.<\/span><\/p>\n<p id=\"wnd_TextBlock_35097_inner_2\" data-wnd_is_separable=\"1\" data-wnd_separable_index=\"2\" data-wnd_separable_id=\"wnd_TextBlock_35097\"><span class=\"wsw-01\" style=\"font-family: helvetica, arial, sans-serif;\">Il n&#8217;y a pas de ma\u00eetres-nageurs sur place.<\/span><\/p>\n<hr \/>\n<h3 style=\"text-align: center;\"><span style=\"font-family: helvetica, arial, sans-serif;\">Praia da Manta Rota<\/span><\/h3>\n<p style=\"text-align: center;\"><span style=\"font-family: helvetica, arial, sans-serif;\"><code id=\"soliloquy-shortcode\" class=\"soliloquy-code\"><div aria-live=\"polite\" id=\"soliloquy-container-2798\" class=\"soliloquy-container soliloquy-transition-fade  soliloquy-theme-base\" style=\"max-width:533px;max-height:300px;\"><ul id=\"soliloquy-2798\" class=\"soliloquy-slider soliloquy-slides soliloquy-wrap soliloquy-clear\"><li aria-hidden=\"true\" class=\"soliloquy-item soliloquy-item-1 soliloquy-image-slide\" draggable=\"false\" style=\"list-style:none\"><img decoding=\"async\" id=\"soliloquy-image-2799\" class=\"soliloquy-image soliloquy-image-1\" src=\"https:\/\/i0.wp.com\/algarvemoods.com\/wp-c8b25-content\/uploads\/2018\/11\/SAM_0748-533x300_c.jpg\" alt=\"Praia da Manta Rota\" \/><\/li><li aria-hidden=\"true\" class=\"soliloquy-item soliloquy-item-2 soliloquy-image-slide\" draggable=\"false\" style=\"list-style:none\"><img decoding=\"async\" id=\"soliloquy-image-2800\" class=\"soliloquy-image soliloquy-image-2\" src=\"https:\/\/i0.wp.com\/algarvemoods.com\/wp-c8b25-content\/uploads\/2018\/11\/SAM_1398-533x300_c.jpg\" alt=\"Praia da Manta Rota\" \/><\/li><\/ul><\/div><noscript><style type=\"text\/css\">#soliloquy-container-2798{opacity:1}<\/style><\/noscript><\/code><\/span><\/p>\n<p id=\"wnd_TextBlock_186_inner_0\" data-wnd_is_separable=\"1\" data-wnd_separable_index=\"0\" data-wnd_separable_id=\"wnd_TextBlock_186\"><span class=\"wsw-01\" style=\"font-family: helvetica, arial, sans-serif;\">L&#8217;endroit et la plage sont bien indiqu\u00e9s sur la N125. Il y a un grand parking organis\u00e9 \u00e0 l&#8217;est de l&#8217;acc\u00e8s \u00e0 la plage. Il y a une vari\u00e9t\u00e9 de restaurants, snack-bars, bistros, caf\u00e9s, magasins et installations sanitaires sur la plage et dans la localit\u00e9 \u00e0 proximit\u00e9. Les activit\u00e9s de baignade sont supervis\u00e9es par des ma\u00eetres-nageurs.<\/span><\/p>\n<p id=\"wnd_TextBlock_186_inner_1\" data-wnd_is_separable=\"1\" data-wnd_separable_index=\"1\" data-wnd_separable_id=\"wnd_TextBlock_186\"><span style=\"font-family: helvetica, arial, sans-serif;\"><span class=\"wsw-01\">La plage est facilement accessible pour les personnes en fauteuil roulant et dispose de places de stationnement pour handicap\u00e9s dans les environs imm\u00e9diats<\/span>.<\/span><\/p>\n<hr \/>\n<h3 style=\"text-align: center;\"><span style=\"font-family: helvetica, arial, sans-serif;\">Praia da Lota<\/span><\/h3>\n<p style=\"text-align: center;\"><span style=\"font-family: helvetica, arial, sans-serif;\"><code id=\"soliloquy-shortcode\" class=\"soliloquy-code\"><div aria-live=\"polite\" id=\"soliloquy-container-2802\" class=\"soliloquy-container soliloquy-transition-fade  soliloquy-theme-base\" style=\"max-width:533px;max-height:300px;\"><ul id=\"soliloquy-2802\" class=\"soliloquy-slider soliloquy-slides soliloquy-wrap soliloquy-clear\"><li aria-hidden=\"true\" class=\"soliloquy-item soliloquy-item-1 soliloquy-image-slide\" draggable=\"false\" style=\"list-style:none\"><img decoding=\"async\" id=\"soliloquy-image-2803\" class=\"soliloquy-image soliloquy-image-1\" src=\"https:\/\/i0.wp.com\/algarvemoods.com\/wp-c8b25-content\/uploads\/2018\/11\/SAM_1397-533x300_c.jpg\" alt=\"Praia da Lota\" \/><\/li><\/ul><\/div><noscript><style type=\"text\/css\">#soliloquy-container-2802{opacity:1}<\/style><\/noscript><\/code><\/span><\/p>\n<p id=\"wnd_TextBlock_79826_inner_0\" data-wnd_is_separable=\"1\" data-wnd_separable_index=\"0\" data-wnd_separable_id=\"wnd_TextBlock_79826\"><span class=\"wsw-01\" style=\"font-family: helvetica, arial, sans-serif;\">La plage est situ\u00e9e \u00e0 l&#8217;extr\u00e9mit\u00e9 orientale de Manta Rota et est indiqu\u00e9e en ville. Des places de parking sont disponibles. Ici c&#8217;est calme et contemplatif. Il y a un restaurant et des installations sanitaires. Les sauveteurs sont sur place dans la saison.<\/span><\/p>\n<p id=\"wnd_TextBlock_79826_inner_1\" data-wnd_is_separable=\"1\" data-wnd_separable_index=\"1\" data-wnd_separable_id=\"wnd_TextBlock_79826\"><span class=\"wsw-01\" style=\"font-family: helvetica, arial, sans-serif;\">La plage est accessible en fauteuil roulant.<\/span><\/p>\n<hr \/>\n<h3 style=\"text-align: center;\"><span style=\"font-family: helvetica, arial, sans-serif;\">Praia de Monte Gordo<\/span><\/h3>\n<p style=\"text-align: center;\"><span style=\"font-family: helvetica, arial, sans-serif;\"><code id=\"soliloquy-shortcode\" class=\"soliloquy-code\"><div aria-live=\"polite\" id=\"soliloquy-container-2804\" class=\"soliloquy-container soliloquy-transition-fade  soliloquy-theme-base\" style=\"max-width:533px;max-height:300px;\"><ul id=\"soliloquy-2804\" class=\"soliloquy-slider soliloquy-slides soliloquy-wrap soliloquy-clear\"><li aria-hidden=\"true\" class=\"soliloquy-item soliloquy-item-1 soliloquy-image-slide\" draggable=\"false\" style=\"list-style:none\"><img decoding=\"async\" id=\"soliloquy-image-2805\" class=\"soliloquy-image soliloquy-image-1\" src=\"https:\/\/i0.wp.com\/algarvemoods.com\/wp-c8b25-content\/uploads\/2018\/11\/SAM_1428-533x300_c.jpg\" alt=\"Praia de Monte Gordo\" \/><\/li><li aria-hidden=\"true\" class=\"soliloquy-item soliloquy-item-2 soliloquy-image-slide\" draggable=\"false\" style=\"list-style:none\"><img decoding=\"async\" id=\"soliloquy-image-2806\" class=\"soliloquy-image soliloquy-image-2\" src=\"https:\/\/i0.wp.com\/algarvemoods.com\/wp-c8b25-content\/uploads\/2018\/11\/SAM_1433-533x300_c.jpg\" alt=\"Praia de Monte Gordo\" \/><\/li><\/ul><\/div><noscript><style type=\"text\/css\">#soliloquy-container-2804{opacity:1}<\/style><\/noscript><\/code><\/span><\/p>\n<p id=\"wnd_TextBlock_74572_inner_0\" data-wnd_is_separable=\"1\" data-wnd_separable_index=\"0\" data-wnd_separable_id=\"wnd_TextBlock_74572\"><span class=\"wsw-01\" style=\"font-family: helvetica, arial, sans-serif;\">La plage est indiqu\u00e9e sur la N125 (Altura) et il y a un bon parking \u00e0 l&#8217;acc\u00e8s \u00e0 la plage. Il y a plusieurs restaurants et installations sanitaires. Les sauveteurs sont saisonniers sur le site.<\/span><\/p>\n<p id=\"wnd_TextBlock_74572_inner_1\" data-wnd_is_separable=\"1\" data-wnd_separable_index=\"1\" data-wnd_separable_id=\"wnd_TextBlock_74572\"><span class=\"wsw-01\" style=\"font-family: helvetica, arial, sans-serif;\">La plage est accessible en fauteuil roulant.<\/span><\/p>\n<hr \/>\n<h3 style=\"text-align: center;\"><span style=\"font-family: helvetica, arial, sans-serif;\">Praia de Santo Ant\u00f3nio<\/span><\/h3>\n<p style=\"text-align: center;\"><span style=\"font-family: helvetica, arial, sans-serif;\"><code id=\"soliloquy-shortcode\" class=\"soliloquy-code\"><div aria-live=\"polite\" id=\"soliloquy-container-2807\" class=\"soliloquy-container soliloquy-transition-fade  soliloquy-theme-base\" style=\"max-width:533px;max-height:300px;\"><ul id=\"soliloquy-2807\" class=\"soliloquy-slider soliloquy-slides soliloquy-wrap soliloquy-clear\"><li aria-hidden=\"true\" class=\"soliloquy-item soliloquy-item-1 soliloquy-image-slide\" draggable=\"false\" style=\"list-style:none\"><img decoding=\"async\" id=\"soliloquy-image-2808\" class=\"soliloquy-image soliloquy-image-1\" src=\"https:\/\/i0.wp.com\/algarvemoods.com\/wp-c8b25-content\/uploads\/2018\/11\/SAM_1440-533x300_c.jpg\" alt=\"Praia de Santo Ant\u00f3nio\" \/><\/li><\/ul><\/div><noscript><style type=\"text\/css\">#soliloquy-container-2807{opacity:1}<\/style><\/noscript><\/code><\/span><\/p>\n<p><span style=\"font-family: helvetica, arial, sans-serif;\">C&#8217;est la derni\u00e8re plage devant le Rio Guadiana, qui est la fronti\u00e8re avec l&#8217;Espagne. La plage est indiqu\u00e9e \u00e0 Santo Ant\u00f3nio et un parking est disponible. Il y a un restaurant et des installations sanitaires. Les ma\u00eetres-nageurs surveillent la baignade en saison.<\/span><\/p>\n<hr \/>\n<p><span style=\"font-family: helvetica, arial, sans-serif;\"><\/div><\/span><\/p>\n<p><span style=\"font-family: helvetica, arial, sans-serif;\"><img data-recalc-dims=\"1\" loading=\"lazy\" decoding=\"async\" class=\"alignnone size-medium wp-image-188 aligncenter\" src=\"https:\/\/i0.wp.com\/algarvemoods.com\/wp-c8b25-content\/uploads\/2018\/09\/construction-clip-art-4cbnkXpcg.jpeg?resize=356%2C252&#038;ssl=1\" alt=\"\" width=\"356\" height=\"252\" srcset=\"https:\/\/i0.wp.com\/algarvemoods.com\/wp-c8b25-content\/uploads\/2018\/09\/construction-clip-art-4cbnkXpcg.jpeg?resize=356%2C252&amp;ssl=1 356w, https:\/\/i0.wp.com\/algarvemoods.com\/wp-c8b25-content\/uploads\/2018\/09\/construction-clip-art-4cbnkXpcg.jpeg?resize=127%2C90&amp;ssl=1 127w, https:\/\/i0.wp.com\/algarvemoods.com\/wp-c8b25-content\/uploads\/2018\/09\/construction-clip-art-4cbnkXpcg.jpeg?w=384&amp;ssl=1 384w\" sizes=\"auto, (max-width: 356px) 100vw, 356px\" \/><\/span><\/p>\n","protected":false},"excerpt":{"rendered":"<p>Die Str\u00e4nde des Kreises Vila Real de Santa Antonio. Zwischen den Str\u00e4nden\u00a0Praia da Lota und Praia de Monte Gordo liegen die 3 Str\u00e4nde des Kreises [&hellip;]<\/p>\n","protected":false},"author":1,"featured_media":2833,"parent":0,"menu_order":0,"comment_status":"closed","ping_status":"closed","template":"","meta":{"jetpack_post_was_ever_published":false,"footnotes":""},"class_list":["post-1229","page","type-page","status-publish","has-post-thumbnail","hentry"],"translation":{"provider":"WPGlobus","version":"3.0.0","language":"fr","enabled_languages":["de","en","fr"],"languages":{"de":{"title":true,"content":true,"excerpt":false},"en":{"title":true,"content":true,"excerpt":false},"fr":{"title":true,"content":true,"excerpt":false}}},"yoast_head":"<!-- This site is optimized with the Yoast SEO plugin v24.8.1 - https:\/\/yoast.com\/wordpress\/plugins\/seo\/ -->\n<title>Plages - AlgarveMoods<\/title>\n<meta name=\"robots\" content=\"index, follow, max-snippet:-1, max-image-preview:large, max-video-preview:-1\" \/>\n<link rel=\"canonical\" href=\"https:\/\/algarvemoods.com\/straende-vila-real-de-santo-antonio\/\" \/>\n<meta property=\"og:locale\" content=\"fr_FR\" \/>\n<meta property=\"og:type\" content=\"article\" \/>\n<meta property=\"og:title\" content=\"Plages - AlgarveMoods\" \/>\n<meta property=\"og:url\" content=\"https:\/\/algarvemoods.com\/straende-vila-real-de-santo-antonio\/\" \/>\n<meta property=\"og:site_name\" content=\"AlgarveMoods\" \/>\n<meta property=\"article:publisher\" content=\"http:\/\/facebook.com\/algarvemoods\" \/>\n<meta property=\"article:modified_time\" content=\"2020-03-09T18:04:54+00:00\" \/>\n<meta property=\"og:image\" content=\"https:\/\/i0.wp.com\/algarvemoods.com\/wp-c8b25-content\/uploads\/2018\/11\/Vila-real-santo-antonio-beaches-plages-straende.jpg?fit=1024%2C400&ssl=1\" \/>\n\t<meta property=\"og:image:width\" content=\"1024\" \/>\n\t<meta property=\"og:image:height\" content=\"400\" \/>\n\t<meta property=\"og:image:type\" content=\"image\/jpeg\" \/>\n<meta name=\"twitter:card\" content=\"summary_large_image\" \/>\n<meta name=\"twitter:site\" content=\"@ellobo0815\" \/>\n<meta name=\"twitter:label1\" content=\"Est. reading time\" \/>\n\t<meta name=\"twitter:data1\" content=\"6 minutes\" \/>\n<script type=\"application\/ld+json\" class=\"yoast-schema-graph\">{\"@context\":\"https:\/\/schema.org\",\"@graph\":[{\"@type\":\"WebPage\",\"@id\":\"https:\/\/algarvemoods.com\/straende-vila-real-de-santo-antonio\/\",\"url\":\"https:\/\/algarvemoods.com\/straende-vila-real-de-santo-antonio\/\",\"name\":\"Plages - AlgarveMoods\",\"isPartOf\":{\"@id\":\"https:\/\/algarvemoods.com\/#website\"},\"primaryImageOfPage\":{\"@id\":\"https:\/\/algarvemoods.com\/straende-vila-real-de-santo-antonio\/#primaryimage\"},\"image\":{\"@id\":\"https:\/\/algarvemoods.com\/straende-vila-real-de-santo-antonio\/#primaryimage\"},\"thumbnailUrl\":\"https:\/\/i0.wp.com\/algarvemoods.com\/wp-c8b25-content\/uploads\/2018\/11\/Vila-real-santo-antonio-beaches-plages-straende.jpg?fit=1024%2C400&ssl=1\",\"datePublished\":\"2018-09-25T11:55:27+00:00\",\"dateModified\":\"2020-03-09T18:04:54+00:00\",\"breadcrumb\":{\"@id\":\"https:\/\/algarvemoods.com\/straende-vila-real-de-santo-antonio\/#breadcrumb\"},\"inLanguage\":\"fr-FR\",\"potentialAction\":[{\"@type\":\"ReadAction\",\"target\":[\"https:\/\/algarvemoods.com\/straende-vila-real-de-santo-antonio\/\"]}]},{\"@type\":\"ImageObject\",\"inLanguage\":\"fr-FR\",\"@id\":\"https:\/\/algarvemoods.com\/straende-vila-real-de-santo-antonio\/#primaryimage\",\"url\":\"https:\/\/i0.wp.com\/algarvemoods.com\/wp-c8b25-content\/uploads\/2018\/11\/Vila-real-santo-antonio-beaches-plages-straende.jpg?fit=1024%2C400&ssl=1\",\"contentUrl\":\"https:\/\/i0.wp.com\/algarvemoods.com\/wp-c8b25-content\/uploads\/2018\/11\/Vila-real-santo-antonio-beaches-plages-straende.jpg?fit=1024%2C400&ssl=1\",\"width\":1024,\"height\":400},{\"@type\":\"BreadcrumbList\",\"@id\":\"https:\/\/algarvemoods.com\/straende-vila-real-de-santo-antonio\/#breadcrumb\",\"itemListElement\":[{\"@type\":\"ListItem\",\"position\":1,\"name\":\"Home\",\"item\":\"https:\/\/algarvemoods.com\/\"},{\"@type\":\"ListItem\",\"position\":2,\"name\":\"Str\u00e4nde\"}]},{\"@type\":\"WebSite\",\"@id\":\"https:\/\/algarvemoods.com\/#website\",\"url\":\"https:\/\/algarvemoods.com\/\",\"name\":\"AlgarveMoods\",\"description\":\"Informations sur l\u2018Algarve\",\"potentialAction\":[{\"@type\":\"SearchAction\",\"target\":{\"@type\":\"EntryPoint\",\"urlTemplate\":\"https:\/\/algarvemoods.com\/?s={search_term_string}\"},\"query-input\":{\"@type\":\"PropertyValueSpecification\",\"valueRequired\":true,\"valueName\":\"search_term_string\"}}],\"inLanguage\":\"fr-FR\"}]}<\/script>\n<!-- \/ Yoast SEO plugin. -->","yoast_head_json":{"title":"Plages - AlgarveMoods","robots":{"index":"index","follow":"follow","max-snippet":"max-snippet:-1","max-image-preview":"max-image-preview:large","max-video-preview":"max-video-preview:-1"},"canonical":"https:\/\/algarvemoods.com\/straende-vila-real-de-santo-antonio\/","og_locale":"fr_FR","og_type":"article","og_title":"Plages - AlgarveMoods","og_url":"https:\/\/algarvemoods.com\/straende-vila-real-de-santo-antonio\/","og_site_name":"AlgarveMoods","article_publisher":"http:\/\/facebook.com\/algarvemoods","article_modified_time":"2020-03-09T18:04:54+00:00","og_image":[{"width":1024,"height":400,"url":"https:\/\/i0.wp.com\/algarvemoods.com\/wp-c8b25-content\/uploads\/2018\/11\/Vila-real-santo-antonio-beaches-plages-straende.jpg?fit=1024%2C400&ssl=1","type":"image\/jpeg"}],"twitter_card":"summary_large_image","twitter_site":"@ellobo0815","twitter_misc":{"Est. reading time":"6 minutes"},"schema":{"@context":"https:\/\/schema.org","@graph":[{"@type":"WebPage","@id":"https:\/\/algarvemoods.com\/straende-vila-real-de-santo-antonio\/","url":"https:\/\/algarvemoods.com\/straende-vila-real-de-santo-antonio\/","name":"Plages - AlgarveMoods","isPartOf":{"@id":"https:\/\/algarvemoods.com\/#website"},"primaryImageOfPage":{"@id":"https:\/\/algarvemoods.com\/straende-vila-real-de-santo-antonio\/#primaryimage"},"image":{"@id":"https:\/\/algarvemoods.com\/straende-vila-real-de-santo-antonio\/#primaryimage"},"thumbnailUrl":"https:\/\/i0.wp.com\/algarvemoods.com\/wp-c8b25-content\/uploads\/2018\/11\/Vila-real-santo-antonio-beaches-plages-straende.jpg?fit=1024%2C400&ssl=1","datePublished":"2018-09-25T11:55:27+00:00","dateModified":"2020-03-09T18:04:54+00:00","breadcrumb":{"@id":"https:\/\/algarvemoods.com\/straende-vila-real-de-santo-antonio\/#breadcrumb"},"inLanguage":"fr-FR","potentialAction":[{"@type":"ReadAction","target":["https:\/\/algarvemoods.com\/straende-vila-real-de-santo-antonio\/"]}]},{"@type":"ImageObject","inLanguage":"fr-FR","@id":"https:\/\/algarvemoods.com\/straende-vila-real-de-santo-antonio\/#primaryimage","url":"https:\/\/i0.wp.com\/algarvemoods.com\/wp-c8b25-content\/uploads\/2018\/11\/Vila-real-santo-antonio-beaches-plages-straende.jpg?fit=1024%2C400&ssl=1","contentUrl":"https:\/\/i0.wp.com\/algarvemoods.com\/wp-c8b25-content\/uploads\/2018\/11\/Vila-real-santo-antonio-beaches-plages-straende.jpg?fit=1024%2C400&ssl=1","width":1024,"height":400},{"@type":"BreadcrumbList","@id":"https:\/\/algarvemoods.com\/straende-vila-real-de-santo-antonio\/#breadcrumb","itemListElement":[{"@type":"ListItem","position":1,"name":"Home","item":"https:\/\/algarvemoods.com\/"},{"@type":"ListItem","position":2,"name":"Str\u00e4nde"}]},{"@type":"WebSite","@id":"https:\/\/algarvemoods.com\/#website","url":"https:\/\/algarvemoods.com\/","name":"AlgarveMoods","description":"Informations sur l\u2018Algarve","potentialAction":[{"@type":"SearchAction","target":{"@type":"EntryPoint","urlTemplate":"https:\/\/algarvemoods.com\/?s={search_term_string}"},"query-input":{"@type":"PropertyValueSpecification","valueRequired":true,"valueName":"search_term_string"}}],"inLanguage":"fr-FR"}]}},"jetpack_shortlink":"https:\/\/wp.me\/Pafafo-jP","jetpack_likes_enabled":true,"jetpack_sharing_enabled":true,"_links":{"self":[{"href":"https:\/\/algarvemoods.com\/fr\/wp-json\/wp\/v2\/pages\/1229","targetHints":{"allow":["GET"]}}],"collection":[{"href":"https:\/\/algarvemoods.com\/fr\/wp-json\/wp\/v2\/pages"}],"about":[{"href":"https:\/\/algarvemoods.com\/fr\/wp-json\/wp\/v2\/types\/page"}],"author":[{"embeddable":true,"href":"https:\/\/algarvemoods.com\/fr\/wp-json\/wp\/v2\/users\/1"}],"replies":[{"embeddable":true,"href":"https:\/\/algarvemoods.com\/fr\/wp-json\/wp\/v2\/comments?post=1229"}],"version-history":[{"count":3,"href":"https:\/\/algarvemoods.com\/fr\/wp-json\/wp\/v2\/pages\/1229\/revisions"}],"predecessor-version":[{"id":5710,"href":"https:\/\/algarvemoods.com\/fr\/wp-json\/wp\/v2\/pages\/1229\/revisions\/5710"}],"wp:featuredmedia":[{"embeddable":true,"href":"https:\/\/algarvemoods.com\/fr\/wp-json\/wp\/v2\/media\/2833"}],"wp:attachment":[{"href":"https:\/\/algarvemoods.com\/fr\/wp-json\/wp\/v2\/media?parent=1229"}],"curies":[{"name":"wp","href":"https:\/\/api.w.org\/{rel}","templated":true}]}}