{"id":12,"date":"2018-08-30T15:43:05","date_gmt":"2018-08-30T14:43:05","guid":{"rendered":"http:\/\/wp13239037.server-he.de\/?page_id=12"},"modified":"2023-01-07T11:29:54","modified_gmt":"2023-01-07T11:29:54","slug":"home","status":"publish","type":"page","link":"https:\/\/algarvemoods.com\/fr\/","title":{"rendered":"Accueil"},"content":{"rendered":"<div class=\"text cf design-01\">\n<div class=\"text-content\"><span style=\"font-family: helvetica, arial, sans-serif;\">L&#8217;Algarve est situ\u00e9e dans l&#8217;extr\u00eame du sud-ouest du continent europ\u00e9en. Elle est une r\u00e9gion de Portugal. Pour vous rendre facile l&#8217;orientation sur ce site web nous avons sectionn\u00e9 les 16 communes en 4 zones dont chacune contient des descriptions de plages, de villages, de sites touristiques, de mus\u00e9es etc.<\/span><\/div>\n<\/div>\n<div class=\"text cf design-01\">\n<div class=\"text-content\">\n<p><span style=\"font-family: helvetica, arial, sans-serif;\"><img data-recalc-dims=\"1\" loading=\"lazy\" decoding=\"async\" class=\"aligncenter wp-image-30 \" src=\"https:\/\/i0.wp.com\/algarvemoods.com\/wp-c8b25-content\/uploads\/2018\/08\/algarve_concelhos_counties.jpg?resize=500%2C212&#038;ssl=1\" alt=\"\" width=\"500\" height=\"212\" srcset=\"https:\/\/i0.wp.com\/algarvemoods.com\/wp-c8b25-content\/uploads\/2018\/08\/algarve_concelhos_counties.jpg?w=456&amp;ssl=1 456w, https:\/\/i0.wp.com\/algarvemoods.com\/wp-c8b25-content\/uploads\/2018\/08\/algarve_concelhos_counties.jpg?resize=160%2C68&amp;ssl=1 160w, https:\/\/i0.wp.com\/algarvemoods.com\/wp-c8b25-content\/uploads\/2018\/08\/algarve_concelhos_counties.jpg?resize=240%2C102&amp;ssl=1 240w\" sizes=\"auto, (max-width: 500px) 100vw, 500px\" \/><span class=\"wsw-01\">L&#8217;Algarve m\u00e9rite une visite \u00e1 chaque saison. Un climat \u00e9tant unique en Europe avec plus de 3.000 heures d&#8217;ensoleillement, des plages de r\u00eave et du sable fin, des baies d\u00e9sertes, l&#8217;Atlantique grandiose, des d\u00e9lices provenant de la terre ou de la mer, une histoire longue et agit\u00e9e et notamment &#8230; des \u00ab Algarvios \u00bb ouverts, gentils et chaleureux.<\/span><\/span><\/p>\n<hr \/>\n<\/div>\n<\/div>\n<p><span style=\"font-family: helvetica, arial, sans-serif;\"><strong>que cherchez-vous?<\/strong><\/span><\/p>\n<p><span style=\"font-family: helvetica, arial, sans-serif;\"><div class=\"asl_w_container asl_w_container_1\">\r\n\t<div id='ajaxsearchlite1'\r\n\t\t data-id=\"1\"\r\n\t\t data-instance=\"1\"\r\n\t\t class=\"asl_w asl_m asl_m_1 asl_m_1_1\">\r\n\t\t<div class=\"probox\">\n\n\t\n\t<div class='prosettings' style='display:none;' data-opened=0>\n\t\t\t\t<div class='innericon'>\n\t\t\t<svg version=\"1.1\" xmlns=\"http:\/\/www.w3.org\/2000\/svg\" xmlns:xlink=\"http:\/\/www.w3.org\/1999\/xlink\" x=\"0px\" y=\"0px\" width=\"22\" height=\"22\" viewBox=\"0 0 512 512\" enable-background=\"new 0 0 512 512\" xml:space=\"preserve\">\n\t\t\t\t\t<polygon transform = \"rotate(90 256 256)\" points=\"142.332,104.886 197.48,50 402.5,256 197.48,462 142.332,407.113 292.727,256 \"\/>\n\t\t\t\t<\/svg>\n\t\t<\/div>\n\t<\/div>\n\n\t\n\t\n\t<div class='proinput'>\n        <form role=\"search\" action='#' autocomplete=\"off\"\n\t\t\t  aria-label=\"Search form\">\n\t\t\t<input aria-label=\"Search input\"\n\t\t\t\t   type='search' class='orig'\n\t\t\t\t   tabindex=\"0\"\n\t\t\t\t   name='phrase'\n\t\t\t\t   placeholder='Search here..'\n\t\t\t\t   value=''\n\t\t\t\t   autocomplete=\"off\"\/>\n\t\t\t<input aria-label=\"Search autocomplete input\"\n\t\t\t\t   type='text'\n\t\t\t\t   class='autocomplete'\n\t\t\t\t   tabindex=\"-1\"\n\t\t\t\t   name='phrase'\n\t\t\t\t   value=''\n\t\t\t\t   autocomplete=\"off\" disabled\/>\n\t\t\t<input type='submit' value=\"Start search\" style='width:0; height: 0; visibility: hidden;'>\n\t\t<\/form>\n\t<\/div>\n\n\t\n\t\n\t<button class='promagnifier' tabindex=\"0\" aria-label=\"Search magnifier button\">\n\t\t\t\t<span class='innericon' style=\"display:block;\">\n\t\t\t<svg version=\"1.1\" xmlns=\"http:\/\/www.w3.org\/2000\/svg\" xmlns:xlink=\"http:\/\/www.w3.org\/1999\/xlink\" x=\"0px\" y=\"0px\" width=\"22\" height=\"22\" viewBox=\"0 0 512 512\" enable-background=\"new 0 0 512 512\" xml:space=\"preserve\">\n\t\t\t\t\t<path d=\"M460.355,421.59L353.844,315.078c20.041-27.553,31.885-61.437,31.885-98.037\n\t\t\t\t\t\tC385.729,124.934,310.793,50,218.686,50C126.58,50,51.645,124.934,51.645,217.041c0,92.106,74.936,167.041,167.041,167.041\n\t\t\t\t\t\tc34.912,0,67.352-10.773,94.184-29.158L419.945,462L460.355,421.59z M100.631,217.041c0-65.096,52.959-118.056,118.055-118.056\n\t\t\t\t\t\tc65.098,0,118.057,52.959,118.057,118.056c0,65.096-52.959,118.056-118.057,118.056C153.59,335.097,100.631,282.137,100.631,217.041\n\t\t\t\t\t\tz\"\/>\n\t\t\t\t<\/svg>\n\t\t<\/span>\n\t<\/button>\n\n\t\n\t\n\t<div class='proloading'>\n\n\t\t<div class=\"asl_loader\"><div class=\"asl_loader-inner asl_simple-circle\"><\/div><\/div>\n\n\t\t\t<\/div>\n\n\t\t\t<div class='proclose'>\n\t\t\t<svg version=\"1.1\" xmlns=\"http:\/\/www.w3.org\/2000\/svg\" xmlns:xlink=\"http:\/\/www.w3.org\/1999\/xlink\" x=\"0px\"\n\t\t\t\t y=\"0px\"\n\t\t\t\t width=\"12\" height=\"12\" viewBox=\"0 0 512 512\" enable-background=\"new 0 0 512 512\"\n\t\t\t\t xml:space=\"preserve\">\n\t\t\t\t<polygon points=\"438.393,374.595 319.757,255.977 438.378,137.348 374.595,73.607 255.995,192.225 137.375,73.622 73.607,137.352 192.246,255.983 73.622,374.625 137.352,438.393 256.002,319.734 374.652,438.378 \"\/>\n\t\t\t<\/svg>\n\t\t<\/div>\n\t\n\t\n<\/div>\t<\/div>\r\n\t<div class='asl_data_container' style=\"display:none !important;\">\r\n\t\t<div class=\"asl_init_data wpdreams_asl_data_ct\"\r\n\t style=\"display:none !important;\"\r\n\t id=\"asl_init_id_1\"\r\n\t data-asl-id=\"1\"\r\n\t data-asl-instance=\"1\"\r\n\t data-asldata=\"ew0KCSJob21ldXJsIjogImh0dHBzOi8vYWxnYXJ2ZW1vb2RzLmNvbS9mci8iLA0KCSJyZXN1bHRzdHlwZSI6ICJ2ZXJ0aWNhbCIsDQoJInJlc3VsdHNwb3NpdGlvbiI6ICJob3ZlciIsDQoJIml0ZW1zY291bnQiOiA0LA0KCSJjaGFyY291bnQiOiAgMCwNCgkiaGlnaGxpZ2h0IjogMCwNCgkiaGlnaGxpZ2h0d2hvbGV3b3JkcyI6IDEsDQoJInNpbmdsZUhpZ2hsaWdodCI6IDAsDQoJInNjcm9sbFRvUmVzdWx0cyI6IHsNCgkJImVuYWJsZWQiOiAwLA0KCQkib2Zmc2V0IjogMA0KCX0sDQoJInJlc3VsdGFyZWFjbGlja2FibGUiOiAxLA0KCSJhdXRvY29tcGxldGUiOiB7DQoJCSJlbmFibGVkIiA6IDEsDQoJCSJsYW5nIiA6ICJlbiIsDQoJCSJ0cmlnZ2VyX2NoYXJjb3VudCIgOiAwDQoJfSwNCgkibW9iaWxlIjogew0KCQkibWVudV9zZWxlY3RvciI6ICIjbWVudS10b2dnbGUiDQoJfSwNCgkidHJpZ2dlciI6IHsNCgkJImNsaWNrIjogInJlc3VsdHNfcGFnZSIsDQoJCSJjbGlja19sb2NhdGlvbiI6ICJzYW1lIiwNCgkJInVwZGF0ZV9ocmVmIjogMCwNCgkJInJldHVybiI6ICJyZXN1bHRzX3BhZ2UiLA0KCQkicmV0dXJuX2xvY2F0aW9uIjogInNhbWUiLA0KCQkiZmFjZXQiOiAxLA0KCQkidHlwZSI6IDEsDQoJCSJyZWRpcmVjdF91cmwiOiAiP3M9e3BocmFzZX0iLA0KCQkiZGVsYXkiOiAzMDANCgl9LA0KICAgICJhbmltYXRpb25zIjogew0KICAgICAgICAicGMiOiB7DQogICAgICAgICAgICAic2V0dGluZ3MiOiB7DQogICAgICAgICAgICAgICAgImFuaW0iIDogImZhZGVkcm9wIiwNCiAgICAgICAgICAgICAgICAiZHVyIiAgOiAzMDANCiAgICAgICAgICAgIH0sDQogICAgICAgICAgICAicmVzdWx0cyIgOiB7DQoJCQkJImFuaW0iIDogImZhZGVkcm9wIiwNCgkJCQkiZHVyIiAgOiAzMDANCiAgICAgICAgICAgIH0sDQogICAgICAgICAgICAiaXRlbXMiIDogInZvaWRhbmltIg0KICAgICAgICB9LA0KICAgICAgICAibW9iIjogew0KICAgICAgICAgICAgInNldHRpbmdzIjogew0KICAgICAgICAgICAgICAgICJhbmltIiA6ICJmYWRlZHJvcCIsDQogICAgICAgICAgICAgICAgImR1ciIgIDogMzAwDQogICAgICAgICAgICB9LA0KICAgICAgICAgICAgInJlc3VsdHMiIDogew0KCQkJCSJhbmltIiA6ICJmYWRlZHJvcCIsDQoJCQkJImR1ciIgIDogMzAwDQogICAgICAgICAgICB9LA0KICAgICAgICAgICAgIml0ZW1zIiA6ICJ2b2lkYW5pbSINCiAgICAgICAgfQ0KICAgIH0sDQoJImF1dG9wIjogew0KCQkic3RhdGUiOiAiZGlzYWJsZWQiLA0KCQkicGhyYXNlIjogIiIsDQoJCSJjb3VudCI6IDEJfSwNCiAgICAicmVzUGFnZSI6IHsNCiAgICAgICAgInVzZUFqYXgiOiAwLA0KICAgICAgICAic2VsZWN0b3IiOiAiI21haW4iLA0KICAgICAgICAidHJpZ2dlcl90eXBlIjogMSwNCiAgICAgICAgInRyaWdnZXJfZmFjZXQiOiAxLA0KICAgICAgICAidHJpZ2dlcl9tYWduaWZpZXIiOiAwLA0KICAgICAgICAidHJpZ2dlcl9yZXR1cm4iOiAwICAgIH0sDQoJInJlc3VsdHNTbmFwVG8iOiAibGVmdCIsDQogICAgInJlc3VsdHMiOiB7DQogICAgICAgICJ3aWR0aCI6ICJhdXRvIiwNCiAgICAgICAgIndpZHRoX3RhYmxldCI6ICJhdXRvIiwNCiAgICAgICAgIndpZHRoX3Bob25lIjogImF1dG8iDQogICAgfSwNCgkic2V0dGluZ3NpbWFnZXBvcyI6ICJyaWdodCIsDQoJImNsb3NlT25Eb2NDbGljayI6IDEsDQoJIm92ZXJyaWRld3BkZWZhdWx0IjogMCwNCgkib3ZlcnJpZGVfbWV0aG9kIjogImdldCINCn0NCg==\"><\/div>\t<div id=\"asl_hidden_data\">\r\n\t\t<svg style=\"position:absolute\" height=\"0\" width=\"0\">\r\n\t\t\t<filter id=\"aslblur\">\r\n\t\t\t\t<feGaussianBlur in=\"SourceGraphic\" stdDeviation=\"4\"\/>\r\n\t\t\t<\/filter>\r\n\t\t<\/svg>\r\n\t\t<svg style=\"position:absolute\" height=\"0\" width=\"0\">\r\n\t\t\t<filter id=\"no_aslblur\"><\/filter>\r\n\t\t<\/svg>\r\n\t<\/div>\r\n\t<\/div>\r\n\r\n\t<div id='ajaxsearchliteres1'\n\t class='vertical wpdreams_asl_results asl_w asl_r asl_r_1 asl_r_1_1'>\n\n\t\n\t<div class=\"results\">\n\n\t\t\n\t\t<div class=\"resdrg\">\n\t\t<\/div>\n\n\t\t\n\t<\/div>\n\n\t\n\t\n<\/div>\n\r\n\t<div id='__original__ajaxsearchlitesettings1'\r\n\t\t data-id=\"1\"\r\n\t\t class=\"searchsettings wpdreams_asl_settings asl_w asl_s asl_s_1\">\r\n\t\t<form name='options'\n\t  aria-label=\"Search settings form\"\n\t  autocomplete = 'off'>\n\n\t\n\t\n\t<input type=\"hidden\" name=\"filters_changed\" style=\"display:none;\" value=\"0\">\n\t<input type=\"hidden\" name=\"filters_initial\" style=\"display:none;\" value=\"1\">\n\n\t<div class=\"asl_option_inner hiddend\">\n\t\t<input type='hidden' name='qtranslate_lang' id='qtranslate_lang1'\n\t\t\t   value='0'\/>\n\t<\/div>\n\n\t\n\t\n\t<fieldset class=\"asl_sett_scroll\">\n\t\t<legend style=\"display: none;\">Generic selectors<\/legend>\n\t\t<div class=\"asl_option\" tabindex=\"0\">\n\t\t\t<div class=\"asl_option_inner\">\n\t\t\t\t<input type=\"checkbox\" value=\"exact\"\n\t\t\t\t\t   aria-label=\"Exact matches only\"\n\t\t\t\t\t   name=\"asl_gen[]\" \/>\n\t\t\t\t<div class=\"asl_option_checkbox\"><\/div>\n\t\t\t<\/div>\n\t\t\t<div class=\"asl_option_label\">\n\t\t\t\tExact matches only\t\t\t<\/div>\n\t\t<\/div>\n\t\t<div class=\"asl_option\" tabindex=\"0\">\n\t\t\t<div class=\"asl_option_inner\">\n\t\t\t\t<input type=\"checkbox\" value=\"title\"\n\t\t\t\t\t   aria-label=\"Search in title\"\n\t\t\t\t\t   name=\"asl_gen[]\"  checked=\"checked\"\/>\n\t\t\t\t<div class=\"asl_option_checkbox\"><\/div>\n\t\t\t<\/div>\n\t\t\t<div class=\"asl_option_label\">\n\t\t\t\tSearch in title\t\t\t<\/div>\n\t\t<\/div>\n\t\t<div class=\"asl_option\" tabindex=\"0\">\n\t\t\t<div class=\"asl_option_inner\">\n\t\t\t\t<input type=\"checkbox\" value=\"content\"\n\t\t\t\t\t   aria-label=\"Search in content\"\n\t\t\t\t\t   name=\"asl_gen[]\"  checked=\"checked\"\/>\n\t\t\t\t<div class=\"asl_option_checkbox\"><\/div>\n\t\t\t<\/div>\n\t\t\t<div class=\"asl_option_label\">\n\t\t\t\tSearch in content\t\t\t<\/div>\n\t\t<\/div>\n\t\t<div class=\"asl_option_inner hiddend\">\n\t\t\t<input type=\"checkbox\" value=\"excerpt\"\n\t\t\t\t   aria-label=\"Search in excerpt\"\n\t\t\t\t   name=\"asl_gen[]\"  checked=\"checked\"\/>\n\t\t\t<div class=\"asl_option_checkbox\"><\/div>\n\t\t<\/div>\n\t<\/fieldset>\n\t<fieldset class=\"asl_sett_scroll\">\n\t\t<legend style=\"display: none;\">Post Type Selectors<\/legend>\n\t\t\t\t\t<div class=\"asl_option_inner hiddend\">\n\t\t\t\t<input type=\"checkbox\" value=\"post\"\n\t\t\t\t\t   aria-label=\"Hidden option, ignore please\"\n\t\t\t\t\t   name=\"customset[]\" checked=\"checked\"\/>\n\t\t\t<\/div>\n\t\t\t\t\t\t<div class=\"asl_option_inner hiddend\">\n\t\t\t\t<input type=\"checkbox\" value=\"page\"\n\t\t\t\t\t   aria-label=\"Hidden option, ignore please\"\n\t\t\t\t\t   name=\"customset[]\" checked=\"checked\"\/>\n\t\t\t<\/div>\n\t\t\t\t<\/fieldset>\n\t<\/form>\n\t<\/div>\r\n<\/div><\/span><\/p>\n<p>&nbsp;<\/p>\n","protected":false},"excerpt":{"rendered":"<p>L&#8217;Algarve est situ\u00e9e dans l&#8217;extr\u00eame du sud-ouest du continent europ\u00e9en. Elle est une r\u00e9gion de Portugal. Pour vous rendre facile l&#8217;orientation sur ce site web [&hellip;]<\/p>\n","protected":false},"author":1,"featured_media":129,"parent":0,"menu_order":0,"comment_status":"closed","ping_status":"closed","template":"","meta":{"jetpack_post_was_ever_published":false,"footnotes":""},"class_list":["post-12","page","type-page","status-publish","has-post-thumbnail","hentry"],"translation":{"provider":"WPGlobus","version":"3.0.0","language":"fr","enabled_languages":["de","en","fr"],"languages":{"de":{"title":true,"content":true,"excerpt":false},"en":{"title":true,"content":true,"excerpt":false},"fr":{"title":true,"content":true,"excerpt":false}}},"yoast_head":"<!-- This site is optimized with the Yoast SEO plugin v24.8.1 - https:\/\/yoast.com\/wordpress\/plugins\/seo\/ -->\n<title>Accueil - AlgarveMoods<\/title>\n<meta name=\"robots\" content=\"index, follow, max-snippet:-1, max-image-preview:large, max-video-preview:-1\" \/>\n<link rel=\"canonical\" href=\"https:\/\/algarvemoods.com\/\" \/>\n<meta property=\"og:locale\" content=\"fr_FR\" \/>\n<meta property=\"og:type\" content=\"article\" \/>\n<meta property=\"og:title\" content=\"Accueil - AlgarveMoods\" \/>\n<meta property=\"og:url\" content=\"https:\/\/algarvemoods.com\/\" \/>\n<meta property=\"og:site_name\" content=\"AlgarveMoods\" \/>\n<meta property=\"article:publisher\" content=\"http:\/\/facebook.com\/algarvemoods\" \/>\n<meta property=\"article:modified_time\" content=\"2023-01-07T11:29:54+00:00\" \/>\n<meta property=\"og:image\" content=\"https:\/\/algarvemoods.com\/wp-c8b25-content\/uploads\/2018\/09\/ponta-da-piedade.jpg\" \/>\n\t<meta property=\"og:image:width\" content=\"1024\" \/>\n\t<meta property=\"og:image:height\" content=\"576\" \/>\n\t<meta property=\"og:image:type\" content=\"image\/jpeg\" \/>\n<meta name=\"twitter:card\" content=\"summary_large_image\" \/>\n<meta name=\"twitter:site\" content=\"@ellobo0815\" \/>\n<meta name=\"twitter:label1\" content=\"Est. reading time\" \/>\n\t<meta name=\"twitter:data1\" content=\"1 minute\" \/>\n<script type=\"application\/ld+json\" class=\"yoast-schema-graph\">{\"@context\":\"https:\/\/schema.org\",\"@graph\":[{\"@type\":\"WebPage\",\"@id\":\"https:\/\/algarvemoods.com\/\",\"url\":\"https:\/\/algarvemoods.com\/\",\"name\":\"Accueil - AlgarveMoods\",\"isPartOf\":{\"@id\":\"https:\/\/algarvemoods.com\/#website\"},\"primaryImageOfPage\":{\"@id\":\"https:\/\/algarvemoods.com\/#primaryimage\"},\"image\":{\"@id\":\"https:\/\/algarvemoods.com\/#primaryimage\"},\"thumbnailUrl\":\"https:\/\/i0.wp.com\/algarvemoods.com\/wp-c8b25-content\/uploads\/2018\/09\/ponta-da-piedade.jpg?fit=1024%2C576&ssl=1\",\"datePublished\":\"2018-08-30T14:43:05+00:00\",\"dateModified\":\"2023-01-07T11:29:54+00:00\",\"breadcrumb\":{\"@id\":\"https:\/\/algarvemoods.com\/#breadcrumb\"},\"inLanguage\":\"fr-FR\",\"potentialAction\":[{\"@type\":\"ReadAction\",\"target\":[\"https:\/\/algarvemoods.com\/\"]}]},{\"@type\":\"ImageObject\",\"inLanguage\":\"fr-FR\",\"@id\":\"https:\/\/algarvemoods.com\/#primaryimage\",\"url\":\"https:\/\/i0.wp.com\/algarvemoods.com\/wp-c8b25-content\/uploads\/2018\/09\/ponta-da-piedade.jpg?fit=1024%2C576&ssl=1\",\"contentUrl\":\"https:\/\/i0.wp.com\/algarvemoods.com\/wp-c8b25-content\/uploads\/2018\/09\/ponta-da-piedade.jpg?fit=1024%2C576&ssl=1\",\"width\":1024,\"height\":576},{\"@type\":\"BreadcrumbList\",\"@id\":\"https:\/\/algarvemoods.com\/#breadcrumb\",\"itemListElement\":[{\"@type\":\"ListItem\",\"position\":1,\"name\":\"Home\",\"item\":\"https:\/\/algarvemoods.com\/\"},{\"@type\":\"ListItem\",\"position\":2,\"name\":\"Home\"}]},{\"@type\":\"WebSite\",\"@id\":\"https:\/\/algarvemoods.com\/#website\",\"url\":\"https:\/\/algarvemoods.com\/\",\"name\":\"AlgarveMoods\",\"description\":\"Informations sur l\u2018Algarve\",\"potentialAction\":[{\"@type\":\"SearchAction\",\"target\":{\"@type\":\"EntryPoint\",\"urlTemplate\":\"https:\/\/algarvemoods.com\/?s={search_term_string}\"},\"query-input\":{\"@type\":\"PropertyValueSpecification\",\"valueRequired\":true,\"valueName\":\"search_term_string\"}}],\"inLanguage\":\"fr-FR\"}]}<\/script>\n<!-- \/ Yoast SEO plugin. -->","yoast_head_json":{"title":"Accueil - AlgarveMoods","robots":{"index":"index","follow":"follow","max-snippet":"max-snippet:-1","max-image-preview":"max-image-preview:large","max-video-preview":"max-video-preview:-1"},"canonical":"https:\/\/algarvemoods.com\/","og_locale":"fr_FR","og_type":"article","og_title":"Accueil - AlgarveMoods","og_url":"https:\/\/algarvemoods.com\/","og_site_name":"AlgarveMoods","article_publisher":"http:\/\/facebook.com\/algarvemoods","article_modified_time":"2023-01-07T11:29:54+00:00","og_image":[{"width":1024,"height":576,"url":"https:\/\/algarvemoods.com\/wp-c8b25-content\/uploads\/2018\/09\/ponta-da-piedade.jpg","type":"image\/jpeg"}],"twitter_card":"summary_large_image","twitter_site":"@ellobo0815","twitter_misc":{"Est. reading time":"1 minute"},"schema":{"@context":"https:\/\/schema.org","@graph":[{"@type":"WebPage","@id":"https:\/\/algarvemoods.com\/","url":"https:\/\/algarvemoods.com\/","name":"Accueil - AlgarveMoods","isPartOf":{"@id":"https:\/\/algarvemoods.com\/#website"},"primaryImageOfPage":{"@id":"https:\/\/algarvemoods.com\/#primaryimage"},"image":{"@id":"https:\/\/algarvemoods.com\/#primaryimage"},"thumbnailUrl":"https:\/\/i0.wp.com\/algarvemoods.com\/wp-c8b25-content\/uploads\/2018\/09\/ponta-da-piedade.jpg?fit=1024%2C576&ssl=1","datePublished":"2018-08-30T14:43:05+00:00","dateModified":"2023-01-07T11:29:54+00:00","breadcrumb":{"@id":"https:\/\/algarvemoods.com\/#breadcrumb"},"inLanguage":"fr-FR","potentialAction":[{"@type":"ReadAction","target":["https:\/\/algarvemoods.com\/"]}]},{"@type":"ImageObject","inLanguage":"fr-FR","@id":"https:\/\/algarvemoods.com\/#primaryimage","url":"https:\/\/i0.wp.com\/algarvemoods.com\/wp-c8b25-content\/uploads\/2018\/09\/ponta-da-piedade.jpg?fit=1024%2C576&ssl=1","contentUrl":"https:\/\/i0.wp.com\/algarvemoods.com\/wp-c8b25-content\/uploads\/2018\/09\/ponta-da-piedade.jpg?fit=1024%2C576&ssl=1","width":1024,"height":576},{"@type":"BreadcrumbList","@id":"https:\/\/algarvemoods.com\/#breadcrumb","itemListElement":[{"@type":"ListItem","position":1,"name":"Home","item":"https:\/\/algarvemoods.com\/"},{"@type":"ListItem","position":2,"name":"Home"}]},{"@type":"WebSite","@id":"https:\/\/algarvemoods.com\/#website","url":"https:\/\/algarvemoods.com\/","name":"AlgarveMoods","description":"Informations sur l\u2018Algarve","potentialAction":[{"@type":"SearchAction","target":{"@type":"EntryPoint","urlTemplate":"https:\/\/algarvemoods.com\/?s={search_term_string}"},"query-input":{"@type":"PropertyValueSpecification","valueRequired":true,"valueName":"search_term_string"}}],"inLanguage":"fr-FR"}]}},"jetpack_shortlink":"https:\/\/wp.me\/Pafafo-c","jetpack_likes_enabled":true,"jetpack_sharing_enabled":true,"_links":{"self":[{"href":"https:\/\/algarvemoods.com\/fr\/wp-json\/wp\/v2\/pages\/12","targetHints":{"allow":["GET"]}}],"collection":[{"href":"https:\/\/algarvemoods.com\/fr\/wp-json\/wp\/v2\/pages"}],"about":[{"href":"https:\/\/algarvemoods.com\/fr\/wp-json\/wp\/v2\/types\/page"}],"author":[{"embeddable":true,"href":"https:\/\/algarvemoods.com\/fr\/wp-json\/wp\/v2\/users\/1"}],"replies":[{"embeddable":true,"href":"https:\/\/algarvemoods.com\/fr\/wp-json\/wp\/v2\/comments?post=12"}],"version-history":[{"count":12,"href":"https:\/\/algarvemoods.com\/fr\/wp-json\/wp\/v2\/pages\/12\/revisions"}],"predecessor-version":[{"id":5868,"href":"https:\/\/algarvemoods.com\/fr\/wp-json\/wp\/v2\/pages\/12\/revisions\/5868"}],"wp:featuredmedia":[{"embeddable":true,"href":"https:\/\/algarvemoods.com\/fr\/wp-json\/wp\/v2\/media\/129"}],"wp:attachment":[{"href":"https:\/\/algarvemoods.com\/fr\/wp-json\/wp\/v2\/media?parent=12"}],"curies":[{"name":"wp","href":"https:\/\/api.w.org\/{rel}","templated":true}]}}