{"id":1148,"date":"2018-09-25T10:23:27","date_gmt":"2018-09-25T09:23:27","guid":{"rendered":"http:\/\/wp13239037.server-he.de\/?page_id=1148"},"modified":"2020-02-02T14:05:29","modified_gmt":"2020-02-02T14:05:29","slug":"ilha-de-tavira","status":"publish","type":"page","link":"https:\/\/algarvemoods.com\/fr\/ilha-de-tavira\/","title":{"rendered":"Ilha de Tavira"},"content":{"rendered":"<p><span style=\"font-family: helvetica, arial, sans-serif;\">L\u2019\u00eele de sable Ilha de Tavira a une longueur d\u2019environ 11 km et se situe \u00e0 l\u2019ouest de l\u2019embouchure du Rio Gil\u00e3o.<\/span><\/p>\n<p><span style=\"font-family: helvetica, arial, sans-serif;\">Coordonn\u00e9es: 37\u00b006\u201941.0\u2033N 7\u00b037\u201922.0\u2033O<\/span><\/p>\n<p><span style=\"font-family: helvetica, arial, sans-serif;\">Vous pouvez y aller en bateau via Tavira (Praia da Ilha de Tavira) ou Santa Luzia (Praia da Terra Estreita). Les horaires sont saisonniers.<\/span><\/p>\n<p><span style=\"font-family: helvetica, arial, sans-serif;\">Alternativement, vous pouvez prendre un bateau-taxi \u00e0 partir de l\u00e0.<\/span><\/p>\n<p id=\"wnd_TextBlock_91880_inner_0\" data-wnd_is_separable=\"1\" data-wnd_separable_index=\"0\" data-wnd_separable_id=\"wnd_TextBlock_91880\"><span style=\"font-family: helvetica, arial, sans-serif;\">De Pedras d\u2019El Rei (\u00e0 environ 1,2 km \u00e0 l&#8217;ouest de Santa Luzia), vous pouvez rejoindre l\u2019\u00eele par un pont pi\u00e9tonnier. Des parkings sont disponibles pr\u00e8s du pont, parfois payants. Sur l\u2019\u00eele, il y a un sentier p\u00e9destre (environ 20 minutes) ou alternativement un train \u00e0 vapeur \u00e0 voie \u00e9troite qui transporte les gens jusqu\u2019\u00e0 la plage Praia do Barril. Le tarif pour un aller-retour est de 3 \u20ac. <\/span><\/p>\n<hr \/>\n<p><span style=\"font-family: helvetica, arial, sans-serif;\"><div class='content-column two_third'><\/span><\/p>\n<p><span style=\"font-family: helvetica, arial, sans-serif;\">La zone la plus fr\u00e9quent\u00e9e de l&#8217;\u00eele se trouve \u00e0 l&#8217;extr\u00e9mit\u00e9 est, juste avant l&#8217;embouchure du Rio Gil\u00e3o. Il y a un camping, un supermarch\u00e9, divers restaurants, caf\u00e9s et bars.\u00a0<\/span><\/p>\n<hr \/>\n<p><span style=\"font-family: helvetica, arial, sans-serif;\">Il est beaucoup plus calme dans la r\u00e9gion de Praia da Terra Estreita que sur la plage de la ville de Tavira.\u00a0<\/span><\/p>\n<hr \/>\n<p><span style=\"font-family: helvetica, arial, sans-serif;\"><img data-recalc-dims=\"1\" loading=\"lazy\" decoding=\"async\" class=\"size-medium wp-image-4713 aligncenter\" src=\"https:\/\/i0.wp.com\/algarvemoods.com\/wp-c8b25-content\/uploads\/IMG_0819.jpg?resize=378%2C252&#038;ssl=1\" alt=\"\" width=\"378\" height=\"252\" srcset=\"https:\/\/i0.wp.com\/algarvemoods.com\/wp-c8b25-content\/uploads\/IMG_0819.jpg?resize=378%2C252&amp;ssl=1 378w, https:\/\/i0.wp.com\/algarvemoods.com\/wp-c8b25-content\/uploads\/IMG_0819.jpg?resize=135%2C90&amp;ssl=1 135w, https:\/\/i0.wp.com\/algarvemoods.com\/wp-c8b25-content\/uploads\/IMG_0819.jpg?resize=768%2C512&amp;ssl=1 768w, https:\/\/i0.wp.com\/algarvemoods.com\/wp-c8b25-content\/uploads\/IMG_0819.jpg?resize=540%2C360&amp;ssl=1 540w, https:\/\/i0.wp.com\/algarvemoods.com\/wp-c8b25-content\/uploads\/IMG_0819.jpg?w=1024&amp;ssl=1 1024w\" sizes=\"auto, (max-width: 378px) 100vw, 378px\" \/><\/span><\/p>\n<p><span style=\"font-family: helvetica, arial, sans-serif;\">La section de Praia do Barril est facilement accessible. Parall\u00e8lement au chemin de fer \u00e0 voie \u00e9troite, un bon sentier m\u00e8ne directement \u00e0 la plage. Le chemin de fer servait autrefois \u00e0 ravitailler les p\u00eacheurs et \u00e0 transporter les poissons captur\u00e9s.\u00a0<\/span><\/p>\n<hr \/>\n<p><span style=\"font-family: helvetica, arial, sans-serif;\"><img data-recalc-dims=\"1\" loading=\"lazy\" decoding=\"async\" class=\"size-medium wp-image-4714 aligncenter\" src=\"https:\/\/i0.wp.com\/algarvemoods.com\/wp-c8b25-content\/uploads\/IMG_0807.jpg?resize=378%2C252&#038;ssl=1\" alt=\"\" width=\"378\" height=\"252\" srcset=\"https:\/\/i0.wp.com\/algarvemoods.com\/wp-c8b25-content\/uploads\/IMG_0807.jpg?resize=378%2C252&amp;ssl=1 378w, https:\/\/i0.wp.com\/algarvemoods.com\/wp-c8b25-content\/uploads\/IMG_0807.jpg?resize=135%2C90&amp;ssl=1 135w, https:\/\/i0.wp.com\/algarvemoods.com\/wp-c8b25-content\/uploads\/IMG_0807.jpg?resize=768%2C512&amp;ssl=1 768w, https:\/\/i0.wp.com\/algarvemoods.com\/wp-c8b25-content\/uploads\/IMG_0807.jpg?resize=540%2C360&amp;ssl=1 540w, https:\/\/i0.wp.com\/algarvemoods.com\/wp-c8b25-content\/uploads\/IMG_0807.jpg?w=1024&amp;ssl=1 1024w\" sizes=\"auto, (max-width: 378px) 100vw, 378px\" \/><\/span><\/p>\n<p><span style=\"font-family: helvetica, arial, sans-serif;\">Lorsque la population de thon rouge \u00e9tait presque compl\u00e8tement \u00e9puis\u00e9e dans les ann\u00e9es 1960, la communaut\u00e9 a \u00e9t\u00e9 abandonn\u00e9e.<\/span><\/p>\n<p><span style=\"font-family: helvetica, arial, sans-serif;\">Entre-temps, elle a \u00e9t\u00e9 reconstruite pour un usage touristique.<\/span><\/p>\n<hr \/>\n<p><span style=\"font-family: helvetica, arial, sans-serif;\"><img data-recalc-dims=\"1\" loading=\"lazy\" decoding=\"async\" class=\"size-medium wp-image-4715 aligncenter\" src=\"https:\/\/i0.wp.com\/algarvemoods.com\/wp-c8b25-content\/uploads\/IMG_0805.jpg?resize=378%2C252&#038;ssl=1\" alt=\"Ilha Tavira\" width=\"378\" height=\"252\" srcset=\"https:\/\/i0.wp.com\/algarvemoods.com\/wp-c8b25-content\/uploads\/IMG_0805.jpg?resize=378%2C252&amp;ssl=1 378w, https:\/\/i0.wp.com\/algarvemoods.com\/wp-c8b25-content\/uploads\/IMG_0805.jpg?resize=135%2C90&amp;ssl=1 135w, https:\/\/i0.wp.com\/algarvemoods.com\/wp-c8b25-content\/uploads\/IMG_0805.jpg?resize=768%2C512&amp;ssl=1 768w, https:\/\/i0.wp.com\/algarvemoods.com\/wp-c8b25-content\/uploads\/IMG_0805.jpg?resize=540%2C360&amp;ssl=1 540w, https:\/\/i0.wp.com\/algarvemoods.com\/wp-c8b25-content\/uploads\/IMG_0805.jpg?w=1024&amp;ssl=1 1024w\" sizes=\"auto, (max-width: 378px) 100vw, 378px\" \/><\/span><\/p>\n<p><span style=\"font-family: helvetica, arial, sans-serif;\">Aujourd&#8217;hui, il y a des restaurants, des caf\u00e9s, des petites boutiques et des installations sanitaires.<\/span><\/p>\n<hr \/>\n<p><span style=\"font-family: helvetica, arial, sans-serif;\"><img data-recalc-dims=\"1\" loading=\"lazy\" decoding=\"async\" class=\"size-medium wp-image-4716 aligncenter\" src=\"https:\/\/i0.wp.com\/algarvemoods.com\/wp-c8b25-content\/uploads\/IMG_0786.jpg?resize=378%2C252&#038;ssl=1\" alt=\"\" width=\"378\" height=\"252\" srcset=\"https:\/\/i0.wp.com\/algarvemoods.com\/wp-c8b25-content\/uploads\/IMG_0786.jpg?resize=378%2C252&amp;ssl=1 378w, https:\/\/i0.wp.com\/algarvemoods.com\/wp-c8b25-content\/uploads\/IMG_0786.jpg?resize=135%2C90&amp;ssl=1 135w, https:\/\/i0.wp.com\/algarvemoods.com\/wp-c8b25-content\/uploads\/IMG_0786.jpg?resize=768%2C512&amp;ssl=1 768w, https:\/\/i0.wp.com\/algarvemoods.com\/wp-c8b25-content\/uploads\/IMG_0786.jpg?resize=540%2C360&amp;ssl=1 540w, https:\/\/i0.wp.com\/algarvemoods.com\/wp-c8b25-content\/uploads\/IMG_0786.jpg?w=1024&amp;ssl=1 1024w\" sizes=\"auto, (max-width: 378px) 100vw, 378px\" \/><\/span><\/p>\n<p><span style=\"font-family: helvetica, arial, sans-serif;\">Le thon rouge a toujours \u00e9t\u00e9 captur\u00e9 avec un labyrinthe de filets qui devait \u00eatre attach\u00e9 avec une vari\u00e9t\u00e9 d&#8217;ancres.<\/span><\/p>\n<p><span style=\"font-family: helvetica, arial, sans-serif;\">Les ancres qui n&#8217;\u00e9taient plus n\u00e9cessaires ont \u00e9t\u00e9 enterr\u00e9es ici sur la plage. Aujourd&#8217;hui, le Cemit\u00e9ro das \u00c3ncoras (cimeti\u00e8re des ancres), avec plus de 100 ancres, est une curiosit\u00e9 et un m\u00e9morial contre la surp\u00eache de la mer.<\/span><\/p>\n<hr \/>\n<p><span style=\"font-family: helvetica, arial, sans-serif;\"><\/div><\/span><\/p>\n","protected":false},"excerpt":{"rendered":"<p>L\u2019\u00eele de sable Ilha de Tavira a une longueur d\u2019environ 11 km et se situe \u00e0 l\u2019ouest de l\u2019embouchure du Rio Gil\u00e3o. Coordonn\u00e9es: 37\u00b006\u201941.0\u2033N 7\u00b037\u201922.0\u2033O [&hellip;]<\/p>\n","protected":false},"author":1,"featured_media":4711,"parent":0,"menu_order":0,"comment_status":"closed","ping_status":"closed","template":"","meta":{"jetpack_post_was_ever_published":false,"footnotes":""},"class_list":["post-1148","page","type-page","status-publish","has-post-thumbnail","hentry"],"translation":{"provider":"WPGlobus","version":"3.0.0","language":"fr","enabled_languages":["de","en","fr"],"languages":{"de":{"title":true,"content":true,"excerpt":false},"en":{"title":true,"content":true,"excerpt":false},"fr":{"title":true,"content":true,"excerpt":false}}},"yoast_head":"<!-- This site is optimized with the Yoast SEO plugin v24.8.1 - https:\/\/yoast.com\/wordpress\/plugins\/seo\/ -->\n<title>Ilha de Tavira - AlgarveMoods<\/title>\n<meta name=\"robots\" content=\"index, follow, max-snippet:-1, max-image-preview:large, max-video-preview:-1\" \/>\n<link rel=\"canonical\" href=\"https:\/\/algarvemoods.com\/ilha-de-tavira\/\" \/>\n<meta property=\"og:locale\" content=\"fr_FR\" \/>\n<meta property=\"og:type\" content=\"article\" \/>\n<meta property=\"og:title\" content=\"Ilha de Tavira - AlgarveMoods\" \/>\n<meta property=\"og:url\" content=\"https:\/\/algarvemoods.com\/ilha-de-tavira\/\" \/>\n<meta property=\"og:site_name\" content=\"AlgarveMoods\" \/>\n<meta property=\"article:publisher\" content=\"http:\/\/facebook.com\/algarvemoods\" \/>\n<meta property=\"article:modified_time\" content=\"2020-02-02T14:05:29+00:00\" \/>\n<meta property=\"og:image\" content=\"https:\/\/i0.wp.com\/algarvemoods.com\/wp-c8b25-content\/uploads\/IMG_0773-Kopie.jpg?fit=1024%2C400&ssl=1\" \/>\n\t<meta property=\"og:image:width\" content=\"1024\" \/>\n\t<meta property=\"og:image:height\" content=\"400\" \/>\n\t<meta property=\"og:image:type\" content=\"image\/jpeg\" \/>\n<meta name=\"twitter:card\" content=\"summary_large_image\" \/>\n<meta name=\"twitter:site\" content=\"@ellobo0815\" \/>\n<meta name=\"twitter:label1\" content=\"Est. reading time\" \/>\n\t<meta name=\"twitter:data1\" content=\"5 minutes\" \/>\n<script type=\"application\/ld+json\" class=\"yoast-schema-graph\">{\"@context\":\"https:\/\/schema.org\",\"@graph\":[{\"@type\":\"WebPage\",\"@id\":\"https:\/\/algarvemoods.com\/ilha-de-tavira\/\",\"url\":\"https:\/\/algarvemoods.com\/ilha-de-tavira\/\",\"name\":\"Ilha de Tavira - AlgarveMoods\",\"isPartOf\":{\"@id\":\"https:\/\/algarvemoods.com\/#website\"},\"primaryImageOfPage\":{\"@id\":\"https:\/\/algarvemoods.com\/ilha-de-tavira\/#primaryimage\"},\"image\":{\"@id\":\"https:\/\/algarvemoods.com\/ilha-de-tavira\/#primaryimage\"},\"thumbnailUrl\":\"https:\/\/i0.wp.com\/algarvemoods.com\/wp-c8b25-content\/uploads\/IMG_0773-Kopie.jpg?fit=1024%2C400&ssl=1\",\"datePublished\":\"2018-09-25T09:23:27+00:00\",\"dateModified\":\"2020-02-02T14:05:29+00:00\",\"breadcrumb\":{\"@id\":\"https:\/\/algarvemoods.com\/ilha-de-tavira\/#breadcrumb\"},\"inLanguage\":\"fr-FR\",\"potentialAction\":[{\"@type\":\"ReadAction\",\"target\":[\"https:\/\/algarvemoods.com\/ilha-de-tavira\/\"]}]},{\"@type\":\"ImageObject\",\"inLanguage\":\"fr-FR\",\"@id\":\"https:\/\/algarvemoods.com\/ilha-de-tavira\/#primaryimage\",\"url\":\"https:\/\/i0.wp.com\/algarvemoods.com\/wp-c8b25-content\/uploads\/IMG_0773-Kopie.jpg?fit=1024%2C400&ssl=1\",\"contentUrl\":\"https:\/\/i0.wp.com\/algarvemoods.com\/wp-c8b25-content\/uploads\/IMG_0773-Kopie.jpg?fit=1024%2C400&ssl=1\",\"width\":1024,\"height\":400},{\"@type\":\"BreadcrumbList\",\"@id\":\"https:\/\/algarvemoods.com\/ilha-de-tavira\/#breadcrumb\",\"itemListElement\":[{\"@type\":\"ListItem\",\"position\":1,\"name\":\"Home\",\"item\":\"https:\/\/algarvemoods.com\/\"},{\"@type\":\"ListItem\",\"position\":2,\"name\":\"Ilha de Tavira\"}]},{\"@type\":\"WebSite\",\"@id\":\"https:\/\/algarvemoods.com\/#website\",\"url\":\"https:\/\/algarvemoods.com\/\",\"name\":\"AlgarveMoods\",\"description\":\"Informations sur l\u2018Algarve\",\"potentialAction\":[{\"@type\":\"SearchAction\",\"target\":{\"@type\":\"EntryPoint\",\"urlTemplate\":\"https:\/\/algarvemoods.com\/?s={search_term_string}\"},\"query-input\":{\"@type\":\"PropertyValueSpecification\",\"valueRequired\":true,\"valueName\":\"search_term_string\"}}],\"inLanguage\":\"fr-FR\"}]}<\/script>\n<!-- \/ Yoast SEO plugin. -->","yoast_head_json":{"title":"Ilha de Tavira - AlgarveMoods","robots":{"index":"index","follow":"follow","max-snippet":"max-snippet:-1","max-image-preview":"max-image-preview:large","max-video-preview":"max-video-preview:-1"},"canonical":"https:\/\/algarvemoods.com\/ilha-de-tavira\/","og_locale":"fr_FR","og_type":"article","og_title":"Ilha de Tavira - AlgarveMoods","og_url":"https:\/\/algarvemoods.com\/ilha-de-tavira\/","og_site_name":"AlgarveMoods","article_publisher":"http:\/\/facebook.com\/algarvemoods","article_modified_time":"2020-02-02T14:05:29+00:00","og_image":[{"width":1024,"height":400,"url":"https:\/\/i0.wp.com\/algarvemoods.com\/wp-c8b25-content\/uploads\/IMG_0773-Kopie.jpg?fit=1024%2C400&ssl=1","type":"image\/jpeg"}],"twitter_card":"summary_large_image","twitter_site":"@ellobo0815","twitter_misc":{"Est. reading time":"5 minutes"},"schema":{"@context":"https:\/\/schema.org","@graph":[{"@type":"WebPage","@id":"https:\/\/algarvemoods.com\/ilha-de-tavira\/","url":"https:\/\/algarvemoods.com\/ilha-de-tavira\/","name":"Ilha de Tavira - AlgarveMoods","isPartOf":{"@id":"https:\/\/algarvemoods.com\/#website"},"primaryImageOfPage":{"@id":"https:\/\/algarvemoods.com\/ilha-de-tavira\/#primaryimage"},"image":{"@id":"https:\/\/algarvemoods.com\/ilha-de-tavira\/#primaryimage"},"thumbnailUrl":"https:\/\/i0.wp.com\/algarvemoods.com\/wp-c8b25-content\/uploads\/IMG_0773-Kopie.jpg?fit=1024%2C400&ssl=1","datePublished":"2018-09-25T09:23:27+00:00","dateModified":"2020-02-02T14:05:29+00:00","breadcrumb":{"@id":"https:\/\/algarvemoods.com\/ilha-de-tavira\/#breadcrumb"},"inLanguage":"fr-FR","potentialAction":[{"@type":"ReadAction","target":["https:\/\/algarvemoods.com\/ilha-de-tavira\/"]}]},{"@type":"ImageObject","inLanguage":"fr-FR","@id":"https:\/\/algarvemoods.com\/ilha-de-tavira\/#primaryimage","url":"https:\/\/i0.wp.com\/algarvemoods.com\/wp-c8b25-content\/uploads\/IMG_0773-Kopie.jpg?fit=1024%2C400&ssl=1","contentUrl":"https:\/\/i0.wp.com\/algarvemoods.com\/wp-c8b25-content\/uploads\/IMG_0773-Kopie.jpg?fit=1024%2C400&ssl=1","width":1024,"height":400},{"@type":"BreadcrumbList","@id":"https:\/\/algarvemoods.com\/ilha-de-tavira\/#breadcrumb","itemListElement":[{"@type":"ListItem","position":1,"name":"Home","item":"https:\/\/algarvemoods.com\/"},{"@type":"ListItem","position":2,"name":"Ilha de Tavira"}]},{"@type":"WebSite","@id":"https:\/\/algarvemoods.com\/#website","url":"https:\/\/algarvemoods.com\/","name":"AlgarveMoods","description":"Informations sur l\u2018Algarve","potentialAction":[{"@type":"SearchAction","target":{"@type":"EntryPoint","urlTemplate":"https:\/\/algarvemoods.com\/?s={search_term_string}"},"query-input":{"@type":"PropertyValueSpecification","valueRequired":true,"valueName":"search_term_string"}}],"inLanguage":"fr-FR"}]}},"jetpack_shortlink":"https:\/\/wp.me\/Pafafo-iw","jetpack_likes_enabled":true,"jetpack_sharing_enabled":true,"_links":{"self":[{"href":"https:\/\/algarvemoods.com\/fr\/wp-json\/wp\/v2\/pages\/1148","targetHints":{"allow":["GET"]}}],"collection":[{"href":"https:\/\/algarvemoods.com\/fr\/wp-json\/wp\/v2\/pages"}],"about":[{"href":"https:\/\/algarvemoods.com\/fr\/wp-json\/wp\/v2\/types\/page"}],"author":[{"embeddable":true,"href":"https:\/\/algarvemoods.com\/fr\/wp-json\/wp\/v2\/users\/1"}],"replies":[{"embeddable":true,"href":"https:\/\/algarvemoods.com\/fr\/wp-json\/wp\/v2\/comments?post=1148"}],"version-history":[{"count":3,"href":"https:\/\/algarvemoods.com\/fr\/wp-json\/wp\/v2\/pages\/1148\/revisions"}],"predecessor-version":[{"id":5438,"href":"https:\/\/algarvemoods.com\/fr\/wp-json\/wp\/v2\/pages\/1148\/revisions\/5438"}],"wp:featuredmedia":[{"embeddable":true,"href":"https:\/\/algarvemoods.com\/fr\/wp-json\/wp\/v2\/media\/4711"}],"wp:attachment":[{"href":"https:\/\/algarvemoods.com\/fr\/wp-json\/wp\/v2\/media?parent=1148"}],"curies":[{"name":"wp","href":"https:\/\/api.w.org\/{rel}","templated":true}]}}