{"id":1105,"date":"2018-09-24T19:36:19","date_gmt":"2018-09-24T18:36:19","guid":{"rendered":"http:\/\/wp13239037.server-he.de\/?page_id=1105"},"modified":"2020-03-09T17:52:20","modified_gmt":"2020-03-09T17:52:20","slug":"straende-olhao","status":"publish","type":"page","link":"https:\/\/algarvemoods.com\/fr\/straende-olhao\/","title":{"rendered":"Plages"},"content":{"rendered":"<p><span style=\"font-family: helvetica, arial, sans-serif;\">Die Str\u00e4nde des Kreises Olhao<\/span><\/p>\n<hr \/>\n<p><span style=\"font-family: helvetica, arial, sans-serif;\"><div class='content-column two_third'><\/span><\/p>\n<h3 style=\"text-align: center;\"><span style=\"font-family: helvetica, arial, sans-serif;\">Praia da Armona<\/span><br \/>\n<span style=\"font-size: 10pt; font-family: helvetica, arial, sans-serif;\">(Ilha da Armona)<\/span><\/h3>\n<p style=\"text-align: center;\"><span style=\"font-family: helvetica, arial, sans-serif;\"><code id=\"soliloquy-shortcode\" class=\"soliloquy-code\"><div aria-live=\"polite\" id=\"soliloquy-container-2731\" class=\"soliloquy-container soliloquy-transition-fade  soliloquy-theme-base\" style=\"max-width:533px;max-height:300px;\"><ul id=\"soliloquy-2731\" class=\"soliloquy-slider soliloquy-slides soliloquy-wrap soliloquy-clear\"><li aria-hidden=\"true\" class=\"soliloquy-item soliloquy-item-1 soliloquy-image-slide\" draggable=\"false\" style=\"list-style:none\"><img decoding=\"async\" id=\"soliloquy-image-2732\" class=\"soliloquy-image soliloquy-image-1\" src=\"https:\/\/i0.wp.com\/algarvemoods.com\/wp-c8b25-content\/uploads\/2018\/10\/SAM_2620-533x300_c.jpg\" alt=\"Praia da Armona\" \/><\/li><li aria-hidden=\"true\" class=\"soliloquy-item soliloquy-item-2 soliloquy-image-slide\" draggable=\"false\" style=\"list-style:none\"><img decoding=\"async\" id=\"soliloquy-image-2733\" class=\"soliloquy-image soliloquy-image-2\" src=\"https:\/\/i0.wp.com\/algarvemoods.com\/wp-c8b25-content\/uploads\/2018\/10\/SAM_2624-533x300_c.jpg\" alt=\"Praia da Armona\" \/><\/li><li aria-hidden=\"true\" class=\"soliloquy-item soliloquy-item-3 soliloquy-image-slide\" draggable=\"false\" style=\"list-style:none\"><img decoding=\"async\" id=\"soliloquy-image-2734\" class=\"soliloquy-image soliloquy-image-3\" src=\"https:\/\/i0.wp.com\/algarvemoods.com\/wp-c8b25-content\/uploads\/2018\/10\/SAM_2629-533x300_c.jpg\" alt=\"Praia da Armona\" \/><\/li><li aria-hidden=\"true\" class=\"soliloquy-item soliloquy-item-4 soliloquy-image-slide\" draggable=\"false\" style=\"list-style:none\"><img decoding=\"async\" id=\"soliloquy-image-2735\" class=\"soliloquy-image soliloquy-image-4\" src=\"https:\/\/i0.wp.com\/algarvemoods.com\/wp-c8b25-content\/uploads\/2018\/10\/SAM_2632-533x300_c.jpg\" alt=\"Praia da Armona\" \/><\/li><\/ul><\/div><noscript><style type=\"text\/css\">#soliloquy-container-2731{opacity:1}<\/style><\/noscript><\/code><\/span><\/p>\n<div><span class=\"wsw-01\" style=\"font-family: helvetica, arial, sans-serif;\">La plage est situ\u00e9e \u00e0 l&#8217;ouest sur l&#8217;Ilha da Armona. Vous pouvez la rejoindre depuis Faro, Olh\u00e3o ou Fuseta en bateau. Il existe divers restaurants, caf\u00e9s, snack-bars et installations sanitaires. En saison, des ma\u00eetres-nageurs sont sur place.<\/span><\/div>\n<p id=\"wnd_TextBlock_71552_inner_0\" data-wnd_is_separable=\"1\" data-wnd_separable_index=\"0\" data-wnd_separable_id=\"wnd_TextBlock_71552\"><span class=\"wsw-16\" style=\"font-family: helvetica, arial, sans-serif;\">Attention: Il y a un tr\u00e8s fort courant \u00e0 l&#8217;embouchure entre les \u00eeles!<\/span><\/p>\n<hr \/>\n<h3 style=\"text-align: center;\"><span style=\"font-family: helvetica, arial, sans-serif;\">Praia dos Cavacos<\/span><\/h3>\n<p style=\"text-align: center;\"><span style=\"font-family: helvetica, arial, sans-serif;\"><code id=\"soliloquy-shortcode\" class=\"soliloquy-code\"><div aria-live=\"polite\" id=\"soliloquy-container-2737\" class=\"soliloquy-container soliloquy-transition-fade  soliloquy-theme-base\" style=\"max-width:533px;max-height:300px;\"><ul id=\"soliloquy-2737\" class=\"soliloquy-slider soliloquy-slides soliloquy-wrap soliloquy-clear\"><li aria-hidden=\"true\" class=\"soliloquy-item soliloquy-item-1 soliloquy-image-slide\" draggable=\"false\" style=\"list-style:none\"><img decoding=\"async\" id=\"soliloquy-image-2738\" class=\"soliloquy-image soliloquy-image-1\" src=\"https:\/\/i0.wp.com\/algarvemoods.com\/wp-c8b25-content\/uploads\/2018\/10\/SAM_2021-533x300_c.jpg\" alt=\"Praia dos Cavacos\" \/><\/li><li aria-hidden=\"true\" class=\"soliloquy-item soliloquy-item-2 soliloquy-image-slide\" draggable=\"false\" style=\"list-style:none\"><img decoding=\"async\" id=\"soliloquy-image-2739\" class=\"soliloquy-image soliloquy-image-2\" src=\"https:\/\/i0.wp.com\/algarvemoods.com\/wp-c8b25-content\/uploads\/2018\/10\/SAM_2023-533x300_c.jpg\" alt=\"Praia dos Cavacos\" \/><\/li><\/ul><\/div><noscript><style type=\"text\/css\">#soliloquy-container-2737{opacity:1}<\/style><\/noscript><\/code><\/span><\/p>\n<p id=\"wnd_TextBlock_61268_inner_0\" data-wnd_is_separable=\"1\" data-wnd_separable_index=\"0\" data-wnd_separable_id=\"wnd_TextBlock_61268\"><span class=\"wsw-01\" style=\"font-family: helvetica, arial, sans-serif;\">La plage est au coeur du marais salant et a un charme particulier.<\/span><\/p>\n<p id=\"wnd_TextBlock_61268_inner_1\" data-wnd_is_separable=\"1\" data-wnd_separable_index=\"1\" data-wnd_separable_id=\"wnd_TextBlock_61268\"><span class=\"wsw-01\" style=\"font-family: helvetica, arial, sans-serif;\">\u00c0 Olh\u00e3o, venant de la N125, dirigez-vous vers l&#8217;est. Environ 1,5 km apr\u00e8s le dernier rond-point de la ville, tournez \u00e0 droite (direction Ald. a Marim) et restez sur cette route pendant environ 1 km. Il y a un parking non organis\u00e9 et aucune infrastructure.<\/span><\/p>\n<p id=\"wnd_TextBlock_61268_inner_2\" data-wnd_is_separable=\"1\" data-wnd_separable_index=\"2\" data-wnd_separable_id=\"wnd_TextBlock_61268\"><span class=\"wsw-01\" style=\"font-family: helvetica, arial, sans-serif;\">La tranquillit\u00e9 qui r\u00e8gne ici n&#8217;est perturb\u00e9e que par la voie ferr\u00e9e \u00e0 proximit\u00e9.<\/span><\/p>\n<hr \/>\n<h3 style=\"text-align: center;\"><span style=\"font-family: helvetica, arial, sans-serif;\">Praia da Fuseta Mar<\/span><br \/>\n<span style=\"font-size: 10pt; font-family: helvetica, arial, sans-serif;\">(Ilha da Armona)<\/span><\/h3>\n<p style=\"text-align: center;\"><span style=\"font-family: helvetica, arial, sans-serif;\"><code id=\"soliloquy-shortcode\" class=\"soliloquy-code\"><div aria-live=\"polite\" id=\"soliloquy-container-2740\" class=\"soliloquy-container soliloquy-transition-fade  soliloquy-theme-base\" style=\"max-width:533px;max-height:300px;\"><ul id=\"soliloquy-2740\" class=\"soliloquy-slider soliloquy-slides soliloquy-wrap soliloquy-clear\"><li aria-hidden=\"true\" class=\"soliloquy-item soliloquy-item-1 soliloquy-image-slide\" draggable=\"false\" style=\"list-style:none\"><img decoding=\"async\" id=\"soliloquy-image-2743\" class=\"soliloquy-image soliloquy-image-1\" src=\"https:\/\/i0.wp.com\/algarvemoods.com\/wp-c8b25-content\/uploads\/2018\/10\/SAM_2508-1-533x300_c.jpg\" alt=\"Praia da Fuseta Mar\" \/><\/li><li aria-hidden=\"true\" class=\"soliloquy-item soliloquy-item-2 soliloquy-image-slide\" draggable=\"false\" style=\"list-style:none\"><img decoding=\"async\" id=\"soliloquy-image-2744\" class=\"soliloquy-image soliloquy-image-2\" src=\"https:\/\/i0.wp.com\/algarvemoods.com\/wp-c8b25-content\/uploads\/2018\/10\/SAM_2510-1-533x300_c.jpg\" alt=\"Praia da Fuseta Mar\" \/><\/li><li aria-hidden=\"true\" class=\"soliloquy-item soliloquy-item-3 soliloquy-image-slide\" draggable=\"false\" style=\"list-style:none\"><img decoding=\"async\" id=\"soliloquy-image-2745\" class=\"soliloquy-image soliloquy-image-3\" src=\"https:\/\/i0.wp.com\/algarvemoods.com\/wp-c8b25-content\/uploads\/2018\/10\/SAM_2512-533x300_c.jpg\" alt=\"Praia da Fuseta Mar\" \/><\/li><li aria-hidden=\"true\" class=\"soliloquy-item soliloquy-item-4 soliloquy-image-slide\" draggable=\"false\" style=\"list-style:none\"><img decoding=\"async\" id=\"soliloquy-image-2746\" class=\"soliloquy-image soliloquy-image-4\" src=\"https:\/\/i0.wp.com\/algarvemoods.com\/wp-c8b25-content\/uploads\/2018\/10\/SAM_2521-533x300_c.jpg\" alt=\"Praia da Fuseta Mar\" \/><\/li><\/ul><\/div><noscript><style type=\"text\/css\">#soliloquy-container-2740{opacity:1}<\/style><\/noscript><\/code><\/span><\/p>\n<p id=\"wnd_TextBlock_7822_inner_0\" data-wnd_is_separable=\"1\" data-wnd_separable_index=\"0\" data-wnd_separable_id=\"wnd_TextBlock_7822\"><span class=\"wsw-01\" style=\"font-family: helvetica, arial, sans-serif;\">La plage est situ\u00e9e \u00e0 l&#8217;extr\u00e9mit\u00e9 orientale de l&#8217;Ilha da Armona et est accessible par bateau depuis Fuseta (bien signal\u00e9e par la N125), o\u00f9 il est facile de se garer.<\/span><\/p>\n<p id=\"wnd_TextBlock_7822_inner_1\" data-wnd_is_separable=\"1\" data-wnd_separable_index=\"1\" data-wnd_separable_id=\"wnd_TextBlock_7822\"><span class=\"wsw-01\" style=\"font-family: helvetica, arial, sans-serif;\">Il y a des restaurants et des installations sanitaires.<\/span><\/p>\n<p id=\"wnd_TextBlock_7822_inner_2\" data-wnd_is_separable=\"1\" data-wnd_separable_index=\"2\" data-wnd_separable_id=\"wnd_TextBlock_7822\"><span class=\"wsw-01\" style=\"font-family: helvetica, arial, sans-serif;\">Les activit\u00e9s de baignade sont supervis\u00e9es par des ma\u00eetres-nageurs.<\/span><\/p>\n<p id=\"wnd_TextBlock_7822_inner_3\" data-wnd_is_separable=\"1\" data-wnd_separable_index=\"3\" data-wnd_separable_id=\"wnd_TextBlock_7822\"><span class=\"wsw-16\" style=\"font-family: helvetica, arial, sans-serif;\">Attention: \u00e0 l&#8217;embouchure, entre les \u00eeles, il y a un tr\u00e8s fort courant!<\/span><\/p>\n<hr \/>\n<h3 style=\"text-align: center;\"><span style=\"font-family: helvetica, arial, sans-serif;\">Praia da Fuseta Ria (Tesos)<\/span><\/h3>\n<p style=\"text-align: center;\"><span style=\"font-family: helvetica, arial, sans-serif;\"><code id=\"soliloquy-shortcode\" class=\"soliloquy-code\"><div aria-live=\"polite\" id=\"soliloquy-container-2747\" class=\"soliloquy-container soliloquy-transition-fade  soliloquy-theme-base\" style=\"max-width:533px;max-height:300px;\"><ul id=\"soliloquy-2747\" class=\"soliloquy-slider soliloquy-slides soliloquy-wrap soliloquy-clear\"><li aria-hidden=\"true\" class=\"soliloquy-item soliloquy-item-1 soliloquy-image-slide\" draggable=\"false\" style=\"list-style:none\"><img decoding=\"async\" id=\"soliloquy-image-2749\" class=\"soliloquy-image soliloquy-image-1\" src=\"https:\/\/i0.wp.com\/algarvemoods.com\/wp-c8b25-content\/uploads\/2018\/10\/20150616_081403-533x300_c.jpg\" alt=\"Praia da Fuseta Ria (Tesos)\" \/><\/li><li aria-hidden=\"true\" class=\"soliloquy-item soliloquy-item-2 soliloquy-image-slide\" draggable=\"false\" style=\"list-style:none\"><img decoding=\"async\" id=\"soliloquy-image-2750\" class=\"soliloquy-image soliloquy-image-2\" src=\"https:\/\/i0.wp.com\/algarvemoods.com\/wp-c8b25-content\/uploads\/2018\/10\/SAM_2498-533x300_c.jpg\" alt=\"Praia da Fuseta Ria (Tesos)\" \/><\/li><li aria-hidden=\"true\" class=\"soliloquy-item soliloquy-item-3 soliloquy-image-slide\" draggable=\"false\" style=\"list-style:none\"><img decoding=\"async\" id=\"soliloquy-image-2751\" class=\"soliloquy-image soliloquy-image-3\" src=\"https:\/\/i0.wp.com\/algarvemoods.com\/wp-c8b25-content\/uploads\/2018\/10\/SAM_2528-533x300_c.jpg\" alt=\"Praia da Fuseta Ria (Tesos)\" \/><\/li><\/ul><\/div><noscript><style type=\"text\/css\">#soliloquy-container-2747{opacity:1}<\/style><\/noscript><\/code><\/span><\/p>\n<p id=\"wnd_TextBlock_76901_inner_0\" data-wnd_is_separable=\"1\" data-wnd_separable_index=\"0\" data-wnd_separable_id=\"wnd_TextBlock_76901\"><span class=\"wsw-01\" style=\"font-family: helvetica, arial, sans-serif;\">Sur la N125, Fuseta est d\u00e9j\u00e0 signal\u00e9e et un parking est disponible au port (certains sont payants). La plage se situe entre Ilha da Armona et le continent et est accessible \u00e0 pied depuis la localit\u00e9 \u00e0 200 m.<\/span><\/p>\n<p id=\"wnd_TextBlock_76901_inner_1\" data-wnd_is_separable=\"1\" data-wnd_separable_index=\"1\" data-wnd_separable_id=\"wnd_TextBlock_76901\"><span class=\"wsw-01\" style=\"font-family: helvetica, arial, sans-serif;\">Il y a plusieurs restaurants, caf\u00e9s, snack-bars et installations sanitaires. La baignade est supervis\u00e9e par des ma\u00eetres-nageurs.<\/span><\/p>\n<p id=\"wnd_TextBlock_76901_inner_2\" data-wnd_is_separable=\"1\" data-wnd_separable_index=\"2\" data-wnd_separable_id=\"wnd_TextBlock_76901\"><span style=\"font-family: helvetica, arial, sans-serif;\"><span class=\"wsw-01\">La plage est accessible en fauteuil roulant<\/span>.<\/span><\/p>\n<hr \/>\n<p><span style=\"font-family: helvetica, arial, sans-serif;\"><\/div><\/span><\/p>\n","protected":false},"excerpt":{"rendered":"<p>Die Str\u00e4nde des Kreises Olhao<\/p>\n","protected":false},"author":1,"featured_media":2748,"parent":0,"menu_order":0,"comment_status":"closed","ping_status":"closed","template":"","meta":{"jetpack_post_was_ever_published":false,"footnotes":""},"class_list":["post-1105","page","type-page","status-publish","has-post-thumbnail","hentry"],"translation":{"provider":"WPGlobus","version":"3.0.0","language":"fr","enabled_languages":["de","en","fr"],"languages":{"de":{"title":true,"content":true,"excerpt":false},"en":{"title":true,"content":true,"excerpt":false},"fr":{"title":true,"content":true,"excerpt":false}}},"yoast_head":"<!-- This site is optimized with the Yoast SEO plugin v24.8.1 - https:\/\/yoast.com\/wordpress\/plugins\/seo\/ -->\n<title>Plages - AlgarveMoods<\/title>\n<meta name=\"robots\" content=\"index, follow, max-snippet:-1, max-image-preview:large, max-video-preview:-1\" \/>\n<link rel=\"canonical\" href=\"https:\/\/algarvemoods.com\/straende-olhao\/\" \/>\n<meta property=\"og:locale\" content=\"fr_FR\" \/>\n<meta property=\"og:type\" content=\"article\" \/>\n<meta property=\"og:title\" content=\"Plages - AlgarveMoods\" \/>\n<meta property=\"og:url\" content=\"https:\/\/algarvemoods.com\/straende-olhao\/\" \/>\n<meta property=\"og:site_name\" content=\"AlgarveMoods\" \/>\n<meta property=\"article:publisher\" content=\"http:\/\/facebook.com\/algarvemoods\" \/>\n<meta property=\"article:modified_time\" content=\"2020-03-09T17:52:20+00:00\" \/>\n<meta property=\"og:image\" content=\"https:\/\/i0.wp.com\/algarvemoods.com\/wp-c8b25-content\/uploads\/2018\/10\/olhao-beaches-straende-plages.jpg?fit=1024%2C400&ssl=1\" \/>\n\t<meta property=\"og:image:width\" content=\"1024\" \/>\n\t<meta property=\"og:image:height\" content=\"400\" \/>\n\t<meta property=\"og:image:type\" content=\"image\/jpeg\" \/>\n<meta name=\"twitter:card\" content=\"summary_large_image\" \/>\n<meta name=\"twitter:site\" content=\"@ellobo0815\" \/>\n<meta name=\"twitter:label1\" content=\"Est. reading time\" \/>\n\t<meta name=\"twitter:data1\" content=\"4 minutes\" \/>\n<script type=\"application\/ld+json\" class=\"yoast-schema-graph\">{\"@context\":\"https:\/\/schema.org\",\"@graph\":[{\"@type\":\"WebPage\",\"@id\":\"https:\/\/algarvemoods.com\/straende-olhao\/\",\"url\":\"https:\/\/algarvemoods.com\/straende-olhao\/\",\"name\":\"Plages - AlgarveMoods\",\"isPartOf\":{\"@id\":\"https:\/\/algarvemoods.com\/#website\"},\"primaryImageOfPage\":{\"@id\":\"https:\/\/algarvemoods.com\/straende-olhao\/#primaryimage\"},\"image\":{\"@id\":\"https:\/\/algarvemoods.com\/straende-olhao\/#primaryimage\"},\"thumbnailUrl\":\"https:\/\/i0.wp.com\/algarvemoods.com\/wp-c8b25-content\/uploads\/2018\/10\/olhao-beaches-straende-plages.jpg?fit=1024%2C400&ssl=1\",\"datePublished\":\"2018-09-24T18:36:19+00:00\",\"dateModified\":\"2020-03-09T17:52:20+00:00\",\"breadcrumb\":{\"@id\":\"https:\/\/algarvemoods.com\/straende-olhao\/#breadcrumb\"},\"inLanguage\":\"fr-FR\",\"potentialAction\":[{\"@type\":\"ReadAction\",\"target\":[\"https:\/\/algarvemoods.com\/straende-olhao\/\"]}]},{\"@type\":\"ImageObject\",\"inLanguage\":\"fr-FR\",\"@id\":\"https:\/\/algarvemoods.com\/straende-olhao\/#primaryimage\",\"url\":\"https:\/\/i0.wp.com\/algarvemoods.com\/wp-c8b25-content\/uploads\/2018\/10\/olhao-beaches-straende-plages.jpg?fit=1024%2C400&ssl=1\",\"contentUrl\":\"https:\/\/i0.wp.com\/algarvemoods.com\/wp-c8b25-content\/uploads\/2018\/10\/olhao-beaches-straende-plages.jpg?fit=1024%2C400&ssl=1\",\"width\":1024,\"height\":400},{\"@type\":\"BreadcrumbList\",\"@id\":\"https:\/\/algarvemoods.com\/straende-olhao\/#breadcrumb\",\"itemListElement\":[{\"@type\":\"ListItem\",\"position\":1,\"name\":\"Home\",\"item\":\"https:\/\/algarvemoods.com\/\"},{\"@type\":\"ListItem\",\"position\":2,\"name\":\"Str\u00e4nde\"}]},{\"@type\":\"WebSite\",\"@id\":\"https:\/\/algarvemoods.com\/#website\",\"url\":\"https:\/\/algarvemoods.com\/\",\"name\":\"AlgarveMoods\",\"description\":\"Informations sur l\u2018Algarve\",\"potentialAction\":[{\"@type\":\"SearchAction\",\"target\":{\"@type\":\"EntryPoint\",\"urlTemplate\":\"https:\/\/algarvemoods.com\/?s={search_term_string}\"},\"query-input\":{\"@type\":\"PropertyValueSpecification\",\"valueRequired\":true,\"valueName\":\"search_term_string\"}}],\"inLanguage\":\"fr-FR\"}]}<\/script>\n<!-- \/ Yoast SEO plugin. -->","yoast_head_json":{"title":"Plages - AlgarveMoods","robots":{"index":"index","follow":"follow","max-snippet":"max-snippet:-1","max-image-preview":"max-image-preview:large","max-video-preview":"max-video-preview:-1"},"canonical":"https:\/\/algarvemoods.com\/straende-olhao\/","og_locale":"fr_FR","og_type":"article","og_title":"Plages - AlgarveMoods","og_url":"https:\/\/algarvemoods.com\/straende-olhao\/","og_site_name":"AlgarveMoods","article_publisher":"http:\/\/facebook.com\/algarvemoods","article_modified_time":"2020-03-09T17:52:20+00:00","og_image":[{"width":1024,"height":400,"url":"https:\/\/i0.wp.com\/algarvemoods.com\/wp-c8b25-content\/uploads\/2018\/10\/olhao-beaches-straende-plages.jpg?fit=1024%2C400&ssl=1","type":"image\/jpeg"}],"twitter_card":"summary_large_image","twitter_site":"@ellobo0815","twitter_misc":{"Est. reading time":"4 minutes"},"schema":{"@context":"https:\/\/schema.org","@graph":[{"@type":"WebPage","@id":"https:\/\/algarvemoods.com\/straende-olhao\/","url":"https:\/\/algarvemoods.com\/straende-olhao\/","name":"Plages - AlgarveMoods","isPartOf":{"@id":"https:\/\/algarvemoods.com\/#website"},"primaryImageOfPage":{"@id":"https:\/\/algarvemoods.com\/straende-olhao\/#primaryimage"},"image":{"@id":"https:\/\/algarvemoods.com\/straende-olhao\/#primaryimage"},"thumbnailUrl":"https:\/\/i0.wp.com\/algarvemoods.com\/wp-c8b25-content\/uploads\/2018\/10\/olhao-beaches-straende-plages.jpg?fit=1024%2C400&ssl=1","datePublished":"2018-09-24T18:36:19+00:00","dateModified":"2020-03-09T17:52:20+00:00","breadcrumb":{"@id":"https:\/\/algarvemoods.com\/straende-olhao\/#breadcrumb"},"inLanguage":"fr-FR","potentialAction":[{"@type":"ReadAction","target":["https:\/\/algarvemoods.com\/straende-olhao\/"]}]},{"@type":"ImageObject","inLanguage":"fr-FR","@id":"https:\/\/algarvemoods.com\/straende-olhao\/#primaryimage","url":"https:\/\/i0.wp.com\/algarvemoods.com\/wp-c8b25-content\/uploads\/2018\/10\/olhao-beaches-straende-plages.jpg?fit=1024%2C400&ssl=1","contentUrl":"https:\/\/i0.wp.com\/algarvemoods.com\/wp-c8b25-content\/uploads\/2018\/10\/olhao-beaches-straende-plages.jpg?fit=1024%2C400&ssl=1","width":1024,"height":400},{"@type":"BreadcrumbList","@id":"https:\/\/algarvemoods.com\/straende-olhao\/#breadcrumb","itemListElement":[{"@type":"ListItem","position":1,"name":"Home","item":"https:\/\/algarvemoods.com\/"},{"@type":"ListItem","position":2,"name":"Str\u00e4nde"}]},{"@type":"WebSite","@id":"https:\/\/algarvemoods.com\/#website","url":"https:\/\/algarvemoods.com\/","name":"AlgarveMoods","description":"Informations sur l\u2018Algarve","potentialAction":[{"@type":"SearchAction","target":{"@type":"EntryPoint","urlTemplate":"https:\/\/algarvemoods.com\/?s={search_term_string}"},"query-input":{"@type":"PropertyValueSpecification","valueRequired":true,"valueName":"search_term_string"}}],"inLanguage":"fr-FR"}]}},"jetpack_shortlink":"https:\/\/wp.me\/Pafafo-hP","jetpack_likes_enabled":true,"jetpack_sharing_enabled":true,"_links":{"self":[{"href":"https:\/\/algarvemoods.com\/fr\/wp-json\/wp\/v2\/pages\/1105","targetHints":{"allow":["GET"]}}],"collection":[{"href":"https:\/\/algarvemoods.com\/fr\/wp-json\/wp\/v2\/pages"}],"about":[{"href":"https:\/\/algarvemoods.com\/fr\/wp-json\/wp\/v2\/types\/page"}],"author":[{"embeddable":true,"href":"https:\/\/algarvemoods.com\/fr\/wp-json\/wp\/v2\/users\/1"}],"replies":[{"embeddable":true,"href":"https:\/\/algarvemoods.com\/fr\/wp-json\/wp\/v2\/comments?post=1105"}],"version-history":[{"count":3,"href":"https:\/\/algarvemoods.com\/fr\/wp-json\/wp\/v2\/pages\/1105\/revisions"}],"predecessor-version":[{"id":5706,"href":"https:\/\/algarvemoods.com\/fr\/wp-json\/wp\/v2\/pages\/1105\/revisions\/5706"}],"wp:featuredmedia":[{"embeddable":true,"href":"https:\/\/algarvemoods.com\/fr\/wp-json\/wp\/v2\/media\/2748"}],"wp:attachment":[{"href":"https:\/\/algarvemoods.com\/fr\/wp-json\/wp\/v2\/media?parent=1105"}],"curies":[{"name":"wp","href":"https:\/\/api.w.org\/{rel}","templated":true}]}}