{"id":1066,"date":"2018-09-24T17:42:38","date_gmt":"2018-09-24T16:42:38","guid":{"rendered":"http:\/\/wp13239037.server-he.de\/?page_id=1066"},"modified":"2020-01-19T16:39:23","modified_gmt":"2020-01-19T16:39:23","slug":"castelo-de-castro-marim","status":"publish","type":"page","link":"https:\/\/algarvemoods.com\/fr\/castelo-de-castro-marim\/","title":{"rendered":"Castelo de Castro Marim"},"content":{"rendered":"<p id=\"wnd_TextBlock_98866_inner_0\" data-wnd_is_separable=\"1\" data-wnd_separable_index=\"0\" data-wnd_separable_id=\"wnd_TextBlock_98866\"><span class=\"wsw-01\" style=\"font-family: helvetica, arial, sans-serif;\">Le ch\u00e2teau fort a \u00e9t\u00e9 agrandi et complet\u00e9 au 13\u00e8me si\u00e8cle \u00e0 l&#8217;ordre du roi Alonso III.<\/span><\/p>\n<p id=\"wnd_TextBlock_98866_inner_1\" data-wnd_is_separable=\"1\" data-wnd_separable_index=\"1\" data-wnd_separable_id=\"wnd_TextBlock_98866\"><span class=\"wsw-01\" style=\"font-family: helvetica, arial, sans-serif;\">L&#8217;entr\u00e9e est signal\u00e9e. En montant sur la colline, l&#8217;acc\u00e8s est un peu p\u00e9nible. Aujourd&#8217;hui la partie la plus escarp\u00e9e a \u00e9t\u00e9 recouverte d&#8217;une passerelle en bois et des marches.<\/span><\/p>\n<hr \/>\n<p><span style=\"font-family: helvetica, arial, sans-serif;\"><div class='content-column two_third'><\/span><\/p>\n<p><span style=\"font-family: helvetica, arial, sans-serif;\"><img data-recalc-dims=\"1\" loading=\"lazy\" decoding=\"async\" class=\"size-medium wp-image-3409 aligncenter\" src=\"https:\/\/i0.wp.com\/algarvemoods.com\/wp-c8b25-content\/uploads\/2018\/11\/SAM_0734.jpg?resize=448%2C252&#038;ssl=1\" alt=\"\" width=\"448\" height=\"252\" srcset=\"https:\/\/i0.wp.com\/algarvemoods.com\/wp-c8b25-content\/uploads\/2018\/11\/SAM_0734.jpg?resize=448%2C252&amp;ssl=1 448w, https:\/\/i0.wp.com\/algarvemoods.com\/wp-c8b25-content\/uploads\/2018\/11\/SAM_0734.jpg?resize=160%2C90&amp;ssl=1 160w, https:\/\/i0.wp.com\/algarvemoods.com\/wp-c8b25-content\/uploads\/2018\/11\/SAM_0734.jpg?resize=768%2C432&amp;ssl=1 768w, https:\/\/i0.wp.com\/algarvemoods.com\/wp-c8b25-content\/uploads\/2018\/11\/SAM_0734.jpg?resize=644%2C362&amp;ssl=1 644w, https:\/\/i0.wp.com\/algarvemoods.com\/wp-c8b25-content\/uploads\/2018\/11\/SAM_0734.jpg?w=1024&amp;ssl=1 1024w\" sizes=\"auto, (max-width: 448px) 100vw, 448px\" \/><\/span><\/p>\n<p id=\"wnd_TextBlock_83087_inner_0\" data-wnd_is_separable=\"1\" data-wnd_separable_index=\"0\" data-wnd_separable_id=\"wnd_TextBlock_83087\"><span class=\"wsw-01\" style=\"font-family: helvetica, arial, sans-serif;\">\u00c0 l&#8217;int\u00e9rieur du ch\u00e2teau fort, il semble que les chevaliers reviennent d&#8217;une patrouille ou d&#8217;une campagne militaire.<\/span><\/p>\n<p id=\"wnd_TextBlock_83087_inner_1\" data-wnd_is_separable=\"1\" data-wnd_separable_index=\"1\" data-wnd_separable_id=\"wnd_TextBlock_83087\"><span class=\"wsw-01\" style=\"font-family: helvetica, arial, sans-serif;\"><b>Attention:<\/b>\u00a0Les murs accessibles du ch\u00e2teau fort sont in\u00e9gaux et partiellement non s\u00e9curis\u00e9s.<\/span><\/p>\n<hr \/>\n<p><span style=\"font-family: helvetica, arial, sans-serif;\"><img data-recalc-dims=\"1\" loading=\"lazy\" decoding=\"async\" class=\"size-medium wp-image-3410 aligncenter\" src=\"https:\/\/i0.wp.com\/algarvemoods.com\/wp-c8b25-content\/uploads\/2018\/11\/SAM_0733.jpg?resize=448%2C252&#038;ssl=1\" alt=\"\" width=\"448\" height=\"252\" srcset=\"https:\/\/i0.wp.com\/algarvemoods.com\/wp-c8b25-content\/uploads\/2018\/11\/SAM_0733.jpg?resize=448%2C252&amp;ssl=1 448w, https:\/\/i0.wp.com\/algarvemoods.com\/wp-c8b25-content\/uploads\/2018\/11\/SAM_0733.jpg?resize=160%2C90&amp;ssl=1 160w, https:\/\/i0.wp.com\/algarvemoods.com\/wp-c8b25-content\/uploads\/2018\/11\/SAM_0733.jpg?resize=768%2C432&amp;ssl=1 768w, https:\/\/i0.wp.com\/algarvemoods.com\/wp-c8b25-content\/uploads\/2018\/11\/SAM_0733.jpg?resize=644%2C362&amp;ssl=1 644w, https:\/\/i0.wp.com\/algarvemoods.com\/wp-c8b25-content\/uploads\/2018\/11\/SAM_0733.jpg?w=1024&amp;ssl=1 1024w\" sizes=\"auto, (max-width: 448px) 100vw, 448px\" \/><\/span><\/p>\n<p id=\"wnd_TextBlock_67587_inner_0\" data-wnd_is_separable=\"1\" data-wnd_separable_index=\"0\" data-wnd_separable_id=\"wnd_TextBlock_67587\"><span class=\"wsw-01\" style=\"font-family: helvetica, arial, sans-serif;\">Des fouilles sont effectu\u00e9es sans cesse dans certaines parties du complexe. Dans les diff\u00e9rents b\u00e2timents situ\u00e9s sur le site, sont expos\u00e9es les d\u00e9couvertes du ch\u00e2teau fort et des environs.<\/span><\/p>\n<p id=\"wnd_TextBlock_67587_inner_1\" data-wnd_is_separable=\"1\" data-wnd_separable_index=\"1\" data-wnd_separable_id=\"wnd_TextBlock_67587\"><span class=\"wsw-01\" style=\"font-family: helvetica, arial, sans-serif;\">Depuis les murs du ch\u00e2teau fort, on a un beau panorama sur l&#8217;endroit, la c\u00f4te, l&#8217;Espagne et les salines.<\/span><\/p>\n<hr \/>\n<h3 style=\"text-align: center;\"><span style=\"font-family: helvetica, arial, sans-serif;\">Igreja de Santiago<\/span><\/h3>\n<p><span style=\"font-family: helvetica, arial, sans-serif;\"><img data-recalc-dims=\"1\" loading=\"lazy\" decoding=\"async\" class=\"size-medium wp-image-3412 aligncenter\" src=\"https:\/\/i0.wp.com\/algarvemoods.com\/wp-c8b25-content\/uploads\/2018\/11\/SAM_0731.jpg?resize=448%2C252&#038;ssl=1\" alt=\"\" width=\"448\" height=\"252\" srcset=\"https:\/\/i0.wp.com\/algarvemoods.com\/wp-c8b25-content\/uploads\/2018\/11\/SAM_0731.jpg?resize=448%2C252&amp;ssl=1 448w, https:\/\/i0.wp.com\/algarvemoods.com\/wp-c8b25-content\/uploads\/2018\/11\/SAM_0731.jpg?resize=160%2C90&amp;ssl=1 160w, https:\/\/i0.wp.com\/algarvemoods.com\/wp-c8b25-content\/uploads\/2018\/11\/SAM_0731.jpg?resize=768%2C432&amp;ssl=1 768w, https:\/\/i0.wp.com\/algarvemoods.com\/wp-c8b25-content\/uploads\/2018\/11\/SAM_0731.jpg?resize=644%2C362&amp;ssl=1 644w, https:\/\/i0.wp.com\/algarvemoods.com\/wp-c8b25-content\/uploads\/2018\/11\/SAM_0731.jpg?w=1024&amp;ssl=1 1024w\" sizes=\"auto, (max-width: 448px) 100vw, 448px\" \/><\/span><\/p>\n<p id=\"wnd_TextBlock_5082_inner_0\" data-wnd_is_separable=\"1\" data-wnd_separable_index=\"0\" data-wnd_separable_id=\"wnd_TextBlock_5082\"><span class=\"wsw-01\" style=\"font-family: helvetica, arial, sans-serif;\">Situ\u00e9e dans la cour du ch\u00e2teau,\u00a0l&#8217;\u00e9glise (Igreja) de Santiago a \u00e9t\u00e9 construite au milieu du XIVe si\u00e8cle. L&#8217;int\u00e9rieur du b\u00e2timent est simple et sert aujourd&#8217;hui d&#8217;expositions changeantes.<\/span><\/p>\n<p id=\"wnd_TextBlock_5082_inner_1\" data-wnd_is_separable=\"1\" data-wnd_separable_index=\"1\" data-wnd_separable_id=\"wnd_TextBlock_5082\"><span class=\"wsw-01\" style=\"font-family: helvetica, arial, sans-serif;\">Horaires d&#8217;ouverture:<\/span><\/p>\n<p id=\"wnd_TextBlock_5082_inner_2\" data-wnd_is_separable=\"1\" data-wnd_separable_index=\"2\" data-wnd_separable_id=\"wnd_TextBlock_5082\"><span class=\"wsw-01\" style=\"font-family: helvetica, arial, sans-serif;\">Avril \u00e0 octobre de 9h \u00e0 19h<\/span><\/p>\n<p id=\"wnd_TextBlock_5082_inner_3\" data-wnd_is_separable=\"1\" data-wnd_separable_index=\"3\" data-wnd_separable_id=\"wnd_TextBlock_5082\"><span class=\"wsw-01\" style=\"font-family: helvetica, arial, sans-serif;\">Novembre \u00e0 mars de 9h \u00e0 17h<\/span><\/p>\n<hr \/>\n<p><span style=\"font-family: helvetica, arial, sans-serif;\"><\/div><\/span><\/p>\n","protected":false},"excerpt":{"rendered":"<p>Le ch\u00e2teau fort a \u00e9t\u00e9 agrandi et complet\u00e9 au 13\u00e8me si\u00e8cle \u00e0 l&#8217;ordre du roi Alonso III. L&#8217;entr\u00e9e est signal\u00e9e. En montant sur la colline, [&hellip;]<\/p>\n","protected":false},"author":1,"featured_media":3408,"parent":0,"menu_order":0,"comment_status":"closed","ping_status":"closed","template":"","meta":{"jetpack_post_was_ever_published":false,"footnotes":""},"class_list":["post-1066","page","type-page","status-publish","has-post-thumbnail","hentry"],"translation":{"provider":"WPGlobus","version":"3.0.0","language":"fr","enabled_languages":["de","en","fr"],"languages":{"de":{"title":true,"content":true,"excerpt":false},"en":{"title":true,"content":true,"excerpt":false},"fr":{"title":true,"content":true,"excerpt":false}}},"yoast_head":"<!-- This site is optimized with the Yoast SEO plugin v24.8.1 - https:\/\/yoast.com\/wordpress\/plugins\/seo\/ -->\n<title>Castelo de Castro Marim - AlgarveMoods<\/title>\n<meta name=\"robots\" content=\"index, follow, max-snippet:-1, max-image-preview:large, max-video-preview:-1\" \/>\n<link rel=\"canonical\" href=\"https:\/\/algarvemoods.com\/castelo-de-castro-marim\/\" \/>\n<meta property=\"og:locale\" content=\"fr_FR\" \/>\n<meta property=\"og:type\" content=\"article\" \/>\n<meta property=\"og:title\" content=\"Castelo de Castro Marim - AlgarveMoods\" \/>\n<meta property=\"og:url\" content=\"https:\/\/algarvemoods.com\/castelo-de-castro-marim\/\" \/>\n<meta property=\"og:site_name\" content=\"AlgarveMoods\" \/>\n<meta property=\"article:publisher\" content=\"http:\/\/facebook.com\/algarvemoods\" \/>\n<meta property=\"article:modified_time\" content=\"2020-01-19T16:39:23+00:00\" \/>\n<meta property=\"og:image\" content=\"https:\/\/algarvemoods.com\/wp-c8b25-content\/uploads\/2018\/11\/castro-marim-castelo.jpg\" \/>\n\t<meta property=\"og:image:width\" content=\"1024\" \/>\n\t<meta property=\"og:image:height\" content=\"400\" \/>\n\t<meta property=\"og:image:type\" content=\"image\/jpeg\" \/>\n<meta name=\"twitter:card\" content=\"summary_large_image\" \/>\n<meta name=\"twitter:site\" content=\"@ellobo0815\" \/>\n<meta name=\"twitter:label1\" content=\"Est. reading time\" \/>\n\t<meta name=\"twitter:data1\" content=\"3 minutes\" \/>\n<script type=\"application\/ld+json\" class=\"yoast-schema-graph\">{\"@context\":\"https:\/\/schema.org\",\"@graph\":[{\"@type\":\"WebPage\",\"@id\":\"https:\/\/algarvemoods.com\/castelo-de-castro-marim\/\",\"url\":\"https:\/\/algarvemoods.com\/castelo-de-castro-marim\/\",\"name\":\"Castelo de Castro Marim - AlgarveMoods\",\"isPartOf\":{\"@id\":\"https:\/\/algarvemoods.com\/#website\"},\"primaryImageOfPage\":{\"@id\":\"https:\/\/algarvemoods.com\/castelo-de-castro-marim\/#primaryimage\"},\"image\":{\"@id\":\"https:\/\/algarvemoods.com\/castelo-de-castro-marim\/#primaryimage\"},\"thumbnailUrl\":\"https:\/\/i0.wp.com\/algarvemoods.com\/wp-c8b25-content\/uploads\/2018\/11\/castro-marim-castelo.jpg?fit=1024%2C400&ssl=1\",\"datePublished\":\"2018-09-24T16:42:38+00:00\",\"dateModified\":\"2020-01-19T16:39:23+00:00\",\"breadcrumb\":{\"@id\":\"https:\/\/algarvemoods.com\/castelo-de-castro-marim\/#breadcrumb\"},\"inLanguage\":\"fr-FR\",\"potentialAction\":[{\"@type\":\"ReadAction\",\"target\":[\"https:\/\/algarvemoods.com\/castelo-de-castro-marim\/\"]}]},{\"@type\":\"ImageObject\",\"inLanguage\":\"fr-FR\",\"@id\":\"https:\/\/algarvemoods.com\/castelo-de-castro-marim\/#primaryimage\",\"url\":\"https:\/\/i0.wp.com\/algarvemoods.com\/wp-c8b25-content\/uploads\/2018\/11\/castro-marim-castelo.jpg?fit=1024%2C400&ssl=1\",\"contentUrl\":\"https:\/\/i0.wp.com\/algarvemoods.com\/wp-c8b25-content\/uploads\/2018\/11\/castro-marim-castelo.jpg?fit=1024%2C400&ssl=1\",\"width\":1024,\"height\":400},{\"@type\":\"BreadcrumbList\",\"@id\":\"https:\/\/algarvemoods.com\/castelo-de-castro-marim\/#breadcrumb\",\"itemListElement\":[{\"@type\":\"ListItem\",\"position\":1,\"name\":\"Home\",\"item\":\"https:\/\/algarvemoods.com\/\"},{\"@type\":\"ListItem\",\"position\":2,\"name\":\"Castelo de Castro Marim\"}]},{\"@type\":\"WebSite\",\"@id\":\"https:\/\/algarvemoods.com\/#website\",\"url\":\"https:\/\/algarvemoods.com\/\",\"name\":\"AlgarveMoods\",\"description\":\"Informations sur l\u2018Algarve\",\"potentialAction\":[{\"@type\":\"SearchAction\",\"target\":{\"@type\":\"EntryPoint\",\"urlTemplate\":\"https:\/\/algarvemoods.com\/?s={search_term_string}\"},\"query-input\":{\"@type\":\"PropertyValueSpecification\",\"valueRequired\":true,\"valueName\":\"search_term_string\"}}],\"inLanguage\":\"fr-FR\"}]}<\/script>\n<!-- \/ Yoast SEO plugin. -->","yoast_head_json":{"title":"Castelo de Castro Marim - AlgarveMoods","robots":{"index":"index","follow":"follow","max-snippet":"max-snippet:-1","max-image-preview":"max-image-preview:large","max-video-preview":"max-video-preview:-1"},"canonical":"https:\/\/algarvemoods.com\/castelo-de-castro-marim\/","og_locale":"fr_FR","og_type":"article","og_title":"Castelo de Castro Marim - AlgarveMoods","og_url":"https:\/\/algarvemoods.com\/castelo-de-castro-marim\/","og_site_name":"AlgarveMoods","article_publisher":"http:\/\/facebook.com\/algarvemoods","article_modified_time":"2020-01-19T16:39:23+00:00","og_image":[{"width":1024,"height":400,"url":"https:\/\/algarvemoods.com\/wp-c8b25-content\/uploads\/2018\/11\/castro-marim-castelo.jpg","type":"image\/jpeg"}],"twitter_card":"summary_large_image","twitter_site":"@ellobo0815","twitter_misc":{"Est. reading time":"3 minutes"},"schema":{"@context":"https:\/\/schema.org","@graph":[{"@type":"WebPage","@id":"https:\/\/algarvemoods.com\/castelo-de-castro-marim\/","url":"https:\/\/algarvemoods.com\/castelo-de-castro-marim\/","name":"Castelo de Castro Marim - AlgarveMoods","isPartOf":{"@id":"https:\/\/algarvemoods.com\/#website"},"primaryImageOfPage":{"@id":"https:\/\/algarvemoods.com\/castelo-de-castro-marim\/#primaryimage"},"image":{"@id":"https:\/\/algarvemoods.com\/castelo-de-castro-marim\/#primaryimage"},"thumbnailUrl":"https:\/\/i0.wp.com\/algarvemoods.com\/wp-c8b25-content\/uploads\/2018\/11\/castro-marim-castelo.jpg?fit=1024%2C400&ssl=1","datePublished":"2018-09-24T16:42:38+00:00","dateModified":"2020-01-19T16:39:23+00:00","breadcrumb":{"@id":"https:\/\/algarvemoods.com\/castelo-de-castro-marim\/#breadcrumb"},"inLanguage":"fr-FR","potentialAction":[{"@type":"ReadAction","target":["https:\/\/algarvemoods.com\/castelo-de-castro-marim\/"]}]},{"@type":"ImageObject","inLanguage":"fr-FR","@id":"https:\/\/algarvemoods.com\/castelo-de-castro-marim\/#primaryimage","url":"https:\/\/i0.wp.com\/algarvemoods.com\/wp-c8b25-content\/uploads\/2018\/11\/castro-marim-castelo.jpg?fit=1024%2C400&ssl=1","contentUrl":"https:\/\/i0.wp.com\/algarvemoods.com\/wp-c8b25-content\/uploads\/2018\/11\/castro-marim-castelo.jpg?fit=1024%2C400&ssl=1","width":1024,"height":400},{"@type":"BreadcrumbList","@id":"https:\/\/algarvemoods.com\/castelo-de-castro-marim\/#breadcrumb","itemListElement":[{"@type":"ListItem","position":1,"name":"Home","item":"https:\/\/algarvemoods.com\/"},{"@type":"ListItem","position":2,"name":"Castelo de Castro Marim"}]},{"@type":"WebSite","@id":"https:\/\/algarvemoods.com\/#website","url":"https:\/\/algarvemoods.com\/","name":"AlgarveMoods","description":"Informations sur l\u2018Algarve","potentialAction":[{"@type":"SearchAction","target":{"@type":"EntryPoint","urlTemplate":"https:\/\/algarvemoods.com\/?s={search_term_string}"},"query-input":{"@type":"PropertyValueSpecification","valueRequired":true,"valueName":"search_term_string"}}],"inLanguage":"fr-FR"}]}},"jetpack_shortlink":"https:\/\/wp.me\/Pafafo-hc","jetpack_likes_enabled":true,"jetpack_sharing_enabled":true,"_links":{"self":[{"href":"https:\/\/algarvemoods.com\/fr\/wp-json\/wp\/v2\/pages\/1066","targetHints":{"allow":["GET"]}}],"collection":[{"href":"https:\/\/algarvemoods.com\/fr\/wp-json\/wp\/v2\/pages"}],"about":[{"href":"https:\/\/algarvemoods.com\/fr\/wp-json\/wp\/v2\/types\/page"}],"author":[{"embeddable":true,"href":"https:\/\/algarvemoods.com\/fr\/wp-json\/wp\/v2\/users\/1"}],"replies":[{"embeddable":true,"href":"https:\/\/algarvemoods.com\/fr\/wp-json\/wp\/v2\/comments?post=1066"}],"version-history":[{"count":2,"href":"https:\/\/algarvemoods.com\/fr\/wp-json\/wp\/v2\/pages\/1066\/revisions"}],"predecessor-version":[{"id":5364,"href":"https:\/\/algarvemoods.com\/fr\/wp-json\/wp\/v2\/pages\/1066\/revisions\/5364"}],"wp:featuredmedia":[{"embeddable":true,"href":"https:\/\/algarvemoods.com\/fr\/wp-json\/wp\/v2\/media\/3408"}],"wp:attachment":[{"href":"https:\/\/algarvemoods.com\/fr\/wp-json\/wp\/v2\/media?parent=1066"}],"curies":[{"name":"wp","href":"https:\/\/api.w.org\/{rel}","templated":true}]}}