{"id":927,"date":"2018-09-23T13:05:24","date_gmt":"2018-09-23T12:05:24","guid":{"rendered":"http:\/\/wp13239037.server-he.de\/?page_id=927"},"modified":"2020-01-18T18:28:30","modified_gmt":"2020-01-18T18:28:30","slug":"estoi","status":"publish","type":"page","link":"https:\/\/algarvemoods.com\/en\/estoi\/","title":{"rendered":"Est\u00f3i"},"content":{"rendered":"<p><span class=\"wsw-01\" style=\"font-family: helvetica, arial, sans-serif;\">Est\u00f3i is a small town and a former community (about 3,600 inhabitants) in the county of Faro. In 2013 it merged together with the community Concei\u00e7\u00e3o into the Uni\u00e3o das Freguesias de Concei\u00e7\u00e3o e Est\u00f3i.<\/span><\/p>\n<p><span class=\"wsw-01\" style=\"font-family: helvetica, arial, sans-serif;\">Coordinates: 37\u00b0 6\u2032 N, 7\u00b0 54\u2032 W<br \/>\n<\/span><\/p>\n<div>\n<p><span class=\"wsw-01\" style=\"font-family: helvetica, arial, sans-serif;\">The place is just off the N2, roughly 10 km north of Faro.\u00a0<\/span><\/p>\n<hr \/>\n<p><span style=\"font-family: helvetica, arial, sans-serif;\"><div class='content-column two_third'><\/span><\/p>\n<p><span style=\"font-family: helvetica, arial, sans-serif;\"><img data-recalc-dims=\"1\" loading=\"lazy\" decoding=\"async\" class=\"size-medium wp-image-3989 aligncenter\" src=\"https:\/\/i0.wp.com\/algarvemoods.com\/wp-c8b25-content\/uploads\/2018\/11\/SAM_0887.jpg?resize=448%2C252&#038;ssl=1\" alt=\"\" width=\"448\" height=\"252\" srcset=\"https:\/\/i0.wp.com\/algarvemoods.com\/wp-c8b25-content\/uploads\/2018\/11\/SAM_0887.jpg?resize=448%2C252&amp;ssl=1 448w, https:\/\/i0.wp.com\/algarvemoods.com\/wp-c8b25-content\/uploads\/2018\/11\/SAM_0887.jpg?resize=160%2C90&amp;ssl=1 160w, https:\/\/i0.wp.com\/algarvemoods.com\/wp-c8b25-content\/uploads\/2018\/11\/SAM_0887.jpg?resize=768%2C432&amp;ssl=1 768w, https:\/\/i0.wp.com\/algarvemoods.com\/wp-c8b25-content\/uploads\/2018\/11\/SAM_0887.jpg?resize=644%2C362&amp;ssl=1 644w, https:\/\/i0.wp.com\/algarvemoods.com\/wp-c8b25-content\/uploads\/2018\/11\/SAM_0887.jpg?w=1024&amp;ssl=1 1024w\" sizes=\"auto, (max-width: 448px) 100vw, 448px\" \/><\/span><\/p>\n<p><span style=\"font-family: helvetica, arial, sans-serif;\">Life in town is tranquil. From many positions you have a beautiful panorama view up to the 11 km distant ocean.\u00a0<\/span><\/p>\n<hr \/>\n<p><span style=\"font-family: helvetica, arial, sans-serif;\"><img data-recalc-dims=\"1\" loading=\"lazy\" decoding=\"async\" class=\"size-medium wp-image-3990 aligncenter\" src=\"https:\/\/i0.wp.com\/algarvemoods.com\/wp-c8b25-content\/uploads\/2018\/11\/SAM_0886.jpg?resize=448%2C252&#038;ssl=1\" alt=\"\" width=\"448\" height=\"252\" srcset=\"https:\/\/i0.wp.com\/algarvemoods.com\/wp-c8b25-content\/uploads\/2018\/11\/SAM_0886.jpg?resize=448%2C252&amp;ssl=1 448w, https:\/\/i0.wp.com\/algarvemoods.com\/wp-c8b25-content\/uploads\/2018\/11\/SAM_0886.jpg?resize=160%2C90&amp;ssl=1 160w, https:\/\/i0.wp.com\/algarvemoods.com\/wp-c8b25-content\/uploads\/2018\/11\/SAM_0886.jpg?resize=768%2C432&amp;ssl=1 768w, https:\/\/i0.wp.com\/algarvemoods.com\/wp-c8b25-content\/uploads\/2018\/11\/SAM_0886.jpg?resize=644%2C362&amp;ssl=1 644w, https:\/\/i0.wp.com\/algarvemoods.com\/wp-c8b25-content\/uploads\/2018\/11\/SAM_0886.jpg?w=1024&amp;ssl=1 1024w\" sizes=\"auto, (max-width: 448px) 100vw, 448px\" \/><\/span><\/p>\n<p><span class=\"wsw-01\" style=\"font-family: helvetica, arial, sans-serif;\">Just a very special type of wall decoration.<\/span><\/p>\n<hr \/>\n<h3 style=\"text-align: center;\"><span style=\"font-family: helvetica, arial, sans-serif;\">Milreu<\/span><br \/>\n<span style=\"font-family: helvetica, arial, sans-serif;\">Roman ruins<\/span><\/h3>\n<p><span style=\"font-family: helvetica, arial, sans-serif;\"><img data-recalc-dims=\"1\" loading=\"lazy\" decoding=\"async\" class=\"size-medium wp-image-3994 aligncenter\" src=\"https:\/\/i0.wp.com\/algarvemoods.com\/wp-c8b25-content\/uploads\/2018\/11\/SAM_0869.jpg?resize=448%2C252&#038;ssl=1\" alt=\"\" width=\"448\" height=\"252\" srcset=\"https:\/\/i0.wp.com\/algarvemoods.com\/wp-c8b25-content\/uploads\/2018\/11\/SAM_0869.jpg?resize=448%2C252&amp;ssl=1 448w, https:\/\/i0.wp.com\/algarvemoods.com\/wp-c8b25-content\/uploads\/2018\/11\/SAM_0869.jpg?resize=160%2C90&amp;ssl=1 160w, https:\/\/i0.wp.com\/algarvemoods.com\/wp-c8b25-content\/uploads\/2018\/11\/SAM_0869.jpg?resize=768%2C432&amp;ssl=1 768w, https:\/\/i0.wp.com\/algarvemoods.com\/wp-c8b25-content\/uploads\/2018\/11\/SAM_0869.jpg?resize=644%2C362&amp;ssl=1 644w, https:\/\/i0.wp.com\/algarvemoods.com\/wp-c8b25-content\/uploads\/2018\/11\/SAM_0869.jpg?w=1024&amp;ssl=1 1024w\" sizes=\"auto, (max-width: 448px) 100vw, 448px\" \/><\/span><\/p>\n<div class=\"column-content pr pr-0 pr-320 pr-365 pr-480\">\n<div>\n<div class=\"text cf design-01\">\n<div class=\"text-content\">\n<p><span class=\"wsw-01\" style=\"font-family: helvetica, arial, sans-serif;\">In the 2nd and 1st century a. Chr. n. a Roman manor was established on the site with business section and villa. There was a wine-press house, a big oil mill and three cellar storerooms for oil. \u00a0<\/span><\/p>\n<\/div>\n<\/div>\n<\/div>\n<\/div>\n<div class=\"column-content pr pr-0 pr-320 pr-365 pr-480\">\n<div>\n<div id=\"wnd_ImageBlock_92994\" class=\"image-block image-default block design-01 wnd-orientation-landscape wnd-type-image\">\n<div class=\"image-content cf\">\n<hr \/>\n<\/div>\n<\/div>\n<\/div>\n<\/div>\n<p><span style=\"font-family: helvetica, arial, sans-serif;\"><img data-recalc-dims=\"1\" loading=\"lazy\" decoding=\"async\" class=\"size-medium wp-image-3995 aligncenter\" src=\"https:\/\/i0.wp.com\/algarvemoods.com\/wp-c8b25-content\/uploads\/2018\/11\/SAM_0874.jpg?resize=448%2C252&#038;ssl=1\" alt=\"\" width=\"448\" height=\"252\" srcset=\"https:\/\/i0.wp.com\/algarvemoods.com\/wp-c8b25-content\/uploads\/2018\/11\/SAM_0874.jpg?resize=448%2C252&amp;ssl=1 448w, https:\/\/i0.wp.com\/algarvemoods.com\/wp-c8b25-content\/uploads\/2018\/11\/SAM_0874.jpg?resize=160%2C90&amp;ssl=1 160w, https:\/\/i0.wp.com\/algarvemoods.com\/wp-c8b25-content\/uploads\/2018\/11\/SAM_0874.jpg?resize=768%2C432&amp;ssl=1 768w, https:\/\/i0.wp.com\/algarvemoods.com\/wp-c8b25-content\/uploads\/2018\/11\/SAM_0874.jpg?resize=644%2C362&amp;ssl=1 644w, https:\/\/i0.wp.com\/algarvemoods.com\/wp-c8b25-content\/uploads\/2018\/11\/SAM_0874.jpg?w=1024&amp;ssl=1 1024w\" sizes=\"auto, (max-width: 448px) 100vw, 448px\" \/><\/span><\/p>\n<p><span class=\"wsw-01\" style=\"font-family: helvetica, arial, sans-serif;\">In the course of the next nearly 500 years the buildings were being changed again and again. Thus were laid out a garden and bathrooms. The mosaics are surprisingly colourful even after nearly 2,000 years.\u00a0<\/span><\/p>\n<hr \/>\n<p><span style=\"font-family: helvetica, arial, sans-serif;\"><img data-recalc-dims=\"1\" loading=\"lazy\" decoding=\"async\" class=\"size-medium wp-image-3996 aligncenter\" src=\"https:\/\/i0.wp.com\/algarvemoods.com\/wp-c8b25-content\/uploads\/2018\/11\/SAM_0876-1.jpg?resize=448%2C252&#038;ssl=1\" alt=\"\" width=\"448\" height=\"252\" srcset=\"https:\/\/i0.wp.com\/algarvemoods.com\/wp-c8b25-content\/uploads\/2018\/11\/SAM_0876-1.jpg?resize=448%2C252&amp;ssl=1 448w, https:\/\/i0.wp.com\/algarvemoods.com\/wp-c8b25-content\/uploads\/2018\/11\/SAM_0876-1.jpg?resize=160%2C90&amp;ssl=1 160w, https:\/\/i0.wp.com\/algarvemoods.com\/wp-c8b25-content\/uploads\/2018\/11\/SAM_0876-1.jpg?resize=768%2C432&amp;ssl=1 768w, https:\/\/i0.wp.com\/algarvemoods.com\/wp-c8b25-content\/uploads\/2018\/11\/SAM_0876-1.jpg?resize=644%2C362&amp;ssl=1 644w, https:\/\/i0.wp.com\/algarvemoods.com\/wp-c8b25-content\/uploads\/2018\/11\/SAM_0876-1.jpg?w=1024&amp;ssl=1 1024w\" sizes=\"auto, (max-width: 448px) 100vw, 448px\" \/><\/span><\/p>\n<p><span style=\"font-family: helvetica, arial, sans-serif;\"><span class=\"wsw-01\">In the 16th century a Portuguese manor\u00a0<\/span><span class=\"wsw-01\">was built upon the foundations. Nowadays the original walls in the interior are exposed again and can be visited.\u00a0<\/span><\/span><\/p>\n<p><span class=\"wsw-01\" style=\"font-family: helvetica, arial, sans-serif;\">Two mausoleums belong to the site, one is designed for 10 cinerary urns, the other one was destined for a sarcophagus.<\/span><\/p>\n<hr \/>\n<p><span style=\"font-family: helvetica, arial, sans-serif;\"><img data-recalc-dims=\"1\" loading=\"lazy\" decoding=\"async\" class=\"size-medium wp-image-3997 aligncenter\" src=\"https:\/\/i0.wp.com\/algarvemoods.com\/wp-c8b25-content\/uploads\/2018\/11\/SAM_0884.jpg?resize=448%2C252&#038;ssl=1\" alt=\"\" width=\"448\" height=\"252\" srcset=\"https:\/\/i0.wp.com\/algarvemoods.com\/wp-c8b25-content\/uploads\/2018\/11\/SAM_0884.jpg?resize=448%2C252&amp;ssl=1 448w, https:\/\/i0.wp.com\/algarvemoods.com\/wp-c8b25-content\/uploads\/2018\/11\/SAM_0884.jpg?resize=160%2C90&amp;ssl=1 160w, https:\/\/i0.wp.com\/algarvemoods.com\/wp-c8b25-content\/uploads\/2018\/11\/SAM_0884.jpg?resize=768%2C432&amp;ssl=1 768w, https:\/\/i0.wp.com\/algarvemoods.com\/wp-c8b25-content\/uploads\/2018\/11\/SAM_0884.jpg?resize=644%2C362&amp;ssl=1 644w, https:\/\/i0.wp.com\/algarvemoods.com\/wp-c8b25-content\/uploads\/2018\/11\/SAM_0884.jpg?w=1024&amp;ssl=1 1024w\" sizes=\"auto, (max-width: 448px) 100vw, 448px\" \/><\/span><\/p>\n<p><span class=\"wsw-01\" style=\"font-family: helvetica, arial, sans-serif;\">The museum is open all over the year. Except from: New Year, 1st of May and Christmas.<\/span><\/p>\n<p><span class=\"wsw-01\" style=\"font-family: helvetica, arial, sans-serif;\">Opening hours:<br \/>\nMay until Sept.: 10:30 to 13 h + 14 to 18:30 h<br \/>\nOct. until April: 9:30 to 13 h + 14 to 17 h\u00a0<\/span><\/p>\n<hr \/>\n<h3 style=\"text-align: center;\"><span style=\"font-family: helvetica, arial, sans-serif;\">Pousada Palacio de Est\u00f3i<\/span><\/h3>\n<p><span style=\"font-family: helvetica, arial, sans-serif;\"><img data-recalc-dims=\"1\" loading=\"lazy\" decoding=\"async\" class=\"size-medium wp-image-3998 aligncenter\" src=\"https:\/\/i0.wp.com\/algarvemoods.com\/wp-c8b25-content\/uploads\/2018\/11\/SAM_0899.jpg?resize=448%2C252&#038;ssl=1\" alt=\"\" width=\"448\" height=\"252\" srcset=\"https:\/\/i0.wp.com\/algarvemoods.com\/wp-c8b25-content\/uploads\/2018\/11\/SAM_0899.jpg?resize=448%2C252&amp;ssl=1 448w, https:\/\/i0.wp.com\/algarvemoods.com\/wp-c8b25-content\/uploads\/2018\/11\/SAM_0899.jpg?resize=160%2C90&amp;ssl=1 160w, https:\/\/i0.wp.com\/algarvemoods.com\/wp-c8b25-content\/uploads\/2018\/11\/SAM_0899.jpg?resize=768%2C432&amp;ssl=1 768w, https:\/\/i0.wp.com\/algarvemoods.com\/wp-c8b25-content\/uploads\/2018\/11\/SAM_0899.jpg?resize=644%2C362&amp;ssl=1 644w, https:\/\/i0.wp.com\/algarvemoods.com\/wp-c8b25-content\/uploads\/2018\/11\/SAM_0899.jpg?w=1024&amp;ssl=1 1024w\" sizes=\"auto, (max-width: 448px) 100vw, 448px\" \/><\/span><\/p>\n<p><span style=\"font-family: helvetica, arial, sans-serif;\">The palace was the idea of a Portuguese noble. The building owner passed away shortly after the beginning of the construction works in the year 1840. Jos\u00e9 Francisco da Silva, a wealthy pharmacist and civil governor from Beja, acquired the object in 1905 and finished the building in 1909. In gratitude he was appointed Visconde from Est\u00f3i.<\/span><\/p>\n<hr \/>\n<p><span style=\"font-family: helvetica, arial, sans-serif;\"><img data-recalc-dims=\"1\" loading=\"lazy\" decoding=\"async\" class=\"size-medium wp-image-3999 aligncenter\" src=\"https:\/\/i0.wp.com\/algarvemoods.com\/wp-c8b25-content\/uploads\/2018\/11\/SAM_0901.jpg?resize=448%2C252&#038;ssl=1\" alt=\"\" width=\"448\" height=\"252\" srcset=\"https:\/\/i0.wp.com\/algarvemoods.com\/wp-c8b25-content\/uploads\/2018\/11\/SAM_0901.jpg?resize=448%2C252&amp;ssl=1 448w, https:\/\/i0.wp.com\/algarvemoods.com\/wp-c8b25-content\/uploads\/2018\/11\/SAM_0901.jpg?resize=160%2C90&amp;ssl=1 160w, https:\/\/i0.wp.com\/algarvemoods.com\/wp-c8b25-content\/uploads\/2018\/11\/SAM_0901.jpg?resize=768%2C432&amp;ssl=1 768w, https:\/\/i0.wp.com\/algarvemoods.com\/wp-c8b25-content\/uploads\/2018\/11\/SAM_0901.jpg?resize=644%2C362&amp;ssl=1 644w, https:\/\/i0.wp.com\/algarvemoods.com\/wp-c8b25-content\/uploads\/2018\/11\/SAM_0901.jpg?w=1024&amp;ssl=1 1024w\" sizes=\"auto, (max-width: 448px) 100vw, 448px\" \/><\/span><\/p>\n<p><span style=\"font-family: helvetica, arial, sans-serif;\">For a long time the garden was overgrown and the plaster crumbled from the walls. In 2006 one started to save the structure and to convert the palace into a deluxe hotel.<\/span><\/p>\n<hr \/>\n<p><span style=\"font-family: helvetica, arial, sans-serif;\"><img data-recalc-dims=\"1\" loading=\"lazy\" decoding=\"async\" class=\"size-medium wp-image-4000 aligncenter\" src=\"https:\/\/i0.wp.com\/algarvemoods.com\/wp-c8b25-content\/uploads\/2018\/11\/SAM_0902.jpg?resize=448%2C252&#038;ssl=1\" alt=\"\" width=\"448\" height=\"252\" srcset=\"https:\/\/i0.wp.com\/algarvemoods.com\/wp-c8b25-content\/uploads\/2018\/11\/SAM_0902.jpg?resize=448%2C252&amp;ssl=1 448w, https:\/\/i0.wp.com\/algarvemoods.com\/wp-c8b25-content\/uploads\/2018\/11\/SAM_0902.jpg?resize=160%2C90&amp;ssl=1 160w, https:\/\/i0.wp.com\/algarvemoods.com\/wp-c8b25-content\/uploads\/2018\/11\/SAM_0902.jpg?resize=768%2C432&amp;ssl=1 768w, https:\/\/i0.wp.com\/algarvemoods.com\/wp-c8b25-content\/uploads\/2018\/11\/SAM_0902.jpg?resize=644%2C362&amp;ssl=1 644w, https:\/\/i0.wp.com\/algarvemoods.com\/wp-c8b25-content\/uploads\/2018\/11\/SAM_0902.jpg?w=1024&amp;ssl=1 1024w\" sizes=\"auto, (max-width: 448px) 100vw, 448px\" \/><\/span><\/p>\n<p><span style=\"font-family: helvetica, arial, sans-serif;\">Today it belongs to the Pousadas de Portugal.<\/span><br \/>\n<span style=\"font-family: helvetica, arial, sans-serif;\">The garden and the palace can be visited for free.\u00a0<\/span><\/p>\n<hr \/>\n<p><span style=\"font-family: helvetica, arial, sans-serif;\"><img data-recalc-dims=\"1\" loading=\"lazy\" decoding=\"async\" class=\"size-medium wp-image-4001 aligncenter\" src=\"https:\/\/i0.wp.com\/algarvemoods.com\/wp-c8b25-content\/uploads\/2018\/11\/SAM_0893.jpg?resize=448%2C252&#038;ssl=1\" alt=\"\" width=\"448\" height=\"252\" srcset=\"https:\/\/i0.wp.com\/algarvemoods.com\/wp-c8b25-content\/uploads\/2018\/11\/SAM_0893.jpg?resize=448%2C252&amp;ssl=1 448w, https:\/\/i0.wp.com\/algarvemoods.com\/wp-c8b25-content\/uploads\/2018\/11\/SAM_0893.jpg?resize=160%2C90&amp;ssl=1 160w, https:\/\/i0.wp.com\/algarvemoods.com\/wp-c8b25-content\/uploads\/2018\/11\/SAM_0893.jpg?resize=768%2C432&amp;ssl=1 768w, https:\/\/i0.wp.com\/algarvemoods.com\/wp-c8b25-content\/uploads\/2018\/11\/SAM_0893.jpg?resize=644%2C362&amp;ssl=1 644w, https:\/\/i0.wp.com\/algarvemoods.com\/wp-c8b25-content\/uploads\/2018\/11\/SAM_0893.jpg?w=1024&amp;ssl=1 1024w\" sizes=\"auto, (max-width: 448px) 100vw, 448px\" \/><\/span><\/p>\n<p><span style=\"font-family: helvetica, arial, sans-serif;\">Also the rooms inside can be visited freely. A caf\u00e9 belongs to the hotel. Its prices are somewhat higher than in the pavement caf\u00e9s. In return the obtained money is employed for the preservation of the site.\u00a0<\/span><\/p>\n<hr \/>\n<p><span style=\"font-family: helvetica, arial, sans-serif;\"><img data-recalc-dims=\"1\" loading=\"lazy\" decoding=\"async\" class=\"size-medium wp-image-4002 aligncenter\" src=\"https:\/\/i0.wp.com\/algarvemoods.com\/wp-c8b25-content\/uploads\/2018\/11\/SAM_0891.jpg?resize=448%2C252&#038;ssl=1\" alt=\"\" width=\"448\" height=\"252\" srcset=\"https:\/\/i0.wp.com\/algarvemoods.com\/wp-c8b25-content\/uploads\/2018\/11\/SAM_0891.jpg?resize=448%2C252&amp;ssl=1 448w, https:\/\/i0.wp.com\/algarvemoods.com\/wp-c8b25-content\/uploads\/2018\/11\/SAM_0891.jpg?resize=160%2C90&amp;ssl=1 160w, https:\/\/i0.wp.com\/algarvemoods.com\/wp-c8b25-content\/uploads\/2018\/11\/SAM_0891.jpg?resize=768%2C432&amp;ssl=1 768w, https:\/\/i0.wp.com\/algarvemoods.com\/wp-c8b25-content\/uploads\/2018\/11\/SAM_0891.jpg?resize=644%2C362&amp;ssl=1 644w, https:\/\/i0.wp.com\/algarvemoods.com\/wp-c8b25-content\/uploads\/2018\/11\/SAM_0891.jpg?w=1024&amp;ssl=1 1024w\" sizes=\"auto, (max-width: 448px) 100vw, 448px\" \/><\/span><\/p>\n<p><span style=\"font-family: helvetica, arial, sans-serif;\"><b>A plea:<\/b><\/span><br \/>\n<span style=\"font-family: helvetica, arial, sans-serif;\">Please do not disturb the hotel guests and the procedure of the hotel. Closed rooms should not be entered.\u00a0<\/span><\/p>\n<hr \/>\n<h3 style=\"text-align: center;\"><span style=\"font-family: helvetica, arial, sans-serif;\">Igreja Matriz de Estoi<\/span><br \/>\n<span style=\"font-size: 10pt; font-family: helvetica, arial, sans-serif;\">Igreja de S\u00e3o Martinho<\/span><\/h3>\n<p><span style=\"font-family: helvetica, arial, sans-serif;\"><img data-recalc-dims=\"1\" loading=\"lazy\" decoding=\"async\" class=\"size-medium wp-image-3991 aligncenter\" src=\"https:\/\/i0.wp.com\/algarvemoods.com\/wp-c8b25-content\/uploads\/2018\/11\/SAM_0859.jpg?resize=448%2C252&#038;ssl=1\" alt=\"\" width=\"448\" height=\"252\" srcset=\"https:\/\/i0.wp.com\/algarvemoods.com\/wp-c8b25-content\/uploads\/2018\/11\/SAM_0859.jpg?resize=448%2C252&amp;ssl=1 448w, https:\/\/i0.wp.com\/algarvemoods.com\/wp-c8b25-content\/uploads\/2018\/11\/SAM_0859.jpg?resize=160%2C90&amp;ssl=1 160w, https:\/\/i0.wp.com\/algarvemoods.com\/wp-c8b25-content\/uploads\/2018\/11\/SAM_0859.jpg?resize=768%2C432&amp;ssl=1 768w, https:\/\/i0.wp.com\/algarvemoods.com\/wp-c8b25-content\/uploads\/2018\/11\/SAM_0859.jpg?resize=644%2C362&amp;ssl=1 644w, https:\/\/i0.wp.com\/algarvemoods.com\/wp-c8b25-content\/uploads\/2018\/11\/SAM_0859.jpg?w=1024&amp;ssl=1 1024w\" sizes=\"auto, (max-width: 448px) 100vw, 448px\" \/><\/span><\/p>\n<p><span style=\"font-family: helvetica, arial, sans-serif;\">The Igreja Matriz de Estoi was finished in the year 1554. Due to the heavy earthquake of 1755 it was damaged seriously and then has been reconstructed at the beginning of the 19th century under the direction of the bishop of the Algarve D. Francisco Gomes de Avelar.<\/span><\/p>\n<hr \/>\n<p><span style=\"font-family: helvetica, arial, sans-serif;\"><img data-recalc-dims=\"1\" loading=\"lazy\" decoding=\"async\" class=\"size-medium wp-image-3992 aligncenter\" src=\"https:\/\/i0.wp.com\/algarvemoods.com\/wp-c8b25-content\/uploads\/2018\/11\/SAM_0861.jpg?resize=448%2C252&#038;ssl=1\" alt=\"\" width=\"448\" height=\"252\" srcset=\"https:\/\/i0.wp.com\/algarvemoods.com\/wp-c8b25-content\/uploads\/2018\/11\/SAM_0861.jpg?resize=448%2C252&amp;ssl=1 448w, https:\/\/i0.wp.com\/algarvemoods.com\/wp-c8b25-content\/uploads\/2018\/11\/SAM_0861.jpg?resize=160%2C90&amp;ssl=1 160w, https:\/\/i0.wp.com\/algarvemoods.com\/wp-c8b25-content\/uploads\/2018\/11\/SAM_0861.jpg?w=576&amp;ssl=1 576w\" sizes=\"auto, (max-width: 448px) 100vw, 448px\" \/><\/span><\/p>\n<p><span style=\"font-family: helvetica, arial, sans-serif;\">The interior of the church is designed brightly. The altar is richly decorated. The utilised marble originates from the region.\u00a0<\/span><\/p>\n<p><span class=\"wsw-01\" style=\"font-family: helvetica, arial, sans-serif;\">In the side aisles are images of the saints and sacred objects.\u00a0<\/span><\/p>\n<hr \/>\n<p><span style=\"font-family: helvetica, arial, sans-serif;\"><\/div><\/span><\/p>\n<\/div>\n","protected":false},"excerpt":{"rendered":"<p>Est\u00f3i is a small town and a former community (about 3,600 inhabitants) in the county of Faro. In 2013 it merged together with the community [&hellip;]<\/p>\n","protected":false},"author":1,"featured_media":3987,"parent":0,"menu_order":0,"comment_status":"closed","ping_status":"closed","template":"","meta":{"jetpack_post_was_ever_published":false,"footnotes":""},"class_list":["post-927","page","type-page","status-publish","has-post-thumbnail","hentry"],"translation":{"provider":"WPGlobus","version":"3.0.0","language":"en","enabled_languages":["de","en","fr"],"languages":{"de":{"title":true,"content":true,"excerpt":false},"en":{"title":true,"content":true,"excerpt":false},"fr":{"title":true,"content":true,"excerpt":false}}},"yoast_head":"<!-- This site is optimized with the Yoast SEO plugin v24.8.1 - https:\/\/yoast.com\/wordpress\/plugins\/seo\/ -->\n<title>Est\u00f3i - AlgarveMoods<\/title>\n<meta name=\"robots\" content=\"index, follow, max-snippet:-1, max-image-preview:large, max-video-preview:-1\" \/>\n<link rel=\"canonical\" href=\"https:\/\/algarvemoods.com\/estoi\/\" \/>\n<meta property=\"og:locale\" content=\"en_US\" \/>\n<meta property=\"og:type\" content=\"article\" \/>\n<meta property=\"og:title\" content=\"Est\u00f3i - AlgarveMoods\" \/>\n<meta property=\"og:url\" content=\"https:\/\/algarvemoods.com\/estoi\/\" \/>\n<meta property=\"og:site_name\" content=\"AlgarveMoods\" \/>\n<meta property=\"article:publisher\" content=\"http:\/\/facebook.com\/algarvemoods\" \/>\n<meta property=\"article:modified_time\" content=\"2020-01-18T18:28:30+00:00\" \/>\n<meta property=\"og:image\" content=\"https:\/\/algarvemoods.com\/wp-c8b25-content\/uploads\/2018\/11\/estoi.jpg\" \/>\n\t<meta property=\"og:image:width\" content=\"1024\" \/>\n\t<meta property=\"og:image:height\" content=\"400\" \/>\n\t<meta property=\"og:image:type\" content=\"image\/jpeg\" \/>\n<meta name=\"twitter:card\" content=\"summary_large_image\" \/>\n<meta name=\"twitter:site\" content=\"@ellobo0815\" \/>\n<meta name=\"twitter:label1\" content=\"Est. reading time\" \/>\n\t<meta name=\"twitter:data1\" content=\"7 minutes\" \/>\n<script type=\"application\/ld+json\" class=\"yoast-schema-graph\">{\"@context\":\"https:\/\/schema.org\",\"@graph\":[{\"@type\":\"WebPage\",\"@id\":\"https:\/\/algarvemoods.com\/estoi\/\",\"url\":\"https:\/\/algarvemoods.com\/estoi\/\",\"name\":\"Est\u00f3i - AlgarveMoods\",\"isPartOf\":{\"@id\":\"https:\/\/algarvemoods.com\/#website\"},\"primaryImageOfPage\":{\"@id\":\"https:\/\/algarvemoods.com\/estoi\/#primaryimage\"},\"image\":{\"@id\":\"https:\/\/algarvemoods.com\/estoi\/#primaryimage\"},\"thumbnailUrl\":\"https:\/\/i0.wp.com\/algarvemoods.com\/wp-c8b25-content\/uploads\/2018\/11\/estoi.jpg?fit=1024%2C400&ssl=1\",\"datePublished\":\"2018-09-23T12:05:24+00:00\",\"dateModified\":\"2020-01-18T18:28:30+00:00\",\"breadcrumb\":{\"@id\":\"https:\/\/algarvemoods.com\/estoi\/#breadcrumb\"},\"inLanguage\":\"en-US\",\"potentialAction\":[{\"@type\":\"ReadAction\",\"target\":[\"https:\/\/algarvemoods.com\/estoi\/\"]}]},{\"@type\":\"ImageObject\",\"inLanguage\":\"en-US\",\"@id\":\"https:\/\/algarvemoods.com\/estoi\/#primaryimage\",\"url\":\"https:\/\/i0.wp.com\/algarvemoods.com\/wp-c8b25-content\/uploads\/2018\/11\/estoi.jpg?fit=1024%2C400&ssl=1\",\"contentUrl\":\"https:\/\/i0.wp.com\/algarvemoods.com\/wp-c8b25-content\/uploads\/2018\/11\/estoi.jpg?fit=1024%2C400&ssl=1\",\"width\":1024,\"height\":400},{\"@type\":\"BreadcrumbList\",\"@id\":\"https:\/\/algarvemoods.com\/estoi\/#breadcrumb\",\"itemListElement\":[{\"@type\":\"ListItem\",\"position\":1,\"name\":\"Home\",\"item\":\"https:\/\/algarvemoods.com\/\"},{\"@type\":\"ListItem\",\"position\":2,\"name\":\"Est\u00f3i\"}]},{\"@type\":\"WebSite\",\"@id\":\"https:\/\/algarvemoods.com\/#website\",\"url\":\"https:\/\/algarvemoods.com\/\",\"name\":\"AlgarveMoods\",\"description\":\"Information about the Algarve\",\"potentialAction\":[{\"@type\":\"SearchAction\",\"target\":{\"@type\":\"EntryPoint\",\"urlTemplate\":\"https:\/\/algarvemoods.com\/?s={search_term_string}\"},\"query-input\":{\"@type\":\"PropertyValueSpecification\",\"valueRequired\":true,\"valueName\":\"search_term_string\"}}],\"inLanguage\":\"en-US\"}]}<\/script>\n<!-- \/ Yoast SEO plugin. -->","yoast_head_json":{"title":"Est\u00f3i - AlgarveMoods","robots":{"index":"index","follow":"follow","max-snippet":"max-snippet:-1","max-image-preview":"max-image-preview:large","max-video-preview":"max-video-preview:-1"},"canonical":"https:\/\/algarvemoods.com\/estoi\/","og_locale":"en_US","og_type":"article","og_title":"Est\u00f3i - AlgarveMoods","og_url":"https:\/\/algarvemoods.com\/estoi\/","og_site_name":"AlgarveMoods","article_publisher":"http:\/\/facebook.com\/algarvemoods","article_modified_time":"2020-01-18T18:28:30+00:00","og_image":[{"width":1024,"height":400,"url":"https:\/\/algarvemoods.com\/wp-c8b25-content\/uploads\/2018\/11\/estoi.jpg","type":"image\/jpeg"}],"twitter_card":"summary_large_image","twitter_site":"@ellobo0815","twitter_misc":{"Est. reading time":"7 minutes"},"schema":{"@context":"https:\/\/schema.org","@graph":[{"@type":"WebPage","@id":"https:\/\/algarvemoods.com\/estoi\/","url":"https:\/\/algarvemoods.com\/estoi\/","name":"Est\u00f3i - AlgarveMoods","isPartOf":{"@id":"https:\/\/algarvemoods.com\/#website"},"primaryImageOfPage":{"@id":"https:\/\/algarvemoods.com\/estoi\/#primaryimage"},"image":{"@id":"https:\/\/algarvemoods.com\/estoi\/#primaryimage"},"thumbnailUrl":"https:\/\/i0.wp.com\/algarvemoods.com\/wp-c8b25-content\/uploads\/2018\/11\/estoi.jpg?fit=1024%2C400&ssl=1","datePublished":"2018-09-23T12:05:24+00:00","dateModified":"2020-01-18T18:28:30+00:00","breadcrumb":{"@id":"https:\/\/algarvemoods.com\/estoi\/#breadcrumb"},"inLanguage":"en-US","potentialAction":[{"@type":"ReadAction","target":["https:\/\/algarvemoods.com\/estoi\/"]}]},{"@type":"ImageObject","inLanguage":"en-US","@id":"https:\/\/algarvemoods.com\/estoi\/#primaryimage","url":"https:\/\/i0.wp.com\/algarvemoods.com\/wp-c8b25-content\/uploads\/2018\/11\/estoi.jpg?fit=1024%2C400&ssl=1","contentUrl":"https:\/\/i0.wp.com\/algarvemoods.com\/wp-c8b25-content\/uploads\/2018\/11\/estoi.jpg?fit=1024%2C400&ssl=1","width":1024,"height":400},{"@type":"BreadcrumbList","@id":"https:\/\/algarvemoods.com\/estoi\/#breadcrumb","itemListElement":[{"@type":"ListItem","position":1,"name":"Home","item":"https:\/\/algarvemoods.com\/"},{"@type":"ListItem","position":2,"name":"Est\u00f3i"}]},{"@type":"WebSite","@id":"https:\/\/algarvemoods.com\/#website","url":"https:\/\/algarvemoods.com\/","name":"AlgarveMoods","description":"Information about the Algarve","potentialAction":[{"@type":"SearchAction","target":{"@type":"EntryPoint","urlTemplate":"https:\/\/algarvemoods.com\/?s={search_term_string}"},"query-input":{"@type":"PropertyValueSpecification","valueRequired":true,"valueName":"search_term_string"}}],"inLanguage":"en-US"}]}},"jetpack_shortlink":"https:\/\/wp.me\/Pafafo-eX","jetpack_likes_enabled":true,"jetpack_sharing_enabled":true,"_links":{"self":[{"href":"https:\/\/algarvemoods.com\/en\/wp-json\/wp\/v2\/pages\/927","targetHints":{"allow":["GET"]}}],"collection":[{"href":"https:\/\/algarvemoods.com\/en\/wp-json\/wp\/v2\/pages"}],"about":[{"href":"https:\/\/algarvemoods.com\/en\/wp-json\/wp\/v2\/types\/page"}],"author":[{"embeddable":true,"href":"https:\/\/algarvemoods.com\/en\/wp-json\/wp\/v2\/users\/1"}],"replies":[{"embeddable":true,"href":"https:\/\/algarvemoods.com\/en\/wp-json\/wp\/v2\/comments?post=927"}],"version-history":[{"count":2,"href":"https:\/\/algarvemoods.com\/en\/wp-json\/wp\/v2\/pages\/927\/revisions"}],"predecessor-version":[{"id":5331,"href":"https:\/\/algarvemoods.com\/en\/wp-json\/wp\/v2\/pages\/927\/revisions\/5331"}],"wp:featuredmedia":[{"embeddable":true,"href":"https:\/\/algarvemoods.com\/en\/wp-json\/wp\/v2\/media\/3987"}],"wp:attachment":[{"href":"https:\/\/algarvemoods.com\/en\/wp-json\/wp\/v2\/media?parent=927"}],"curies":[{"name":"wp","href":"https:\/\/api.w.org\/{rel}","templated":true}]}}