{"id":923,"date":"2018-09-23T12:59:37","date_gmt":"2018-09-23T11:59:37","guid":{"rendered":"http:\/\/wp13239037.server-he.de\/?page_id=923"},"modified":"2020-02-02T13:14:57","modified_gmt":"2020-02-02T13:14:57","slug":"peninsula-de-ancao","status":"publish","type":"page","link":"https:\/\/algarvemoods.com\/en\/peninsula-de-ancao\/","title":{"rendered":"Ilha de Faro"},"content":{"rendered":"<p><span style=\"font-family: helvetica, arial, sans-serif;\">Ilha de Faro is the westernmost island of the Ria Formosa nature reserve. It is also called Pen\u00ednsula do Anc\u00e3o and for good reason. Actually, it is a peninsula that extends to the border with the district of Loul\u00e9 in the west.<\/span><\/p>\n<p><span style=\"font-family: helvetica, arial, sans-serif;\">Coordinates:\u00a037\u00b000\u201929.5\u2033N 7\u00b059\u201941.2\u2033W<\/span><\/p>\n<p><span style=\"font-family: helvetica, arial, sans-serif;\">From the airport roundabout, the beach Praia do Faro is signposted. Please follow these signs.<\/span><\/p>\n<p><span style=\"font-family: helvetica, arial, sans-serif;\">There are beaches to both the Atlantic and the lagoon, where especially children are well protected from the surf.<\/span><\/p>\n<hr \/>\n<p><span style=\"font-family: helvetica, arial, sans-serif;\"><div class='content-column two_third'><\/span><\/p>\n<p><span style=\"font-family: helvetica, arial, sans-serif;\"><img data-recalc-dims=\"1\" loading=\"lazy\" decoding=\"async\" class=\"size-medium wp-image-4058 aligncenter\" src=\"https:\/\/i0.wp.com\/algarvemoods.com\/wp-c8b25-content\/uploads\/2018\/11\/IMG_0135.jpg?resize=378%2C252&#038;ssl=1\" alt=\"\" width=\"378\" height=\"252\" srcset=\"https:\/\/i0.wp.com\/algarvemoods.com\/wp-c8b25-content\/uploads\/2018\/11\/IMG_0135.jpg?resize=378%2C252&amp;ssl=1 378w, https:\/\/i0.wp.com\/algarvemoods.com\/wp-c8b25-content\/uploads\/2018\/11\/IMG_0135.jpg?resize=135%2C90&amp;ssl=1 135w, https:\/\/i0.wp.com\/algarvemoods.com\/wp-c8b25-content\/uploads\/2018\/11\/IMG_0135.jpg?resize=768%2C512&amp;ssl=1 768w, https:\/\/i0.wp.com\/algarvemoods.com\/wp-c8b25-content\/uploads\/2018\/11\/IMG_0135.jpg?resize=644%2C430&amp;ssl=1 644w, https:\/\/i0.wp.com\/algarvemoods.com\/wp-c8b25-content\/uploads\/2018\/11\/IMG_0135.jpg?w=1024&amp;ssl=1 1024w\" sizes=\"auto, (max-width: 378px) 100vw, 378px\" \/><\/span><\/p>\n<p><span style=\"font-family: helvetica, arial, sans-serif;\">Access is via a single-lane bridge; traffic is controlled with traffic lights. Waiting times can be expected during the high season.<\/span><\/p>\n<p><span style=\"font-family: helvetica, arial, sans-serif;\">The main car park is located directly at the island&#8217;s access bridge. More parking spaces are on the right and left side of the streets.<\/span><\/p>\n<hr \/>\n<p><span style=\"font-family: helvetica, arial, sans-serif;\"> <img data-recalc-dims=\"1\" loading=\"lazy\" decoding=\"async\" class=\"size-medium wp-image-4060 aligncenter\" src=\"https:\/\/i0.wp.com\/algarvemoods.com\/wp-c8b25-content\/uploads\/2018\/11\/IMG_0133.jpg?resize=378%2C252&#038;ssl=1\" alt=\"\" width=\"378\" height=\"252\" srcset=\"https:\/\/i0.wp.com\/algarvemoods.com\/wp-c8b25-content\/uploads\/2018\/11\/IMG_0133.jpg?resize=378%2C252&amp;ssl=1 378w, https:\/\/i0.wp.com\/algarvemoods.com\/wp-c8b25-content\/uploads\/2018\/11\/IMG_0133.jpg?resize=135%2C90&amp;ssl=1 135w, https:\/\/i0.wp.com\/algarvemoods.com\/wp-c8b25-content\/uploads\/2018\/11\/IMG_0133.jpg?resize=768%2C512&amp;ssl=1 768w, https:\/\/i0.wp.com\/algarvemoods.com\/wp-c8b25-content\/uploads\/2018\/11\/IMG_0133.jpg?resize=644%2C430&amp;ssl=1 644w, https:\/\/i0.wp.com\/algarvemoods.com\/wp-c8b25-content\/uploads\/2018\/11\/IMG_0133.jpg?w=1024&amp;ssl=1 1024w\" sizes=\"auto, (max-width: 378px) 100vw, 378px\" \/><\/span><\/p>\n<p><span style=\"font-family: helvetica, arial, sans-serif;\">Until the 1980s, it was often built here without a permit. The development changes from the modern villa to the wooden hut, which is built directly on sand in the dunes.\u00a0<\/span><\/p>\n<p><span style=\"font-family: helvetica, arial, sans-serif;\">There are various shops, small supermarkets, restaurants, snack bars on the island.<\/span><\/p>\n<hr \/>\n<p><span style=\"font-family: helvetica, arial, sans-serif;\"><img data-recalc-dims=\"1\" loading=\"lazy\" decoding=\"async\" class=\"size-medium wp-image-5433 aligncenter\" src=\"https:\/\/i0.wp.com\/algarvemoods.com\/wp-c8b25-content\/uploads\/K800_IMG_1455.jpg?resize=378%2C252&#038;ssl=1\" alt=\"\" width=\"378\" height=\"252\" srcset=\"https:\/\/i0.wp.com\/algarvemoods.com\/wp-c8b25-content\/uploads\/K800_IMG_1455.jpg?resize=378%2C252&amp;ssl=1 378w, https:\/\/i0.wp.com\/algarvemoods.com\/wp-c8b25-content\/uploads\/K800_IMG_1455.jpg?resize=540%2C360&amp;ssl=1 540w, https:\/\/i0.wp.com\/algarvemoods.com\/wp-c8b25-content\/uploads\/K800_IMG_1455.jpg?resize=135%2C90&amp;ssl=1 135w, https:\/\/i0.wp.com\/algarvemoods.com\/wp-c8b25-content\/uploads\/K800_IMG_1455.jpg?resize=768%2C512&amp;ssl=1 768w, https:\/\/i0.wp.com\/algarvemoods.com\/wp-c8b25-content\/uploads\/K800_IMG_1455.jpg?w=900&amp;ssl=1 900w\" sizes=\"auto, (max-width: 378px) 100vw, 378px\" \/><\/span><\/p>\n<p><span style=\"font-family: helvetica, arial, sans-serif;\">To the west you will find a continuous beach to the district of Loul\u00e9 and Quinta do Lago.<\/span><\/p>\n<hr \/>\n<p><span style=\"font-family: helvetica, arial, sans-serif;\"><img data-recalc-dims=\"1\" loading=\"lazy\" decoding=\"async\" class=\"size-medium wp-image-4061 aligncenter\" src=\"https:\/\/i0.wp.com\/algarvemoods.com\/wp-c8b25-content\/uploads\/2018\/11\/IMG_0132.jpg?resize=378%2C252&#038;ssl=1\" alt=\"\" width=\"378\" height=\"252\" srcset=\"https:\/\/i0.wp.com\/algarvemoods.com\/wp-c8b25-content\/uploads\/2018\/11\/IMG_0132.jpg?resize=378%2C252&amp;ssl=1 378w, https:\/\/i0.wp.com\/algarvemoods.com\/wp-c8b25-content\/uploads\/2018\/11\/IMG_0132.jpg?resize=135%2C90&amp;ssl=1 135w, https:\/\/i0.wp.com\/algarvemoods.com\/wp-c8b25-content\/uploads\/2018\/11\/IMG_0132.jpg?resize=768%2C512&amp;ssl=1 768w, https:\/\/i0.wp.com\/algarvemoods.com\/wp-c8b25-content\/uploads\/2018\/11\/IMG_0132.jpg?resize=644%2C430&amp;ssl=1 644w, https:\/\/i0.wp.com\/algarvemoods.com\/wp-c8b25-content\/uploads\/2018\/11\/IMG_0132.jpg?w=1024&amp;ssl=1 1024w\" sizes=\"auto, (max-width: 378px) 100vw, 378px\" \/><\/span><\/p>\n<p><span style=\"font-family: helvetica, arial, sans-serif;\">A wooden walkway is situated to the east above the dunes, to almost the eastern tip of the peninsula.\u00a0<\/span><\/p>\n<hr \/>\n<p><span style=\"font-family: helvetica, arial, sans-serif;\"> <img data-recalc-dims=\"1\" loading=\"lazy\" decoding=\"async\" class=\"size-medium wp-image-4062 aligncenter\" src=\"https:\/\/i0.wp.com\/algarvemoods.com\/wp-c8b25-content\/uploads\/2018\/11\/IMG_0128.jpg?resize=378%2C252&#038;ssl=1\" alt=\"\" width=\"378\" height=\"252\" srcset=\"https:\/\/i0.wp.com\/algarvemoods.com\/wp-c8b25-content\/uploads\/2018\/11\/IMG_0128.jpg?resize=378%2C252&amp;ssl=1 378w, https:\/\/i0.wp.com\/algarvemoods.com\/wp-c8b25-content\/uploads\/2018\/11\/IMG_0128.jpg?resize=135%2C90&amp;ssl=1 135w, https:\/\/i0.wp.com\/algarvemoods.com\/wp-c8b25-content\/uploads\/2018\/11\/IMG_0128.jpg?resize=768%2C512&amp;ssl=1 768w, https:\/\/i0.wp.com\/algarvemoods.com\/wp-c8b25-content\/uploads\/2018\/11\/IMG_0128.jpg?resize=644%2C430&amp;ssl=1 644w, https:\/\/i0.wp.com\/algarvemoods.com\/wp-c8b25-content\/uploads\/2018\/11\/IMG_0128.jpg?w=1024&amp;ssl=1 1024w\" sizes=\"auto, (max-width: 378px) 100vw, 378px\" \/><\/span><\/p>\n<p><span style=\"font-family: helvetica, arial, sans-serif;\">Various sections of the beach have infrastructure.<\/span><\/p>\n<hr \/>\n<p><span style=\"font-family: helvetica, arial, sans-serif;\"><\/div><\/span><\/p>\n","protected":false},"excerpt":{"rendered":"<p>Ilha de Faro is the westernmost island of the Ria Formosa nature reserve. It is also called Pen\u00ednsula do Anc\u00e3o and for good reason. Actually, [&hellip;]<\/p>\n","protected":false},"author":1,"featured_media":4056,"parent":0,"menu_order":0,"comment_status":"closed","ping_status":"closed","template":"","meta":{"jetpack_post_was_ever_published":false,"footnotes":""},"class_list":["post-923","page","type-page","status-publish","has-post-thumbnail","hentry"],"translation":{"provider":"WPGlobus","version":"3.0.0","language":"en","enabled_languages":["de","en","fr"],"languages":{"de":{"title":true,"content":true,"excerpt":false},"en":{"title":true,"content":true,"excerpt":false},"fr":{"title":true,"content":true,"excerpt":false}}},"yoast_head":"<!-- This site is optimized with the Yoast SEO plugin v24.8.1 - https:\/\/yoast.com\/wordpress\/plugins\/seo\/ -->\n<title>Ilha de Faro - AlgarveMoods<\/title>\n<meta name=\"robots\" content=\"index, follow, max-snippet:-1, max-image-preview:large, max-video-preview:-1\" \/>\n<link rel=\"canonical\" href=\"https:\/\/algarvemoods.com\/peninsula-de-ancao\/\" \/>\n<meta property=\"og:locale\" content=\"en_US\" \/>\n<meta property=\"og:type\" content=\"article\" \/>\n<meta property=\"og:title\" content=\"Ilha de Faro - AlgarveMoods\" \/>\n<meta property=\"og:url\" content=\"https:\/\/algarvemoods.com\/peninsula-de-ancao\/\" \/>\n<meta property=\"og:site_name\" content=\"AlgarveMoods\" \/>\n<meta property=\"article:publisher\" content=\"http:\/\/facebook.com\/algarvemoods\" \/>\n<meta property=\"article:modified_time\" content=\"2020-02-02T13:14:57+00:00\" \/>\n<meta property=\"og:image\" content=\"https:\/\/algarvemoods.com\/wp-c8b25-content\/uploads\/2018\/11\/ilha-faro.jpg\" \/>\n\t<meta property=\"og:image:width\" content=\"1024\" \/>\n\t<meta property=\"og:image:height\" content=\"400\" \/>\n\t<meta property=\"og:image:type\" content=\"image\/jpeg\" \/>\n<meta name=\"twitter:card\" content=\"summary_large_image\" \/>\n<meta name=\"twitter:site\" content=\"@ellobo0815\" \/>\n<meta name=\"twitter:label1\" content=\"Est. reading time\" \/>\n\t<meta name=\"twitter:data1\" content=\"3 minutes\" \/>\n<script type=\"application\/ld+json\" class=\"yoast-schema-graph\">{\"@context\":\"https:\/\/schema.org\",\"@graph\":[{\"@type\":\"WebPage\",\"@id\":\"https:\/\/algarvemoods.com\/peninsula-de-ancao\/\",\"url\":\"https:\/\/algarvemoods.com\/peninsula-de-ancao\/\",\"name\":\"Ilha de Faro - AlgarveMoods\",\"isPartOf\":{\"@id\":\"https:\/\/algarvemoods.com\/#website\"},\"primaryImageOfPage\":{\"@id\":\"https:\/\/algarvemoods.com\/peninsula-de-ancao\/#primaryimage\"},\"image\":{\"@id\":\"https:\/\/algarvemoods.com\/peninsula-de-ancao\/#primaryimage\"},\"thumbnailUrl\":\"https:\/\/i0.wp.com\/algarvemoods.com\/wp-c8b25-content\/uploads\/2018\/11\/ilha-faro.jpg?fit=1024%2C400&ssl=1\",\"datePublished\":\"2018-09-23T11:59:37+00:00\",\"dateModified\":\"2020-02-02T13:14:57+00:00\",\"breadcrumb\":{\"@id\":\"https:\/\/algarvemoods.com\/peninsula-de-ancao\/#breadcrumb\"},\"inLanguage\":\"en-US\",\"potentialAction\":[{\"@type\":\"ReadAction\",\"target\":[\"https:\/\/algarvemoods.com\/peninsula-de-ancao\/\"]}]},{\"@type\":\"ImageObject\",\"inLanguage\":\"en-US\",\"@id\":\"https:\/\/algarvemoods.com\/peninsula-de-ancao\/#primaryimage\",\"url\":\"https:\/\/i0.wp.com\/algarvemoods.com\/wp-c8b25-content\/uploads\/2018\/11\/ilha-faro.jpg?fit=1024%2C400&ssl=1\",\"contentUrl\":\"https:\/\/i0.wp.com\/algarvemoods.com\/wp-c8b25-content\/uploads\/2018\/11\/ilha-faro.jpg?fit=1024%2C400&ssl=1\",\"width\":1024,\"height\":400},{\"@type\":\"BreadcrumbList\",\"@id\":\"https:\/\/algarvemoods.com\/peninsula-de-ancao\/#breadcrumb\",\"itemListElement\":[{\"@type\":\"ListItem\",\"position\":1,\"name\":\"Home\",\"item\":\"https:\/\/algarvemoods.com\/\"},{\"@type\":\"ListItem\",\"position\":2,\"name\":\"Ilha de Faro\"}]},{\"@type\":\"WebSite\",\"@id\":\"https:\/\/algarvemoods.com\/#website\",\"url\":\"https:\/\/algarvemoods.com\/\",\"name\":\"AlgarveMoods\",\"description\":\"Information about the Algarve\",\"potentialAction\":[{\"@type\":\"SearchAction\",\"target\":{\"@type\":\"EntryPoint\",\"urlTemplate\":\"https:\/\/algarvemoods.com\/?s={search_term_string}\"},\"query-input\":{\"@type\":\"PropertyValueSpecification\",\"valueRequired\":true,\"valueName\":\"search_term_string\"}}],\"inLanguage\":\"en-US\"}]}<\/script>\n<!-- \/ Yoast SEO plugin. -->","yoast_head_json":{"title":"Ilha de Faro - AlgarveMoods","robots":{"index":"index","follow":"follow","max-snippet":"max-snippet:-1","max-image-preview":"max-image-preview:large","max-video-preview":"max-video-preview:-1"},"canonical":"https:\/\/algarvemoods.com\/peninsula-de-ancao\/","og_locale":"en_US","og_type":"article","og_title":"Ilha de Faro - AlgarveMoods","og_url":"https:\/\/algarvemoods.com\/peninsula-de-ancao\/","og_site_name":"AlgarveMoods","article_publisher":"http:\/\/facebook.com\/algarvemoods","article_modified_time":"2020-02-02T13:14:57+00:00","og_image":[{"width":1024,"height":400,"url":"https:\/\/algarvemoods.com\/wp-c8b25-content\/uploads\/2018\/11\/ilha-faro.jpg","type":"image\/jpeg"}],"twitter_card":"summary_large_image","twitter_site":"@ellobo0815","twitter_misc":{"Est. reading time":"3 minutes"},"schema":{"@context":"https:\/\/schema.org","@graph":[{"@type":"WebPage","@id":"https:\/\/algarvemoods.com\/peninsula-de-ancao\/","url":"https:\/\/algarvemoods.com\/peninsula-de-ancao\/","name":"Ilha de Faro - AlgarveMoods","isPartOf":{"@id":"https:\/\/algarvemoods.com\/#website"},"primaryImageOfPage":{"@id":"https:\/\/algarvemoods.com\/peninsula-de-ancao\/#primaryimage"},"image":{"@id":"https:\/\/algarvemoods.com\/peninsula-de-ancao\/#primaryimage"},"thumbnailUrl":"https:\/\/i0.wp.com\/algarvemoods.com\/wp-c8b25-content\/uploads\/2018\/11\/ilha-faro.jpg?fit=1024%2C400&ssl=1","datePublished":"2018-09-23T11:59:37+00:00","dateModified":"2020-02-02T13:14:57+00:00","breadcrumb":{"@id":"https:\/\/algarvemoods.com\/peninsula-de-ancao\/#breadcrumb"},"inLanguage":"en-US","potentialAction":[{"@type":"ReadAction","target":["https:\/\/algarvemoods.com\/peninsula-de-ancao\/"]}]},{"@type":"ImageObject","inLanguage":"en-US","@id":"https:\/\/algarvemoods.com\/peninsula-de-ancao\/#primaryimage","url":"https:\/\/i0.wp.com\/algarvemoods.com\/wp-c8b25-content\/uploads\/2018\/11\/ilha-faro.jpg?fit=1024%2C400&ssl=1","contentUrl":"https:\/\/i0.wp.com\/algarvemoods.com\/wp-c8b25-content\/uploads\/2018\/11\/ilha-faro.jpg?fit=1024%2C400&ssl=1","width":1024,"height":400},{"@type":"BreadcrumbList","@id":"https:\/\/algarvemoods.com\/peninsula-de-ancao\/#breadcrumb","itemListElement":[{"@type":"ListItem","position":1,"name":"Home","item":"https:\/\/algarvemoods.com\/"},{"@type":"ListItem","position":2,"name":"Ilha de Faro"}]},{"@type":"WebSite","@id":"https:\/\/algarvemoods.com\/#website","url":"https:\/\/algarvemoods.com\/","name":"AlgarveMoods","description":"Information about the Algarve","potentialAction":[{"@type":"SearchAction","target":{"@type":"EntryPoint","urlTemplate":"https:\/\/algarvemoods.com\/?s={search_term_string}"},"query-input":{"@type":"PropertyValueSpecification","valueRequired":true,"valueName":"search_term_string"}}],"inLanguage":"en-US"}]}},"jetpack_shortlink":"https:\/\/wp.me\/Pafafo-eT","jetpack_likes_enabled":true,"jetpack_sharing_enabled":true,"_links":{"self":[{"href":"https:\/\/algarvemoods.com\/en\/wp-json\/wp\/v2\/pages\/923","targetHints":{"allow":["GET"]}}],"collection":[{"href":"https:\/\/algarvemoods.com\/en\/wp-json\/wp\/v2\/pages"}],"about":[{"href":"https:\/\/algarvemoods.com\/en\/wp-json\/wp\/v2\/types\/page"}],"author":[{"embeddable":true,"href":"https:\/\/algarvemoods.com\/en\/wp-json\/wp\/v2\/users\/1"}],"replies":[{"embeddable":true,"href":"https:\/\/algarvemoods.com\/en\/wp-json\/wp\/v2\/comments?post=923"}],"version-history":[{"count":4,"href":"https:\/\/algarvemoods.com\/en\/wp-json\/wp\/v2\/pages\/923\/revisions"}],"predecessor-version":[{"id":5436,"href":"https:\/\/algarvemoods.com\/en\/wp-json\/wp\/v2\/pages\/923\/revisions\/5436"}],"wp:featuredmedia":[{"embeddable":true,"href":"https:\/\/algarvemoods.com\/en\/wp-json\/wp\/v2\/media\/4056"}],"wp:attachment":[{"href":"https:\/\/algarvemoods.com\/en\/wp-json\/wp\/v2\/media?parent=923"}],"curies":[{"name":"wp","href":"https:\/\/api.w.org\/{rel}","templated":true}]}}