{"id":530,"date":"2018-09-18T17:20:59","date_gmt":"2018-09-18T16:20:59","guid":{"rendered":"http:\/\/wp13239037.server-he.de\/?page_id=530"},"modified":"2020-03-26T18:47:27","modified_gmt":"2020-03-26T18:47:27","slug":"wichtige-strassen","status":"publish","type":"page","link":"https:\/\/algarvemoods.com\/en\/important-roads\/","title":{"rendered":"Important roads"},"content":{"rendered":"<p><span style=\"font-family: helvetica, arial, sans-serif;\">The two main roads are National Road-125 and Motorway 22. Both roads run east-west and are each treated separately on one page.\u00a0<\/span><\/p>\n<p><span style=\"font-family: helvetica, arial, sans-serif;\">Here alternative routes are described. These streets are often less hectic. Many restaurants and caf\u00e9s invite you for a break and good Portuguese snacks or menus. The prices are cheap and the portions are generous.<\/span><\/p>\n<hr \/>\n<p><span style=\"font-family: helvetica, arial, sans-serif;\"><div class='content-column two_third'><\/span><\/p>\n<p><span style=\"font-family: helvetica, arial, sans-serif;\"><strong>A-2 (E-01)<\/strong><\/span><\/p>\n<p><span style=\"font-family: helvetica, arial, sans-serif;\">Motorway 2 \/ European route 01 is accessible from the A-22 and leads north to Lisbon. The only other access road in the Algarve is near the village of S\u00e3o Bartolomeu de Messines directly from the N-124. The highway is toll road. When joining the motorway, a ticket is drawn on the machine, and you must pay immediately when leaving it.<\/span><\/p>\n<p><span style=\"font-family: helvetica, arial, sans-serif;\">The Via Verde track can only be used with a corresponding OBU (on board unit).\u00a0<\/span><\/p>\n<hr \/>\n<p><strong><span style=\"font-family: helvetica, arial, sans-serif;\">IC-1<\/span><\/strong><\/p>\n<p><span style=\"font-family: helvetica, arial, sans-serif;\">The IC-1 is the old route to Lisbon; it runs parallel to the A-2. Many of the old rest houses are no longer in operation, however, the road is a good alternative to the toll motorway.<\/span><\/p>\n<hr \/>\n<p><span style=\"font-family: helvetica, arial, sans-serif;\"><strong>IC-27<\/strong><\/span><\/p>\n<p><span style=\"font-family: helvetica, arial, sans-serif;\">The IC-27 begins north of Castro Marim and heads north (parallel to the Rio Guadiana and the Spanish border) to Beja in the Alentejo. Approximately from Alcoutim the direction changes in north-west. The road is well (partially four-lane) developed. The IC-27 has replaced the old N-122 (still passable).<\/span><\/p>\n<hr \/>\n<p><span style=\"font-family: helvetica, arial, sans-serif;\"><strong>N-2<\/strong><\/span><\/p>\n<p><span style=\"font-family: helvetica, arial, sans-serif;\">The N-2 is the longest national road in the country, often called Route 66 of Portugal. Here it is treated the southern section (about 60 KM) from Faro to the border with the Alentejo, about 8 km north of the municipality and the village of Ameixal. Much of the route, after leaving Faro, leads through hills and forests interrupted by small towns. The street still retains the splendour of bygone times when the route was the main north-south connection in Portugal. At S\u00e3o Br\u00e1s de Alportel, the N-2 is crossed by the N-270.<\/span><\/p>\n<hr \/>\n<p><span style=\"font-family: helvetica, arial, sans-serif;\"><strong>N-270<\/strong><\/span><\/p>\n<p><span style=\"font-family: helvetica, arial, sans-serif;\">The N-270 starts just west of Tavira as a turnoff on the N-125. The route goes through S\u00e3o Br\u00e1s de Alportel, Loul\u00e9, Boliqueime (where the N-125 is hit again) and Paderne until the N-124. The last kilometers run parallel to the A-2 in a northerly direction. The route is very scenic and rich in variety. It leads through the hills of the hinterland as well as through primal villages.<\/span><\/p>\n<hr \/>\n<p><span style=\"font-family: helvetica, arial, sans-serif;\"><strong>N-124<\/strong><\/span><\/p>\n<p><span style=\"font-family: helvetica, arial, sans-serif;\">The N-124 starts off the N-122 and heads west through the northern Algarve hinterland. The municipalities and places Pereiro, Martim Longo, Cachopo, Salir, Alte, S\u00e3o Bartolomeu de Messines, Silves are crossed. In Portim\u00e3o, the N-124 meets the N-125 and ends there.<\/span><\/p>\n<p><span style=\"font-family: helvetica, arial, sans-serif;\">The route allows again and again beautiful panoramic views over the almost pristine nature of the Algarve hinterland.<\/span><\/p>\n<hr \/>\n<p><span style=\"font-family: helvetica, arial, sans-serif;\"><\/div><\/span><\/p>\n","protected":false},"excerpt":{"rendered":"<p>The two main roads are National Road-125 and Motorway 22. Both roads run east-west and are each treated separately on one page.\u00a0 Here alternative routes [&hellip;]<\/p>\n","protected":false},"author":1,"featured_media":0,"parent":0,"menu_order":0,"comment_status":"closed","ping_status":"closed","template":"","meta":{"jetpack_post_was_ever_published":false,"footnotes":""},"class_list":["post-530","page","type-page","status-publish","hentry"],"translation":{"provider":"WPGlobus","version":"3.0.0","language":"en","enabled_languages":["de","en","fr"],"languages":{"de":{"title":true,"content":true,"excerpt":false},"en":{"title":true,"content":true,"excerpt":false},"fr":{"title":true,"content":true,"excerpt":false}}},"yoast_head":"<!-- This site is optimized with the Yoast SEO plugin v24.8.1 - https:\/\/yoast.com\/wordpress\/plugins\/seo\/ -->\n<title>Important roads - AlgarveMoods<\/title>\n<meta name=\"robots\" content=\"index, follow, max-snippet:-1, max-image-preview:large, max-video-preview:-1\" \/>\n<link rel=\"canonical\" href=\"https:\/\/algarvemoods.com\/wichtige-strassen\/\" \/>\n<meta property=\"og:locale\" content=\"en_US\" \/>\n<meta property=\"og:type\" content=\"article\" \/>\n<meta property=\"og:title\" content=\"Important roads - AlgarveMoods\" \/>\n<meta property=\"og:url\" content=\"https:\/\/algarvemoods.com\/wichtige-strassen\/\" \/>\n<meta property=\"og:site_name\" content=\"AlgarveMoods\" \/>\n<meta property=\"article:publisher\" content=\"http:\/\/facebook.com\/algarvemoods\" \/>\n<meta property=\"article:modified_time\" content=\"2020-03-26T18:47:27+00:00\" \/>\n<meta name=\"twitter:card\" content=\"summary_large_image\" \/>\n<meta name=\"twitter:site\" content=\"@ellobo0815\" \/>\n<meta name=\"twitter:label1\" content=\"Est. reading time\" \/>\n\t<meta name=\"twitter:data1\" content=\"7 minutes\" \/>\n<script type=\"application\/ld+json\" class=\"yoast-schema-graph\">{\"@context\":\"https:\/\/schema.org\",\"@graph\":[{\"@type\":\"WebPage\",\"@id\":\"https:\/\/algarvemoods.com\/wichtige-strassen\/\",\"url\":\"https:\/\/algarvemoods.com\/wichtige-strassen\/\",\"name\":\"Important roads - AlgarveMoods\",\"isPartOf\":{\"@id\":\"https:\/\/algarvemoods.com\/#website\"},\"datePublished\":\"2018-09-18T16:20:59+00:00\",\"dateModified\":\"2020-03-26T18:47:27+00:00\",\"breadcrumb\":{\"@id\":\"https:\/\/algarvemoods.com\/wichtige-strassen\/#breadcrumb\"},\"inLanguage\":\"en-US\",\"potentialAction\":[{\"@type\":\"ReadAction\",\"target\":[\"https:\/\/algarvemoods.com\/wichtige-strassen\/\"]}]},{\"@type\":\"BreadcrumbList\",\"@id\":\"https:\/\/algarvemoods.com\/wichtige-strassen\/#breadcrumb\",\"itemListElement\":[{\"@type\":\"ListItem\",\"position\":1,\"name\":\"Home\",\"item\":\"https:\/\/algarvemoods.com\/\"},{\"@type\":\"ListItem\",\"position\":2,\"name\":\"Wichtige Stra\u00dfen\"}]},{\"@type\":\"WebSite\",\"@id\":\"https:\/\/algarvemoods.com\/#website\",\"url\":\"https:\/\/algarvemoods.com\/\",\"name\":\"AlgarveMoods\",\"description\":\"Information about the Algarve\",\"potentialAction\":[{\"@type\":\"SearchAction\",\"target\":{\"@type\":\"EntryPoint\",\"urlTemplate\":\"https:\/\/algarvemoods.com\/?s={search_term_string}\"},\"query-input\":{\"@type\":\"PropertyValueSpecification\",\"valueRequired\":true,\"valueName\":\"search_term_string\"}}],\"inLanguage\":\"en-US\"}]}<\/script>\n<!-- \/ Yoast SEO plugin. -->","yoast_head_json":{"title":"Important roads - AlgarveMoods","robots":{"index":"index","follow":"follow","max-snippet":"max-snippet:-1","max-image-preview":"max-image-preview:large","max-video-preview":"max-video-preview:-1"},"canonical":"https:\/\/algarvemoods.com\/wichtige-strassen\/","og_locale":"en_US","og_type":"article","og_title":"Important roads - AlgarveMoods","og_url":"https:\/\/algarvemoods.com\/wichtige-strassen\/","og_site_name":"AlgarveMoods","article_publisher":"http:\/\/facebook.com\/algarvemoods","article_modified_time":"2020-03-26T18:47:27+00:00","twitter_card":"summary_large_image","twitter_site":"@ellobo0815","twitter_misc":{"Est. reading time":"7 minutes"},"schema":{"@context":"https:\/\/schema.org","@graph":[{"@type":"WebPage","@id":"https:\/\/algarvemoods.com\/wichtige-strassen\/","url":"https:\/\/algarvemoods.com\/wichtige-strassen\/","name":"Important roads - AlgarveMoods","isPartOf":{"@id":"https:\/\/algarvemoods.com\/#website"},"datePublished":"2018-09-18T16:20:59+00:00","dateModified":"2020-03-26T18:47:27+00:00","breadcrumb":{"@id":"https:\/\/algarvemoods.com\/wichtige-strassen\/#breadcrumb"},"inLanguage":"en-US","potentialAction":[{"@type":"ReadAction","target":["https:\/\/algarvemoods.com\/wichtige-strassen\/"]}]},{"@type":"BreadcrumbList","@id":"https:\/\/algarvemoods.com\/wichtige-strassen\/#breadcrumb","itemListElement":[{"@type":"ListItem","position":1,"name":"Home","item":"https:\/\/algarvemoods.com\/"},{"@type":"ListItem","position":2,"name":"Wichtige Stra\u00dfen"}]},{"@type":"WebSite","@id":"https:\/\/algarvemoods.com\/#website","url":"https:\/\/algarvemoods.com\/","name":"AlgarveMoods","description":"Information about the Algarve","potentialAction":[{"@type":"SearchAction","target":{"@type":"EntryPoint","urlTemplate":"https:\/\/algarvemoods.com\/?s={search_term_string}"},"query-input":{"@type":"PropertyValueSpecification","valueRequired":true,"valueName":"search_term_string"}}],"inLanguage":"en-US"}]}},"jetpack_shortlink":"https:\/\/wp.me\/Pafafo-8y","jetpack_likes_enabled":true,"jetpack_sharing_enabled":true,"_links":{"self":[{"href":"https:\/\/algarvemoods.com\/en\/wp-json\/wp\/v2\/pages\/530","targetHints":{"allow":["GET"]}}],"collection":[{"href":"https:\/\/algarvemoods.com\/en\/wp-json\/wp\/v2\/pages"}],"about":[{"href":"https:\/\/algarvemoods.com\/en\/wp-json\/wp\/v2\/types\/page"}],"author":[{"embeddable":true,"href":"https:\/\/algarvemoods.com\/en\/wp-json\/wp\/v2\/users\/1"}],"replies":[{"embeddable":true,"href":"https:\/\/algarvemoods.com\/en\/wp-json\/wp\/v2\/comments?post=530"}],"version-history":[{"count":2,"href":"https:\/\/algarvemoods.com\/en\/wp-json\/wp\/v2\/pages\/530\/revisions"}],"predecessor-version":[{"id":5766,"href":"https:\/\/algarvemoods.com\/en\/wp-json\/wp\/v2\/pages\/530\/revisions\/5766"}],"wp:attachment":[{"href":"https:\/\/algarvemoods.com\/en\/wp-json\/wp\/v2\/media?parent=530"}],"curies":[{"name":"wp","href":"https:\/\/api.w.org\/{rel}","templated":true}]}}