{"id":302,"date":"2018-09-05T19:06:57","date_gmt":"2018-09-05T18:06:57","guid":{"rendered":"http:\/\/wp13239037.server-he.de\/?page_id=302"},"modified":"2020-03-23T19:18:40","modified_gmt":"2020-03-23T19:18:40","slug":"anreise","status":"publish","type":"page","link":"https:\/\/algarvemoods.com\/en\/how-to-get-there\/","title":{"rendered":"How to get there"},"content":{"rendered":"<div class='content-column two_third'><p id=\"wnd_TextBlock_39965_inner_0\" data-wnd_is_separable=\"1\" data-wnd_separable_index=\"0\" data-wnd_separable_id=\"wnd_TextBlock_39965\"><span class=\"wsw-01\" style=\"font-family: helvetica, arial, sans-serif;\"><b>How to get there by plane:<\/b><br \/>\nPossible destinations for the arrival by plane are the airports Faro, Lisbon (around 270 km from Faro) and Jerez de la Frontera in Spain (around 280 km from Faro). The journey via Porto (Northportugal) is less recomendable: You have to calculate 6 to 7 hours driving time for the approximately 560 km distance to the Algarve.<\/span><\/p>\n<p data-wnd_is_separable=\"1\" data-wnd_separable_index=\"0\" data-wnd_separable_id=\"wnd_TextBlock_39965\"><a href=\"https:\/\/www.tkqlhce.com\/click-9126909-12220038\" target=\"_blank\" rel=\"noopener noreferrer\"><img loading=\"lazy\" decoding=\"async\" class=\"aligncenter\" src=\"https:\/\/www.awltovhc.com\/image-9126909-12220038\" alt=\"\" width=\"728\" height=\"90\" border=\"0\" \/><\/a><\/p>\n<p id=\"wnd_TextBlock_39965_inner_1\" data-wnd_is_separable=\"1\" data-wnd_separable_index=\"1\" data-wnd_separable_id=\"wnd_TextBlock_39965\"><span class=\"wsw-01\" style=\"font-family: helvetica, arial, sans-serif;\"><b>How to get there by car:\u00a0<\/b><br \/>\nBasically, there are two routes through France and Spain.<br \/>\nRoute 1: Paris &#8211; Tours &#8211; Bordeaux &#8211; San Sebastian &#8211; Burgos &#8211; Salamanca &#8211; Badajoz &#8211; Beja &#8211; Algarve.<br \/>\nRoute 2: Lyon &#8211; Orange &#8211; Perpignan &#8211; Barcelona &#8211; Valencia &#8211; Murcia &#8211; Sevilla &#8211; Huelva &#8211; Algarve.<br \/>\nWhich one is the best track for you, this depends on your starting point. On both routes you are charged with high tolls.<\/span><\/p>\n<p><span style=\"font-family: helvetica, arial, sans-serif;\">Alternatively, there are toll-free routes that run partly on motorways and partly on country roads and through towns.<br \/>\n<\/span><span style=\"font-family: helvetica, arial, sans-serif;\">Route 1: Luxembourg &#8211; Metz &#8211; Nancy &#8211; Saint Dizier &#8211; Troyes &#8211; Auxerre &#8211; Vierzon &#8211; Ch\u00e2teauroux &#8211; Angoul\u00eame &#8211; Bordeaux &#8211; San Sebasti\u00e1n &#8211; Burgos &#8211; Salamanca &#8211; Badajoz &#8211; Beja &#8211; Algarve.<br \/>\n<\/span><span style=\"font-family: helvetica, arial, sans-serif;\">Route 2: Lyon &#8211; Clermont-Ferrand &#8211; Angoul\u00eame &#8211; Bordeaux &#8211; San Sebasti\u00e1n &#8211; Burgos &#8211; Salamanca &#8211; Badajoz &#8211; Beja &#8211; Algarve.<br \/>\n<\/span><span style=\"font-family: helvetica, arial, sans-serif;\">These two routes can be used freely, but are often completely overloaded during peak travel times<\/span><\/p>\n<p id=\"wnd_TextBlock_39965_inner_2\" data-wnd_is_separable=\"1\" data-wnd_separable_index=\"2\" data-wnd_separable_id=\"wnd_TextBlock_39965\"><span class=\"wsw-01\" style=\"font-family: helvetica, arial, sans-serif;\"><b>How to get there by train:\u00a0<\/b><br \/>\nIt is reasonable to travel via: Your hometown &#8211; Lisbon &#8211; Tunes (Algarve).<br \/>\n<\/span><\/p>\n<p id=\"wnd_TextBlock_39965_inner_3\" data-wnd_is_separable=\"1\" data-wnd_separable_index=\"3\" data-wnd_separable_id=\"wnd_TextBlock_39965\"><span style=\"font-family: helvetica, arial, sans-serif;\"><span class=\"wsw-01\"><b>How to get there by a long-distance bus:<\/b><br \/>\nIn many European cities regular trips by long-distance busses to Lisbon are offered. You can take a bus from there\u00a0<\/span>t<span class=\"wsw-01\">o go\u00a0to several towns at the Algarve. Alternatively, you can take the train to Tunes (Algarve).<\/span><\/span><\/p><\/div>\n","protected":false},"excerpt":{"rendered":"","protected":false},"author":1,"featured_media":0,"parent":0,"menu_order":0,"comment_status":"closed","ping_status":"closed","template":"","meta":{"jetpack_post_was_ever_published":false,"footnotes":""},"class_list":["post-302","page","type-page","status-publish","hentry"],"translation":{"provider":"WPGlobus","version":"3.0.0","language":"en","enabled_languages":["de","en","fr"],"languages":{"de":{"title":true,"content":true,"excerpt":false},"en":{"title":true,"content":true,"excerpt":false},"fr":{"title":true,"content":true,"excerpt":false}}},"yoast_head":"<!-- This site is optimized with the Yoast SEO plugin v24.8.1 - https:\/\/yoast.com\/wordpress\/plugins\/seo\/ -->\n<title>How to get there - AlgarveMoods<\/title>\n<meta name=\"robots\" content=\"index, follow, max-snippet:-1, max-image-preview:large, max-video-preview:-1\" \/>\n<link rel=\"canonical\" href=\"https:\/\/algarvemoods.com\/anreise\/\" \/>\n<meta property=\"og:locale\" content=\"en_US\" \/>\n<meta property=\"og:type\" content=\"article\" \/>\n<meta property=\"og:title\" content=\"How to get there - AlgarveMoods\" \/>\n<meta property=\"og:url\" content=\"https:\/\/algarvemoods.com\/anreise\/\" \/>\n<meta property=\"og:site_name\" content=\"AlgarveMoods\" \/>\n<meta property=\"article:publisher\" content=\"http:\/\/facebook.com\/algarvemoods\" \/>\n<meta property=\"article:modified_time\" content=\"2020-03-23T19:18:40+00:00\" \/>\n<meta property=\"og:image\" content=\"https:\/\/www.awltovhc.com\/image-9126909-12220038\" \/>\n<meta name=\"twitter:card\" content=\"summary_large_image\" \/>\n<meta name=\"twitter:site\" content=\"@ellobo0815\" \/>\n<meta name=\"twitter:label1\" content=\"Est. reading time\" \/>\n\t<meta name=\"twitter:data1\" content=\"4 minutes\" \/>\n<script type=\"application\/ld+json\" class=\"yoast-schema-graph\">{\"@context\":\"https:\/\/schema.org\",\"@graph\":[{\"@type\":\"WebPage\",\"@id\":\"https:\/\/algarvemoods.com\/anreise\/\",\"url\":\"https:\/\/algarvemoods.com\/anreise\/\",\"name\":\"How to get there - AlgarveMoods\",\"isPartOf\":{\"@id\":\"https:\/\/algarvemoods.com\/#website\"},\"primaryImageOfPage\":{\"@id\":\"https:\/\/algarvemoods.com\/anreise\/#primaryimage\"},\"image\":{\"@id\":\"https:\/\/algarvemoods.com\/anreise\/#primaryimage\"},\"thumbnailUrl\":\"https:\/\/www.awltovhc.com\/image-9126909-12220038\",\"datePublished\":\"2018-09-05T18:06:57+00:00\",\"dateModified\":\"2020-03-23T19:18:40+00:00\",\"breadcrumb\":{\"@id\":\"https:\/\/algarvemoods.com\/anreise\/#breadcrumb\"},\"inLanguage\":\"en-US\",\"potentialAction\":[{\"@type\":\"ReadAction\",\"target\":[\"https:\/\/algarvemoods.com\/anreise\/\"]}]},{\"@type\":\"ImageObject\",\"inLanguage\":\"en-US\",\"@id\":\"https:\/\/algarvemoods.com\/anreise\/#primaryimage\",\"url\":\"https:\/\/www.awltovhc.com\/image-9126909-12220038\",\"contentUrl\":\"https:\/\/www.awltovhc.com\/image-9126909-12220038\"},{\"@type\":\"BreadcrumbList\",\"@id\":\"https:\/\/algarvemoods.com\/anreise\/#breadcrumb\",\"itemListElement\":[{\"@type\":\"ListItem\",\"position\":1,\"name\":\"Home\",\"item\":\"https:\/\/algarvemoods.com\/\"},{\"@type\":\"ListItem\",\"position\":2,\"name\":\"Anreise\"}]},{\"@type\":\"WebSite\",\"@id\":\"https:\/\/algarvemoods.com\/#website\",\"url\":\"https:\/\/algarvemoods.com\/\",\"name\":\"AlgarveMoods\",\"description\":\"Information about the Algarve\",\"potentialAction\":[{\"@type\":\"SearchAction\",\"target\":{\"@type\":\"EntryPoint\",\"urlTemplate\":\"https:\/\/algarvemoods.com\/?s={search_term_string}\"},\"query-input\":{\"@type\":\"PropertyValueSpecification\",\"valueRequired\":true,\"valueName\":\"search_term_string\"}}],\"inLanguage\":\"en-US\"}]}<\/script>\n<!-- \/ Yoast SEO plugin. -->","yoast_head_json":{"title":"How to get there - AlgarveMoods","robots":{"index":"index","follow":"follow","max-snippet":"max-snippet:-1","max-image-preview":"max-image-preview:large","max-video-preview":"max-video-preview:-1"},"canonical":"https:\/\/algarvemoods.com\/anreise\/","og_locale":"en_US","og_type":"article","og_title":"How to get there - AlgarveMoods","og_url":"https:\/\/algarvemoods.com\/anreise\/","og_site_name":"AlgarveMoods","article_publisher":"http:\/\/facebook.com\/algarvemoods","article_modified_time":"2020-03-23T19:18:40+00:00","og_image":[{"url":"https:\/\/www.awltovhc.com\/image-9126909-12220038","type":"","width":"","height":""}],"twitter_card":"summary_large_image","twitter_site":"@ellobo0815","twitter_misc":{"Est. reading time":"4 minutes"},"schema":{"@context":"https:\/\/schema.org","@graph":[{"@type":"WebPage","@id":"https:\/\/algarvemoods.com\/anreise\/","url":"https:\/\/algarvemoods.com\/anreise\/","name":"How to get there - AlgarveMoods","isPartOf":{"@id":"https:\/\/algarvemoods.com\/#website"},"primaryImageOfPage":{"@id":"https:\/\/algarvemoods.com\/anreise\/#primaryimage"},"image":{"@id":"https:\/\/algarvemoods.com\/anreise\/#primaryimage"},"thumbnailUrl":"https:\/\/www.awltovhc.com\/image-9126909-12220038","datePublished":"2018-09-05T18:06:57+00:00","dateModified":"2020-03-23T19:18:40+00:00","breadcrumb":{"@id":"https:\/\/algarvemoods.com\/anreise\/#breadcrumb"},"inLanguage":"en-US","potentialAction":[{"@type":"ReadAction","target":["https:\/\/algarvemoods.com\/anreise\/"]}]},{"@type":"ImageObject","inLanguage":"en-US","@id":"https:\/\/algarvemoods.com\/anreise\/#primaryimage","url":"https:\/\/www.awltovhc.com\/image-9126909-12220038","contentUrl":"https:\/\/www.awltovhc.com\/image-9126909-12220038"},{"@type":"BreadcrumbList","@id":"https:\/\/algarvemoods.com\/anreise\/#breadcrumb","itemListElement":[{"@type":"ListItem","position":1,"name":"Home","item":"https:\/\/algarvemoods.com\/"},{"@type":"ListItem","position":2,"name":"Anreise"}]},{"@type":"WebSite","@id":"https:\/\/algarvemoods.com\/#website","url":"https:\/\/algarvemoods.com\/","name":"AlgarveMoods","description":"Information about the Algarve","potentialAction":[{"@type":"SearchAction","target":{"@type":"EntryPoint","urlTemplate":"https:\/\/algarvemoods.com\/?s={search_term_string}"},"query-input":{"@type":"PropertyValueSpecification","valueRequired":true,"valueName":"search_term_string"}}],"inLanguage":"en-US"}]}},"jetpack_shortlink":"https:\/\/wp.me\/Pafafo-4S","jetpack_likes_enabled":true,"jetpack_sharing_enabled":true,"_links":{"self":[{"href":"https:\/\/algarvemoods.com\/en\/wp-json\/wp\/v2\/pages\/302","targetHints":{"allow":["GET"]}}],"collection":[{"href":"https:\/\/algarvemoods.com\/en\/wp-json\/wp\/v2\/pages"}],"about":[{"href":"https:\/\/algarvemoods.com\/en\/wp-json\/wp\/v2\/types\/page"}],"author":[{"embeddable":true,"href":"https:\/\/algarvemoods.com\/en\/wp-json\/wp\/v2\/users\/1"}],"replies":[{"embeddable":true,"href":"https:\/\/algarvemoods.com\/en\/wp-json\/wp\/v2\/comments?post=302"}],"version-history":[{"count":8,"href":"https:\/\/algarvemoods.com\/en\/wp-json\/wp\/v2\/pages\/302\/revisions"}],"predecessor-version":[{"id":5761,"href":"https:\/\/algarvemoods.com\/en\/wp-json\/wp\/v2\/pages\/302\/revisions\/5761"}],"wp:attachment":[{"href":"https:\/\/algarvemoods.com\/en\/wp-json\/wp\/v2\/media?parent=302"}],"curies":[{"name":"wp","href":"https:\/\/api.w.org\/{rel}","templated":true}]}}